{"id":370108,"date":"2024-02-01T10:23:58","date_gmt":"2024-02-01T10:23:58","guid":{"rendered":"https:\/\/centromedicomanzanera.com\/unidad-quirurgica-con-cma\/"},"modified":"2024-05-31T10:47:46","modified_gmt":"2024-05-31T10:47:46","slug":"chirugia-per-la-donna","status":"publish","type":"page","link":"https:\/\/centromedicomanzanera.com\/it\/chirugia-per-la-donna\/","title":{"rendered":"Unidad quir\u00fargica con cma IT"},"content":{"rendered":"<p>[et_pb_section fb_built=&#8221;1&#8243; _builder_version=&#8221;4.24.0&#8243; _module_preset=&#8221;default&#8221; min_height=&#8221;774.5px&#8221; custom_margin=&#8221;||0px||false|false&#8221; custom_padding=&#8221;0px||16px||false|false&#8221; global_colors_info=&#8221;{}&#8221;][et_pb_row _builder_version=&#8221;4.24.2&#8243; _module_preset=&#8221;default&#8221; width=&#8221;100%&#8221; max_width=&#8221;100%&#8221; custom_margin=&#8221;0px||||false|false&#8221; custom_padding=&#8221;0px||||false|false&#8221; animation_style=&#8221;fade&#8221; global_colors_info=&#8221;{}&#8221;][et_pb_column type=&#8221;4_4&#8243; _builder_version=&#8221;4.23.1&#8243; _module_preset=&#8221;default&#8221; global_colors_info=&#8221;{}&#8221;][et_pb_image src=&#8221;https:\/\/centromedicomanzanera.com\/wp-content\/uploads\/2024\/02\/unidadquirur.jpg&#8221; title_text=&#8221;unidadquirur&#8221; _builder_version=&#8221;4.24.2&#8243; _module_preset=&#8221;default&#8221; global_colors_info=&#8221;{}&#8221;][\/et_pb_image][\/et_pb_column][\/et_pb_row][et_pb_row column_structure=&#8221;3_5,2_5&#8243; _builder_version=&#8221;4.24.2&#8243; _module_preset=&#8221;default&#8221; min_height=&#8221;1082px&#8221; custom_margin=&#8221;15px|auto|0px|auto|false|false&#8221; custom_padding=&#8221;12px||16px||false|false&#8221; global_colors_info=&#8221;{}&#8221;][et_pb_column type=&#8221;3_5&#8243; _builder_version=&#8221;4.23.1&#8243; _module_preset=&#8221;default&#8221; animation_style=&#8221;slide&#8221; animation_direction=&#8221;left&#8221; global_colors_info=&#8221;{}&#8221;][et_pb_text _builder_version=&#8221;4.25.1&#8243; _module_preset=&#8221;default&#8221; text_text_color=&#8221;#D60072&#8243; text_font_size=&#8221;19px&#8221; custom_margin=&#8221;||10px|||&#8221; global_colors_info=&#8221;{}&#8221;]UNIT\u00c0 CHIRURGICA[\/et_pb_text][et_pb_divider _builder_version=&#8221;4.23.1&#8243; _module_preset=&#8221;default&#8221; custom_margin=&#8221;||2px|||&#8221; global_colors_info=&#8221;{}&#8221;][\/et_pb_divider][et_pb_text _builder_version=&#8221;4.25.1&#8243; _module_preset=&#8221;default&#8221; text_font_size=&#8221;17px&#8221; custom_margin=&#8221;||12px|||&#8221; hover_enabled=&#8221;0&#8243; global_colors_info=&#8221;{}&#8221; sticky_enabled=&#8221;0&#8243;]<strong>Chirurgia per la donna<\/strong>[\/et_pb_text][et_pb_text _builder_version=&#8221;4.25.1&#8243; _module_preset=&#8221;default&#8221; global_colors_info=&#8221;{}&#8221;]<\/p>\n<p>Il Centro Medico Manzanera dispone di un&#8217;unit\u00e0 chirurgica specializzata nella salute delle donne.<\/p>\n<p>Disponiamo di un CHIROFANO CMA (Major Ambulatory Surgery) dotato delle pi\u00f9 moderne tecnologie per aiutarvi.<\/p>\n<p>Gli interventi multipli ci permettono di aiutare a risolvere i processi pi\u00f9 comuni. I nostri professionisti sono esperti in interventi non invasivi, sia in isteroscopia che in laparoscopia. Vengono eseguiti pi\u00f9 interventi chirurgici, cercando sempre di essere eseguiti nel modo meno invasivo possibile, per ottenere risultati migliori e una migliore guarigione.<\/p>\n<p>[\/et_pb_text][et_pb_toggle title=&#8221;Isteroscopia&#8221; open_toggle_text_color=&#8221;#D60072&#8243; _builder_version=&#8221;4.25.1&#8243; _module_preset=&#8221;default&#8221; title_text_color=&#8221;#D60072&#8243; title_font=&#8221;|700|||||||&#8221; title_font_size=&#8221;23px&#8221; global_colors_info=&#8221;{}&#8221;]<\/p>\n<p><strong>Immersione nella cavit\u00e0 uterina<\/strong><\/p>\n<p>Consiste in un esame della cavit\u00e0 uterina. Una piccola telecamera viene utilizzata per accedere all&#8217;interno dell&#8217;utero. \u00c8 possibile visualizzare la forma normale della cavit\u00e0, l&#8217;ingresso delle tube nell&#8217;utero e diagnosticare diversi processi.<\/p>\n<p>Nello stesso intervento si possono rimuovere polipi e miomi, resecare i setti uterini e migliorare la forma della cavit\u00e0 uterina (metroplastica). Si utilizzano sempre pinze millimetriche.<\/p>\n<p>Si tratta di un intervento che pu\u00f2 essere eseguito con o senza anestesia, a seconda dei casi; il recupero \u00e8 molto rapido e il giorno successivo o poche ore dopo si pu\u00f2 riprendere una vita del tutto normale.<\/p>\n<p>[\/et_pb_toggle][et_pb_toggle title=&#8221;Laparoscopia&#8221; open_toggle_text_color=&#8221;#D60072&#8243; _builder_version=&#8221;4.25.1&#8243; _module_preset=&#8221;default&#8221; title_text_color=&#8221;#D60072&#8243; title_font=&#8221;|700|||||||&#8221; title_font_size=&#8221;23px&#8221; global_colors_info=&#8221;{}&#8221;]<\/p>\n<p><strong>Introduzione nella cavit\u00e0 addominale con visione diretta dell&#8217;utero e delle ovaie<\/strong><\/p>\n<p>Attraverso piccole incisioni tra i 3 e i 10 mm possiamo accedere alla cavit\u00e0 dell&#8217;addome, controllare l&#8217;intero apparato genitale interno (utero, ovaie, tube, ecc.).<\/p>\n<p>Viene utilizzato un gas (CO2) che consente un&#8217;adeguata dilatazione dell&#8217;addome per poter vedere bene durante tutto il processo e non correre rischi durante l&#8217;operazione. Si ottiene una visione ingrandita di tutte le strutture interne per poter riconoscere le diverse patologie e trattarle.<\/p>\n<p>Grazie a questa visione e all&#8217;utilizzo di speciali pinze, \u00e8 possibile eseguire una moltitudine di interventi ginecologici:<\/p>\n<ul>\n<li>Cistectomie (resezione di cisti ovariche)<\/li>\n<li>Annessiectomia (rimozione dell&#8217;ovaio)<\/li>\n<li>Miomectomie<\/li>\n<li>Isterectomie<\/li>\n<li>Salpinguectomie<\/li>\n<li>Endometriosi<\/li>\n<li>Trattamento delle infezioni pelviche<\/li>\n<li>Resezione di aderenze<\/li>\n<li>Studio della fertilit\u00e0<\/li>\n<\/ul>\n<p>[\/et_pb_toggle][\/et_pb_column][et_pb_column type=&#8221;2_5&#8243; _builder_version=&#8221;4.23.1&#8243; _module_preset=&#8221;default&#8221; animation_style=&#8221;slide&#8221; animation_direction=&#8221;left&#8221; global_colors_info=&#8221;{}&#8221;][et_pb_image src=&#8221;https:\/\/centromedicomanzanera.com\/wp-content\/uploads\/2024\/02\/unidadquirur2.jpg&#8221; title_text=&#8221;unidadquirur2&#8243; _builder_version=&#8221;4.24.2&#8243; _module_preset=&#8221;default&#8221; custom_margin=&#8221;32px|||||&#8221; border_width_all=&#8221;3px&#8221; border_color_all=&#8221;#FFFFFF&#8221; box_shadow_style=&#8221;preset1&#8243; global_colors_info=&#8221;{}&#8221;][\/et_pb_image][\/et_pb_column][\/et_pb_row][\/et_pb_section]<\/p>\n","protected":false},"excerpt":{"rendered":"<p>UNIT\u00c0 CHIRURGICAChirurgia per la donnaIl Centro Medico Manzanera dispone di un&#8217;unit\u00e0 chirurgica specializzata nella salute delle donne. Disponiamo di un CHIROFANO CMA (Major Ambulatory Surgery) dotato delle pi\u00f9 moderne tecnologie per aiutarvi. Gli interventi multipli ci permettono di aiutare a risolvere i processi pi\u00f9 comuni. I nostri professionisti sono esperti in interventi non invasivi, sia [&hellip;]<\/p>\n","protected":false},"author":3,"featured_media":0,"parent":0,"menu_order":0,"comment_status":"closed","ping_status":"closed","template":"","meta":{"_et_pb_use_builder":"on","_et_pb_old_content":"","_et_gb_content_width":"","footnotes":""},"class_list":["post-370108","page","type-page","status-publish","hentry"],"_links":{"self":[{"href":"https:\/\/centromedicomanzanera.com\/it\/wp-json\/wp\/v2\/pages\/370108","targetHints":{"allow":["GET"]}}],"collection":[{"href":"https:\/\/centromedicomanzanera.com\/it\/wp-json\/wp\/v2\/pages"}],"about":[{"href":"https:\/\/centromedicomanzanera.com\/it\/wp-json\/wp\/v2\/types\/page"}],"author":[{"embeddable":true,"href":"https:\/\/centromedicomanzanera.com\/it\/wp-json\/wp\/v2\/users\/3"}],"replies":[{"embeddable":true,"href":"https:\/\/centromedicomanzanera.com\/it\/wp-json\/wp\/v2\/comments?post=370108"}],"version-history":[{"count":0,"href":"https:\/\/centromedicomanzanera.com\/it\/wp-json\/wp\/v2\/pages\/370108\/revisions"}],"wp:attachment":[{"href":"https:\/\/centromedicomanzanera.com\/it\/wp-json\/wp\/v2\/media?parent=370108"}],"curies":[{"name":"wp","href":"https:\/\/api.w.org\/{rel}","templated":true}]}}