{"id":370087,"date":"2024-01-29T16:52:42","date_gmt":"2024-01-29T16:52:42","guid":{"rendered":"https:\/\/centromedicomanzanera.com\/terapia-endometrial\/"},"modified":"2024-05-24T10:06:57","modified_gmt":"2024-05-24T10:06:57","slug":"prgf-in-endometrio","status":"publish","type":"page","link":"https:\/\/centromedicomanzanera.com\/it\/fertilita\/prgf-in-endometrio\/","title":{"rendered":"Terapia endometrial IT"},"content":{"rendered":"<p>[et_pb_section fb_built=&#8221;1&#8243; _builder_version=&#8221;4.23.1&#8243; _module_preset=&#8221;default&#8221; min_height=&#8221;840.5px&#8221; custom_padding=&#8221;0px||25px||false|false&#8221; global_colors_info=&#8221;{}&#8221;][et_pb_row _builder_version=&#8221;4.24.2&#8243; _module_preset=&#8221;default&#8221; width=&#8221;100%&#8221; max_width=&#8221;100%&#8221; custom_margin=&#8221;0px||||false|false&#8221; custom_padding=&#8221;0px||||false|false&#8221; animation_style=&#8221;fade&#8221; global_colors_info=&#8221;{}&#8221;][et_pb_column type=&#8221;4_4&#8243; _builder_version=&#8221;4.23.1&#8243; _module_preset=&#8221;default&#8221; global_colors_info=&#8221;{}&#8221;][et_pb_image src=&#8221;https:\/\/centromedicomanzanera.com\/wp-content\/uploads\/2024\/03\/prp.jpg&#8221; title_text=&#8221;prp&#8221; _builder_version=&#8221;4.24.2&#8243; _module_preset=&#8221;default&#8221; global_colors_info=&#8221;{}&#8221;][\/et_pb_image][\/et_pb_column][\/et_pb_row][et_pb_row column_structure=&#8221;3_5,2_5&#8243; _builder_version=&#8221;4.24.2&#8243; _module_preset=&#8221;default&#8221; min_height=&#8221;795.2px&#8221; custom_margin=&#8221;15px|auto|2px|auto|false|false&#8221; custom_padding=&#8221;12px||29px|||&#8221; global_colors_info=&#8221;{}&#8221;][et_pb_column type=&#8221;3_5&#8243; _builder_version=&#8221;4.23.1&#8243; _module_preset=&#8221;default&#8221; animation_style=&#8221;slide&#8221; animation_direction=&#8221;left&#8221; global_colors_info=&#8221;{}&#8221;][et_pb_text _builder_version=&#8221;4.25.1&#8243; _module_preset=&#8221;default&#8221; text_text_color=&#8221;#D60072&#8243; text_font_size=&#8221;19px&#8221; custom_margin=&#8221;||10px|||&#8221; global_colors_info=&#8221;{}&#8221;]TRATTAMENTO CON PLASMA RICCO DI FATTORI DI CRESCITA[\/et_pb_text][et_pb_divider _builder_version=&#8221;4.25.1&#8243; _module_preset=&#8221;default&#8221; custom_margin=&#8221;0px||0px||false|false&#8221; custom_padding=&#8221;0px||2px||false|false&#8221; global_colors_info=&#8221;{}&#8221;][\/et_pb_divider][et_pb_text _builder_version=&#8221;4.25.1&#8243; _module_preset=&#8221;default&#8221; text_text_color=&#8221;#D60072&#8243; text_font_size=&#8221;17px&#8221; custom_margin=&#8221;-19px||0px||false|false&#8221; custom_padding=&#8221;0px||20px||false|false&#8221; global_colors_info=&#8221;{}&#8221;]<\/p>\n<p style=\"text-align: center;\">ENDORET-PRGF | Endogenous Regenerative Technology<\/p>\n<p>[\/et_pb_text][et_pb_text _builder_version=&#8221;4.25.1&#8243; _module_preset=&#8221;default&#8221; global_colors_info=&#8221;{}&#8221;]Questa nuova tecnologia basata sulla medicina rigenerativa consiste nell&#8217;applicare, in modo molto localizzato, fattori di crescita derivati dalla lavorazione del sangue della paziente stessa (Plasma ricco di fattori di crescita o PRGF).[\/et_pb_text][et_pb_text _builder_version=&#8221;4.25.1&#8243; _module_preset=&#8221;default&#8221; text_text_color=&#8221;#D60072&#8243; text_font_size=&#8221;17px&#8221; custom_margin=&#8221;||12px|||&#8221; global_colors_info=&#8221;{}&#8221;]<strong>PRGF in endometrio<br \/>\n<\/strong>[\/et_pb_text][et_pb_text _builder_version=&#8221;4.25.1&#8243; _module_preset=&#8221;default&#8221; global_colors_info=&#8221;{}&#8221;]<\/p>\n<p>Lo stato dell&#8217;endometrio \u00e8 un fattore determinante nei trattamenti di riproduzione assistita, poich\u00e9 sono necessarie condizioni ottimali per l&#8217;impianto.<\/p>\n<p>\u00c8 stato dimostrato che l&#8217;instillazione di PRGF pu\u00f2 aumentare lo spessore dell&#8217;endometrio nelle <strong>pazienti con endometrio refrattario<\/strong> (quello che non raggiunge uno spessore adeguato nonostante la preparazione ormonale dell&#8217;endometrio), in quanto stimola la proliferazione e la secrezione di biomolecole essenziali per il miglioramento del tessuto endometriale. Inoltre, migliora l&#8217;ambiente biologico dell&#8217;endometrio, rendendolo pi\u00f9 ricettivo all&#8217;impianto dell&#8217;embrione e migliorando la prognosi riproduttiva.<\/p>\n<p>[\/et_pb_text][et_pb_text _builder_version=&#8221;4.25.1&#8243; _module_preset=&#8221;default&#8221; text_font=&#8221;|300|||||||&#8221; text_text_color=&#8221;#D60072&#8243; text_font_size=&#8221;31px&#8221; custom_margin=&#8221;||-8px|||&#8221; custom_padding=&#8221;20px|20px|20px|20px|false|false&#8221; border_color_all=&#8221;#D60072&#8243; border_width_bottom=&#8221;1px&#8221; global_colors_info=&#8221;{}&#8221;]In quali casi \u00e8 indicato?[\/et_pb_text][et_pb_text _builder_version=&#8221;4.25.1&#8243; _module_preset=&#8221;default&#8221; text_font=&#8221;|300|||||||&#8221; text_text_color=&#8221;#3A3236&#8243; text_font_size=&#8221;27px&#8221; text_line_height=&#8221;1.2em&#8221; custom_padding=&#8221;20px|20px|20px|20px|false|false&#8221; border_color_all=&#8221;#D60072&#8243; global_colors_info=&#8221;{}&#8221;]Pazienti con endometrio refrattario o pazienti con fallimento d\u2019 impianto[\/et_pb_text][et_pb_text _builder_version=&#8221;4.25.1&#8243; _module_preset=&#8221;default&#8221; global_colors_info=&#8221;{}&#8221;]<\/p>\n<p>L&#8217;uso del PRGF nell&#8217;endometrio \u00e8 presentato anche come un&#8217;alternativa efficace per le <strong>pazienti con fallimento dell&#8217;impianto<\/strong>, cio\u00e8 quelle che non ottengono una gravidanza dopo diversi trasferimenti di embrioni di buona qualit\u00e0. In questi casi, le opzioni terapeutiche di provata efficacia sono davvero limitate. L&#8217;azione del PRGF sull&#8217;endometrio di queste pazienti consiste nello stimolare le loro cellule, che iniziano a segregare pi\u00f9 progesterone e recettori estrogenici, determinando la comparsa di un maggior numero di molecole di adesione per l&#8217;embrione.<\/p>\n<p>[\/et_pb_text][et_pb_text _builder_version=&#8221;4.25.1&#8243; _module_preset=&#8221;default&#8221; text_text_color=&#8221;#D60072&#8243; text_font_size=&#8221;17px&#8221; custom_margin=&#8221;||12px|||&#8221; global_colors_info=&#8221;{}&#8221;]<\/p>\n<p><strong>Vantaggi dell\u2019uso del PRGF in riproduzione assitita<\/strong><\/p>\n<p>[\/et_pb_text][et_pb_text _builder_version=&#8221;4.25.1&#8243; _module_preset=&#8221;default&#8221; global_colors_info=&#8221;{}&#8221;]<\/p>\n<p><strong>AUTOLOGO:<br \/><\/strong>Il PRGF proviene dalla stessa paziente in cui viene inoculato, riducendo cos\u00ec il rischio di effetti avversi, incompatibilit\u00e0 o allergie.<\/p>\n<p><strong>SEMPLICE:<br \/><\/strong>Ottenere il PRGF non \u00e8 un processo complicato per la donna, poich\u00e9 richiede solo un prelievo di sangue. Anche l&#8217;inoculazione del PRGF nell&#8217;utero \u00e8 una procedura indolore e senza difficolt\u00e0. Il processo viene eseguito con una sottile sonda, attraverso la cervice. Pertanto, il processo \u00e8 simile a un trasferimento di embrioni e non richiede anestesia.<\/p>\n<p><strong>COMODO:<br \/><\/strong>Diverse dosi (per diverse inoculazioni) di PRGF sono solitamente ottenute da un unico prelievo di sangue e possono essere congelate.<\/p>\n<p><img loading=\"lazy\" decoding=\"async\" src=\"https:\/\/centromedicomanzanera.com\/wp-content\/uploads\/2024\/05\/comodo-IT.png\" width=\"637\" height=\"236\" alt=\"\" class=\"wp-image-370091 alignnone size-full\" srcset=\"https:\/\/centromedicomanzanera.com\/wp-content\/uploads\/2024\/05\/comodo-IT.png 637w, https:\/\/centromedicomanzanera.com\/wp-content\/uploads\/2024\/05\/comodo-IT-480x178.png 480w\" sizes=\"(min-width: 0px) and (max-width: 480px) 480px, (min-width: 481px) 637px, 100vw\" \/><\/p>\n<p>&nbsp;<\/p>\n<p>\u00a0L&#8217;uso del PRGF &#8211; ENDORET\u00ae per il condizionamento dell&#8217;endometrio o per il trattamento della bassa riserva ovarica pu\u00f2 aprire nuove strade per il recupero della fertilit\u00e0.<\/p>\n<p><strong>Impianto ottimale dell&#8217;embrione, un passo avanti nel trattamento della fertilit\u00e0<\/strong><\/p>\n<p>Il plasma ottenuto dal sangue contiene una concentrazione ottimale di proteine e fattori di crescita che migliorano la rigenerazione e potenziano i risultati dei trattamenti clinici abituali.<\/p>\n<p>[\/et_pb_text][et_pb_text _builder_version=&#8221;4.25.1&#8243; _module_preset=&#8221;default&#8221; text_text_color=&#8221;#D60072&#8243; text_font_size=&#8221;17px&#8221; custom_margin=&#8221;||12px|||&#8221; global_colors_info=&#8221;{}&#8221;]<strong>PRGF nell\u2019ovaio<\/strong>[\/et_pb_text][et_pb_text _builder_version=&#8221;4.25.1&#8243; _module_preset=&#8221;default&#8221; global_colors_info=&#8221;{}&#8221;]Il PRGF pu\u00f2 anche essere inoculato nell&#8217;ovaio, con l&#8217;obiettivo di promuovere la rigenerazione del tessuto ovarico. Anche se al momento si tratta di una tecnica pi\u00f9 sperimentale rispetto al caso dell&#8217;endometrio, l&#8217;obiettivo \u00e8 recuperare la funzione ovarica stimolando lo sviluppo follicolare.[\/et_pb_text][et_pb_text _builder_version=&#8221;4.25.1&#8243; _module_preset=&#8221;default&#8221; text_font=&#8221;|300|||||||&#8221; text_text_color=&#8221;#D60072&#8243; text_font_size=&#8221;31px&#8221; custom_margin=&#8221;||-8px|||&#8221; custom_padding=&#8221;20px|20px|20px|20px|false|false&#8221; border_color_all=&#8221;#D60072&#8243; border_width_bottom=&#8221;1px&#8221; global_colors_info=&#8221;{}&#8221;]In quali casi \u00e8 indicato?[\/et_pb_text][et_pb_text _builder_version=&#8221;4.25.1&#8243; _module_preset=&#8221;default&#8221; text_font=&#8221;|300|||||||&#8221; text_text_color=&#8221;#3A3236&#8243; text_font_size=&#8221;27px&#8221; text_line_height=&#8221;1.2em&#8221; custom_padding=&#8221;20px|20px|20px|20px|false|false&#8221; border_color_all=&#8221;#D60072&#8243; global_colors_info=&#8221;{}&#8221;]<\/p>\n<p>Pazienti con bassa riserva ovarica o pazienti con insufficienza ovarica prematura\u00a0<\/p>\n<p>[\/et_pb_text][et_pb_text _builder_version=&#8221;4.25.1&#8243; _module_preset=&#8221;default&#8221; text_text_color=&#8221;#D60072&#8243; text_font_size=&#8221;17px&#8221; custom_margin=&#8221;||12px|||&#8221; global_colors_info=&#8221;{}&#8221;]Questa tecnica deve essere eseguita con una valutazione individuale preliminare (al di sotto dei 42 anni e valutando l&#8217;AMH della paziente). [\/et_pb_text][et_pb_text _builder_version=&#8221;4.25.1&#8243; _module_preset=&#8221;default&#8221; global_colors_info=&#8221;{}&#8221;]<\/p>\n<p>\u00c8 necessario tenere presente che <strong>la tecnica del ringiovanimento ovarico non viene applicata per &#8220;ringiovanire&#8221;<\/strong>, ma per cercare di ottenere un maggior numero di ovociti. Si presenta come una soluzione per recuperare la funzione ovarica stimolando lo sviluppo follicolare.<\/p>\n<p>[\/et_pb_text][\/et_pb_column][et_pb_column type=&#8221;2_5&#8243; _builder_version=&#8221;4.23.1&#8243; _module_preset=&#8221;default&#8221; animation_style=&#8221;slide&#8221; animation_direction=&#8221;left&#8221; global_colors_info=&#8221;{}&#8221;][et_pb_image src=&#8221;https:\/\/centromedicomanzanera.com\/wp-content\/uploads\/2024\/03\/prp2.jpg&#8221; title_text=&#8221;prp2&#8243; _builder_version=&#8221;4.24.2&#8243; _module_preset=&#8221;default&#8221; custom_margin=&#8221;33px|||||&#8221; border_width_all=&#8221;3px&#8221; border_color_all=&#8221;#FFFFFF&#8221; box_shadow_style=&#8221;preset1&#8243; global_colors_info=&#8221;{}&#8221;][\/et_pb_image][\/et_pb_column][\/et_pb_row][\/et_pb_section]<\/p>\n","protected":false},"excerpt":{"rendered":"<p>TRATTAMENTO CON PLASMA RICCO DI FATTORI DI CRESCITAENDORET-PRGF | Endogenous Regenerative TechnologyQuesta nuova tecnologia basata sulla medicina rigenerativa consiste nell&#8217;applicare, in modo molto localizzato, fattori di crescita derivati dalla lavorazione del sangue della paziente stessa (Plasma ricco di fattori di crescita o PRGF).PRGF in endometrio Lo stato dell&#8217;endometrio \u00e8 un fattore determinante nei trattamenti di [&hellip;]<\/p>\n","protected":false},"author":3,"featured_media":0,"parent":370314,"menu_order":0,"comment_status":"closed","ping_status":"closed","template":"","meta":{"_et_pb_use_builder":"on","_et_pb_old_content":"","_et_gb_content_width":"","footnotes":""},"class_list":["post-370087","page","type-page","status-publish","hentry"],"_links":{"self":[{"href":"https:\/\/centromedicomanzanera.com\/it\/wp-json\/wp\/v2\/pages\/370087","targetHints":{"allow":["GET"]}}],"collection":[{"href":"https:\/\/centromedicomanzanera.com\/it\/wp-json\/wp\/v2\/pages"}],"about":[{"href":"https:\/\/centromedicomanzanera.com\/it\/wp-json\/wp\/v2\/types\/page"}],"author":[{"embeddable":true,"href":"https:\/\/centromedicomanzanera.com\/it\/wp-json\/wp\/v2\/users\/3"}],"replies":[{"embeddable":true,"href":"https:\/\/centromedicomanzanera.com\/it\/wp-json\/wp\/v2\/comments?post=370087"}],"version-history":[{"count":0,"href":"https:\/\/centromedicomanzanera.com\/it\/wp-json\/wp\/v2\/pages\/370087\/revisions"}],"up":[{"embeddable":true,"href":"https:\/\/centromedicomanzanera.com\/it\/wp-json\/wp\/v2\/pages\/370314"}],"wp:attachment":[{"href":"https:\/\/centromedicomanzanera.com\/it\/wp-json\/wp\/v2\/media?parent=370087"}],"curies":[{"name":"wp","href":"https:\/\/api.w.org\/{rel}","templated":true}]}}