{"id":370073,"date":"2023-11-20T11:58:29","date_gmt":"2023-11-20T11:58:29","guid":{"rendered":"https:\/\/centromedicomanzanera.com\/preservacion-de-la-fertilidad\/"},"modified":"2024-05-24T09:45:34","modified_gmt":"2024-05-24T09:45:34","slug":"conservazione-della-fertilita","status":"publish","type":"page","link":"https:\/\/centromedicomanzanera.com\/it\/fertilita\/conservazione-della-fertilita\/","title":{"rendered":"Preservaci\u00f3n de la Fertilidad IT"},"content":{"rendered":"<p>[et_pb_section fb_built=&#8221;1&#8243; _builder_version=&#8221;4.23.1&#8243; _module_preset=&#8221;default&#8221; custom_padding=&#8221;0px||5px||false|false&#8221; global_colors_info=&#8221;{}&#8221;][et_pb_row _builder_version=&#8221;4.23.1&#8243; _module_preset=&#8221;default&#8221; width=&#8221;100%&#8221; max_width=&#8221;100%&#8221; custom_margin=&#8221;0px||||false|false&#8221; custom_padding=&#8221;0px||||false|false&#8221; global_colors_info=&#8221;{}&#8221;][et_pb_column type=&#8221;4_4&#8243; _builder_version=&#8221;4.23.1&#8243; _module_preset=&#8221;default&#8221; global_colors_info=&#8221;{}&#8221;][et_pb_image src=&#8221;https:\/\/centromedicomanzanera.com\/wp-content\/uploads\/2024\/02\/preservacion.jpg&#8221; title_text=&#8221;preservacion&#8221; _builder_version=&#8221;4.24.2&#8243; _module_preset=&#8221;default&#8221; global_colors_info=&#8221;{}&#8221;][\/et_pb_image][\/et_pb_column][\/et_pb_row][et_pb_row _builder_version=&#8221;4.24.0&#8243; _module_preset=&#8221;default&#8221; custom_margin=&#8221;||0px||false|false&#8221; custom_padding=&#8221;||0px||false|false&#8221; animation_style=&#8221;fade&#8221; global_colors_info=&#8221;{}&#8221;][et_pb_column type=&#8221;4_4&#8243; _builder_version=&#8221;4.24.0&#8243; _module_preset=&#8221;default&#8221; global_colors_info=&#8221;{}&#8221;][et_pb_text _builder_version=&#8221;4.25.1&#8243; _module_preset=&#8221;default&#8221; text_text_color=&#8221;#D60072&#8243; text_font_size=&#8221;19px&#8221; custom_margin=&#8221;||10px|||&#8221; global_colors_info=&#8221;{}&#8221;]CONSERVAZIONE DELLA FERTILIT\u00c0[\/et_pb_text][et_pb_divider _builder_version=&#8221;4.24.0&#8243; _module_preset=&#8221;default&#8221; custom_margin=&#8221;||0px||false|false&#8221; custom_padding=&#8221;||0px||false|false&#8221; global_colors_info=&#8221;{}&#8221;][\/et_pb_divider][\/et_pb_column][\/et_pb_row][et_pb_row column_structure=&#8221;2_5,3_5&#8243; _builder_version=&#8221;4.24.0&#8243; _module_preset=&#8221;default&#8221; custom_margin=&#8221;|auto|0px|auto|false|false&#8221; custom_padding=&#8221;12px||50px||false|false&#8221; global_colors_info=&#8221;{}&#8221;][et_pb_column type=&#8221;2_5&#8243; _builder_version=&#8221;4.23.1&#8243; _module_preset=&#8221;default&#8221; animation_style=&#8221;slide&#8221; animation_direction=&#8221;left&#8221; global_colors_info=&#8221;{}&#8221;][et_pb_text _builder_version=&#8221;4.25.1&#8243; _module_preset=&#8221;default&#8221; custom_margin=&#8221;||18px|||&#8221; global_colors_info=&#8221;{}&#8221;]<\/p>\n<h5>Vi permetter\u00e0 di rimandare la nascita di figli fino a quando non deciderete di averne voi stessi<\/h5>\n<p>[\/et_pb_text][et_pb_text _builder_version=&#8221;4.25.1&#8243; _module_preset=&#8221;default&#8221; global_colors_info=&#8221;{}&#8221;]<\/p>\n<p>VITRIFICAZIONE DI OVOCITI<\/p>\n<p>La vitrificazione \u00e8 una nuova tecnica che permette di congelare gli ovuli di una donna per poterli utilizzare in futuro quando vorr\u00e0 avere un figlio. In Spagna, questa tecnica ha permesso la nascita di molti bambini, con un tasso di successo simile a quello ottenuto con gli ovuli freschi.<\/p>\n<p>Esta t\u00e9cnica es adecuada en los siguientes casos:<\/p>\n<ul>\n<li><strong> <\/strong><strong>Donne che desiderano preservare la propria fertilit\u00e0: <\/strong>giovani donne con o senza partner che desiderano ritardare la nascita di un figlio per motivi personali o professionali.<\/li>\n<li><strong> <\/strong><strong>Donne in trattamento oncologico:<\/strong> la chemioterapia e le radiazioni possono causare danni irreversibili agli ovuli, per cui la vitrificazione degli ovuli consente di avere un figlio una volta superata la malattia.<\/li>\n<li><strong> <\/strong><strong>Coppie in trattamento di fertilit\u00e0 <\/strong>che non desiderano congelare gli embrioni per motivi morali.<\/li>\n<li><strong>Donne con bassa riserva ovarica:<\/strong> questa tecnica permette di accumulare gli ovuli di vari cicli di stimolazione prima del trattamento di fertilit\u00e0.<\/li>\n<\/ul>\n<p>[\/et_pb_text][et_pb_image src=&#8221;https:\/\/centromedicomanzanera.com\/wp-content\/uploads\/2024\/02\/preservacion2.jpg&#8221; title_text=&#8221;preservacion2&#8243; _builder_version=&#8221;4.24.2&#8243; _module_preset=&#8221;default&#8221; border_width_all=&#8221;3px&#8221; border_color_all=&#8221;#FFFFFF&#8221; box_shadow_style=&#8221;preset1&#8243; box_shadow_spread=&#8221;-8px&#8221; global_colors_info=&#8221;{}&#8221;][\/et_pb_image][et_pb_text _builder_version=&#8221;4.25.1&#8243; _module_preset=&#8221;default&#8221; global_colors_info=&#8221;{}&#8221;]<\/p>\n<p>CONGELAMENTO DELLO SPERMA<\/p>\n<p>Il congelamento di un campione di sperma consente di utilizzarlo in una fase successiva per la fecondazione degli ovuli.<\/p>\n<p>Questa tecnica \u00e8 consigliata nei seguenti casi:<\/p>\n<ul>\n<li><strong>Uomini in trattamento oncologico: <\/strong>la chemioterapia e le radiazioni possono causare danni irreversibili allo sperma, per cui il congelamento dello sperma consente di avere un figlio una volta superata la malattia.<\/li>\n<li><strong>Prima di qualsiasi trattamento di fertilit\u00e0, <\/strong>se il paziente ha difficolt\u00e0 a ottenere il campione o problemi di disponibilit\u00e0 a consegnarlo. In questo modo, il campione pu\u00f2 essere utilizzato il giorno dell&#8217;inseminazione\/prelievo di ovociti se, per qualsiasi motivo, l&#8217;uomo non \u00e8 in grado di raccogliere un campione di sperma in quel giorno.<\/li>\n<\/ul>\n<p>[\/et_pb_text][\/et_pb_column][et_pb_column type=&#8221;3_5&#8243; _builder_version=&#8221;4.23.1&#8243; _module_preset=&#8221;default&#8221; animation_style=&#8221;slide&#8221; animation_direction=&#8221;right&#8221; global_colors_info=&#8221;{}&#8221;][et_pb_text _builder_version=&#8221;4.25.1&#8243; _module_preset=&#8221;default&#8221; text_text_color=&#8221;#D60072&#8243; text_font_size=&#8221;16px&#8221; global_colors_info=&#8221;{}&#8221;]<\/p>\n<p style=\"text-align: center;\">PASSI IN UN TRATTAMENTO DI VITRIFICAZIONE DI OVOCITI<\/p>\n<p>[\/et_pb_text][et_pb_divimenus_flex direction=&#8221;column&#8221; menu_button_content=&#8221;text&#8221; hide_button=&#8221;on&#8221; force_fullwidth=&#8221;on&#8221; menu_button_scale=&#8221;off&#8221; menu_item_image_size=&#8221;70px&#8221; hover_click=&#8221;click&#8221; _builder_version=&#8221;4.25.1&#8243; _module_preset=&#8221;default&#8221; menu_item_font_size=&#8221;26px&#8221; background_color=&#8221;#ededed&#8221; transform_translate_linked__hover=&#8221;off&#8221; custom_margin=&#8221;9px||9px|||&#8221; border_color_all=&#8221;#d8d8d8&#8243; global_colors_info=&#8221;{}&#8221; transform_styles__hover_enabled=&#8221;on|hover&#8221; transform_scale__hover_enabled=&#8221;on|desktop&#8221; transform_translate__hover_enabled=&#8221;on|hover&#8221; transform_rotate__hover_enabled=&#8221;on|desktop&#8221; transform_skew__hover_enabled=&#8221;on|desktop&#8221; transform_origin__hover_enabled=&#8221;on|desktop&#8221; transform_translate__hover=&#8221;0px|-13px&#8221;][et_pb_divimenus_flex_item title=&#8221;1) Stimulazione ov\u00e1rica &#8221; alignment=&#8221;center&#8221; text_use_icon=&#8221;on&#8221; icon_type=&#8221;image&#8221; text_image=&#8221;https:\/\/centromedicomanzanera.com\/wp-content\/uploads\/2024\/02\/iconos18.png&#8221; text_icon_padding=&#8221;1em&#8221; text_image_size=&#8221;100px&#8221; link_type=&#8221;sub&#8221; sub_layout=&#8221;368274&#8243; sub_preview=&#8221;on&#8221; sub_custom=&#8221;on&#8221; sub_display=&#8221;inline&#8221; sub_width=&#8221;100%&#8221; arrow_offset=&#8221;5px&#8221; sub_arrow=&#8221;on&#8221; arrow_color=&#8221;#D60072&#8243; hover_click=&#8221;click&#8221; effect_in=&#8221;fade&#8221; effect_out=&#8221;fade&#8221; text_image_size_tablet=&#8221;100px&#8221; text_image_size_phone=&#8221;75px&#8221; text_image_size_last_edited=&#8221;on|phone&#8221; sub_width_tablet=&#8221;100%&#8221; sub_width_phone=&#8221;319px&#8221; sub_width_last_edited=&#8221;on|phone&#8221; _builder_version=&#8221;4.25.1&#8243; _module_preset=&#8221;default&#8221; item_font=&#8221;||||||||&#8221; item_text_color=&#8221;#D60072&#8243; item_font_size=&#8221;20px&#8221; background_color=&#8221;RGBA(255,255,255,0)&#8221; background_enable_color=&#8221;on&#8221; module_alignment=&#8221;center&#8221; custom_margin=&#8221;||||false|false&#8221; custom_padding=&#8221;|50px||50px|false|false&#8221; custom_padding_tablet=&#8221;|50px||50px|false|false&#8221; custom_padding_phone=&#8221;|10px||10px|false|false&#8221; custom_padding_last_edited=&#8221;on|phone&#8221; item_font_size_tablet=&#8221;24px&#8221; item_font_size_phone=&#8221;21px&#8221; item_font_size_last_edited=&#8221;on|phone&#8221; module_alignment_tablet=&#8221;center&#8221; module_alignment_phone=&#8221;center&#8221; module_alignment_last_edited=&#8221;on|phone&#8221; global_colors_info=&#8221;{}&#8221; direction=&#8221;column&#8221; force_fullwidth=&#8221;on&#8221;][\/et_pb_divimenus_flex_item][\/et_pb_divimenus_flex][et_pb_icon font_icon=&#8221;&#xf063;||fa||900&#8243; icon_width=&#8221;27px&#8221; _builder_version=&#8221;4.24.0&#8243; _module_preset=&#8221;default&#8221; custom_margin=&#8221;||9px|||&#8221; global_colors_info=&#8221;{}&#8221;][\/et_pb_icon][et_pb_divimenus_flex direction=&#8221;column&#8221; menu_button_content=&#8221;text&#8221; hide_button=&#8221;on&#8221; force_fullwidth=&#8221;on&#8221; menu_button_scale=&#8221;off&#8221; menu_item_image_size=&#8221;70px&#8221; hover_click=&#8221;click&#8221; _builder_version=&#8221;4.25.1&#8243; _module_preset=&#8221;default&#8221; menu_item_font_size=&#8221;26px&#8221; background_color=&#8221;#ededed&#8221; custom_margin=&#8221;9px||9px|||&#8221; border_color_all=&#8221;#d8d8d8&#8243; global_colors_info=&#8221;{}&#8221; transform_styles__hover_enabled=&#8221;on|hover&#8221; transform_scale__hover_enabled=&#8221;on|desktop&#8221; transform_translate__hover=&#8221;0px|-13px&#8221; transform_translate__hover_enabled=&#8221;on|hover&#8221; transform_rotate__hover_enabled=&#8221;on|desktop&#8221; transform_skew__hover_enabled=&#8221;on|desktop&#8221; transform_origin__hover_enabled=&#8221;on|desktop&#8221;][et_pb_divimenus_flex_item title=&#8221;2) Puntura follicolare (prelievo di ovociti) &#8221; alignment=&#8221;center&#8221; text_use_icon=&#8221;on&#8221; icon_type=&#8221;image&#8221; text_image=&#8221;https:\/\/centromedicomanzanera.com\/wp-content\/uploads\/2024\/02\/iconos19.png&#8221; text_icon_padding=&#8221;1em&#8221; text_image_size=&#8221;100px&#8221; link_type=&#8221;sub&#8221; sub_layout=&#8221;368282&#8243; sub_preview=&#8221;on&#8221; sub_custom=&#8221;on&#8221; sub_display=&#8221;inline&#8221; sub_width=&#8221;100%&#8221; arrow_offset=&#8221;5px&#8221; sub_arrow=&#8221;on&#8221; arrow_color=&#8221;#D60072&#8243; hover_click=&#8221;click&#8221; effect_in=&#8221;fade&#8221; effect_out=&#8221;fade&#8221; text_image_size_tablet=&#8221;100px&#8221; text_image_size_phone=&#8221;75px&#8221; text_image_size_last_edited=&#8221;on|phone&#8221; sub_width_tablet=&#8221;100%&#8221; sub_width_phone=&#8221;319px&#8221; sub_width_last_edited=&#8221;on|phone&#8221; _builder_version=&#8221;4.25.1&#8243; _module_preset=&#8221;default&#8221; item_font=&#8221;||||||||&#8221; item_text_color=&#8221;#D60072&#8243; item_font_size=&#8221;20px&#8221; background_color=&#8221;RGBA(255,255,255,0)&#8221; background_enable_color=&#8221;on&#8221; module_alignment=&#8221;center&#8221; custom_margin=&#8221;||||false|false&#8221; custom_padding=&#8221;|50px||50px|false|false&#8221; custom_padding_tablet=&#8221;|50px||50px|false|false&#8221; custom_padding_phone=&#8221;|10px||10px|false|false&#8221; custom_padding_last_edited=&#8221;on|phone&#8221; item_font_size_tablet=&#8221;24px&#8221; item_font_size_phone=&#8221;21px&#8221; item_font_size_last_edited=&#8221;on|phone&#8221; module_alignment_tablet=&#8221;center&#8221; module_alignment_phone=&#8221;center&#8221; module_alignment_last_edited=&#8221;on|phone&#8221; global_colors_info=&#8221;{}&#8221; direction=&#8221;column&#8221; force_fullwidth=&#8221;on&#8221;][\/et_pb_divimenus_flex_item][\/et_pb_divimenus_flex][et_pb_icon font_icon=&#8221;&#xf063;||fa||900&#8243; icon_width=&#8221;27px&#8221; _builder_version=&#8221;4.24.0&#8243; _module_preset=&#8221;default&#8221; custom_margin=&#8221;||9px|||&#8221; global_colors_info=&#8221;{}&#8221;][\/et_pb_icon][et_pb_divimenus_flex direction=&#8221;column&#8221; menu_button_content=&#8221;text&#8221; hide_button=&#8221;on&#8221; force_fullwidth=&#8221;on&#8221; menu_button_scale=&#8221;off&#8221; menu_item_image_size=&#8221;70px&#8221; hover_click=&#8221;click&#8221; _builder_version=&#8221;4.25.1&#8243; _module_preset=&#8221;default&#8221; menu_item_font_size=&#8221;26px&#8221; background_color=&#8221;#ededed&#8221; custom_margin=&#8221;9px||9px|||&#8221; hover_enabled=&#8221;0&#8243; border_color_all=&#8221;#d8d8d8&#8243; global_colors_info=&#8221;{}&#8221; transform_styles__hover_enabled=&#8221;on|hover&#8221; transform_scale__hover_enabled=&#8221;on|desktop&#8221; transform_translate__hover=&#8221;0px|-13px&#8221; transform_translate__hover_enabled=&#8221;on|hover&#8221; transform_rotate__hover_enabled=&#8221;on|desktop&#8221; transform_skew__hover_enabled=&#8221;on|desktop&#8221; transform_origin__hover_enabled=&#8221;on|desktop&#8221; sticky_enabled=&#8221;0&#8243;][et_pb_divimenus_flex_item title=&#8221;3) Vitrificazione degli ovuli &#8221; alignment=&#8221;center&#8221; text_use_icon=&#8221;on&#8221; icon_type=&#8221;image&#8221; text_image=&#8221;https:\/\/centromedicomanzanera.com\/wp-content\/uploads\/2023\/12\/iconos17.png&#8221; text_icon_padding=&#8221;1em&#8221; text_image_size=&#8221;100px&#8221; link_type=&#8221;sub&#8221; sub_layout=&#8221;370079&#8243; sub_preview=&#8221;on&#8221; sub_custom=&#8221;on&#8221; sub_display=&#8221;inline&#8221; sub_width=&#8221;100%&#8221; arrow_offset=&#8221;5px&#8221; sub_arrow=&#8221;on&#8221; arrow_color=&#8221;#D60072&#8243; hover_click=&#8221;click&#8221; effect_in=&#8221;fade&#8221; effect_out=&#8221;fade&#8221; text_image_size_tablet=&#8221;100px&#8221; text_image_size_phone=&#8221;75px&#8221; text_image_size_last_edited=&#8221;on|phone&#8221; sub_width_tablet=&#8221;100%&#8221; sub_width_phone=&#8221;319px&#8221; sub_width_last_edited=&#8221;on|phone&#8221; _builder_version=&#8221;4.25.1&#8243; _module_preset=&#8221;default&#8221; item_font=&#8221;||||||||&#8221; item_text_color=&#8221;#D60072&#8243; item_font_size=&#8221;20px&#8221; background_color=&#8221;RGBA(255,255,255,0)&#8221; background_enable_color=&#8221;on&#8221; module_alignment=&#8221;center&#8221; custom_margin=&#8221;||||false|false&#8221; custom_padding=&#8221;|50px||50px|false|false&#8221; custom_padding_tablet=&#8221;|50px||50px|false|false&#8221; custom_padding_phone=&#8221;|10px||10px|false|false&#8221; custom_padding_last_edited=&#8221;on|phone&#8221; hover_enabled=&#8221;0&#8243; item_font_size_tablet=&#8221;24px&#8221; item_font_size_phone=&#8221;21px&#8221; item_font_size_last_edited=&#8221;on|phone&#8221; module_alignment_tablet=&#8221;center&#8221; module_alignment_phone=&#8221;center&#8221; module_alignment_last_edited=&#8221;on|phone&#8221; global_colors_info=&#8221;{}&#8221; direction=&#8221;column&#8221; force_fullwidth=&#8221;on&#8221; sticky_enabled=&#8221;0&#8243;][\/et_pb_divimenus_flex_item][\/et_pb_divimenus_flex][\/et_pb_column][\/et_pb_row][\/et_pb_section]<\/p>\n","protected":false},"excerpt":{"rendered":"<p>CONSERVAZIONE DELLA FERTILIT\u00c0Vi permetter\u00e0 di rimandare la nascita di figli fino a quando non deciderete di averne voi stessiVITRIFICAZIONE DI OVOCITI La vitrificazione \u00e8 una nuova tecnica che permette di congelare gli ovuli di una donna per poterli utilizzare in futuro quando vorr\u00e0 avere un figlio. In Spagna, questa tecnica ha permesso la nascita di [&hellip;]<\/p>\n","protected":false},"author":3,"featured_media":0,"parent":370314,"menu_order":0,"comment_status":"closed","ping_status":"closed","template":"","meta":{"_et_pb_use_builder":"on","_et_pb_old_content":"","_et_gb_content_width":"","footnotes":""},"class_list":["post-370073","page","type-page","status-publish","hentry"],"_links":{"self":[{"href":"https:\/\/centromedicomanzanera.com\/it\/wp-json\/wp\/v2\/pages\/370073","targetHints":{"allow":["GET"]}}],"collection":[{"href":"https:\/\/centromedicomanzanera.com\/it\/wp-json\/wp\/v2\/pages"}],"about":[{"href":"https:\/\/centromedicomanzanera.com\/it\/wp-json\/wp\/v2\/types\/page"}],"author":[{"embeddable":true,"href":"https:\/\/centromedicomanzanera.com\/it\/wp-json\/wp\/v2\/users\/3"}],"replies":[{"embeddable":true,"href":"https:\/\/centromedicomanzanera.com\/it\/wp-json\/wp\/v2\/comments?post=370073"}],"version-history":[{"count":0,"href":"https:\/\/centromedicomanzanera.com\/it\/wp-json\/wp\/v2\/pages\/370073\/revisions"}],"up":[{"embeddable":true,"href":"https:\/\/centromedicomanzanera.com\/it\/wp-json\/wp\/v2\/pages\/370314"}],"wp:attachment":[{"href":"https:\/\/centromedicomanzanera.com\/it\/wp-json\/wp\/v2\/media?parent=370073"}],"curies":[{"name":"wp","href":"https:\/\/api.w.org\/{rel}","templated":true}]}}