{"id":370039,"date":"2023-11-20T11:59:15","date_gmt":"2023-11-20T11:59:15","guid":{"rendered":"https:\/\/centromedicomanzanera.com\/maternidad-compartida\/"},"modified":"2024-05-24T09:15:26","modified_gmt":"2024-05-24T09:15:26","slug":"maternita-condivisa","status":"publish","type":"page","link":"https:\/\/centromedicomanzanera.com\/it\/fertilita\/maternita-condivisa\/","title":{"rendered":"METODO ROPA: MATERNIT\u00c0 CONDIVISA IT"},"content":{"rendered":"<p>[et_pb_section fb_built=&#8221;1&#8243; _builder_version=&#8221;4.23.1&#8243; _module_preset=&#8221;default&#8221; custom_padding=&#8221;0px||5px||false|false&#8221; global_colors_info=&#8221;{}&#8221;][et_pb_row _builder_version=&#8221;4.24.2&#8243; _module_preset=&#8221;default&#8221; width=&#8221;100%&#8221; max_width=&#8221;100%&#8221; custom_margin=&#8221;0px||||false|false&#8221; custom_padding=&#8221;0px||||false|false&#8221; animation_style=&#8221;fade&#8221; global_colors_info=&#8221;{}&#8221;][et_pb_column type=&#8221;4_4&#8243; _builder_version=&#8221;4.23.1&#8243; _module_preset=&#8221;default&#8221; global_colors_info=&#8221;{}&#8221;][et_pb_image src=&#8221;https:\/\/centromedicomanzanera.com\/wp-content\/uploads\/2024\/02\/maternidad-compartida.jpg&#8221; title_text=&#8221;maternidad-compartida&#8221; _builder_version=&#8221;4.24.2&#8243; _module_preset=&#8221;default&#8221; global_colors_info=&#8221;{}&#8221;][\/et_pb_image][\/et_pb_column][\/et_pb_row][et_pb_row _builder_version=&#8221;4.24.0&#8243; _module_preset=&#8221;default&#8221; custom_margin=&#8221;||0px||false|false&#8221; custom_padding=&#8221;||0px||false|false&#8221; animation_style=&#8221;fade&#8221; global_colors_info=&#8221;{}&#8221;][et_pb_column type=&#8221;4_4&#8243; _builder_version=&#8221;4.24.0&#8243; _module_preset=&#8221;default&#8221; global_colors_info=&#8221;{}&#8221;][et_pb_text _builder_version=&#8221;4.25.1&#8243; _module_preset=&#8221;default&#8221; text_text_color=&#8221;#D60072&#8243; text_font_size=&#8221;19px&#8221; custom_margin=&#8221;||10px|||&#8221; global_colors_info=&#8221;{}&#8221;]METODO ROPA: MATERNIT\u00c0 CONDIVISA[\/et_pb_text][et_pb_divider _builder_version=&#8221;4.23.1&#8243; _module_preset=&#8221;default&#8221; custom_margin=&#8221;||2px|||&#8221; global_colors_info=&#8221;{}&#8221;][\/et_pb_divider][\/et_pb_column][\/et_pb_row][et_pb_row column_structure=&#8221;2_5,3_5&#8243; _builder_version=&#8221;4.24.0&#8243; _module_preset=&#8221;default&#8221; custom_margin=&#8221;|auto|0px|auto|false|false&#8221; custom_padding=&#8221;12px||50px||false|false&#8221; global_colors_info=&#8221;{}&#8221;][et_pb_column type=&#8221;2_5&#8243; _builder_version=&#8221;4.23.1&#8243; _module_preset=&#8221;default&#8221; animation_style=&#8221;slide&#8221; animation_direction=&#8221;left&#8221; global_colors_info=&#8221;{}&#8221;][et_pb_text _builder_version=&#8221;4.25.1&#8243; _module_preset=&#8221;default&#8221; custom_margin=&#8221;||0px|||&#8221; global_colors_info=&#8221;{}&#8221;]<\/p>\n<h5 align=\"center\" style=\"background: white; text-align: left;\">Soluzioni per ogni famiglia<o:p><\/o:p><\/h5>\n<p>[\/et_pb_text][et_pb_text _builder_version=&#8221;4.25.1&#8243; _module_preset=&#8221;default&#8221; global_colors_info=&#8221;{}&#8221;]<\/p>\n<p>Secondo la legislazione spagnola, qualsiasi donna pu\u00f2 sottoporsi a un trattamento di fertilit\u00e0 con sperma di donatore, indipendentemente dal suo orientamento sessuale e dal suo stato civile.<\/p>\n<p>Il trattamento appropriato dipender\u00e0 dall&#8217;et\u00e0 della paziente e dallo studio di fertilit\u00e0 precedentemente effettuato. Prima di iniziare un trattamento, \u00e8 sempre necessario effettuare una serie di analisi che consentiranno al medico di valutare i livelli ormonali della paziente per indicare il trattamento pi\u00f9 appropriato.<\/p>\n<p>Esiste la possibilit\u00e0 di un trattamento noto come &#8220;maternit\u00e0 condivisa&#8221;. Questo trattamento consiste nel fecondare gli ovuli di una partner con lo sperma di un donatore e nel trasferire gli embrioni nell&#8217;utero dell\u2019altra partner.<\/p>\n<p>[\/et_pb_text][et_pb_image src=&#8221;https:\/\/centromedicomanzanera.com\/wp-content\/uploads\/2024\/02\/maternidad-compartida2.jpg&#8221; title_text=&#8221;maternidad-compartida2&#8243; _builder_version=&#8221;4.24.2&#8243; _module_preset=&#8221;default&#8221; border_width_all=&#8221;3px&#8221; border_color_all=&#8221;#FFFFFF&#8221; box_shadow_style=&#8221;preset1&#8243; box_shadow_spread=&#8221;-7px&#8221; global_colors_info=&#8221;{}&#8221;][\/et_pb_image][\/et_pb_column][et_pb_column type=&#8221;3_5&#8243; _builder_version=&#8221;4.23.1&#8243; _module_preset=&#8221;default&#8221; animation_style=&#8221;slide&#8221; animation_direction=&#8221;right&#8221; global_colors_info=&#8221;{}&#8221;][et_pb_text _builder_version=&#8221;4.25.1&#8243; _module_preset=&#8221;default&#8221; text_text_color=&#8221;#D60072&#8243; text_font_size=&#8221;16px&#8221; global_colors_info=&#8221;{}&#8221;]<\/p>\n<p style=\"text-align: center;\">PASSI MATERNIT\u00c0 CONDIVISA<\/p>\n<p>[\/et_pb_text][et_pb_divimenus_flex direction=&#8221;column&#8221; menu_button_content=&#8221;text&#8221; hide_button=&#8221;on&#8221; force_fullwidth=&#8221;on&#8221; menu_button_scale=&#8221;off&#8221; menu_item_image_size=&#8221;70px&#8221; hover_click=&#8221;click&#8221; _builder_version=&#8221;4.25.1&#8243; _module_preset=&#8221;default&#8221; menu_item_font_size=&#8221;26px&#8221; background_color=&#8221;#ededed&#8221; transform_translate_linked__hover=&#8221;off&#8221; custom_margin=&#8221;9px||9px|||&#8221; border_color_all=&#8221;#d8d8d8&#8243; global_colors_info=&#8221;{}&#8221; transform_styles__hover_enabled=&#8221;on|hover&#8221; transform_scale__hover_enabled=&#8221;on|desktop&#8221; transform_translate__hover_enabled=&#8221;on|hover&#8221; transform_rotate__hover_enabled=&#8221;on|desktop&#8221; transform_skew__hover_enabled=&#8221;on|desktop&#8221; transform_origin__hover_enabled=&#8221;on|desktop&#8221; transform_translate__hover=&#8221;0px|-13px&#8221;][et_pb_divimenus_flex_item title=&#8221;1) Preparazione endometriale (madre ricevente) &#8221; alignment=&#8221;center&#8221; text_use_icon=&#8221;on&#8221; icon_type=&#8221;image&#8221; text_image=&#8221;https:\/\/centromedicomanzanera.com\/wp-content\/uploads\/2023\/12\/iconos12.png&#8221; text_icon_padding=&#8221;1em&#8221; text_image_size=&#8221;100px&#8221; link_type=&#8221;sub&#8221; sub_layout=&#8221;370045&#8243; sub_preview=&#8221;on&#8221; sub_custom=&#8221;on&#8221; sub_display=&#8221;inline&#8221; sub_width=&#8221;100%&#8221; arrow_offset=&#8221;5px&#8221; sub_arrow=&#8221;on&#8221; arrow_color=&#8221;#D60072&#8243; hover_click=&#8221;click&#8221; effect_in=&#8221;fade&#8221; effect_out=&#8221;fade&#8221; text_image_size_tablet=&#8221;100px&#8221; text_image_size_phone=&#8221;75px&#8221; text_image_size_last_edited=&#8221;on|phone&#8221; sub_width_tablet=&#8221;100%&#8221; sub_width_phone=&#8221;319px&#8221; sub_width_last_edited=&#8221;on|phone&#8221; _builder_version=&#8221;4.25.1&#8243; _module_preset=&#8221;default&#8221; item_font=&#8221;||||||||&#8221; item_text_color=&#8221;#D60072&#8243; item_font_size=&#8221;20px&#8221; background_color=&#8221;RGBA(255,255,255,0)&#8221; background_enable_color=&#8221;on&#8221; module_alignment=&#8221;center&#8221; custom_margin=&#8221;||||false|false&#8221; custom_padding=&#8221;|50px||50px|false|false&#8221; custom_padding_tablet=&#8221;|50px||50px|false|false&#8221; custom_padding_phone=&#8221;|10px||10px|false|false&#8221; custom_padding_last_edited=&#8221;on|phone&#8221; item_font_size_tablet=&#8221;24px&#8221; item_font_size_phone=&#8221;21px&#8221; item_font_size_last_edited=&#8221;on|phone&#8221; module_alignment_tablet=&#8221;center&#8221; module_alignment_phone=&#8221;center&#8221; module_alignment_last_edited=&#8221;on|phone&#8221; global_colors_info=&#8221;{}&#8221;][\/et_pb_divimenus_flex_item][\/et_pb_divimenus_flex][et_pb_icon font_icon=&#8221;&#xf063;||fa||900&#8243; icon_width=&#8221;27px&#8221; _builder_version=&#8221;4.24.0&#8243; _module_preset=&#8221;default&#8221; custom_margin=&#8221;||9px|||&#8221; global_colors_info=&#8221;{}&#8221;][\/et_pb_icon][et_pb_divimenus_flex direction=&#8221;column&#8221; menu_button_content=&#8221;text&#8221; hide_button=&#8221;on&#8221; force_fullwidth=&#8221;on&#8221; menu_button_scale=&#8221;off&#8221; menu_item_image_size=&#8221;70px&#8221; hover_click=&#8221;click&#8221; _builder_version=&#8221;4.25.1&#8243; _module_preset=&#8221;default&#8221; menu_item_font_size=&#8221;26px&#8221; background_color=&#8221;#ededed&#8221; custom_margin=&#8221;9px||9px|||&#8221; border_color_all=&#8221;#d8d8d8&#8243; global_colors_info=&#8221;{}&#8221; transform_styles__hover_enabled=&#8221;on|hover&#8221; transform_scale__hover_enabled=&#8221;on|desktop&#8221; transform_translate__hover=&#8221;0px|-13px&#8221; transform_translate__hover_enabled=&#8221;on|hover&#8221; transform_rotate__hover_enabled=&#8221;on|desktop&#8221; transform_skew__hover_enabled=&#8221;on|desktop&#8221; transform_origin__hover_enabled=&#8221;on|desktop&#8221;][et_pb_divimenus_flex_item title=&#8221;2) Stimolazione ovarica e prelievo ovocitario (madre donatrice) &#8221; alignment=&#8221;center&#8221; text_use_icon=&#8221;on&#8221; icon_type=&#8221;image&#8221; text_image=&#8221;https:\/\/centromedicomanzanera.com\/wp-content\/uploads\/2024\/02\/iconos18.png&#8221; text_icon_padding=&#8221;1em&#8221; text_image_size=&#8221;100px&#8221; link_type=&#8221;sub&#8221; sub_layout=&#8221;370049&#8243; sub_preview=&#8221;on&#8221; sub_custom=&#8221;on&#8221; sub_display=&#8221;inline&#8221; sub_width=&#8221;100%&#8221; arrow_offset=&#8221;5px&#8221; sub_arrow=&#8221;on&#8221; arrow_color=&#8221;#D60072&#8243; hover_click=&#8221;click&#8221; effect_in=&#8221;fade&#8221; effect_out=&#8221;fade&#8221; text_image_size_tablet=&#8221;100px&#8221; text_image_size_phone=&#8221;75px&#8221; text_image_size_last_edited=&#8221;on|phone&#8221; sub_width_tablet=&#8221;100%&#8221; sub_width_phone=&#8221;319px&#8221; sub_width_last_edited=&#8221;on|phone&#8221; _builder_version=&#8221;4.25.1&#8243; _module_preset=&#8221;default&#8221; item_font=&#8221;||||||||&#8221; item_text_color=&#8221;#D60072&#8243; item_font_size=&#8221;20px&#8221; background_color=&#8221;RGBA(255,255,255,0)&#8221; background_enable_color=&#8221;on&#8221; module_alignment=&#8221;center&#8221; custom_margin=&#8221;||||false|false&#8221; custom_padding=&#8221;|50px||50px|false|false&#8221; custom_padding_tablet=&#8221;|50px||50px|false|false&#8221; custom_padding_phone=&#8221;|10px||10px|false|false&#8221; custom_padding_last_edited=&#8221;on|phone&#8221; item_font_size_tablet=&#8221;24px&#8221; item_font_size_phone=&#8221;21px&#8221; item_font_size_last_edited=&#8221;on|phone&#8221; module_alignment_tablet=&#8221;center&#8221; module_alignment_phone=&#8221;center&#8221; module_alignment_last_edited=&#8221;on|phone&#8221; global_colors_info=&#8221;{}&#8221;][\/et_pb_divimenus_flex_item][\/et_pb_divimenus_flex][et_pb_icon font_icon=&#8221;&#xf063;||fa||900&#8243; icon_width=&#8221;27px&#8221; _builder_version=&#8221;4.24.0&#8243; _module_preset=&#8221;default&#8221; custom_margin=&#8221;||9px|||&#8221; global_colors_info=&#8221;{}&#8221;][\/et_pb_icon][et_pb_divimenus_flex direction=&#8221;column&#8221; menu_button_content=&#8221;text&#8221; hide_button=&#8221;on&#8221; force_fullwidth=&#8221;on&#8221; menu_button_scale=&#8221;off&#8221; menu_item_image_size=&#8221;70px&#8221; hover_click=&#8221;click&#8221; _builder_version=&#8221;4.25.1&#8243; _module_preset=&#8221;default&#8221; menu_item_font_size=&#8221;26px&#8221; background_color=&#8221;#ededed&#8221; custom_margin=&#8221;9px||9px|||&#8221; border_color_all=&#8221;#d8d8d8&#8243; global_colors_info=&#8221;{}&#8221; transform_styles__hover_enabled=&#8221;on|hover&#8221; transform_scale__hover_enabled=&#8221;on|desktop&#8221; transform_translate__hover=&#8221;0px|-13px&#8221; transform_translate__hover_enabled=&#8221;on|hover&#8221; transform_rotate__hover_enabled=&#8221;on|desktop&#8221; transform_skew__hover_enabled=&#8221;on|desktop&#8221; transform_origin__hover_enabled=&#8221;on|desktop&#8221;][et_pb_divimenus_flex_item title=&#8221;3) Fecondazione degli ovuli e sviluppo embrionale &#8221; alignment=&#8221;center&#8221; text_use_icon=&#8221;on&#8221; icon_type=&#8221;image&#8221; text_image=&#8221;https:\/\/centromedicomanzanera.com\/wp-content\/uploads\/2023\/11\/iconos.png&#8221; text_icon_padding=&#8221;1em&#8221; text_image_size=&#8221;100px&#8221; link_type=&#8221;sub&#8221; sub_layout=&#8221;370055&#8243; sub_preview=&#8221;on&#8221; sub_custom=&#8221;on&#8221; sub_display=&#8221;inline&#8221; sub_width=&#8221;100%&#8221; arrow_offset=&#8221;5px&#8221; sub_arrow=&#8221;on&#8221; arrow_color=&#8221;#D60072&#8243; hover_click=&#8221;click&#8221; effect_in=&#8221;fade&#8221; effect_out=&#8221;fade&#8221; text_image_size_tablet=&#8221;100px&#8221; text_image_size_phone=&#8221;75px&#8221; text_image_size_last_edited=&#8221;on|phone&#8221; sub_width_tablet=&#8221;100%&#8221; sub_width_phone=&#8221;319px&#8221; sub_width_last_edited=&#8221;on|phone&#8221; _builder_version=&#8221;4.25.1&#8243; _module_preset=&#8221;default&#8221; item_font=&#8221;||||||||&#8221; item_text_color=&#8221;#D60072&#8243; item_font_size=&#8221;18px&#8221; background_color=&#8221;RGBA(255,255,255,0)&#8221; background_enable_color=&#8221;on&#8221; module_alignment=&#8221;center&#8221; custom_margin=&#8221;||||false|false&#8221; custom_padding=&#8221;|10px||10px|false|false&#8221; custom_padding_tablet=&#8221;|50px||50px|false|false&#8221; custom_padding_phone=&#8221;|10px||10px|false|false&#8221; custom_padding_last_edited=&#8221;on|phone&#8221; item_font_size_tablet=&#8221;24px&#8221; item_font_size_phone=&#8221;21px&#8221; item_font_size_last_edited=&#8221;on|phone&#8221; module_alignment_tablet=&#8221;center&#8221; module_alignment_phone=&#8221;center&#8221; module_alignment_last_edited=&#8221;on|phone&#8221; global_colors_info=&#8221;{}&#8221;][\/et_pb_divimenus_flex_item][\/et_pb_divimenus_flex][et_pb_icon font_icon=&#8221;&#xf063;||fa||900&#8243; icon_width=&#8221;27px&#8221; _builder_version=&#8221;4.24.0&#8243; _module_preset=&#8221;default&#8221; custom_margin=&#8221;||9px|||&#8221; global_colors_info=&#8221;{}&#8221;][\/et_pb_icon][et_pb_divimenus_flex direction=&#8221;column&#8221; menu_button_content=&#8221;text&#8221; hide_button=&#8221;on&#8221; force_fullwidth=&#8221;on&#8221; menu_button_scale=&#8221;off&#8221; menu_item_image_size=&#8221;70px&#8221; hover_click=&#8221;click&#8221; _builder_version=&#8221;4.25.1&#8243; _module_preset=&#8221;default&#8221; menu_item_font_size=&#8221;26px&#8221; background_color=&#8221;#ededed&#8221; custom_margin=&#8221;9px||9px|||&#8221; border_color_all=&#8221;#d8d8d8&#8243; global_colors_info=&#8221;{}&#8221; transform_styles__hover_enabled=&#8221;on|hover&#8221; transform_scale__hover_enabled=&#8221;on|desktop&#8221; transform_translate__hover=&#8221;0px|-13px&#8221; transform_translate__hover_enabled=&#8221;on|hover&#8221; transform_rotate__hover_enabled=&#8221;on|desktop&#8221; transform_skew__hover_enabled=&#8221;on|desktop&#8221; transform_origin__hover_enabled=&#8221;on|desktop&#8221;][et_pb_divimenus_flex_item title=&#8221;4) Trasferimento embrionale &#8221; alignment=&#8221;center&#8221; text_use_icon=&#8221;on&#8221; icon_type=&#8221;image&#8221; text_image=&#8221;https:\/\/centromedicomanzanera.com\/wp-content\/uploads\/2023\/12\/iconos4.png&#8221; text_icon_padding=&#8221;1em&#8221; text_image_size=&#8221;100px&#8221; link_type=&#8221;sub&#8221; sub_layout=&#8221;370059&#8243; sub_preview=&#8221;on&#8221; sub_custom=&#8221;on&#8221; sub_display=&#8221;inline&#8221; sub_width=&#8221;100%&#8221; arrow_offset=&#8221;5px&#8221; sub_arrow=&#8221;on&#8221; arrow_color=&#8221;#D60072&#8243; hover_click=&#8221;click&#8221; effect_in=&#8221;fade&#8221; effect_out=&#8221;fade&#8221; text_image_size_tablet=&#8221;100px&#8221; text_image_size_phone=&#8221;75px&#8221; text_image_size_last_edited=&#8221;on|phone&#8221; sub_width_tablet=&#8221;100%&#8221; sub_width_phone=&#8221;319px&#8221; sub_width_last_edited=&#8221;on|phone&#8221; _builder_version=&#8221;4.25.1&#8243; _module_preset=&#8221;default&#8221; item_font=&#8221;||||||||&#8221; item_text_color=&#8221;#D60072&#8243; item_font_size=&#8221;20px&#8221; background_color=&#8221;RGBA(255,255,255,0)&#8221; background_enable_color=&#8221;on&#8221; module_alignment=&#8221;center&#8221; custom_margin=&#8221;||||false|false&#8221; custom_padding=&#8221;|50px||50px|false|false&#8221; custom_padding_tablet=&#8221;|50px||50px|false|false&#8221; custom_padding_phone=&#8221;|10px||10px|false|false&#8221; custom_padding_last_edited=&#8221;on|phone&#8221; item_font_size_tablet=&#8221;24px&#8221; item_font_size_phone=&#8221;21px&#8221; item_font_size_last_edited=&#8221;on|phone&#8221; module_alignment_tablet=&#8221;center&#8221; module_alignment_phone=&#8221;center&#8221; module_alignment_last_edited=&#8221;on|phone&#8221; global_colors_info=&#8221;{}&#8221;][\/et_pb_divimenus_flex_item][\/et_pb_divimenus_flex][et_pb_icon font_icon=&#8221;&#xf063;||fa||900&#8243; icon_width=&#8221;27px&#8221; _builder_version=&#8221;4.24.0&#8243; _module_preset=&#8221;default&#8221; custom_margin=&#8221;||9px|||&#8221; global_colors_info=&#8221;{}&#8221;][\/et_pb_icon][et_pb_divimenus_flex direction=&#8221;column&#8221; menu_button_content=&#8221;text&#8221; hide_button=&#8221;on&#8221; force_fullwidth=&#8221;on&#8221; menu_button_scale=&#8221;off&#8221; menu_item_image_size=&#8221;70px&#8221; hover_click=&#8221;click&#8221; _builder_version=&#8221;4.25.1&#8243; _module_preset=&#8221;default&#8221; menu_item_font_size=&#8221;26px&#8221; background_color=&#8221;#ededed&#8221; custom_margin=&#8221;9px||9px|||&#8221; border_color_all=&#8221;#d8d8d8&#8243; global_colors_info=&#8221;{}&#8221; transform_styles__hover_enabled=&#8221;on|hover&#8221; transform_scale__hover_enabled=&#8221;on|desktop&#8221; transform_translate__hover=&#8221;0px|-13px&#8221; transform_translate__hover_enabled=&#8221;on|hover&#8221; transform_rotate__hover_enabled=&#8221;on|desktop&#8221; transform_skew__hover_enabled=&#8221;on|desktop&#8221; transform_origin__hover_enabled=&#8221;on|desktop&#8221;][et_pb_divimenus_flex_item title=&#8221;5) Vitrificazione degli embrioni &#8221; alignment=&#8221;center&#8221; text_use_icon=&#8221;on&#8221; icon_type=&#8221;image&#8221; text_image=&#8221;https:\/\/centromedicomanzanera.com\/wp-content\/uploads\/2023\/12\/iconos17.png&#8221; text_icon_padding=&#8221;1em&#8221; text_image_size=&#8221;100px&#8221; link_type=&#8221;sub&#8221; sub_layout=&#8221;370016&#8243; sub_preview=&#8221;on&#8221; sub_custom=&#8221;on&#8221; sub_display=&#8221;inline&#8221; sub_width=&#8221;100%&#8221; arrow_offset=&#8221;5px&#8221; sub_arrow=&#8221;on&#8221; arrow_color=&#8221;#D60072&#8243; hover_click=&#8221;click&#8221; effect_in=&#8221;fade&#8221; effect_out=&#8221;fade&#8221; text_image_size_tablet=&#8221;100px&#8221; text_image_size_phone=&#8221;75px&#8221; text_image_size_last_edited=&#8221;on|phone&#8221; sub_width_tablet=&#8221;100%&#8221; sub_width_phone=&#8221;319px&#8221; sub_width_last_edited=&#8221;on|phone&#8221; _builder_version=&#8221;4.25.1&#8243; _module_preset=&#8221;default&#8221; item_font=&#8221;||||||||&#8221; item_text_color=&#8221;#D60072&#8243; item_font_size=&#8221;20px&#8221; background_color=&#8221;RGBA(255,255,255,0)&#8221; background_enable_color=&#8221;on&#8221; module_alignment=&#8221;center&#8221; custom_margin=&#8221;||||false|false&#8221; custom_padding=&#8221;|50px||50px|false|false&#8221; custom_padding_tablet=&#8221;|50px||50px|false|false&#8221; custom_padding_phone=&#8221;|10px||10px|false|false&#8221; custom_padding_last_edited=&#8221;on|phone&#8221; item_font_size_tablet=&#8221;24px&#8221; item_font_size_phone=&#8221;21px&#8221; item_font_size_last_edited=&#8221;on|phone&#8221; module_alignment_tablet=&#8221;center&#8221; module_alignment_phone=&#8221;center&#8221; module_alignment_last_edited=&#8221;on|phone&#8221; global_colors_info=&#8221;{}&#8221;][\/et_pb_divimenus_flex_item][\/et_pb_divimenus_flex][et_pb_icon font_icon=&#8221;&#xf063;||fa||900&#8243; icon_width=&#8221;27px&#8221; _builder_version=&#8221;4.24.0&#8243; _module_preset=&#8221;default&#8221; custom_margin=&#8221;||9px|||&#8221; global_colors_info=&#8221;{}&#8221;][\/et_pb_icon][et_pb_divimenus_flex direction=&#8221;column&#8221; menu_button_content=&#8221;text&#8221; hide_button=&#8221;on&#8221; force_fullwidth=&#8221;on&#8221; menu_button_scale=&#8221;off&#8221; menu_item_image_size=&#8221;70px&#8221; hover_click=&#8221;click&#8221; _builder_version=&#8221;4.25.1&#8243; _module_preset=&#8221;default&#8221; menu_item_font_size=&#8221;26px&#8221; background_color=&#8221;#ededed&#8221; custom_margin=&#8221;9px||9px|||&#8221; border_color_all=&#8221;#d8d8d8&#8243; global_colors_info=&#8221;{}&#8221; transform_styles__hover_enabled=&#8221;on|hover&#8221; transform_scale__hover_enabled=&#8221;on|desktop&#8221; transform_translate__hover=&#8221;0px|-13px&#8221; transform_translate__hover_enabled=&#8221;on|hover&#8221; transform_rotate__hover_enabled=&#8221;on|desktop&#8221; transform_skew__hover_enabled=&#8221;on|desktop&#8221; transform_origin__hover_enabled=&#8221;on|desktop&#8221;][et_pb_divimenus_flex_item title=&#8221;6 Test di gravidanza &#8221; alignment=&#8221;center&#8221; text_use_icon=&#8221;on&#8221; icon_type=&#8221;image&#8221; text_image=&#8221;https:\/\/centromedicomanzanera.com\/wp-content\/uploads\/2023\/12\/iconos16.png&#8221; text_icon_padding=&#8221;1em&#8221; text_image_size=&#8221;100px&#8221; link_type=&#8221;sub&#8221; sub_layout=&#8221;368309&#8243; sub_preview=&#8221;on&#8221; sub_custom=&#8221;on&#8221; sub_display=&#8221;inline&#8221; sub_width=&#8221;100%&#8221; arrow_offset=&#8221;5px&#8221; sub_arrow=&#8221;on&#8221; arrow_color=&#8221;#D60072&#8243; hover_click=&#8221;click&#8221; effect_in=&#8221;fade&#8221; effect_out=&#8221;fade&#8221; text_image_size_tablet=&#8221;100px&#8221; text_image_size_phone=&#8221;75px&#8221; text_image_size_last_edited=&#8221;on|phone&#8221; sub_width_tablet=&#8221;100%&#8221; sub_width_phone=&#8221;319px&#8221; sub_width_last_edited=&#8221;on|phone&#8221; _builder_version=&#8221;4.25.1&#8243; _module_preset=&#8221;default&#8221; item_font=&#8221;||||||||&#8221; item_text_color=&#8221;#D60072&#8243; item_font_size=&#8221;20px&#8221; background_color=&#8221;RGBA(255,255,255,0)&#8221; background_enable_color=&#8221;on&#8221; module_alignment=&#8221;center&#8221; custom_margin=&#8221;||||false|false&#8221; custom_padding=&#8221;|50px||50px|false|false&#8221; custom_padding_tablet=&#8221;|50px||50px|false|false&#8221; custom_padding_phone=&#8221;|10px||10px|false|false&#8221; custom_padding_last_edited=&#8221;on|phone&#8221; item_font_size_tablet=&#8221;24px&#8221; item_font_size_phone=&#8221;21px&#8221; item_font_size_last_edited=&#8221;on|phone&#8221; module_alignment_tablet=&#8221;center&#8221; module_alignment_phone=&#8221;center&#8221; module_alignment_last_edited=&#8221;on|phone&#8221; global_colors_info=&#8221;{}&#8221;][\/et_pb_divimenus_flex_item][\/et_pb_divimenus_flex][\/et_pb_column][\/et_pb_row][\/et_pb_section]<\/p>\n","protected":false},"excerpt":{"rendered":"<p>METODO ROPA: MATERNIT\u00c0 CONDIVISASoluzioni per ogni famigliaSecondo la legislazione spagnola, qualsiasi donna pu\u00f2 sottoporsi a un trattamento di fertilit\u00e0 con sperma di donatore, indipendentemente dal suo orientamento sessuale e dal suo stato civile. Il trattamento appropriato dipender\u00e0 dall&#8217;et\u00e0 della paziente e dallo studio di fertilit\u00e0 precedentemente effettuato. Prima di iniziare un trattamento, \u00e8 sempre necessario [&hellip;]<\/p>\n","protected":false},"author":3,"featured_media":0,"parent":370314,"menu_order":0,"comment_status":"closed","ping_status":"closed","template":"","meta":{"_et_pb_use_builder":"on","_et_pb_old_content":"","_et_gb_content_width":"","footnotes":""},"class_list":["post-370039","page","type-page","status-publish","hentry"],"_links":{"self":[{"href":"https:\/\/centromedicomanzanera.com\/it\/wp-json\/wp\/v2\/pages\/370039","targetHints":{"allow":["GET"]}}],"collection":[{"href":"https:\/\/centromedicomanzanera.com\/it\/wp-json\/wp\/v2\/pages"}],"about":[{"href":"https:\/\/centromedicomanzanera.com\/it\/wp-json\/wp\/v2\/types\/page"}],"author":[{"embeddable":true,"href":"https:\/\/centromedicomanzanera.com\/it\/wp-json\/wp\/v2\/users\/3"}],"replies":[{"embeddable":true,"href":"https:\/\/centromedicomanzanera.com\/it\/wp-json\/wp\/v2\/comments?post=370039"}],"version-history":[{"count":0,"href":"https:\/\/centromedicomanzanera.com\/it\/wp-json\/wp\/v2\/pages\/370039\/revisions"}],"up":[{"embeddable":true,"href":"https:\/\/centromedicomanzanera.com\/it\/wp-json\/wp\/v2\/pages\/370314"}],"wp:attachment":[{"href":"https:\/\/centromedicomanzanera.com\/it\/wp-json\/wp\/v2\/media?parent=370039"}],"curies":[{"name":"wp","href":"https:\/\/api.w.org\/{rel}","templated":true}]}}