{"id":369942,"date":"2024-01-29T16:17:12","date_gmt":"2024-01-29T16:17:12","guid":{"rendered":"https:\/\/centromedicomanzanera.com\/analisis-de-fertilidad\/"},"modified":"2024-05-23T12:20:51","modified_gmt":"2024-05-23T12:20:51","slug":"analisi-del-seme","status":"publish","type":"page","link":"https:\/\/centromedicomanzanera.com\/it\/fertilita\/analisi-del-seme\/","title":{"rendered":"ANALISI DEL SEME IT"},"content":{"rendered":"<p>[et_pb_section fb_built=&#8221;1&#8243; _builder_version=&#8221;4.24.2&#8243; _module_preset=&#8221;default&#8221; min_height=&#8221;774.5px&#8221; custom_padding=&#8221;0px||77px||false|false&#8221; global_colors_info=&#8221;{}&#8221;][et_pb_row _builder_version=&#8221;4.24.2&#8243; _module_preset=&#8221;default&#8221; width=&#8221;100%&#8221; max_width=&#8221;100%&#8221; custom_margin=&#8221;0px||||false|false&#8221; custom_padding=&#8221;0px||||false|false&#8221; animation_style=&#8221;fade&#8221; global_colors_info=&#8221;{}&#8221;][et_pb_column type=&#8221;4_4&#8243; _builder_version=&#8221;4.23.1&#8243; _module_preset=&#8221;default&#8221; global_colors_info=&#8221;{}&#8221;][et_pb_image src=&#8221;https:\/\/centromedicomanzanera.com\/wp-content\/uploads\/2024\/03\/fertilidad3-1.jpg&#8221; title_text=&#8221;fertilidad3&#8243; _builder_version=&#8221;4.24.2&#8243; _module_preset=&#8221;default&#8221; global_colors_info=&#8221;{}&#8221;][\/et_pb_image][\/et_pb_column][\/et_pb_row][et_pb_row _builder_version=&#8221;4.24.2&#8243; _module_preset=&#8221;default&#8221; animation_style=&#8221;fade&#8221; global_colors_info=&#8221;{}&#8221;][et_pb_column type=&#8221;4_4&#8243; _builder_version=&#8221;4.24.0&#8243; _module_preset=&#8221;default&#8221; global_colors_info=&#8221;{}&#8221;][et_pb_text _builder_version=&#8221;4.25.1&#8243; _module_preset=&#8221;default&#8221; text_text_color=&#8221;#D60072&#8243; text_font_size=&#8221;19px&#8221; custom_margin=&#8221;||10px|||&#8221; hover_enabled=&#8221;0&#8243; global_colors_info=&#8221;{}&#8221; sticky_enabled=&#8221;0&#8243;]ANALISI DI FERTILIT\u00c0[\/et_pb_text][et_pb_text _builder_version=&#8221;4.25.1&#8243; _module_preset=&#8221;default&#8221; text_font_size=&#8221;17px&#8221; custom_margin=&#8221;||12px|||&#8221; hover_enabled=&#8221;0&#8243; global_colors_info=&#8221;{}&#8221; sticky_enabled=&#8221;0&#8243;]<\/p>\n<p><strong>Consultate il vostro problema con i nostri dottori, la prima consulta \u00e8 gratis!<\/strong><\/p>\n<p>[\/et_pb_text][et_pb_divider _builder_version=&#8221;4.24.0&#8243; _module_preset=&#8221;default&#8221; custom_margin=&#8221;||0px||false|false&#8221; custom_padding=&#8221;||0px||false|false&#8221; global_colors_info=&#8221;{}&#8221;][\/et_pb_divider][\/et_pb_column][\/et_pb_row][et_pb_row column_structure=&#8221;1_2,1_2&#8243; _builder_version=&#8221;4.24.0&#8243; _module_preset=&#8221;default&#8221; custom_margin=&#8221;0px|auto|2px|auto|false|false&#8221; custom_padding=&#8221;0px||29px||false|false&#8221; global_colors_info=&#8221;{}&#8221;][et_pb_column type=&#8221;1_2&#8243; _builder_version=&#8221;4.23.1&#8243; _module_preset=&#8221;default&#8221; animation_style=&#8221;slide&#8221; animation_direction=&#8221;left&#8221; global_colors_info=&#8221;{}&#8221;][et_pb_text _builder_version=&#8221;4.25.1&#8243; _module_preset=&#8221;default&#8221; header_5_text_color=&#8221;#D60072&#8243; custom_margin=&#8221;||5px||false|false&#8221; custom_padding=&#8221;||5px||false|false&#8221; hover_enabled=&#8221;0&#8243; global_colors_info=&#8221;{}&#8221; sticky_enabled=&#8221;0&#8243;]<\/p>\n<h5><strong>ANALISI DEL SEME<\/strong><\/h5>\n<p>[\/et_pb_text][et_pb_text _builder_version=&#8221;4.25.1&#8243; _module_preset=&#8221;default&#8221; hover_enabled=&#8221;0&#8243; global_colors_info=&#8221;{}&#8221; sticky_enabled=&#8221;0&#8243;]<\/p>\n<h6><strong>SPERMIOGRAMMA:<\/strong><\/h6>\n<p>Questa analisi fornisce informazioni sugli attributi macroscopici e microscopici del liquido seminale. \u00c8 l&#8217;esame di base che un uomo deve eseguire quando ha problemi di concepimento, per conoscere il trattamento pi\u00f9 appropriato per la fertilit\u00e0 della coppia.<\/p>\n<p>&nbsp;<\/p>\n<h6><strong>STUDIO DI FRAMMENTAZIONE DEL DNA SPERMATICO:<\/strong><\/h6>\n<p>Questo studio viene effettuato con una nuova tecnica che fornisce informazioni sulla percentuale di spermatozoi con DNA frammentato.<\/p>\n<p>Se la percentuale di frammentazione del DNA degli spermatozoi \u00e8 elevata, le possibilit\u00e0 di gravidanza diminuiscono e aumenta il rischio di aborto.<\/p>\n<p>In caso di alti livelli di frammentazione dello sperma, esistono tecniche per selezionare gli spermatozoi non frammentati, aumentando cos\u00ec le possibilit\u00e0 di successo del trattamento.<\/p>\n<p>&nbsp;[\/et_pb_text][\/et_pb_column][et_pb_column type=&#8221;1_2&#8243; _builder_version=&#8221;4.23.1&#8243; _module_preset=&#8221;default&#8221; animation_style=&#8221;slide&#8221; animation_direction=&#8221;left&#8221; global_colors_info=&#8221;{}&#8221;][et_pb_text _builder_version=&#8221;4.25.1&#8243; _module_preset=&#8221;default&#8221; hover_enabled=&#8221;0&#8243; global_colors_info=&#8221;{}&#8221; sticky_enabled=&#8221;0&#8243;]<strong>FISH:<\/strong><\/p>\n<p>La FISH (ibridazione in situ fluorescente) \u00e8 una tecnica citogenetica utilizzata per rilevare e localizzare la presenza o l&#8217;assenza di specifiche sequenze di DNA nei cromosomi. La FISH utilizza sonde fluorescenti che si legano solo alle parti del cromosoma con cui mostrano un elevato grado di complementarit\u00e0 di sequenza.<\/p>\n<p>In questo modo possiamo individuare le anomalie cromosomiche presenti negli spermatozoi che sono causa di aborto spontaneo, fallimento dell&#8217;impianto o scarso sviluppo embrionale.<\/p>\n<p>I risultati di questo test ci aiutano a selezionare la tecnica migliore per ogni caso.<br \/>\n[\/et_pb_text][\/et_pb_column][\/et_pb_row][et_pb_row column_structure=&#8221;1_2,1_2&#8243; _builder_version=&#8221;4.24.0&#8243; _module_preset=&#8221;default&#8221; custom_margin=&#8221;0px|auto|2px|auto|false|false&#8221; custom_padding=&#8221;0px||29px||false|false&#8221; global_colors_info=&#8221;{}&#8221;][et_pb_column type=&#8221;1_2&#8243; _builder_version=&#8221;4.23.1&#8243; _module_preset=&#8221;default&#8221; animation_style=&#8221;slide&#8221; animation_direction=&#8221;left&#8221; global_colors_info=&#8221;{}&#8221;][et_pb_text _builder_version=&#8221;4.25.1&#8243; _module_preset=&#8221;default&#8221; header_5_text_color=&#8221;#D60072&#8243; custom_margin=&#8221;||5px||false|false&#8221; custom_padding=&#8221;||5px||false|false&#8221; hover_enabled=&#8221;0&#8243; global_colors_info=&#8221;{}&#8221; sticky_enabled=&#8221;0&#8243;]<\/p>\n<h5><strong>ANALISI DI FERTILIT\u00c0 DELLA DONNA<\/strong><\/h5>\n<p>[\/et_pb_text][et_pb_text _builder_version=&#8221;4.25.1&#8243; _module_preset=&#8221;default&#8221; hover_enabled=&#8221;0&#8243; global_colors_info=&#8221;{}&#8221; sticky_enabled=&#8221;0&#8243;]<\/p>\n<h6><strong>STUDIO ORMONALE DI FERTILIT\u00c0:<\/strong><\/h6>\n<p>Si tratta di un esame del sangue eseguito tra il secondo e il quinto giorno del ciclo mestruale. Fornisce informazioni sui livelli attuali degli ormoni che influenzano la fertilit\u00e0, come FSH, LH, PROLATTINA e AMH. Questo esame consente al medico di scegliere il trattamento pi\u00f9 appropriato per il paziente.<\/p>\n<h6><strong>STUDIO DI PERMEABILIT\u00c0 DELLE TUBE DI FALOPPIO:<\/strong><\/h6>\n<p>La permeabilit\u00e0 delle tube di Falloppio viene testata introducendo un mezzo di contrasto per visualizzare che le tube non sono ostruite. Pu\u00f2 essere eseguito mediante un esame radiografico (isterosalpingografia) o un&#8217;ecografia ginecologica.[\/et_pb_text][\/et_pb_column][et_pb_column type=&#8221;1_2&#8243; _builder_version=&#8221;4.23.1&#8243; _module_preset=&#8221;default&#8221; animation_style=&#8221;slide&#8221; animation_direction=&#8221;left&#8221; global_colors_info=&#8221;{}&#8221;][et_pb_image src=&#8221;https:\/\/centromedicomanzanera.com\/wp-content\/uploads\/2024\/02\/fertilidad2-1.jpg&#8221; title_text=&#8221;fertilidad2&#8243; _builder_version=&#8221;4.24.2&#8243; _module_preset=&#8221;default&#8221; border_width_all=&#8221;3px&#8221; border_color_all=&#8221;#FFFFFF&#8221; box_shadow_style=&#8221;preset1&#8243; global_colors_info=&#8221;{}&#8221;][\/et_pb_image][\/et_pb_column][\/et_pb_row][\/et_pb_section]<\/p>\n","protected":false},"excerpt":{"rendered":"<p>ANALISI DI FERTILIT\u00c0Consultate il vostro problema con i nostri dottori, la prima consulta \u00e8 gratis!ANALISI DEL SEMESPERMIOGRAMMA: Questa analisi fornisce informazioni sugli attributi macroscopici e microscopici del liquido seminale. \u00c8 l&#8217;esame di base che un uomo deve eseguire quando ha problemi di concepimento, per conoscere il trattamento pi\u00f9 appropriato per la fertilit\u00e0 della coppia. &nbsp; [&hellip;]<\/p>\n","protected":false},"author":3,"featured_media":0,"parent":370314,"menu_order":0,"comment_status":"closed","ping_status":"closed","template":"","meta":{"_et_pb_use_builder":"on","_et_pb_old_content":"","_et_gb_content_width":"","footnotes":""},"class_list":["post-369942","page","type-page","status-publish","hentry"],"_links":{"self":[{"href":"https:\/\/centromedicomanzanera.com\/it\/wp-json\/wp\/v2\/pages\/369942","targetHints":{"allow":["GET"]}}],"collection":[{"href":"https:\/\/centromedicomanzanera.com\/it\/wp-json\/wp\/v2\/pages"}],"about":[{"href":"https:\/\/centromedicomanzanera.com\/it\/wp-json\/wp\/v2\/types\/page"}],"author":[{"embeddable":true,"href":"https:\/\/centromedicomanzanera.com\/it\/wp-json\/wp\/v2\/users\/3"}],"replies":[{"embeddable":true,"href":"https:\/\/centromedicomanzanera.com\/it\/wp-json\/wp\/v2\/comments?post=369942"}],"version-history":[{"count":0,"href":"https:\/\/centromedicomanzanera.com\/it\/wp-json\/wp\/v2\/pages\/369942\/revisions"}],"up":[{"embeddable":true,"href":"https:\/\/centromedicomanzanera.com\/it\/wp-json\/wp\/v2\/pages\/370314"}],"wp:attachment":[{"href":"https:\/\/centromedicomanzanera.com\/it\/wp-json\/wp\/v2\/media?parent=369942"}],"curies":[{"name":"wp","href":"https:\/\/api.w.org\/{rel}","templated":true}]}}