{"id":369935,"date":"2024-01-29T16:02:15","date_gmt":"2024-01-29T16:02:15","guid":{"rendered":"https:\/\/centromedicomanzanera.com\/adopcion-de-embriones\/"},"modified":"2024-05-23T12:13:23","modified_gmt":"2024-05-23T12:13:23","slug":"adozione-di-embrioni","status":"publish","type":"page","link":"https:\/\/centromedicomanzanera.com\/it\/fertilita\/adozione-di-embrioni\/","title":{"rendered":"ADOZIONE DI EMBRIONI IT"},"content":{"rendered":"<p>[et_pb_section fb_built=&#8221;1&#8243; _builder_version=&#8221;4.23.1&#8243; _module_preset=&#8221;default&#8221; min_height=&#8221;774.5px&#8221; custom_padding=&#8221;0px||5px||false|false&#8221; global_colors_info=&#8221;{}&#8221;][et_pb_row _builder_version=&#8221;4.24.2&#8243; _module_preset=&#8221;default&#8221; width=&#8221;100%&#8221; max_width=&#8221;100%&#8221; custom_margin=&#8221;0px||||false|false&#8221; custom_padding=&#8221;0px||||false|false&#8221; animation_style=&#8221;fade&#8221; global_colors_info=&#8221;{}&#8221;][et_pb_column type=&#8221;4_4&#8243; _builder_version=&#8221;4.23.1&#8243; _module_preset=&#8221;default&#8221; global_colors_info=&#8221;{}&#8221;][et_pb_image src=&#8221;https:\/\/centromedicomanzanera.com\/wp-content\/uploads\/2024\/02\/embrion.jpg&#8221; title_text=&#8221;embrion&#8221; _builder_version=&#8221;4.24.2&#8243; _module_preset=&#8221;default&#8221; global_colors_info=&#8221;{}&#8221;][\/et_pb_image][\/et_pb_column][\/et_pb_row][et_pb_row _builder_version=&#8221;4.24.0&#8243; _module_preset=&#8221;default&#8221; custom_margin=&#8221;||0px||false|false&#8221; custom_padding=&#8221;||0px||false|false&#8221; animation_style=&#8221;fade&#8221; global_colors_info=&#8221;{}&#8221;][et_pb_column type=&#8221;4_4&#8243; _builder_version=&#8221;4.24.0&#8243; _module_preset=&#8221;default&#8221; global_colors_info=&#8221;{}&#8221;][et_pb_text _builder_version=&#8221;4.25.1&#8243; _module_preset=&#8221;default&#8221; text_text_color=&#8221;#D60072&#8243; text_font_size=&#8221;19px&#8221; custom_margin=&#8221;||10px|||&#8221; global_colors_info=&#8221;{}&#8221;]ADOZIONE DI EMBRIONI[\/et_pb_text][et_pb_divider _builder_version=&#8221;4.23.1&#8243; _module_preset=&#8221;default&#8221; custom_margin=&#8221;||2px|||&#8221; global_colors_info=&#8221;{}&#8221;][\/et_pb_divider][\/et_pb_column][\/et_pb_row][et_pb_row column_structure=&#8221;3_5,2_5&#8243; _builder_version=&#8221;4.24.0&#8243; _module_preset=&#8221;default&#8221; custom_margin=&#8221;|auto|0px|auto|false|false&#8221; custom_padding=&#8221;12px||50px||false|false&#8221; global_colors_info=&#8221;{}&#8221;][et_pb_column type=&#8221;3_5&#8243; _builder_version=&#8221;4.23.1&#8243; _module_preset=&#8221;default&#8221; animation_style=&#8221;slide&#8221; animation_direction=&#8221;left&#8221; global_colors_info=&#8221;{}&#8221;][et_pb_text _builder_version=&#8221;4.25.1&#8243; _module_preset=&#8221;default&#8221; text_font_size=&#8221;17px&#8221; custom_margin=&#8221;||12px|||&#8221; hover_enabled=&#8221;0&#8243; global_colors_info=&#8221;{}&#8221; sticky_enabled=&#8221;0&#8243;]<strong>Adozione di embrioni donati da altre coppie che hanno gi\u00e0 raggiunto la gravidanza<\/strong>[\/et_pb_text][et_pb_text _builder_version=&#8221;4.25.1&#8243; _module_preset=&#8221;default&#8221; hover_enabled=&#8221;0&#8243; global_colors_info=&#8221;{}&#8221; sticky_enabled=&#8221;0&#8243;]<\/p>\n<p>Dopo un trattamento di fertilit\u00e0 di successo, alcune coppie decidono di donare i loro embrioni congelati ad altre coppie. La donazione di embrioni \u00e8 un atto completamente altruistico e anonimo.<\/p>\n<p>La somiglianza fisica tra i genitori genetici dell&#8217;embrione e la coppia che riceve gli embrioni non pu\u00f2 essere sempre garantita, ma il gruppo sanguigno e la razza saranno sempre rispettati.<\/p>\n<p>Gli embrioni provengono da gameti di coppie che si sono precedentemente sottoposte a fecondazione in vitro e hanno ottenuto una gravidanza.<\/p>\n<p>Nel caso in cui il trattamento di vostro interesse sia la donazione di entrambi i gameti (ovuli e sperma) da parte di donatori, vi invitiamo a consultare il programma di ovodonazione con sperma di donatore.<\/p>\n<p>[\/et_pb_text][\/et_pb_column][et_pb_column type=&#8221;2_5&#8243; _builder_version=&#8221;4.23.1&#8243; _module_preset=&#8221;default&#8221; animation_style=&#8221;slide&#8221; animation_direction=&#8221;left&#8221; global_colors_info=&#8221;{}&#8221;][et_pb_image src=&#8221;https:\/\/centromedicomanzanera.com\/wp-content\/uploads\/2024\/02\/embrion2.jpg&#8221; title_text=&#8221;embrion2&#8243; _builder_version=&#8221;4.24.2&#8243; _module_preset=&#8221;default&#8221; border_width_all=&#8221;3px&#8221; border_color_all=&#8221;#FFFFFF&#8221; box_shadow_style=&#8221;preset1&#8243; box_shadow_spread=&#8221;-5px&#8221; global_colors_info=&#8221;{}&#8221;][\/et_pb_image][\/et_pb_column][\/et_pb_row][\/et_pb_section]<\/p>\n","protected":false},"excerpt":{"rendered":"<p>ADOZIONE DI EMBRIONIAdozione di embrioni donati da altre coppie che hanno gi\u00e0 raggiunto la gravidanzaDopo un trattamento di fertilit\u00e0 di successo, alcune coppie decidono di donare i loro embrioni congelati ad altre coppie. La donazione di embrioni \u00e8 un atto completamente altruistico e anonimo. La somiglianza fisica tra i genitori genetici dell&#8217;embrione e la coppia [&hellip;]<\/p>\n","protected":false},"author":3,"featured_media":0,"parent":370314,"menu_order":0,"comment_status":"closed","ping_status":"closed","template":"","meta":{"_et_pb_use_builder":"on","_et_pb_old_content":"","_et_gb_content_width":"","footnotes":""},"class_list":["post-369935","page","type-page","status-publish","hentry"],"_links":{"self":[{"href":"https:\/\/centromedicomanzanera.com\/it\/wp-json\/wp\/v2\/pages\/369935","targetHints":{"allow":["GET"]}}],"collection":[{"href":"https:\/\/centromedicomanzanera.com\/it\/wp-json\/wp\/v2\/pages"}],"about":[{"href":"https:\/\/centromedicomanzanera.com\/it\/wp-json\/wp\/v2\/types\/page"}],"author":[{"embeddable":true,"href":"https:\/\/centromedicomanzanera.com\/it\/wp-json\/wp\/v2\/users\/3"}],"replies":[{"embeddable":true,"href":"https:\/\/centromedicomanzanera.com\/it\/wp-json\/wp\/v2\/comments?post=369935"}],"version-history":[{"count":0,"href":"https:\/\/centromedicomanzanera.com\/it\/wp-json\/wp\/v2\/pages\/369935\/revisions"}],"up":[{"embeddable":true,"href":"https:\/\/centromedicomanzanera.com\/it\/wp-json\/wp\/v2\/pages\/370314"}],"wp:attachment":[{"href":"https:\/\/centromedicomanzanera.com\/it\/wp-json\/wp\/v2\/media?parent=369935"}],"curies":[{"name":"wp","href":"https:\/\/api.w.org\/{rel}","templated":true}]}}