{"id":371008,"date":"2024-06-06T11:35:40","date_gmt":"2024-06-06T11:35:40","guid":{"rendered":"https:\/\/centromedicomanzanera.com\/primera-visita-gratuita\/"},"modified":"2024-06-07T11:24:15","modified_gmt":"2024-06-07T11:24:15","slug":"primera-visita-gratuita","status":"publish","type":"page","link":"https:\/\/centromedicomanzanera.com\/fr\/primera-visita-gratuita\/","title":{"rendered":"Primera Visita Gratuita FR"},"content":{"rendered":"<p>[et_pb_section fb_built=&#8221;1&#8243; _builder_version=&#8221;4.25.1&#8243; background_color=&#8221;RGBA(255,255,255,0)&#8221; background_enable_image=&#8221;off&#8221; background_blend=&#8221;overlay&#8221; module_alignment=&#8221;center&#8221; custom_margin=&#8221;0px||0px||false|false&#8221; custom_padding=&#8221;0px||0px||false|false&#8221; border_radii=&#8221;on|20px|20px|20px|20px&#8221; border_color_all=&#8221;#636363&#8243; global_colors_info=&#8221;{}&#8221;][et_pb_row _builder_version=&#8221;4.25.1&#8243; background_color=&#8221;#FFFFFF&#8221; background_size=&#8221;initial&#8221; background_position=&#8221;top_left&#8221; background_repeat=&#8221;repeat&#8221; max_width=&#8221;500px&#8221; module_alignment=&#8221;center&#8221; custom_margin=&#8221;||||false|false&#8221; custom_padding=&#8221;||96px||false|false&#8221; animation_style=&#8221;fade&#8221; border_radii=&#8221;on|15px|15px|15px|15px&#8221; global_colors_info=&#8221;{}&#8221;][et_pb_column type=&#8221;4_4&#8243; _builder_version=&#8221;4.25.0&#8243; _module_preset=&#8221;default&#8221; global_colors_info=&#8221;{}&#8221;][et_pb_text _builder_version=&#8221;4.25.1&#8243; _module_preset=&#8221;default&#8221; text_font=&#8221;|700|||||||&#8221; text_text_color=&#8221;#D60072&#8243; text_font_size=&#8221;19px&#8221; transform_translate_linked=&#8221;off&#8221; custom_margin=&#8221;9px||20px||false|false&#8221; custom_padding=&#8221;||0px||false|false&#8221; global_colors_info=&#8221;{}&#8221;]<\/p>\n<p style=\"text-align: left;\">Notre clinique propose un premier rendez-vous gratuit complet<\/p>\n<p>[\/et_pb_text][et_pb_text _builder_version=&#8221;4.25.1&#8243; _module_preset=&#8221;default&#8221; text_font=&#8221;&#8211;et_global_heading_font||||||||&#8221; text_text_color=&#8221;#000000&#8243; text_font_size=&#8221;17px&#8221; global_colors_info=&#8221;{}&#8221;]- Rendez-vous pr\u00e9sentiel ou par vision conf\u00e9rence avec un sp\u00e9cialiste de fertilit\u00e9.<\/p>\n<p>&#8211; Exploration gyn\u00e9cologique et test de transfert d\u2019embryons.<\/p>\n<p>&#8211; Echographie gyn\u00e9cologique avec imagerie de haute r\u00e9solution d\u2019ut\u00e9rus, ovaires et comptage des follicules antraux pour \u00e9valuation de la r\u00e9serve ovarienne.<\/p>\n<p>&#8211; Comprend une \u00e9chographie en 3D pour appr\u00e9cier avec plus de pr\u00e9cision la morphologie de l\u2019ut\u00e9rus.<\/p>\n<p>&#8211; Analyse et \u00e9tude des traitements ant\u00e9rieurs.<\/p>\n<p>&#8211; En fonction des besoins, conseils et explications de possibles examens compl\u00e9mentaires.<\/p>\n<p>&#8211; Rendez-vous post\u00e9rieur pour r\u00e9ception et information des r\u00e9sultats.[\/et_pb_text][et_pb_image src=&#8221;https:\/\/centromedicomanzanera.com\/wp-content\/uploads\/2024\/05\/selloFR.png&#8221; title_text=&#8221;selloFR&#8221; align=&#8221;center&#8221; _builder_version=&#8221;4.25.1&#8243; _module_preset=&#8221;default&#8221; max_width=&#8221;150px&#8221; hover_enabled=&#8221;0&#8243; global_colors_info=&#8221;{}&#8221; sticky_enabled=&#8221;0&#8243;][\/et_pb_image][\/et_pb_column][\/et_pb_row][\/et_pb_section]<\/p>\n","protected":false},"excerpt":{"rendered":"<p>Notre clinique propose un premier rendez-vous gratuit complet- Rendez-vous pr\u00e9sentiel ou par vision conf\u00e9rence avec un sp\u00e9cialiste de fertilit\u00e9. &#8211; Exploration gyn\u00e9cologique et test de transfert d\u2019embryons. &#8211; Echographie gyn\u00e9cologique avec imagerie de haute r\u00e9solution d\u2019ut\u00e9rus, ovaires et comptage des follicules antraux pour \u00e9valuation de la r\u00e9serve ovarienne. &#8211; Comprend une \u00e9chographie en 3D pour [&hellip;]<\/p>\n","protected":false},"author":3,"featured_media":0,"parent":0,"menu_order":0,"comment_status":"closed","ping_status":"closed","template":"","meta":{"_et_pb_use_builder":"on","_et_pb_old_content":"","_et_gb_content_width":"","footnotes":""},"class_list":["post-371008","page","type-page","status-publish","hentry"],"_links":{"self":[{"href":"https:\/\/centromedicomanzanera.com\/fr\/wp-json\/wp\/v2\/pages\/371008","targetHints":{"allow":["GET"]}}],"collection":[{"href":"https:\/\/centromedicomanzanera.com\/fr\/wp-json\/wp\/v2\/pages"}],"about":[{"href":"https:\/\/centromedicomanzanera.com\/fr\/wp-json\/wp\/v2\/types\/page"}],"author":[{"embeddable":true,"href":"https:\/\/centromedicomanzanera.com\/fr\/wp-json\/wp\/v2\/users\/3"}],"replies":[{"embeddable":true,"href":"https:\/\/centromedicomanzanera.com\/fr\/wp-json\/wp\/v2\/comments?post=371008"}],"version-history":[{"count":0,"href":"https:\/\/centromedicomanzanera.com\/fr\/wp-json\/wp\/v2\/pages\/371008\/revisions"}],"wp:attachment":[{"href":"https:\/\/centromedicomanzanera.com\/fr\/wp-json\/wp\/v2\/media?parent=371008"}],"curies":[{"name":"wp","href":"https:\/\/api.w.org\/{rel}","templated":true}]}}