{"id":369645,"date":"2023-11-20T11:58:29","date_gmt":"2023-11-20T11:58:29","guid":{"rendered":"https:\/\/centromedicomanzanera.com\/reproduccion-asistida\/preservacion-de-la-fertilidad\/"},"modified":"2024-05-20T10:29:17","modified_gmt":"2024-05-20T10:29:17","slug":"preservacion-de-la-fertilidad","status":"publish","type":"page","link":"https:\/\/centromedicomanzanera.com\/fr\/fertilite\/preservacion-de-la-fertilidad\/","title":{"rendered":"Pr\u00e9servation de la fertilit\u00e9 FR"},"content":{"rendered":"<p>[et_pb_section fb_built=&#8221;1&#8243; _builder_version=&#8221;4.23.1&#8243; _module_preset=&#8221;default&#8221; custom_padding=&#8221;0px||5px||false|false&#8221; global_colors_info=&#8221;{}&#8221;][et_pb_row _builder_version=&#8221;4.23.1&#8243; _module_preset=&#8221;default&#8221; width=&#8221;100%&#8221; max_width=&#8221;100%&#8221; custom_margin=&#8221;0px||||false|false&#8221; custom_padding=&#8221;0px||||false|false&#8221; global_colors_info=&#8221;{}&#8221;][et_pb_column type=&#8221;4_4&#8243; _builder_version=&#8221;4.23.1&#8243; _module_preset=&#8221;default&#8221; global_colors_info=&#8221;{}&#8221;][et_pb_image src=&#8221;https:\/\/centromedicomanzanera.com\/wp-content\/uploads\/2024\/02\/preservacion.jpg&#8221; title_text=&#8221;preservacion&#8221; _builder_version=&#8221;4.24.2&#8243; _module_preset=&#8221;default&#8221; global_colors_info=&#8221;{}&#8221;][\/et_pb_image][\/et_pb_column][\/et_pb_row][et_pb_row _builder_version=&#8221;4.24.0&#8243; _module_preset=&#8221;default&#8221; custom_margin=&#8221;||0px||false|false&#8221; custom_padding=&#8221;||0px||false|false&#8221; animation_style=&#8221;fade&#8221; global_colors_info=&#8221;{}&#8221;][et_pb_column type=&#8221;4_4&#8243; _builder_version=&#8221;4.24.0&#8243; _module_preset=&#8221;default&#8221; global_colors_info=&#8221;{}&#8221;][et_pb_text _builder_version=&#8221;4.25.1&#8243; _module_preset=&#8221;default&#8221; text_text_color=&#8221;#D60072&#8243; text_font_size=&#8221;19px&#8221; custom_margin=&#8221;||10px|||&#8221; global_colors_info=&#8221;{}&#8221;]PRESERVATION DE LA FERTILITE[\/et_pb_text][et_pb_divider _builder_version=&#8221;4.24.0&#8243; _module_preset=&#8221;default&#8221; custom_margin=&#8221;||0px||false|false&#8221; custom_padding=&#8221;||0px||false|false&#8221; global_colors_info=&#8221;{}&#8221;][\/et_pb_divider][\/et_pb_column][\/et_pb_row][et_pb_row column_structure=&#8221;2_5,3_5&#8243; _builder_version=&#8221;4.24.0&#8243; _module_preset=&#8221;default&#8221; custom_margin=&#8221;|auto|0px|auto|false|false&#8221; custom_padding=&#8221;12px||50px||false|false&#8221; global_colors_info=&#8221;{}&#8221;][et_pb_column type=&#8221;2_5&#8243; _builder_version=&#8221;4.23.1&#8243; _module_preset=&#8221;default&#8221; animation_style=&#8221;slide&#8221; animation_direction=&#8221;left&#8221; global_colors_info=&#8221;{}&#8221;][et_pb_text _builder_version=&#8221;4.25.1&#8243; _module_preset=&#8221;default&#8221; custom_margin=&#8221;||18px|||&#8221; global_colors_info=&#8221;{}&#8221;]<\/p>\n<p><strong>Ce traitement vous permettra de retarder la maternit\u00e9 \u00e0 un moment jug\u00e9 plus opportun.<\/strong><\/p>\n<p>[\/et_pb_text][et_pb_text _builder_version=&#8221;4.25.1&#8243; _module_preset=&#8221;default&#8221; global_colors_info=&#8221;{}&#8221;]<\/p>\n<p>VITRIFICATION DES OVOCYTES<\/p>\n<p>La vitrification est une nouvelle technique qui permet de congeler les ovules d&#8217;une femme afin de pouvoir les utiliser ult\u00e9rieurement lorsqu&#8217;elle souhaitera avoir un enfant. En Espagne, cette technique a permis la naissance de nombreux enfants, avec un taux de r\u00e9ussite similaire \u00e0 celui obtenu avec des ovules frais.<\/p>\n<p>Cette technique est adapt\u00e9e aux situations suivantes :<\/p>\n<ul>\n<li><strong>Les femmes qui souhaitent pr\u00e9server leur fertilit\u00e9<\/strong> : jeunes femmes avec ou sans partenaire qui souhaitent retarder la maternit\u00e9 pour des raisons personnelles ou professionnelles.<\/li>\n<li><strong>Les femmes qui doivent suivre un traitement contre le cancer<\/strong> : la chimioth\u00e9rapie et la radioth\u00e9rapie peuvent causer des dommages irr\u00e9versibles aux ovules, la vitrification des ovules permet donc d&#8217;avoir un enfant une fois la maladie vaincue.<\/li>\n<li><strong>Les couples qui suivent un traitement de fertilit\u00e9 et ne souhaitent pas congeler leurs embryons pour des raisons morales.<\/strong><\/li>\n<li><strong>Femmes ayant une faible r\u00e9serve ovarienne<\/strong> : cette technique permet d&#8217;accumuler les ovules issus de diff\u00e9rents cycles de stimulation avant de r\u00e9aliser un traitement de fertilit\u00e9.<\/li>\n<\/ul>\n<p>[\/et_pb_text][et_pb_image src=&#8221;https:\/\/centromedicomanzanera.com\/wp-content\/uploads\/2024\/02\/preservacion2.jpg&#8221; title_text=&#8221;preservacion2&#8243; _builder_version=&#8221;4.24.2&#8243; _module_preset=&#8221;default&#8221; border_width_all=&#8221;3px&#8221; border_color_all=&#8221;#FFFFFF&#8221; box_shadow_style=&#8221;preset1&#8243; box_shadow_spread=&#8221;-8px&#8221; global_colors_info=&#8221;{}&#8221;][\/et_pb_image][et_pb_text _builder_version=&#8221;4.25.1&#8243; _module_preset=&#8221;default&#8221; global_colors_info=&#8221;{}&#8221;]<\/p>\n<p>CONGELATION D\u2019UN ECHANTILON DE SPERME<\/p>\n<p>La cong\u00e9lation d&#8217;un \u00e9chantillon de sperme permet de l\u2019&#8217;utiliser ult\u00e9rieurement pour la f\u00e9condation des ovules.<\/p>\n<p>Cette technique est conseill\u00e9e dans les cas suivants :<\/p>\n<ul>\n<li><strong>Les hommes qui doivent subir un traitement contre le cancer<\/strong> : la chimioth\u00e9rapie et la radioth\u00e9rapie peuvent causer des dommages irr\u00e9versibles aux spermatozo\u00efdes, la cong\u00e9lation du sperme permet donc d&#8217;avoir un enfant une fois la maladie vaincue.<\/li>\n<li><strong>Avant tout traitement de fertilit\u00e9 si le conjoint a des difficult\u00e9s \u00e0 obtenir l&#8217;\u00e9chantillon ou s\u2019il a des probl\u00e8mes de disponibilit\u00e9 pour faire le d\u00e9p\u00f4t de l&#8217;\u00e9chantillon<\/strong>. Ainsi, si l&#8217;homme ne peut pas d\u00e9poser un \u00e9chantillon de sperme le jour de l&#8217;ins\u00e9mination\/ponction ovocytaire cet \u00e9chantillon congel\u00e9 pourra \u00eatre utilis\u00e9.<\/li>\n<\/ul>\n<p>[\/et_pb_text][\/et_pb_column][et_pb_column type=&#8221;3_5&#8243; _builder_version=&#8221;4.23.1&#8243; _module_preset=&#8221;default&#8221; animation_style=&#8221;slide&#8221; animation_direction=&#8221;right&#8221; global_colors_info=&#8221;{}&#8221;][et_pb_text _builder_version=&#8221;4.25.1&#8243; _module_preset=&#8221;default&#8221; text_text_color=&#8221;#D60072&#8243; text_font_size=&#8221;16px&#8221; global_colors_info=&#8221;{}&#8221;]<\/p>\n<p style=\"text-align: center;\">DIFFERENTES ETAPES D\u2019UN TRAITEMENT DE PRESERVATION DE LA FERTILIT\u00c9 <\/p>\n<p>[\/et_pb_text][et_pb_divimenus_flex direction=&#8221;column&#8221; menu_button_content=&#8221;text&#8221; hide_button=&#8221;on&#8221; force_fullwidth=&#8221;on&#8221; menu_button_scale=&#8221;off&#8221; menu_item_image_size=&#8221;70px&#8221; hover_click=&#8221;click&#8221; _builder_version=&#8221;4.25.1&#8243; _module_preset=&#8221;default&#8221; menu_item_font_size=&#8221;26px&#8221; background_color=&#8221;#ededed&#8221; transform_translate_linked__hover=&#8221;off&#8221; custom_margin=&#8221;9px||9px|||&#8221; border_color_all=&#8221;#d8d8d8&#8243; global_colors_info=&#8221;{}&#8221; transform_styles__hover_enabled=&#8221;on|hover&#8221; transform_scale__hover_enabled=&#8221;on|desktop&#8221; transform_translate__hover_enabled=&#8221;on|hover&#8221; transform_rotate__hover_enabled=&#8221;on|desktop&#8221; transform_skew__hover_enabled=&#8221;on|desktop&#8221; transform_origin__hover_enabled=&#8221;on|desktop&#8221; transform_translate__hover=&#8221;0px|-13px&#8221;][et_pb_divimenus_flex_item title=&#8221;1) Stimulation ovarienne &#8221; alignment=&#8221;center&#8221; text_use_icon=&#8221;on&#8221; icon_type=&#8221;image&#8221; text_image=&#8221;https:\/\/centromedicomanzanera.com\/wp-content\/uploads\/2024\/02\/iconos18.png&#8221; text_icon_padding=&#8221;1em&#8221; text_image_size=&#8221;100px&#8221; link_type=&#8221;sub&#8221; sub_layout=&#8221;366772&#8243; sub_preview=&#8221;on&#8221; sub_custom=&#8221;on&#8221; sub_display=&#8221;inline&#8221; sub_width=&#8221;100%&#8221; arrow_offset=&#8221;5px&#8221; sub_arrow=&#8221;on&#8221; arrow_color=&#8221;#D60072&#8243; hover_click=&#8221;click&#8221; effect_in=&#8221;fade&#8221; effect_out=&#8221;fade&#8221; text_image_size_tablet=&#8221;100px&#8221; text_image_size_phone=&#8221;75px&#8221; text_image_size_last_edited=&#8221;on|phone&#8221; sub_width_tablet=&#8221;100%&#8221; sub_width_phone=&#8221;319px&#8221; sub_width_last_edited=&#8221;on|phone&#8221; _builder_version=&#8221;4.25.1&#8243; _module_preset=&#8221;default&#8221; item_font=&#8221;||||||||&#8221; item_text_color=&#8221;#D60072&#8243; item_font_size=&#8221;20px&#8221; background_color=&#8221;RGBA(255,255,255,0)&#8221; background_enable_color=&#8221;on&#8221; module_alignment=&#8221;center&#8221; custom_margin=&#8221;||||false|false&#8221; custom_padding=&#8221;|50px||50px|false|false&#8221; custom_padding_tablet=&#8221;|50px||50px|false|false&#8221; custom_padding_phone=&#8221;|10px||10px|false|false&#8221; custom_padding_last_edited=&#8221;on|phone&#8221; item_font_size_tablet=&#8221;24px&#8221; item_font_size_phone=&#8221;21px&#8221; item_font_size_last_edited=&#8221;on|phone&#8221; module_alignment_tablet=&#8221;center&#8221; module_alignment_phone=&#8221;center&#8221; module_alignment_last_edited=&#8221;on|phone&#8221; global_colors_info=&#8221;{}&#8221; direction=&#8221;column&#8221; force_fullwidth=&#8221;on&#8221;][\/et_pb_divimenus_flex_item][\/et_pb_divimenus_flex][et_pb_icon font_icon=&#8221;&#xf063;||fa||900&#8243; icon_width=&#8221;27px&#8221; _builder_version=&#8221;4.24.0&#8243; _module_preset=&#8221;default&#8221; custom_margin=&#8221;||9px|||&#8221; global_colors_info=&#8221;{}&#8221;][\/et_pb_icon][et_pb_divimenus_flex direction=&#8221;column&#8221; menu_button_content=&#8221;text&#8221; hide_button=&#8221;on&#8221; force_fullwidth=&#8221;on&#8221; menu_button_scale=&#8221;off&#8221; menu_item_image_size=&#8221;70px&#8221; hover_click=&#8221;click&#8221; _builder_version=&#8221;4.25.1&#8243; _module_preset=&#8221;default&#8221; menu_item_font_size=&#8221;26px&#8221; background_color=&#8221;#ededed&#8221; custom_margin=&#8221;9px||9px|||&#8221; hover_enabled=&#8221;0&#8243; border_color_all=&#8221;#d8d8d8&#8243; global_colors_info=&#8221;{}&#8221; transform_styles__hover_enabled=&#8221;on|hover&#8221; transform_scale__hover_enabled=&#8221;on|desktop&#8221; transform_translate__hover=&#8221;0px|-13px&#8221; transform_translate__hover_enabled=&#8221;on|hover&#8221; transform_rotate__hover_enabled=&#8221;on|desktop&#8221; transform_skew__hover_enabled=&#8221;on|desktop&#8221; transform_origin__hover_enabled=&#8221;on|desktop&#8221; sticky_enabled=&#8221;0&#8243;][et_pb_divimenus_flex_item title=&#8221;2) Ponction folliculaire (extraction des ovocytes) &#8221; alignment=&#8221;center&#8221; text_use_icon=&#8221;on&#8221; icon_type=&#8221;image&#8221; text_image=&#8221;https:\/\/centromedicomanzanera.com\/wp-content\/uploads\/2024\/02\/iconos19.png&#8221; text_icon_padding=&#8221;1em&#8221; text_image_size=&#8221;100px&#8221; link_type=&#8221;sub&#8221; sub_layout=&#8221;368280&#8243; sub_preview=&#8221;on&#8221; sub_custom=&#8221;on&#8221; sub_display=&#8221;inline&#8221; sub_width=&#8221;100%&#8221; arrow_offset=&#8221;5px&#8221; sub_arrow=&#8221;on&#8221; arrow_color=&#8221;#D60072&#8243; hover_click=&#8221;click&#8221; effect_in=&#8221;fade&#8221; effect_out=&#8221;fade&#8221; text_image_size_tablet=&#8221;100px&#8221; text_image_size_phone=&#8221;75px&#8221; text_image_size_last_edited=&#8221;on|phone&#8221; sub_width_tablet=&#8221;100%&#8221; sub_width_phone=&#8221;319px&#8221; sub_width_last_edited=&#8221;on|phone&#8221; _builder_version=&#8221;4.25.1&#8243; _module_preset=&#8221;default&#8221; item_font=&#8221;||||||||&#8221; item_text_color=&#8221;#D60072&#8243; item_font_size=&#8221;20px&#8221; background_color=&#8221;RGBA(255,255,255,0)&#8221; background_enable_color=&#8221;on&#8221; module_alignment=&#8221;center&#8221; custom_margin=&#8221;||||false|false&#8221; custom_padding=&#8221;|50px||50px|false|false&#8221; custom_padding_tablet=&#8221;|50px||50px|false|false&#8221; custom_padding_phone=&#8221;|10px||10px|false|false&#8221; custom_padding_last_edited=&#8221;on|phone&#8221; hover_enabled=&#8221;0&#8243; item_font_size_tablet=&#8221;24px&#8221; item_font_size_phone=&#8221;21px&#8221; item_font_size_last_edited=&#8221;on|phone&#8221; module_alignment_tablet=&#8221;center&#8221; module_alignment_phone=&#8221;center&#8221; module_alignment_last_edited=&#8221;on|phone&#8221; global_colors_info=&#8221;{}&#8221; direction=&#8221;column&#8221; force_fullwidth=&#8221;on&#8221; sticky_enabled=&#8221;0&#8243;][\/et_pb_divimenus_flex_item][\/et_pb_divimenus_flex][et_pb_icon font_icon=&#8221;&#xf063;||fa||900&#8243; icon_width=&#8221;27px&#8221; _builder_version=&#8221;4.24.0&#8243; _module_preset=&#8221;default&#8221; custom_margin=&#8221;||9px|||&#8221; global_colors_info=&#8221;{}&#8221;][\/et_pb_icon][et_pb_divimenus_flex direction=&#8221;column&#8221; menu_button_content=&#8221;text&#8221; hide_button=&#8221;on&#8221; force_fullwidth=&#8221;on&#8221; menu_button_scale=&#8221;off&#8221; menu_item_image_size=&#8221;70px&#8221; hover_click=&#8221;click&#8221; _builder_version=&#8221;4.25.1&#8243; _module_preset=&#8221;default&#8221; menu_item_font_size=&#8221;26px&#8221; background_color=&#8221;#ededed&#8221; custom_margin=&#8221;9px||9px|||&#8221; hover_enabled=&#8221;0&#8243; border_color_all=&#8221;#d8d8d8&#8243; global_colors_info=&#8221;{}&#8221; transform_styles__hover_enabled=&#8221;on|hover&#8221; transform_scale__hover_enabled=&#8221;on|desktop&#8221; transform_translate__hover=&#8221;0px|-13px&#8221; transform_translate__hover_enabled=&#8221;on|hover&#8221; transform_rotate__hover_enabled=&#8221;on|desktop&#8221; transform_skew__hover_enabled=&#8221;on|desktop&#8221; transform_origin__hover_enabled=&#8221;on|desktop&#8221; sticky_enabled=&#8221;0&#8243;][et_pb_divimenus_flex_item title=&#8221;3) Vitrification des ovocytes &#8221; alignment=&#8221;center&#8221; text_use_icon=&#8221;on&#8221; icon_type=&#8221;image&#8221; text_image=&#8221;https:\/\/centromedicomanzanera.com\/wp-content\/uploads\/2023\/12\/iconos17.png&#8221; text_icon_padding=&#8221;1em&#8221; text_image_size=&#8221;100px&#8221; link_type=&#8221;sub&#8221; sub_layout=&#8221;369654&#8243; sub_preview=&#8221;on&#8221; sub_custom=&#8221;on&#8221; sub_display=&#8221;inline&#8221; sub_width=&#8221;100%&#8221; arrow_offset=&#8221;5px&#8221; sub_arrow=&#8221;on&#8221; arrow_color=&#8221;#D60072&#8243; hover_click=&#8221;click&#8221; effect_in=&#8221;fade&#8221; effect_out=&#8221;fade&#8221; text_image_size_tablet=&#8221;100px&#8221; text_image_size_phone=&#8221;75px&#8221; text_image_size_last_edited=&#8221;on|phone&#8221; sub_width_tablet=&#8221;100%&#8221; sub_width_phone=&#8221;319px&#8221; sub_width_last_edited=&#8221;on|phone&#8221; _builder_version=&#8221;4.25.1&#8243; _module_preset=&#8221;default&#8221; item_font=&#8221;||||||||&#8221; item_text_color=&#8221;#D60072&#8243; item_font_size=&#8221;20px&#8221; background_color=&#8221;RGBA(255,255,255,0)&#8221; background_enable_color=&#8221;on&#8221; module_alignment=&#8221;center&#8221; custom_margin=&#8221;||||false|false&#8221; custom_padding=&#8221;|50px||50px|false|false&#8221; custom_padding_tablet=&#8221;|50px||50px|false|false&#8221; custom_padding_phone=&#8221;|10px||10px|false|false&#8221; custom_padding_last_edited=&#8221;on|phone&#8221; hover_enabled=&#8221;0&#8243; item_font_size_tablet=&#8221;24px&#8221; item_font_size_phone=&#8221;21px&#8221; item_font_size_last_edited=&#8221;on|phone&#8221; module_alignment_tablet=&#8221;center&#8221; module_alignment_phone=&#8221;center&#8221; module_alignment_last_edited=&#8221;on|phone&#8221; global_colors_info=&#8221;{}&#8221; direction=&#8221;column&#8221; force_fullwidth=&#8221;on&#8221; sticky_enabled=&#8221;0&#8243;][\/et_pb_divimenus_flex_item][\/et_pb_divimenus_flex][\/et_pb_column][\/et_pb_row][\/et_pb_section]<\/p>\n","protected":false},"excerpt":{"rendered":"<p>PRESERVATION DE LA FERTILITECe traitement vous permettra de retarder la maternit\u00e9 \u00e0 un moment jug\u00e9 plus opportun.VITRIFICATION DES OVOCYTES La vitrification est une nouvelle technique qui permet de congeler les ovules d&#8217;une femme afin de pouvoir les utiliser ult\u00e9rieurement lorsqu&#8217;elle souhaitera avoir un enfant. En Espagne, cette technique a permis la naissance de nombreux enfants, [&hellip;]<\/p>\n","protected":false},"author":3,"featured_media":0,"parent":369510,"menu_order":0,"comment_status":"closed","ping_status":"closed","template":"","meta":{"_et_pb_use_builder":"on","_et_pb_old_content":"","_et_gb_content_width":"","footnotes":""},"class_list":["post-369645","page","type-page","status-publish","hentry"],"_links":{"self":[{"href":"https:\/\/centromedicomanzanera.com\/fr\/wp-json\/wp\/v2\/pages\/369645","targetHints":{"allow":["GET"]}}],"collection":[{"href":"https:\/\/centromedicomanzanera.com\/fr\/wp-json\/wp\/v2\/pages"}],"about":[{"href":"https:\/\/centromedicomanzanera.com\/fr\/wp-json\/wp\/v2\/types\/page"}],"author":[{"embeddable":true,"href":"https:\/\/centromedicomanzanera.com\/fr\/wp-json\/wp\/v2\/users\/3"}],"replies":[{"embeddable":true,"href":"https:\/\/centromedicomanzanera.com\/fr\/wp-json\/wp\/v2\/comments?post=369645"}],"version-history":[{"count":0,"href":"https:\/\/centromedicomanzanera.com\/fr\/wp-json\/wp\/v2\/pages\/369645\/revisions"}],"up":[{"embeddable":true,"href":"https:\/\/centromedicomanzanera.com\/fr\/wp-json\/wp\/v2\/pages\/369510"}],"wp:attachment":[{"href":"https:\/\/centromedicomanzanera.com\/fr\/wp-json\/wp\/v2\/media?parent=369645"}],"curies":[{"name":"wp","href":"https:\/\/api.w.org\/{rel}","templated":true}]}}