{"id":369639,"date":"2024-01-29T16:40:38","date_gmt":"2024-01-29T16:40:38","guid":{"rendered":"https:\/\/centromedicomanzanera.com\/reproduccion-asistida\/pgt\/"},"modified":"2024-05-20T10:17:34","modified_gmt":"2024-05-20T10:17:34","slug":"pgt","status":"publish","type":"page","link":"https:\/\/centromedicomanzanera.com\/fr\/fertilite\/pgt\/","title":{"rendered":"PGT FR"},"content":{"rendered":"<p>[et_pb_section fb_built=&#8221;1&#8243; _builder_version=&#8221;4.23.1&#8243; _module_preset=&#8221;default&#8221; min_height=&#8221;774.5px&#8221; custom_padding=&#8221;0px||5px||false|false&#8221; global_colors_info=&#8221;{}&#8221;][et_pb_row _builder_version=&#8221;4.23.1&#8243; _module_preset=&#8221;default&#8221; width=&#8221;100%&#8221; max_width=&#8221;100%&#8221; custom_margin=&#8221;0px||||false|false&#8221; custom_padding=&#8221;0px||||false|false&#8221; global_colors_info=&#8221;{}&#8221;][et_pb_column type=&#8221;4_4&#8243; _builder_version=&#8221;4.23.1&#8243; _module_preset=&#8221;default&#8221; global_colors_info=&#8221;{}&#8221;][et_pb_image src=&#8221;https:\/\/centromedicomanzanera.com\/wp-content\/uploads\/2024\/02\/pgt.jpg&#8221; title_text=&#8221;pgt&#8221; _builder_version=&#8221;4.24.2&#8243; _module_preset=&#8221;default&#8221; animation_style=&#8221;fade&#8221; global_colors_info=&#8221;{}&#8221;][\/et_pb_image][\/et_pb_column][\/et_pb_row][et_pb_row column_structure=&#8221;3_5,2_5&#8243; _builder_version=&#8221;4.24.2&#8243; _module_preset=&#8221;default&#8221; custom_margin=&#8221;15px|auto|56px|auto|false|false&#8221; custom_padding=&#8221;12px||29px|||&#8221; global_colors_info=&#8221;{}&#8221;][et_pb_column type=&#8221;3_5&#8243; _builder_version=&#8221;4.23.1&#8243; _module_preset=&#8221;default&#8221; animation_style=&#8221;slide&#8221; animation_direction=&#8221;left&#8221; global_colors_info=&#8221;{}&#8221;][et_pb_text _builder_version=&#8221;4.25.1&#8243; _module_preset=&#8221;default&#8221; text_text_color=&#8221;#D60072&#8243; text_font_size=&#8221;19px&#8221; custom_margin=&#8221;||10px|||&#8221; global_colors_info=&#8221;{}&#8221;]<\/p>\n<p>DGP (PGT)<\/p>\n<p>[\/et_pb_text][et_pb_divider _builder_version=&#8221;4.23.1&#8243; _module_preset=&#8221;default&#8221; custom_margin=&#8221;||2px|||&#8221; global_colors_info=&#8221;{}&#8221;][\/et_pb_divider][et_pb_text _builder_version=&#8221;4.25.1&#8243; _module_preset=&#8221;default&#8221; text_font_size=&#8221;17px&#8221; custom_margin=&#8221;||12px|||&#8221; hover_enabled=&#8221;0&#8243; global_colors_info=&#8221;{}&#8221; sticky_enabled=&#8221;0&#8243;]<\/p>\n<p><strong>Diagnostic g\u00e9n\u00e9tique pr\u00e9implantatoire des embryons issus d\u2019une FIV-ICSI<\/strong><\/p>\n<p>[\/et_pb_text][et_pb_text _builder_version=&#8221;4.25.1&#8243; _module_preset=&#8221;default&#8221; hover_enabled=&#8221;0&#8243; global_colors_info=&#8221;{}&#8221; sticky_enabled=&#8221;0&#8243;]<\/p>\n<p>Le DGP est une analyse g\u00e9n\u00e9tique des embryons avant leur transfert dans l\u2019ut\u00e9rus maternel. Pour r\u00e9aliser cette technique, il faut au pr\u00e9alable cultiver les embryons jusqu\u2019au stade blastocyste. Une biopsie de l\u2019embryon est alors effectu\u00e9e en extrayant des cellules du trophectoderme. Apr\u00e8s analyse g\u00e9n\u00e9tique des cellules, extraites, les embryons ne pr\u00e9sentant pas d&#8217;anomalies g\u00e9n\u00e9tiques ou chromosomiques sont transf\u00e9r\u00e9s dans l&#8217;ut\u00e9rus. Ceux qui ne sont pas viables sont \u00e9cart\u00e9s.<\/p>\n<p>&nbsp;<\/p>\n<p><strong>Le DGP est conseill\u00e9 dans les cas suivants :<\/strong><\/p>\n<ul>\n<li>Un ou les deux membres du couple est porteur d\u2019une maladie g\u00e9n\u00e9tique h\u00e9r\u00e9ditaire.<\/li>\n<li>Un ou deux membres du couple est porteur d\u2019une anomalie g\u00e9n\u00e9tique telle qu\u2019une translocation, inversion etc.<\/li>\n<li>Echec r\u00e9p\u00e9t\u00e9 de cycles de F\u00e9condation in vitro ou ICSI.<\/li>\n<li>Fausses couches spontan\u00e9es r\u00e9p\u00e9titives.<\/li>\n<li>FISH des spermatozo\u00efdes avec une alt\u00e9ration.<\/li>\n<\/ul>\n<p>[\/et_pb_text][\/et_pb_column][et_pb_column type=&#8221;2_5&#8243; _builder_version=&#8221;4.23.1&#8243; _module_preset=&#8221;default&#8221; animation_style=&#8221;slide&#8221; animation_direction=&#8221;left&#8221; global_colors_info=&#8221;{}&#8221;][et_pb_image src=&#8221;https:\/\/centromedicomanzanera.com\/wp-content\/uploads\/2024\/02\/pgt2.jpg&#8221; title_text=&#8221;pgt2&#8243; _builder_version=&#8221;4.24.2&#8243; _module_preset=&#8221;default&#8221; custom_margin=&#8221;33px|||||&#8221; border_width_all=&#8221;3px&#8221; border_color_all=&#8221;#FFFFFF&#8221; box_shadow_style=&#8221;preset1&#8243; box_shadow_spread=&#8221;-8px&#8221; global_colors_info=&#8221;{}&#8221;][\/et_pb_image][\/et_pb_column][\/et_pb_row][\/et_pb_section]<\/p>\n","protected":false},"excerpt":{"rendered":"<p>DGP (PGT)Diagnostic g\u00e9n\u00e9tique pr\u00e9implantatoire des embryons issus d\u2019une FIV-ICSILe DGP est une analyse g\u00e9n\u00e9tique des embryons avant leur transfert dans l\u2019ut\u00e9rus maternel. Pour r\u00e9aliser cette technique, il faut au pr\u00e9alable cultiver les embryons jusqu\u2019au stade blastocyste. Une biopsie de l\u2019embryon est alors effectu\u00e9e en extrayant des cellules du trophectoderme. Apr\u00e8s analyse g\u00e9n\u00e9tique des cellules, extraites, [&hellip;]<\/p>\n","protected":false},"author":3,"featured_media":0,"parent":369510,"menu_order":0,"comment_status":"closed","ping_status":"closed","template":"","meta":{"_et_pb_use_builder":"on","_et_pb_old_content":"","_et_gb_content_width":"","footnotes":""},"class_list":["post-369639","page","type-page","status-publish","hentry"],"_links":{"self":[{"href":"https:\/\/centromedicomanzanera.com\/fr\/wp-json\/wp\/v2\/pages\/369639","targetHints":{"allow":["GET"]}}],"collection":[{"href":"https:\/\/centromedicomanzanera.com\/fr\/wp-json\/wp\/v2\/pages"}],"about":[{"href":"https:\/\/centromedicomanzanera.com\/fr\/wp-json\/wp\/v2\/types\/page"}],"author":[{"embeddable":true,"href":"https:\/\/centromedicomanzanera.com\/fr\/wp-json\/wp\/v2\/users\/3"}],"replies":[{"embeddable":true,"href":"https:\/\/centromedicomanzanera.com\/fr\/wp-json\/wp\/v2\/comments?post=369639"}],"version-history":[{"count":0,"href":"https:\/\/centromedicomanzanera.com\/fr\/wp-json\/wp\/v2\/pages\/369639\/revisions"}],"up":[{"embeddable":true,"href":"https:\/\/centromedicomanzanera.com\/fr\/wp-json\/wp\/v2\/pages\/369510"}],"wp:attachment":[{"href":"https:\/\/centromedicomanzanera.com\/fr\/wp-json\/wp\/v2\/media?parent=369639"}],"curies":[{"name":"wp","href":"https:\/\/api.w.org\/{rel}","templated":true}]}}