{"id":369544,"date":"2024-01-29T16:17:12","date_gmt":"2024-01-29T16:17:12","guid":{"rendered":"https:\/\/centromedicomanzanera.com\/reproduccion-asistida\/analisis-de-fertilidad\/"},"modified":"2024-05-20T08:42:56","modified_gmt":"2024-05-20T08:42:56","slug":"bilan-de-fertilite","status":"publish","type":"page","link":"https:\/\/centromedicomanzanera.com\/fr\/fertilite\/bilan-de-fertilite\/","title":{"rendered":"Bilan de fertilit\u00e9 FR"},"content":{"rendered":"<p>[et_pb_section fb_built=&#8221;1&#8243; _builder_version=&#8221;4.24.2&#8243; _module_preset=&#8221;default&#8221; min_height=&#8221;774.5px&#8221; custom_padding=&#8221;0px||77px||false|false&#8221; global_colors_info=&#8221;{}&#8221;][et_pb_row _builder_version=&#8221;4.24.2&#8243; _module_preset=&#8221;default&#8221; width=&#8221;100%&#8221; max_width=&#8221;100%&#8221; custom_margin=&#8221;0px||||false|false&#8221; custom_padding=&#8221;0px||||false|false&#8221; animation_style=&#8221;fade&#8221; global_colors_info=&#8221;{}&#8221;][et_pb_column type=&#8221;4_4&#8243; _builder_version=&#8221;4.23.1&#8243; _module_preset=&#8221;default&#8221; global_colors_info=&#8221;{}&#8221;][et_pb_image src=&#8221;https:\/\/centromedicomanzanera.com\/wp-content\/uploads\/2024\/03\/fertilidad3-1.jpg&#8221; title_text=&#8221;fertilidad3&#8243; _builder_version=&#8221;4.24.2&#8243; _module_preset=&#8221;default&#8221; global_colors_info=&#8221;{}&#8221;][\/et_pb_image][\/et_pb_column][\/et_pb_row][et_pb_row _builder_version=&#8221;4.24.2&#8243; _module_preset=&#8221;default&#8221; animation_style=&#8221;fade&#8221; global_colors_info=&#8221;{}&#8221;][et_pb_column type=&#8221;4_4&#8243; _builder_version=&#8221;4.24.0&#8243; _module_preset=&#8221;default&#8221; global_colors_info=&#8221;{}&#8221;][et_pb_text _builder_version=&#8221;4.25.1&#8243; _module_preset=&#8221;default&#8221; text_text_color=&#8221;#D60072&#8243; text_font_size=&#8221;19px&#8221; custom_margin=&#8221;||10px|||&#8221; hover_enabled=&#8221;0&#8243; global_colors_info=&#8221;{}&#8221; sticky_enabled=&#8221;0&#8243;]BILAN DE FERTILITE[\/et_pb_text][et_pb_text _builder_version=&#8221;4.25.1&#8243; _module_preset=&#8221;default&#8221; text_font_size=&#8221;17px&#8221; custom_margin=&#8221;||12px|||&#8221; hover_enabled=&#8221;0&#8243; global_colors_info=&#8221;{}&#8221; sticky_enabled=&#8221;0&#8243;]<strong> Demandez une premi\u00e8re consultation gratuite avec nos docteurs pour exposer votre probl\u00e8me<\/strong>[\/et_pb_text][et_pb_divider _builder_version=&#8221;4.24.0&#8243; _module_preset=&#8221;default&#8221; custom_margin=&#8221;||0px||false|false&#8221; custom_padding=&#8221;||0px||false|false&#8221; global_colors_info=&#8221;{}&#8221;][\/et_pb_divider][\/et_pb_column][\/et_pb_row][et_pb_row column_structure=&#8221;1_2,1_2&#8243; _builder_version=&#8221;4.24.0&#8243; _module_preset=&#8221;default&#8221; custom_margin=&#8221;0px|auto|2px|auto|false|false&#8221; custom_padding=&#8221;0px||29px||false|false&#8221; global_colors_info=&#8221;{}&#8221;][et_pb_column type=&#8221;1_2&#8243; _builder_version=&#8221;4.23.1&#8243; _module_preset=&#8221;default&#8221; animation_style=&#8221;slide&#8221; animation_direction=&#8221;left&#8221; global_colors_info=&#8221;{}&#8221;][et_pb_text _builder_version=&#8221;4.25.1&#8243; _module_preset=&#8221;default&#8221; header_5_text_color=&#8221;#D60072&#8243; custom_margin=&#8221;||5px||false|false&#8221; custom_padding=&#8221;||5px||false|false&#8221; hover_enabled=&#8221;0&#8243; global_colors_info=&#8221;{}&#8221; sticky_enabled=&#8221;0&#8243;]<\/p>\n<h5><strong>ANALYSE DU SPERME<\/strong><\/h5>\n<p>[\/et_pb_text][et_pb_text _builder_version=&#8221;4.25.1&#8243; _module_preset=&#8221;default&#8221; hover_enabled=&#8221;0&#8243; global_colors_info=&#8221;{}&#8221; sticky_enabled=&#8221;0&#8243;]<\/p>\n<h6><strong>SPERMOGRAMME :<\/strong><\/h6>\n<p>Cette analyse fournit des informations sur les param\u00e8tres macroscopiques (viscosit\u00e9, etc.) et microscopiques (nombre, vitalit\u00e9) du sperme. C&#8217;est le test de base qu&#8217;un homme doit r\u00e9aliser lorsqu&#8217;il d\u00e9sire connaitre le traitement de fertilit\u00e9 le mieux adapt\u00e9 \u00e0 son couple lorsque ce dernier rencontre des difficult\u00e9s \u00e0 avoir un enfant.  <\/p>\n<p>&nbsp;<\/p>\n<h6><strong>ESTUDE DE LA FRAGMENTATION DE L\u2019ADN SPERMATIQUE :<\/strong><\/h6>\n<p>Cette \u00e9tude est r\u00e9alis\u00e9e avec une technique r\u00e9cente qui fournit des informations sur le pourcentage de spermatozo\u00efdes dont l&#8217;ADN est fragment\u00e9.<\/p>\n<p>Si le pourcentage de fragmentation de l\u2019ADN des spermatozo\u00efdes est \u00e9lev\u00e9, les chances de grossesse diminuent et le risque de fausse couche augmente.<\/p>\n<p>En cas de niveaux \u00e9lev\u00e9s de fragmentation des spermatozo\u00efdes, il existe des techniques permettant de s\u00e9lectionner les spermatozo\u00efdes non fragment\u00e9s, augmentant ainsi les chances de succ\u00e8s du traitement.<\/p>\n<p>&nbsp;[\/et_pb_text][\/et_pb_column][et_pb_column type=&#8221;1_2&#8243; _builder_version=&#8221;4.23.1&#8243; _module_preset=&#8221;default&#8221; animation_style=&#8221;slide&#8221; animation_direction=&#8221;left&#8221; global_colors_info=&#8221;{}&#8221;][et_pb_text _builder_version=&#8221;4.25.1&#8243; _module_preset=&#8221;default&#8221; hover_enabled=&#8221;0&#8243; global_colors_info=&#8221;{}&#8221; sticky_enabled=&#8221;0&#8243;]<\/p>\n<p><strong>FISH:<\/strong><\/p>\n<p>Le FISH (hybridation in situ par fluorescence) est une technique cytog\u00e9n\u00e9tique utilis\u00e9e pour d\u00e9tecter et localiser la pr\u00e9sence ou l&#8217;absence de s\u00e9quences d&#8217;ADN sp\u00e9cifiques sur les chromosomes. Le FISH utilise des sondes fluorescentes qui se lient uniquement aux parties du chromosome avec lesquelles elles pr\u00e9sentent un degr\u00e9 \u00e9lev\u00e9 de compl\u00e9mentarit\u00e9 de s\u00e9quence.<\/p>\n<p>Nous pouvons ainsi d\u00e9tecter les anomalies chromosomiques pr\u00e9sentes dans les spermatozo\u00efdes qui sont \u00e0 l&#8217;origine de fausses couches, d&#8217;\u00e9checs d&#8217;implantation ou d&#8217;un mauvais d\u00e9veloppement embryonnaire.<\/p>\n<p>Les r\u00e9sultats de ce test nous aident \u00e0 choisir la technique la mieux adapt\u00e9e dans chaque cas.<\/p>\n<p>&nbsp;<\/p>\n<p>[\/et_pb_text][\/et_pb_column][\/et_pb_row][et_pb_row column_structure=&#8221;1_2,1_2&#8243; _builder_version=&#8221;4.24.0&#8243; _module_preset=&#8221;default&#8221; custom_margin=&#8221;0px|auto|2px|auto|false|false&#8221; custom_padding=&#8221;0px||29px||false|false&#8221; global_colors_info=&#8221;{}&#8221;][et_pb_column type=&#8221;1_2&#8243; _builder_version=&#8221;4.23.1&#8243; _module_preset=&#8221;default&#8221; animation_style=&#8221;slide&#8221; animation_direction=&#8221;left&#8221; global_colors_info=&#8221;{}&#8221;][et_pb_text _builder_version=&#8221;4.25.1&#8243; _module_preset=&#8221;default&#8221; header_5_text_color=&#8221;#D60072&#8243; custom_margin=&#8221;||5px||false|false&#8221; custom_padding=&#8221;||5px||false|false&#8221; hover_enabled=&#8221;0&#8243; global_colors_info=&#8221;{}&#8221; sticky_enabled=&#8221;0&#8243;]<\/p>\n<h5><strong>BILAN DE FERTILIT\u00c9 FEMININ<\/strong><\/h5>\n<p>[\/et_pb_text][et_pb_text _builder_version=&#8221;4.25.1&#8243; _module_preset=&#8221;default&#8221; hover_enabled=&#8221;0&#8243; global_colors_info=&#8221;{}&#8221; sticky_enabled=&#8221;0&#8243;]<\/p>\n<h6><strong>ETUDE HORMONALE DE FERTILIT\u00c9 : <\/strong><\/h6>\n<p>Il s\u2019agit d\u2019une prise de sang r\u00e9alis\u00e9e entre le deuxi\u00e8me et le cinqui\u00e8me jour du cycle menstruel. Cette analyse fournit des informations sur les niveaux actuels d&#8217;hormones qui agissent sur la fertilit\u00e9, telles que la FSH, la LH, la PROLACTINE et l&#8217;AMH. Cette analyse permet au m\u00e9decin de s\u00e9lectionner le traitement le plus appropri\u00e9.<\/p>\n<h6><strong>ETUDE DE LA PERMEABILITE DES TROMPES DE FALLOPE :<\/strong><\/h6>\n<p>Pour s\u2019assurer de la perm\u00e9abilit\u00e9 des trompes de Fallope on y introduit un contraste et on v\u00e9rifie qu\u2019il passe bien \u00e0 travers les trompes, si c\u2019est le cas on est ainsi assur\u00e9 qu\u2019elles ne sont pas obstru\u00e9es. Cette \u00e9tude peut se faire aussi par examen radiographique (hyst\u00e9rosalpingographie) ou par \u00e9chographie gyn\u00e9cologique.<\/p>\n<p>[\/et_pb_text][\/et_pb_column][et_pb_column type=&#8221;1_2&#8243; _builder_version=&#8221;4.23.1&#8243; _module_preset=&#8221;default&#8221; animation_style=&#8221;slide&#8221; animation_direction=&#8221;left&#8221; global_colors_info=&#8221;{}&#8221;][et_pb_image src=&#8221;https:\/\/centromedicomanzanera.com\/wp-content\/uploads\/2024\/02\/fertilidad2-1.jpg&#8221; title_text=&#8221;fertilidad2&#8243; _builder_version=&#8221;4.24.2&#8243; _module_preset=&#8221;default&#8221; border_width_all=&#8221;3px&#8221; border_color_all=&#8221;#FFFFFF&#8221; box_shadow_style=&#8221;preset1&#8243; global_colors_info=&#8221;{}&#8221;][\/et_pb_image][\/et_pb_column][\/et_pb_row][\/et_pb_section]<\/p>\n","protected":false},"excerpt":{"rendered":"<p>BILAN DE FERTILITE Demandez une premi\u00e8re consultation gratuite avec nos docteurs pour exposer votre probl\u00e8meANALYSE DU SPERMESPERMOGRAMME : Cette analyse fournit des informations sur les param\u00e8tres macroscopiques (viscosit\u00e9, etc.) et microscopiques (nombre, vitalit\u00e9) du sperme. C&#8217;est le test de base qu&#8217;un homme doit r\u00e9aliser lorsqu&#8217;il d\u00e9sire connaitre le traitement de fertilit\u00e9 le mieux adapt\u00e9 \u00e0 [&hellip;]<\/p>\n","protected":false},"author":3,"featured_media":0,"parent":369510,"menu_order":0,"comment_status":"closed","ping_status":"closed","template":"","meta":{"_et_pb_use_builder":"on","_et_pb_old_content":"","_et_gb_content_width":"","footnotes":""},"class_list":["post-369544","page","type-page","status-publish","hentry"],"_links":{"self":[{"href":"https:\/\/centromedicomanzanera.com\/fr\/wp-json\/wp\/v2\/pages\/369544","targetHints":{"allow":["GET"]}}],"collection":[{"href":"https:\/\/centromedicomanzanera.com\/fr\/wp-json\/wp\/v2\/pages"}],"about":[{"href":"https:\/\/centromedicomanzanera.com\/fr\/wp-json\/wp\/v2\/types\/page"}],"author":[{"embeddable":true,"href":"https:\/\/centromedicomanzanera.com\/fr\/wp-json\/wp\/v2\/users\/3"}],"replies":[{"embeddable":true,"href":"https:\/\/centromedicomanzanera.com\/fr\/wp-json\/wp\/v2\/comments?post=369544"}],"version-history":[{"count":0,"href":"https:\/\/centromedicomanzanera.com\/fr\/wp-json\/wp\/v2\/pages\/369544\/revisions"}],"up":[{"embeddable":true,"href":"https:\/\/centromedicomanzanera.com\/fr\/wp-json\/wp\/v2\/pages\/369510"}],"wp:attachment":[{"href":"https:\/\/centromedicomanzanera.com\/fr\/wp-json\/wp\/v2\/media?parent=369544"}],"curies":[{"name":"wp","href":"https:\/\/api.w.org\/{rel}","templated":true}]}}