{"id":369530,"date":"2024-02-01T10:23:58","date_gmt":"2024-02-01T10:23:58","guid":{"rendered":"https:\/\/centromedicomanzanera.com\/unidad-quirurgica-con-cma\/"},"modified":"2024-05-20T08:31:35","modified_gmt":"2024-05-20T08:31:35","slug":"unite-chirurgicale","status":"publish","type":"page","link":"https:\/\/centromedicomanzanera.com\/fr\/unite-chirurgicale\/","title":{"rendered":"Unit\u00e9 chirurgicale FR"},"content":{"rendered":"<p>[et_pb_section fb_built=&#8221;1&#8243; _builder_version=&#8221;4.24.0&#8243; _module_preset=&#8221;default&#8221; min_height=&#8221;774.5px&#8221; custom_margin=&#8221;||0px||false|false&#8221; custom_padding=&#8221;0px||16px||false|false&#8221; global_colors_info=&#8221;{}&#8221;][et_pb_row _builder_version=&#8221;4.24.2&#8243; _module_preset=&#8221;default&#8221; width=&#8221;100%&#8221; max_width=&#8221;100%&#8221; custom_margin=&#8221;0px||||false|false&#8221; custom_padding=&#8221;0px||||false|false&#8221; animation_style=&#8221;fade&#8221; global_colors_info=&#8221;{}&#8221;][et_pb_column type=&#8221;4_4&#8243; _builder_version=&#8221;4.23.1&#8243; _module_preset=&#8221;default&#8221; global_colors_info=&#8221;{}&#8221;][et_pb_image src=&#8221;https:\/\/centromedicomanzanera.com\/wp-content\/uploads\/2024\/02\/unidadquirur.jpg&#8221; title_text=&#8221;unidadquirur&#8221; _builder_version=&#8221;4.24.2&#8243; _module_preset=&#8221;default&#8221; global_colors_info=&#8221;{}&#8221;][\/et_pb_image][\/et_pb_column][\/et_pb_row][et_pb_row column_structure=&#8221;3_5,2_5&#8243; _builder_version=&#8221;4.24.2&#8243; _module_preset=&#8221;default&#8221; min_height=&#8221;1082px&#8221; custom_margin=&#8221;15px|auto|0px|auto|false|false&#8221; custom_padding=&#8221;12px||16px||false|false&#8221; global_colors_info=&#8221;{}&#8221;][et_pb_column type=&#8221;3_5&#8243; _builder_version=&#8221;4.23.1&#8243; _module_preset=&#8221;default&#8221; animation_style=&#8221;slide&#8221; animation_direction=&#8221;left&#8221; global_colors_info=&#8221;{}&#8221;][et_pb_text _builder_version=&#8221;4.25.1&#8243; _module_preset=&#8221;default&#8221; text_text_color=&#8221;#D60072&#8243; text_font_size=&#8221;19px&#8221; custom_margin=&#8221;||10px|||&#8221; hover_enabled=&#8221;0&#8243; global_colors_info=&#8221;{}&#8221; sticky_enabled=&#8221;0&#8243;]UNIT\u00c9 CHIRURGICALE[\/et_pb_text][et_pb_divider _builder_version=&#8221;4.23.1&#8243; _module_preset=&#8221;default&#8221; custom_margin=&#8221;||2px|||&#8221; global_colors_info=&#8221;{}&#8221;][\/et_pb_divider][et_pb_text _builder_version=&#8221;4.25.1&#8243; _module_preset=&#8221;default&#8221; text_font_size=&#8221;17px&#8221; custom_margin=&#8221;||12px|||&#8221; hover_enabled=&#8221;0&#8243; global_colors_info=&#8221;{}&#8221; sticky_enabled=&#8221;0&#8243;]<strong>Chirurgie de la femme<\/strong>[\/et_pb_text][et_pb_text _builder_version=&#8221;4.25.1&#8243; _module_preset=&#8221;default&#8221; hover_enabled=&#8221;0&#8243; global_colors_info=&#8221;{}&#8221; sticky_enabled=&#8221;0&#8243;]<\/p>\n<p>La clinique de fertilit\u00e9 Manzanera dispose d&#8217;une unit\u00e9 chirurgicale de jour sp\u00e9cialis\u00e9e dans la sant\u00e9 f\u00e9minine.<\/p>\n<p>Nous disposons d\u2019un <strong>BLOC OPERATOIRE<\/strong> pour chirurgie ambulatoire, \u00e9quip\u00e9 des derni\u00e8res technologies pour vous aider.<\/p>\n<p>De multiples interventions nous permettent de contribuer \u00e0 r\u00e9soudre les troubles gyn\u00e9cologiques les plus courants. Nos professionnels sont experts en interventions non invasives, comme <strong>l\u2019hyst\u00e9roscopie<\/strong> ou la<strong> coelioscopie<\/strong>. Nous efforts se dirigent \u00e0 programmer les interventions pour qu\u2019elles soient le moins invasives possible et obtenir ainsi de meilleurs r\u00e9sultats et une r\u00e9cup\u00e9ration plus rapide.<\/p>\n<p>[\/et_pb_text][et_pb_toggle title=&#8221;Hyst\u00e9roscopie &#8221; open_toggle_text_color=&#8221;#D60072&#8243; _builder_version=&#8221;4.25.1&#8243; _module_preset=&#8221;default&#8221; title_text_color=&#8221;#D60072&#8243; title_font=&#8221;|700|||||||&#8221; title_font_size=&#8221;23px&#8221; hover_enabled=&#8221;0&#8243; global_colors_info=&#8221;{}&#8221; sticky_enabled=&#8221;0&#8243;]<\/p>\n<p><strong>Immersion au sein de la cavit\u00e9 de l\u2019ut\u00e9rus<\/strong><\/p>\n<p>L\u2019hyst\u00e9roscopie consiste \u00e0 examiner la cavit\u00e9 ut\u00e9rine gr\u00e2ce \u00e0 une petite cam\u00e9ra. Cette cam\u00e9ra nous permet d\u2019appr\u00e9cier la forme de la cavit\u00e9 ut\u00e9rine, la jonction entre les trompes et l\u2019ut\u00e9rus et diagnostiquer la pr\u00e9sence d\u2019une pathologie.<\/p>\n<p>Au cours de cette intervention, il est possible de retirer les polypes, les fibromes et les cloisons ut\u00e9rines. On peut aussi agir sur la forme de la cavit\u00e9 ut\u00e9rine l\u2019am\u00e9liorant au moyen de la m\u00e9troplastie (ou hyst\u00e9roplastie). L\u2019intervention se fait en utilisant des pinces millim\u00e9triques.<\/p>\n<p>L\u2019hyst\u00e9roscopie peut \u00eatre r\u00e9alis\u00e9e avec ou sans anesth\u00e9sie selon chaque cas, et avec une r\u00e9cup\u00e9ration tr\u00e8s rapide, le jour o\u00f9 les heures suivantes vous pourrez retourner \u00e0 vos activit\u00e9s habituelles.<\/p>\n<p>[\/et_pb_toggle][et_pb_toggle title=&#8221;Coelioscopie ou laparoscopie &#8221; open_toggle_text_color=&#8221;#D60072&#8243; _builder_version=&#8221;4.25.1&#8243; _module_preset=&#8221;default&#8221; title_text_color=&#8221;#D60072&#8243; title_font=&#8221;|700|||||||&#8221; title_font_size=&#8221;23px&#8221; hover_enabled=&#8221;0&#8243; global_colors_info=&#8221;{}&#8221; sticky_enabled=&#8221;0&#8243;]<\/p>\n<p><strong>Vision directe de l\u2019ut\u00e9rus et des ovaires au moyen de l\u2019introduction d\u2019une cam\u00e9ra \u00e0 l\u2019int\u00e9rieur de la cavit\u00e9 abdominale.<\/strong><\/p>\n<p>Gr\u00e2ce \u00e0 de petites incisions d\u2019entre 3 et 10 mm, nous pouvons acc\u00e9der \u00e0 la cavit\u00e9 abdominale et v\u00e9rifier tout le syst\u00e8me g\u00e9nital interne (ut\u00e9rus, ovaires, trompes, etc.).<\/p>\n<p>Un gaz (CO2) est insuffl\u00e9 dans la cavit\u00e9 abdominale, il permet la dilatation de l&#8217;abdomen ce qui am\u00e9liore la vision tout au long de l\u2019intervention. Ainsi les risques pendant l\u2019op\u00e9ration sont r\u00e9duits puisqu\u2019une vision accrue de toutes les structures internes est obtenue permettant de mieux reconna\u00eetre les diff\u00e9rentes pathologies et les traiter.<\/p>\n<p>Gr\u00e2ce \u00e0 cette vision et \u00e0 l&#8217;aide de pinces sp\u00e9ciales, de nombreuses interventions gyn\u00e9cologiques peuvent \u00eatre r\u00e9alis\u00e9es :<\/p>\n<p>&#8211; <em>kystectomie<\/em> \u00a0(retrait de kystes ovariens).<br \/>&#8211; Annexectomie (retrait d&#8217;ovaire).<br \/>&#8211; Myomectomies.<br \/>&#8211; Hyst\u00e9rectomies.<br \/>&#8211; Salpingectomies.<br \/>&#8211; Endom\u00e9triose.<br \/>&#8211; Traitements des infections pelviennes.<br \/>&#8211; Retrait des adh\u00e9rences.<br \/>&#8211; Etude de fertilit\u00e9.<\/p>\n<p>[\/et_pb_toggle][\/et_pb_column][et_pb_column type=&#8221;2_5&#8243; _builder_version=&#8221;4.23.1&#8243; _module_preset=&#8221;default&#8221; animation_style=&#8221;slide&#8221; animation_direction=&#8221;left&#8221; global_colors_info=&#8221;{}&#8221;][et_pb_image src=&#8221;https:\/\/centromedicomanzanera.com\/wp-content\/uploads\/2024\/02\/unidadquirur2.jpg&#8221; title_text=&#8221;unidadquirur2&#8243; _builder_version=&#8221;4.24.2&#8243; _module_preset=&#8221;default&#8221; custom_margin=&#8221;32px|||||&#8221; border_width_all=&#8221;3px&#8221; border_color_all=&#8221;#FFFFFF&#8221; box_shadow_style=&#8221;preset1&#8243; global_colors_info=&#8221;{}&#8221;][\/et_pb_image][\/et_pb_column][\/et_pb_row][\/et_pb_section]<\/p>\n","protected":false},"excerpt":{"rendered":"<p>UNIT\u00c9 CHIRURGICALEChirurgie de la femmeLa clinique de fertilit\u00e9 Manzanera dispose d&#8217;une unit\u00e9 chirurgicale de jour sp\u00e9cialis\u00e9e dans la sant\u00e9 f\u00e9minine. Nous disposons d\u2019un BLOC OPERATOIRE pour chirurgie ambulatoire, \u00e9quip\u00e9 des derni\u00e8res technologies pour vous aider. De multiples interventions nous permettent de contribuer \u00e0 r\u00e9soudre les troubles gyn\u00e9cologiques les plus courants. Nos professionnels sont experts en [&hellip;]<\/p>\n","protected":false},"author":3,"featured_media":0,"parent":0,"menu_order":0,"comment_status":"closed","ping_status":"closed","template":"","meta":{"_et_pb_use_builder":"on","_et_pb_old_content":"","_et_gb_content_width":"","footnotes":""},"class_list":["post-369530","page","type-page","status-publish","hentry"],"_links":{"self":[{"href":"https:\/\/centromedicomanzanera.com\/fr\/wp-json\/wp\/v2\/pages\/369530","targetHints":{"allow":["GET"]}}],"collection":[{"href":"https:\/\/centromedicomanzanera.com\/fr\/wp-json\/wp\/v2\/pages"}],"about":[{"href":"https:\/\/centromedicomanzanera.com\/fr\/wp-json\/wp\/v2\/types\/page"}],"author":[{"embeddable":true,"href":"https:\/\/centromedicomanzanera.com\/fr\/wp-json\/wp\/v2\/users\/3"}],"replies":[{"embeddable":true,"href":"https:\/\/centromedicomanzanera.com\/fr\/wp-json\/wp\/v2\/comments?post=369530"}],"version-history":[{"count":0,"href":"https:\/\/centromedicomanzanera.com\/fr\/wp-json\/wp\/v2\/pages\/369530\/revisions"}],"wp:attachment":[{"href":"https:\/\/centromedicomanzanera.com\/fr\/wp-json\/wp\/v2\/media?parent=369530"}],"curies":[{"name":"wp","href":"https:\/\/api.w.org\/{rel}","templated":true}]}}