{"id":369496,"date":"2024-02-06T11:20:20","date_gmt":"2024-02-06T11:20:20","guid":{"rendered":"https:\/\/centromedicomanzanera.com\/el-centro\/nuestra-historia\/"},"modified":"2024-05-20T07:49:36","modified_gmt":"2024-05-20T07:49:36","slug":"histoire-de-notre-clinique","status":"publish","type":"page","link":"https:\/\/centromedicomanzanera.com\/fr\/la-clinique\/histoire-de-notre-clinique\/","title":{"rendered":"HISTOIRE DE NOTRE CLINIQUE FR"},"content":{"rendered":"<p>[et_pb_section fb_built=&#8221;1&#8243; _builder_version=&#8221;4.24.0&#8243; _module_preset=&#8221;default&#8221; animation_style=&#8221;fade&#8221; global_colors_info=&#8221;{}&#8221;][et_pb_row _builder_version=&#8221;4.24.0&#8243; _module_preset=&#8221;default&#8221; custom_margin=&#8221;|auto|-1px|auto|false|false&#8221; custom_padding=&#8221;12px||16px||false|false&#8221; locked=&#8221;off&#8221; global_colors_info=&#8221;{}&#8221;][et_pb_column type=&#8221;4_4&#8243; _builder_version=&#8221;4.24.0&#8243; _module_preset=&#8221;default&#8221; animation_direction=&#8221;left&#8221; global_colors_info=&#8221;{}&#8221;][et_pb_text _builder_version=&#8221;4.25.1&#8243; _module_preset=&#8221;default&#8221; text_text_color=&#8221;#D60072&#8243; text_font_size=&#8221;19px&#8221; custom_margin=&#8221;||10px|||&#8221; hover_enabled=&#8221;0&#8243; global_colors_info=&#8221;{}&#8221; sticky_enabled=&#8221;0&#8243;] HISTOIRE DE NOTRE CLINIQUE[\/et_pb_text][et_pb_divider color=&#8221;#D60072&#8243; _builder_version=&#8221;4.24.0&#8243; _module_preset=&#8221;default&#8221; custom_margin=&#8221;||2px|||&#8221; global_colors_info=&#8221;{}&#8221;][\/et_pb_divider][\/et_pb_column][\/et_pb_row][et_pb_row column_structure=&#8221;2_5,3_5&#8243; _builder_version=&#8221;4.24.0&#8243; _module_preset=&#8221;default&#8221; global_colors_info=&#8221;{}&#8221;][et_pb_column type=&#8221;2_5&#8243; _builder_version=&#8221;4.24.0&#8243; _module_preset=&#8221;default&#8221; global_colors_info=&#8221;{}&#8221;][et_pb_image src=&#8221;https:\/\/centromedicomanzanera.com\/wp-content\/uploads\/2014\/03\/team-gregorio-manzanera.jpg&#8221; title_text=&#8221;team-gregorio-manzanera&#8221; _builder_version=&#8221;4.24.0&#8243; _module_preset=&#8221;default&#8221; global_colors_info=&#8221;{}&#8221;][\/et_pb_image][\/et_pb_column][et_pb_column type=&#8221;3_5&#8243; _builder_version=&#8221;4.24.0&#8243; _module_preset=&#8221;default&#8221; global_colors_info=&#8221;{}&#8221;][et_pb_text _builder_version=&#8221;4.25.1&#8243; _module_preset=&#8221;default&#8221; hover_enabled=&#8221;0&#8243; global_colors_info=&#8221;{}&#8221; sticky_enabled=&#8221;0&#8243;]<\/p>\n<p>Lors de sa fondation en 1980 par le Dr. Gregorio Manzanera, le centre d\u00e9marre son activit\u00e9 dans le domaine de l\u2019obst\u00e9trique et de la gyn\u00e9cologie, il est alors le premier \u00e9tablissement \u00e0 installer un \u00e9chographe en Rioja.<\/p>\n<p>En 1990 le centre d\u00e9veloppe les techniques d\u2019ins\u00e9mination artificielle avec pr\u00e9paration de sperme en laboratoire et obtient les premi\u00e8res grossesses d\u00e8s la premi\u00e8re ann\u00e9e.<\/p>\n<p>D\u00e9but 2002, est cr\u00e9\u00e9 l\u2019Unit\u00e9 de Reproduction Humaine, incorporant les techniques F.I.V. et I.C.S.I. le centre devient alors le premier et le seul centre de La Rioja \u00e0 pouvoir offrir toutes les techniques de PMA. Dans l\u2019actualit\u00e9 de nombreux enfants de la Rioja sont n\u00e9s gr\u00e2ce \u00e0 l\u2019utilisation de ces techniques dans la clinique de fertilit\u00e9 Manzanera.<\/p>\n<p>En 2013 d\u00e9marre le d\u00e9partement international de fertilit\u00e9 qui depuis lors, aide de nombreuses femmes d\u2019autres pays que l\u2019Espagne, \u00e0 tomber enceintes.<\/p>\n<p>Parall\u00e8lement au domaine de la reproduction, des progr\u00e8s diagnostiques et th\u00e9rapeutiques en obst\u00e9trique gyn\u00e9cologique ont \u00e9t\u00e9 r\u00e9alis\u00e9s, sont introduits par exemple : l&#8217;\u00e9chographie \u00e0 haute r\u00e9solution, l&#8217;hyst\u00e9roscopie, la celioscopie et le laser gyn\u00e9cologique.<\/p>\n<p>En mars 2005, s\u2019ouvre le nouveau centre de la rue Ingeniero La Cierva n\u00ba 10 \u00e9largissant ainsi le nombre des services avec un Bloc Op\u00e9ratoire de Chirurgie Ambulatoire et des laboratoires d\u2019andrologie et d\u2019embryologie plus adapt\u00e9s.<\/p>\n<p>Le Centro Medico Manzanera est au service de la Rioja depuis 1980 et veille depuis sur la sant\u00e9 des femmes en utilisant les derni\u00e8res avanc\u00e9es techniques.<\/p>\n<p>&nbsp;<\/p>\n<p>[\/et_pb_text][\/et_pb_column][\/et_pb_row][\/et_pb_section]<\/p>\n","protected":false},"excerpt":{"rendered":"<p>HISTOIRE DE NOTRE CLINIQUELors de sa fondation en 1980 par le Dr. Gregorio Manzanera, le centre d\u00e9marre son activit\u00e9 dans le domaine de l\u2019obst\u00e9trique et de la gyn\u00e9cologie, il est alors le premier \u00e9tablissement \u00e0 installer un \u00e9chographe en Rioja. En 1990 le centre d\u00e9veloppe les techniques d\u2019ins\u00e9mination artificielle avec pr\u00e9paration de sperme en laboratoire [&hellip;]<\/p>\n","protected":false},"author":3,"featured_media":0,"parent":369487,"menu_order":0,"comment_status":"closed","ping_status":"closed","template":"","meta":{"_et_pb_use_builder":"on","_et_pb_old_content":"","_et_gb_content_width":"","footnotes":""},"class_list":["post-369496","page","type-page","status-publish","hentry"],"_links":{"self":[{"href":"https:\/\/centromedicomanzanera.com\/fr\/wp-json\/wp\/v2\/pages\/369496","targetHints":{"allow":["GET"]}}],"collection":[{"href":"https:\/\/centromedicomanzanera.com\/fr\/wp-json\/wp\/v2\/pages"}],"about":[{"href":"https:\/\/centromedicomanzanera.com\/fr\/wp-json\/wp\/v2\/types\/page"}],"author":[{"embeddable":true,"href":"https:\/\/centromedicomanzanera.com\/fr\/wp-json\/wp\/v2\/users\/3"}],"replies":[{"embeddable":true,"href":"https:\/\/centromedicomanzanera.com\/fr\/wp-json\/wp\/v2\/comments?post=369496"}],"version-history":[{"count":0,"href":"https:\/\/centromedicomanzanera.com\/fr\/wp-json\/wp\/v2\/pages\/369496\/revisions"}],"up":[{"embeddable":true,"href":"https:\/\/centromedicomanzanera.com\/fr\/wp-json\/wp\/v2\/pages\/369487"}],"wp:attachment":[{"href":"https:\/\/centromedicomanzanera.com\/fr\/wp-json\/wp\/v2\/media?parent=369496"}],"curies":[{"name":"wp","href":"https:\/\/api.w.org\/{rel}","templated":true}]}}