{"id":368103,"date":"2023-11-27T13:14:18","date_gmt":"2023-11-27T13:14:18","guid":{"rendered":"https:\/\/centromedicomanzanera.com\/politica-de-privacidad\/"},"modified":"2024-05-17T12:26:29","modified_gmt":"2024-05-17T12:26:29","slug":"politica-de-privacidad","status":"publish","type":"page","link":"https:\/\/centromedicomanzanera.com\/fr\/politica-de-privacidad\/","title":{"rendered":"Pol\u00edtica de Privacidad FR"},"content":{"rendered":"<p>[et_pb_section fb_built=&#8221;1&#8243; _builder_version=&#8221;4.24.3&#8243; _module_preset=&#8221;default&#8221; global_colors_info=&#8221;{}&#8221;][et_pb_row _builder_version=&#8221;4.24.3&#8243; _module_preset=&#8221;default&#8221; global_colors_info=&#8221;{}&#8221;][et_pb_column type=&#8221;4_4&#8243; _builder_version=&#8221;4.24.3&#8243; _module_preset=&#8221;default&#8221; global_colors_info=&#8221;{}&#8221;][et_pb_text _builder_version=&#8221;4.24.3&#8243; _module_preset=&#8221;default&#8221; global_colors_info=&#8221;{}&#8221;]<\/p>\n<p>POL\u00cdTICA DE PRIVACIDAD Y PROTECCI\u00d3N DE DATOS DE CAR\u00c1CTER PERSONAL DE CENTRO GINECOL\u00d3GICO MANZANERA<\/p>\n<p>TRATAMIENTOS DE DATOS PERSONALES<\/p>\n<p>En cumplimiento de lo establecido en la normativa aplicable de Protecci\u00f3n de Datos, le informamos que los datos que ser\u00e1n tratados como Responsable por CEMGIMA, S.L., cuya finalidad del tratamiento es la prestaci\u00f3n del servicio que el usuario solicite a trav\u00e9s de nuestro formulario de contacto y para ello necesitamos que marque la casilla habilitada que indica la aceptaci\u00f3n de esta pol\u00edtica, de tal manera que si no lo hace no tendremos su consentimiento expreso y por ello no podremos dar respuesta a su solicitud.<\/p>\n<p>Para la correcta prestaci\u00f3n de los servicios ofrecidos por CEMGIMA, S.L., es preciso que el usuario conteste a todas y cada una de las preguntas que aparecen en los formularios presentes en nuestro sitio web. Asimismo, el usuario declara que es mayor de edad.<\/p>\n<p>El tratamiento de los datos de car\u00e1cter personal solicitados tendr\u00e1n adem\u00e1s como finalidad del tratamiento el env\u00edo de informaci\u00f3n comercial relativa a productos y servicios ofrecidos actualmente y en el futuro por CEMGIMA, S.L.; esa informaci\u00f3n incluye comunicaciones publicitarias y promocionales, a trav\u00e9s de correo postal, fax, correo electr\u00f3nico o cualquier otro medio. Para realizar este tratamiento es necesario que el usuario marque la casilla habilitada al efecto en el formulario de la p\u00e1gina web.<\/p>\n<p>Dado el car\u00e1cter personal de los datos facilitados, CEMGIMA, S.L. se compromete a tratarlos con estricta confidencialidad guardando el secreto debido, a este efecto, la entidad ha implantado las medidas de seguridad adecuadas conforme el an\u00e1lisis de riesgos realizado.<\/p>\n<p>Le informamos que no se ceder\u00e1n sus datos a terceros ni se realizar\u00e1n transferencias internacionales de datos, salvo obligaci\u00f3n legal o cesi\u00f3n necesaria \u00fanica y exclusivamente cuando sea necesario para la prestaci\u00f3n del servicio solicitado, en cuyo caso se solicitar\u00e1 el consentimiento para ello.<\/p>\n<p>DERECHOS<\/p>\n<p>Los datos recabados y tratados se conservar\u00e1n por un plazo de tiempo limitado, dicho plazo ser\u00e1 el necesario para cumplir las obligaciones legales impuestas a CEMGIMA, S.L. por las diferentes normativas aplicables.<\/p>\n<p>El usuario como interesado puede ejercer en todo momento los siguientes derechos en la direcci\u00f3n indicada en el Aviso Legal:<\/p>\n<p>Derecho de acceso: el interesado podr\u00e1 solicitar al Responsable los datos tratados y en caso afirmativo qu\u00e9 datos personales concretos son tratados.<\/p>\n<p>Derecho de rectificaci\u00f3n: el interesado podr\u00e1 solicitar al Responsable la correcci\u00f3n de sus datos personales en caso de no ser exactos.<\/p>\n<p>Derecho de supresi\u00f3n: el interesado podr\u00e1 solicitar al Responsable el borrado de sus datos personales.<\/p>\n<p>Derecho de oposici\u00f3n: el interesado podr\u00e1 oponerse a que el Responsable realice un tratamiento de sus datos personales.<br \/>Derecho a la limitaci\u00f3n del tratamiento: el interesado podr\u00e1 solicitar al Responsable que temporalmente no trate sus datos personales en unos supuestos concretos.<\/p>\n<p>Derecho a la portabilidad: el interesado podr\u00e1 solicitar al Responsable sus datos automatizados en un formato estructurado de f\u00e1cil acceso y manejo.<\/p>\n<p>M\u00e1s informaci\u00f3n sobre sus derechos en www.agpd.es.<\/p>\n<p>Asimismo, tiene derecho a presentar una reclamaci\u00f3n ante la Agencia Espa\u00f1ola de Protecci\u00f3n de Datos.<\/p>\n<p>COOKIES<\/p>\n<p>Los datos que ser\u00e1n almacenados en cada \u201ccookie\u201d son los siguientes: idioma, fecha y hora de la \u00faltima vez que el usuario visit\u00f3 nuestro Web, dise\u00f1o de contenidos que el usuario escogi\u00f3 en su primera visita a nuestro Web y elementos de seguridad que intervienen en el control de acceso a las \u00e1reas restringidas.<br \/>Desde este sitio Web estudiamos las preferencias de nuestros usuarios (caracter\u00edsticas demogr\u00e1ficas, sus patrones de tr\u00e1fico y otra informaci\u00f3n en conjunto para comprender el comportamiento y el perfil de nuestros usuarios). El rastreo de las preferencias de nuestros usuarios nos ayuda para mejorar nuestra P\u00e1gina as\u00ed como nuestros servicios.<br \/>Para ello, utilizamos el sistema Google Analytics (herramienta de Google para la medici\u00f3n del tr\u00e1fico de las P\u00e1ginas Web), el cual puede almacenar cookies en su ordenador para ayudarnos a recopilar informaci\u00f3n que ser\u00e1 utilizada \u00fanicamente con fines estad\u00edsticos y de estudio del comportamiento de los usuarios de nuestro sitio web. La informaci\u00f3n que recopila la cookie (incluida la IP) es almacenada y transmitida hacia los servidores de Google en Estados Unidos. Google utilizar\u00e1 dichos datos para recopilar su actividad en nuestro sitio y generar informes con el prop\u00f3sito de identificar el uso que hace del sitio. Google podr\u00e1 proporcionar dicha informaci\u00f3n a terceros cuando as\u00ed lo requiera la legislaci\u00f3n vigente. La aceptaci\u00f3n de esta pol\u00edtica supone la aceptaci\u00f3n del uso por parte de Google de la informaci\u00f3n recogida por Google Analytics.<br \/>Vd. puede configurar su navegador para rechazar el almacenamiento de las cookies en su ordenador. Puede obtener m\u00e1s informaci\u00f3n en nuestra Pol\u00edtica de Cookies.<br \/>la Agencia Espa\u00f1ola de Protecci\u00f3n de Datos.<\/p>\n<p>&nbsp;<\/p>\n<p align=\"CENTER\"><u><b>INFORMACI\u00d3N COMPLETA SOBRE EL TRATAMIENTO DE DATOS PERSONALES<\/b><\/u><\/p>\n<p align=\"CENTER\"><u><b>RESPONSABLE DEL TRATAMIENTO<\/b><\/u><\/p>\n<p align=\"JUSTIFY\"><b>\u00bfQui\u00e9n es el responsable del tratamiento de sus datos?<\/b><\/p>\n<p align=\"LEFT\">\u2013 Identidad: CEMGIMA, S.L.<\/p>\n<p align=\"LEFT\">\u2013 Dir. Postal: Calle Ingeniero de la Cierva 10 \u2013 26003<\/p>\n<p align=\"LEFT\">\u2013 Correo electr\u00f3nico: info@centromedicomanzanera.com<\/p>\n<p align=\"LEFT\">\u2013 Delegado de protecci\u00f3n de datos: Gregorio Manzanera \u2013 Calle Ingeniero de la Cierva 10 \u2013 26003<\/p>\n<p align=\"LEFT\">\u2013 Contacto DPD: electr\u00f3nico ___@___________.___<\/p>\n<p align=\"CENTER\"><u><b>FINALIDAD DEL TRATAMIENTO<\/b><\/u><\/p>\n<p align=\"JUSTIFY\"><b>\u00bfCon qu\u00e9 finalidad tratamos sus datos personales?<\/b><\/p>\n<p align=\"JUSTIFY\">En CEMGIMA, S.L. tratamos la informaci\u00f3n que nos facilitan las personas interesadas con los siguientes fines:<\/p>\n<p align=\"JUSTIFY\">\u2013 Gesti\u00f3n y administraci\u00f3n de la relaci\u00f3n contractual establecida con\u00a0<b>proveedores, clientes y empleados.<\/b><\/p>\n<p align=\"JUSTIFY\">\u2013 Facilitar a los interesados\u00a0<b>informaci\u00f3n comercial<\/b>\u00a0sobre productos y servicios que pudieran ser de su inter\u00e9s.<\/p>\n<p align=\"JUSTIFY\">\u2013\u00a0<b>Videovigilancia<\/b>\u00a0de las instalaciones en el caso de que Usted acceda a nuestras instalaciones<\/p>\n<p align=\"JUSTIFY\">\u2013 Dar respuesta a sus consultas y cuestiones en el caso de que Usted nos formule alguna pregunta a trav\u00e9s de la\u00a0<b>p\u00e1gina web<\/b>.<\/p>\n<p align=\"LEFT\"><b>\u00bfCu\u00e1nto tiempo conservaremos sus datos?<\/b><\/p>\n<p align=\"LEFT\">Los datos personales proporcionados se conservar\u00e1n:<\/p>\n<p align=\"LEFT\">a) Mientras se mantenga la relaci\u00f3n mercantil.<\/p>\n<p align=\"LEFT\">b) No se solicite su supresi\u00f3n por el interesado.<\/p>\n<p align=\"LEFT\">c) La informaci\u00f3n que por imperativo legal deba conservarse un tiempo espec\u00edfico no se eliminar\u00e1 hasta que transcurra el tiempo indicado en la ley.<\/p>\n<p align=\"CENTER\"><u><b>LEGITIMACI\u00d3N DEL TRATAMIENTO<\/b><\/u><\/p>\n<p align=\"JUSTIFY\"><b>\u00bfCu\u00e1l es la legitimaci\u00f3n para el tratamiento de sus datos?<\/b><\/p>\n<p align=\"JUSTIFY\">La base legal para el tratamiento de sus datos es la siguiente:<\/p>\n<p align=\"LEFT\">\u2013 Ejecuci\u00f3n del contrato en el caso de que Usted sea\u00a0<b>empleado cliente, proveedor.<\/b><\/p>\n<p align=\"LEFT\">\u2013 Inter\u00e9s leg\u00edtimo en el caso de que haya sido grabado por las c\u00e1maras de\u00a0<b>videovigilancia<\/b>.<\/p>\n<p align=\"LEFT\">\u2013 Consentimiento del interesado prestado en la\u00a0<b>p\u00e1gina web<\/b>\u00a0en el caso de que usted realice alguna petici\u00f3n o consulta en nuestro formulario de contacto o bien se suscriba a la\u00a0<b>newsletter o blog. Redes sociales imagen.<\/b><\/p>\n<p align=\"LEFT\">\u2013 Consentimiento del interesado en el caso de que haya enviado su\u00a0<b>CV<\/b>.<\/p>\n<p align=\"LEFT\">\u2013 Inter\u00e9s leg\u00edtimo a la hora de realizar\u00a0<b>env\u00edos publicitarios<\/b>.<\/p>\n<p align=\"LEFT\">\u2013 Consentimiento expreso a la hora de tratar sus\u00a0<b>datos de categor\u00eda especial<\/b>.<\/p>\n<p align=\"CENTER\"><u><b>DESTINATARIOS DE LOS DATOS SUMINISTRADOS<\/b><\/u><\/p>\n<p align=\"LEFT\"><b>\u00bfA qu\u00e9 destinatarios se comunicar\u00e1n sus datos?<\/b><\/p>\n<p align=\"JUSTIFY\"><b>a)<\/b>\u00a0Los datos se comunicar\u00e1n\u00a0<b>por requisito legal<\/b>\u00a0a:<\/p>\n<form name=\"WW-Standard\">\n<div align=\"JUSTIFY\">\n<p><input name=\"CheckBox\" type=\"CHECKBOX\" value=\"\" \/>\u00a0Organismos de la seguridad social (En el caso de los empleados)<\/p>\n<\/div>\n<div align=\"JUSTIFY\">\n<p><input name=\"CheckBox\" type=\"CHECKBOX\" value=\"\" \/>\u00a0Registros p\u00fablicos<\/p>\n<\/div>\n<div align=\"JUSTIFY\">\n<p><input name=\"CheckBox\" type=\"CHECKBOX\" value=\"\" \/>\u00a0Colegios profesionales<\/p>\n<\/div>\n<div align=\"JUSTIFY\">\n<p><input name=\"CheckBox\" type=\"CHECKBOX\" value=\"\" \/>\u00a0Administraci\u00f3n tributaria (En el caso de empleados, proveedores y clientes)<\/p>\n<\/div>\n<div align=\"JUSTIFY\">\n<p><input name=\"CheckBox\" type=\"CHECKBOX\" value=\"\" \/>\u00a0Otros \u00f3rganos de la administraci\u00f3n p\u00fablica (En el caso de empleados, proveedores y clientes)<\/p>\n<\/div>\n<div align=\"JUSTIFY\">\n<p><input name=\"CheckBox\" type=\"CHECKBOX\" value=\"\" \/>\u00a0Comisi\u00f3n nacional de mercado de valores<\/p>\n<\/div>\n<div align=\"JUSTIFY\">\n<p><input name=\"CheckBox\" type=\"CHECKBOX\" value=\"\" \/>\u00a0Comisi\u00f3n nacional del juego<\/p>\n<\/div>\n<div align=\"JUSTIFY\">\n<p><input name=\"CheckBox\" type=\"CHECKBOX\" value=\"\" \/>\u00a0Fuerzas y cuerpos de seguridad (En el caso de videovigilancia)<\/p>\n<\/div>\n<div align=\"JUSTIFY\">\n<p><input name=\"CheckBox\" type=\"CHECKBOX\" value=\"\" \/>\u00a0Cumplimiento\/incumplimiento de obligaciones dinerarias<\/p>\n<\/div>\n<div align=\"JUSTIFY\">\n<p><input name=\"CheckBox\" type=\"CHECKBOX\" value=\"\" \/>\u00a0Entidades aseguradoras (caso de empleados)<\/p>\n<\/div>\n<div align=\"JUSTIFY\">\n<p><input name=\"CheckBox\" type=\"CHECKBOX\" value=\"\" \/>\u00a0Otras entidades financieras<\/p>\n<\/div>\n<div align=\"JUSTIFY\">\n<p><input name=\"CheckBox\" type=\"CHECKBOX\" value=\"\" \/>\u00a0Entidades sanitarias<\/p>\n<\/div>\n<div align=\"JUSTIFY\">\n<p><input name=\"CheckBox\" type=\"CHECKBOX\" value=\"\" \/>\u00a0Prestaciones de servicios de telecomunicaciones<\/p>\n<\/div>\n<div align=\"JUSTIFY\">\n<p><input name=\"CheckBox\" type=\"CHECKBOX\" value=\"\" \/>\u00a0Empresas dedicadas a Publicaciones o Mk. directo<\/p>\n<\/div>\n<div align=\"JUSTIFY\">\n<p><input name=\"CheckBox\" type=\"CHECKBOX\" value=\"\" \/>\u00a0Asociaciones y organismos sin \u00e1nimo de lucro<\/p>\n<\/div>\n<div align=\"JUSTIFY\">\n<p><input name=\"CheckBox\" type=\"CHECKBOX\" value=\"\" \/>\u00a0Sindicatos y juntas de personal<\/p>\n<\/div>\n<div align=\"JUSTIFY\">\n<p><input name=\"CheckBox\" type=\"CHECKBOX\" value=\"\" \/>\u00a0Administraci\u00f3n p\u00fablica con competencia en materia<\/p>\n<\/div>\n<div align=\"JUSTIFY\">\n<p><input name=\"CheckBox\" type=\"CHECKBOX\" value=\"\" \/>\u00a0Organismos de la Uni\u00f3n Europea<\/p>\n<\/div>\n<p align=\"JUSTIFY\">b) Los datos se comunicar\u00e1n por\u00a0<b>requisito contractual<\/b>\u00a0a:<\/p>\n<div align=\"JUSTIFY\">\n<p><input name=\"CheckBox\" type=\"CHECKBOX\" value=\"\" \/>\u00a0Organizaciones\/personas relacionadas con el responsable<\/p>\n<\/div>\n<div align=\"JUSTIFY\">\n<p><input name=\"CheckBox\" type=\"CHECKBOX\" value=\"\" \/>\u00a0Notarios y procuradores (En el caso de servicios prestados a los clientes de abogac\u00eda)<\/p>\n<\/div>\n<div align=\"JUSTIFY\">\n<p><input name=\"CheckBox\" type=\"CHECKBOX\" value=\"\" \/>\u00a0Bancos, cajas de ahorros, y cajas rurales<\/p>\n<\/div>\n<p align=\"JUSTIFY\">c) Los datos (IMAGENES) de TRABAJADORES\/CLIENTES\/EVENTOS\/FORMACIONES se comunicar\u00e1n por su\u00a0<b>consentimiento otorgado<\/b>\u00a0a las siguientes Redes sociales:<\/p>\n<div align=\"JUSTIFY\">\n<p><input name=\"CheckBox\" type=\"CHECKBOX\" value=\"\" \/>\u00a0Facebook<\/p>\n<\/div>\n<div align=\"JUSTIFY\">\n<p><input name=\"CheckBox\" type=\"CHECKBOX\" value=\"\" \/>\u00a0Twitter<\/p>\n<\/div>\n<div align=\"JUSTIFY\">\n<p><input name=\"CheckBox\" type=\"CHECKBOX\" value=\"\" \/>\u00a0Linkedin<\/p>\n<\/div>\n<div align=\"JUSTIFY\">\n<p><input name=\"CheckBox\" type=\"CHECKBOX\" value=\"\" \/>\u00a0Youtube<\/p>\n<\/div>\n<\/form>\n<p align=\"JUSTIFY\"><b>*\u00a0<\/b><b>Las cesiones descritas en el presente apartado c) conllevan una transferencia internacional de datos a EEUU, para la cual el afectado otorg\u00f3 su consentimiento<\/b><\/p>\n<p align=\"CENTER\"><u><b>DERECHOS DE LOS INTERESADOS<\/b><\/u><\/p>\n<p align=\"JUSTIFY\"><b>\u00bfCu\u00e1les son sus derechos?<\/b><\/p>\n<p align=\"JUSTIFY\">Cualquier persona tiene derecho a obtener confirmaci\u00f3n sobre si en EMPRESA estamos tratando datos personales que les conciernan, o no.<\/p>\n<p align=\"JUSTIFY\"><i><u>Derecho de acceso:<\/u><\/i>\u00a0el interesado podr\u00e1 solicitar al Responsable los datos tratados y en caso afirmativo qu\u00e9 datos personales concretos son tratados.<\/p>\n<p align=\"JUSTIFY\"><i><u>Derecho de rectificaci\u00f3n<\/u><\/i>: el interesado podr\u00e1 solicitar al Responsable la correcci\u00f3n de sus datos personales en caso de no ser exactos.<\/p>\n<p align=\"JUSTIFY\"><u>Derecho de supresi\u00f3n<\/u>: el interesado podr\u00e1 solicitar al Responsable el borrado de sus datos personales cuando, entre otros motivos, los datos ya no sean necesarios para los fines para los que fueron recogidos.<\/p>\n<p align=\"JUSTIFY\"><i><u>Derecho de oposici\u00f3n<\/u><\/i>: el interesado podr\u00e1 oponerse a que el Responsable realice un tratamiento de sus datos personales.<\/p>\n<p align=\"JUSTIFY\"><i><u>Derecho a la limitaci\u00f3n del tratamiento<\/u><\/i>: el interesado podr\u00e1 solicitar al Responsable que temporalmente no trate sus datos personales en unos supuestos concretos.<\/p>\n<p align=\"JUSTIFY\"><i><u>Derecho a la portabilidad:<\/u><\/i>\u00a0el interesado podr\u00e1 solicitar al Responsable sus datos automatizados en un formato estructurado de f\u00e1cil acceso y manejo.<\/p>\n<p align=\"JUSTIFY\"><b>\u00bfC\u00f3mo se pueden ejercer los derechos?<\/b><\/p>\n<p align=\"JUSTIFY\">Mediante un escrito dirigido a CEMGIMA, S.L., C\/Ingeniero de a Cierva 10 26003 \u2013 Logro\u00f1o<\/p>\n<p align=\"JUSTIFY\"><b>\u00bfQu\u00e9 v\u00edas de reclamaci\u00f3n existen?<\/b><\/p>\n<p align=\"JUSTIFY\">Si considera que sus derechos no se han atendido debidamente, tiene derecho a presentar una reclamaci\u00f3n ante la Agencia Espa\u00f1ola de Protecci\u00f3n de Datos, C\/ Jorge Juan, 6. 28001 \u2013 Madrid.<\/p>\n<p>[\/et_pb_text][\/et_pb_column][\/et_pb_row][\/et_pb_section]<\/p>\n","protected":false},"excerpt":{"rendered":"<p>POL\u00cdTICA DE PRIVACIDAD Y PROTECCI\u00d3N DE DATOS DE CAR\u00c1CTER PERSONAL DE CENTRO GINECOL\u00d3GICO MANZANERA TRATAMIENTOS DE DATOS PERSONALES En cumplimiento de lo establecido en la normativa aplicable de Protecci\u00f3n de Datos, le informamos que los datos que ser\u00e1n tratados como Responsable por CEMGIMA, S.L., cuya finalidad del tratamiento es la prestaci\u00f3n del servicio que el [&hellip;]<\/p>\n","protected":false},"author":3,"featured_media":0,"parent":0,"menu_order":0,"comment_status":"closed","ping_status":"closed","template":"","meta":{"_et_pb_use_builder":"on","_et_pb_old_content":"","_et_gb_content_width":"","footnotes":""},"class_list":["post-368103","page","type-page","status-publish","hentry"],"_links":{"self":[{"href":"https:\/\/centromedicomanzanera.com\/fr\/wp-json\/wp\/v2\/pages\/368103","targetHints":{"allow":["GET"]}}],"collection":[{"href":"https:\/\/centromedicomanzanera.com\/fr\/wp-json\/wp\/v2\/pages"}],"about":[{"href":"https:\/\/centromedicomanzanera.com\/fr\/wp-json\/wp\/v2\/types\/page"}],"author":[{"embeddable":true,"href":"https:\/\/centromedicomanzanera.com\/fr\/wp-json\/wp\/v2\/users\/3"}],"replies":[{"embeddable":true,"href":"https:\/\/centromedicomanzanera.com\/fr\/wp-json\/wp\/v2\/comments?post=368103"}],"version-history":[{"count":0,"href":"https:\/\/centromedicomanzanera.com\/fr\/wp-json\/wp\/v2\/pages\/368103\/revisions"}],"wp:attachment":[{"href":"https:\/\/centromedicomanzanera.com\/fr\/wp-json\/wp\/v2\/media?parent=368103"}],"curies":[{"name":"wp","href":"https:\/\/api.w.org\/{rel}","templated":true}]}}