{"id":367963,"date":"2024-01-29T17:13:13","date_gmt":"2024-01-29T17:13:13","guid":{"rendered":"https:\/\/centromedicomanzanera.com\/test-genetico-microbiota-endometrial\/"},"modified":"2024-05-20T08:15:05","modified_gmt":"2024-05-20T08:15:05","slug":"analyse-genetique-du-microbiote-endometria","status":"publish","type":"page","link":"https:\/\/centromedicomanzanera.com\/fr\/fertilite\/analyse-genetique-du-microbiote-endometria\/","title":{"rendered":"Analyse g\u00e9n\u00e9tique du microbiote endom\u00e9trial FR"},"content":{"rendered":"<p>[et_pb_section fb_built=&#8221;1&#8243; _builder_version=&#8221;4.23.1&#8243; _module_preset=&#8221;default&#8221; min_height=&#8221;774.5px&#8221; custom_padding=&#8221;0px||5px||false|false&#8221; global_colors_info=&#8221;{}&#8221;][et_pb_row _builder_version=&#8221;4.23.1&#8243; _module_preset=&#8221;default&#8221; width=&#8221;100%&#8221; max_width=&#8221;100%&#8221; custom_margin=&#8221;0px||||false|false&#8221; custom_padding=&#8221;0px||||false|false&#8221; global_colors_info=&#8221;{}&#8221;][et_pb_column type=&#8221;4_4&#8243; _builder_version=&#8221;4.23.1&#8243; _module_preset=&#8221;default&#8221; global_colors_info=&#8221;{}&#8221;][et_pb_image src=&#8221;https:\/\/centromedicomanzanera.com\/wp-content\/uploads\/2024\/02\/genetica-endojpg.jpg&#8221; title_text=&#8221;genetica-endojpg&#8221; _builder_version=&#8221;4.25.1&#8243; _module_preset=&#8221;default&#8221; animation_style=&#8221;fade&#8221; global_colors_info=&#8221;{}&#8221;][\/et_pb_image][\/et_pb_column][\/et_pb_row][et_pb_row column_structure=&#8221;3_5,2_5&#8243; _builder_version=&#8221;4.24.2&#8243; _module_preset=&#8221;default&#8221; min_height=&#8221;432.4px&#8221; custom_margin=&#8221;15px|auto|79px|auto|false|false&#8221; custom_padding=&#8221;12px||29px|||&#8221; global_colors_info=&#8221;{}&#8221;][et_pb_column type=&#8221;3_5&#8243; _builder_version=&#8221;4.23.1&#8243; _module_preset=&#8221;default&#8221; animation_style=&#8221;slide&#8221; animation_direction=&#8221;left&#8221; global_colors_info=&#8221;{}&#8221;][et_pb_text _builder_version=&#8221;4.25.1&#8243; _module_preset=&#8221;default&#8221; text_text_color=&#8221;#D60072&#8243; text_font_size=&#8221;19px&#8221; custom_margin=&#8221;||10px|||&#8221; hover_enabled=&#8221;0&#8243; global_colors_info=&#8221;{}&#8221; sticky_enabled=&#8221;0&#8243;]ANALYSE GENETIQUE DU MICROBIOTE ENDOMETRIAL [\/et_pb_text][et_pb_divider _builder_version=&#8221;4.25.1&#8243; _module_preset=&#8221;default&#8221; custom_margin=&#8221;||2px|||&#8221; hover_enabled=&#8221;0&#8243; global_colors_info=&#8221;{}&#8221; sticky_enabled=&#8221;0&#8243;][\/et_pb_divider][et_pb_text _builder_version=&#8221;4.25.1&#8243; _module_preset=&#8221;default&#8221; text_font_size=&#8221;17px&#8221; custom_margin=&#8221;||12px|||&#8221; hover_enabled=&#8221;0&#8243; global_colors_info=&#8221;{}&#8221; sticky_enabled=&#8221;0&#8243;]<strong>Permet l\u2019\u00e9tude du microbiote de l\u2019endom\u00e8tre et de d\u00e9tecter la pr\u00e9sence d\u2019endom\u00e9trite  <\/strong>[\/et_pb_text][et_pb_text _builder_version=&#8221;4.25.1&#8243; _module_preset=&#8221;default&#8221; hover_enabled=&#8221;0&#8243; global_colors_info=&#8221;{}&#8221; sticky_enabled=&#8221;0&#8243;]<\/p>\n<p>L\u2019\u00e9quilibre de la flore endom\u00e9triale et des bact\u00e9ries existantes est la cl\u00e9 du succ\u00e8s de la reproduction.<br \/>Il existe des bact\u00e9ries courantes telles que les lactobacilles, mais dans certains cas, une dysbiose appara\u00eet et des bact\u00e9ries pathog\u00e8nes commencent \u00e0 se d\u00e9velopper. C\u2019est alors que des \u00e9checs d\u2019implantation et les fausses couches \u00e1 r\u00e9p\u00e9tition peuvent avoir lieu.<\/p>\n<p>Une inflammation peut aussi \u00eatre d\u00e9tect\u00e9e \u00e0 l&#8217;int\u00e9rieur de l&#8217;ut\u00e9rus, l\u2019endom\u00e9trite chronique, qui, m\u00e8me l\u00e9g\u00e8re, doit \u00eatre trait\u00e9e car elle r\u00e9duit consid\u00e9rablement les chances de grossesse.<\/p>\n<p>Ainsi, si le test fournit des preuves de l\u2019alt\u00e9ration du microbiote, avec des traitements \u00e1 base d\u2019antibiotiques et\/ou probiotiques nous pouvons augmenter les chances de grossesse.<\/p>\n<p>[\/et_pb_text][\/et_pb_column][et_pb_column type=&#8221;2_5&#8243; _builder_version=&#8221;4.23.1&#8243; _module_preset=&#8221;default&#8221; animation_style=&#8221;slide&#8221; animation_direction=&#8221;left&#8221; global_colors_info=&#8221;{}&#8221;][et_pb_image src=&#8221;https:\/\/centromedicomanzanera.com\/wp-content\/uploads\/2024\/03\/testgen.jpg&#8221; title_text=&#8221;testgen&#8221; _builder_version=&#8221;4.24.2&#8243; _module_preset=&#8221;default&#8221; custom_margin=&#8221;31px|||||&#8221; border_width_all=&#8221;3px&#8221; border_color_all=&#8221;#FFFFFF&#8221; box_shadow_style=&#8221;preset1&#8243; box_shadow_spread=&#8221;-9px&#8221; global_colors_info=&#8221;{}&#8221;][\/et_pb_image][\/et_pb_column][\/et_pb_row][\/et_pb_section]<\/p>\n","protected":false},"excerpt":{"rendered":"<p>ANALYSE GENETIQUE DU MICROBIOTE ENDOMETRIAL Permet l\u2019\u00e9tude du microbiote de l\u2019endom\u00e8tre et de d\u00e9tecter la pr\u00e9sence d\u2019endom\u00e9trite L\u2019\u00e9quilibre de la flore endom\u00e9triale et des bact\u00e9ries existantes est la cl\u00e9 du succ\u00e8s de la reproduction.Il existe des bact\u00e9ries courantes telles que les lactobacilles, mais dans certains cas, une dysbiose appara\u00eet et des bact\u00e9ries pathog\u00e8nes commencent \u00e0 [&hellip;]<\/p>\n","protected":false},"author":3,"featured_media":0,"parent":369510,"menu_order":0,"comment_status":"closed","ping_status":"closed","template":"","meta":{"_et_pb_use_builder":"on","_et_pb_old_content":"","_et_gb_content_width":"","footnotes":""},"class_list":["post-367963","page","type-page","status-publish","hentry"],"_links":{"self":[{"href":"https:\/\/centromedicomanzanera.com\/fr\/wp-json\/wp\/v2\/pages\/367963","targetHints":{"allow":["GET"]}}],"collection":[{"href":"https:\/\/centromedicomanzanera.com\/fr\/wp-json\/wp\/v2\/pages"}],"about":[{"href":"https:\/\/centromedicomanzanera.com\/fr\/wp-json\/wp\/v2\/types\/page"}],"author":[{"embeddable":true,"href":"https:\/\/centromedicomanzanera.com\/fr\/wp-json\/wp\/v2\/users\/3"}],"replies":[{"embeddable":true,"href":"https:\/\/centromedicomanzanera.com\/fr\/wp-json\/wp\/v2\/comments?post=367963"}],"version-history":[{"count":0,"href":"https:\/\/centromedicomanzanera.com\/fr\/wp-json\/wp\/v2\/pages\/367963\/revisions"}],"up":[{"embeddable":true,"href":"https:\/\/centromedicomanzanera.com\/fr\/wp-json\/wp\/v2\/pages\/369510"}],"wp:attachment":[{"href":"https:\/\/centromedicomanzanera.com\/fr\/wp-json\/wp\/v2\/media?parent=367963"}],"curies":[{"name":"wp","href":"https:\/\/api.w.org\/{rel}","templated":true}]}}