{"id":367953,"date":"2024-01-29T16:52:42","date_gmt":"2024-01-29T16:52:42","guid":{"rendered":"https:\/\/centromedicomanzanera.com\/terapia-endometrial\/"},"modified":"2024-05-20T08:14:43","modified_gmt":"2024-05-20T08:14:43","slug":"traitement-avec-du-plasma-riche-en-facteurs-de-croissance","status":"publish","type":"page","link":"https:\/\/centromedicomanzanera.com\/fr\/fertilite\/traitement-avec-du-plasma-riche-en-facteurs-de-croissance\/","title":{"rendered":"Traitement avec du plasma riche en facteurs de croissanceE FR"},"content":{"rendered":"<p>[et_pb_section fb_built=&#8221;1&#8243; _builder_version=&#8221;4.23.1&#8243; _module_preset=&#8221;default&#8221; min_height=&#8221;840.5px&#8221; custom_padding=&#8221;0px||25px||false|false&#8221; global_colors_info=&#8221;{}&#8221;][et_pb_row _builder_version=&#8221;4.24.2&#8243; _module_preset=&#8221;default&#8221; width=&#8221;100%&#8221; max_width=&#8221;100%&#8221; custom_margin=&#8221;0px||||false|false&#8221; custom_padding=&#8221;0px||||false|false&#8221; animation_style=&#8221;fade&#8221; global_colors_info=&#8221;{}&#8221;][et_pb_column type=&#8221;4_4&#8243; _builder_version=&#8221;4.23.1&#8243; _module_preset=&#8221;default&#8221; global_colors_info=&#8221;{}&#8221;][et_pb_image src=&#8221;https:\/\/centromedicomanzanera.com\/wp-content\/uploads\/2024\/03\/prp.jpg&#8221; title_text=&#8221;prp&#8221; _builder_version=&#8221;4.24.2&#8243; _module_preset=&#8221;default&#8221; global_colors_info=&#8221;{}&#8221;][\/et_pb_image][\/et_pb_column][\/et_pb_row][et_pb_row column_structure=&#8221;3_5,2_5&#8243; _builder_version=&#8221;4.24.2&#8243; _module_preset=&#8221;default&#8221; min_height=&#8221;795.2px&#8221; custom_margin=&#8221;15px|auto|2px|auto|false|false&#8221; custom_padding=&#8221;12px||29px|||&#8221; global_colors_info=&#8221;{}&#8221;][et_pb_column type=&#8221;3_5&#8243; _builder_version=&#8221;4.23.1&#8243; _module_preset=&#8221;default&#8221; animation_style=&#8221;slide&#8221; animation_direction=&#8221;left&#8221; global_colors_info=&#8221;{}&#8221;][et_pb_text _builder_version=&#8221;4.25.1&#8243; _module_preset=&#8221;default&#8221; text_text_color=&#8221;#D60072&#8243; text_font_size=&#8221;19px&#8221; custom_margin=&#8221;||10px|||&#8221; hover_enabled=&#8221;0&#8243; global_colors_info=&#8221;{}&#8221; sticky_enabled=&#8221;0&#8243;]TRAITEMENT AVEC DU PLASMA RICHE EN FACTEURS DE CROISSANCE[\/et_pb_text][et_pb_divider _builder_version=&#8221;4.25.1&#8243; _module_preset=&#8221;default&#8221; custom_margin=&#8221;0px||0px||false|false&#8221; custom_padding=&#8221;0px||2px||false|false&#8221; global_colors_info=&#8221;{}&#8221;][\/et_pb_divider][et_pb_text _builder_version=&#8221;4.25.1&#8243; _module_preset=&#8221;default&#8221; text_text_color=&#8221;#D60072&#8243; text_font_size=&#8221;17px&#8221; custom_margin=&#8221;-19px||0px||false|false&#8221; custom_padding=&#8221;0px||20px||false|false&#8221; global_colors_info=&#8221;{}&#8221;]<\/p>\n<p style=\"text-align: center;\">ENDORET-PRGF | Endogenous Regenerative Technology<\/p>\n<p>[\/et_pb_text][et_pb_text _builder_version=&#8221;4.25.1&#8243; _module_preset=&#8221;default&#8221; hover_enabled=&#8221;0&#8243; global_colors_info=&#8221;{}&#8221; sticky_enabled=&#8221;0&#8243;]Cette nouvelle technologie bas\u00e9e sur la m\u00e9decine r\u00e9g\u00e9n\u00e9rative consiste \u00e0 appliquer, de mani\u00e8re tr\u00e8s localis\u00e9e, des facteurs de croissance issus du traitement du sang de la patiente elle-m\u00eame ( Plasma rich in growth factors  ou PRGF -sigles du terme Anglais).[\/et_pb_text][et_pb_text _builder_version=&#8221;4.25.1&#8243; _module_preset=&#8221;default&#8221; text_text_color=&#8221;#D60072&#8243; text_font_size=&#8221;17px&#8221; custom_margin=&#8221;||12px|||&#8221; hover_enabled=&#8221;0&#8243; global_colors_info=&#8221;{}&#8221; sticky_enabled=&#8221;0&#8243;]<strong>PRGF endometrial<br \/>\n<\/strong>[\/et_pb_text][et_pb_text _builder_version=&#8221;4.25.1&#8243; _module_preset=&#8221;default&#8221; hover_enabled=&#8221;0&#8243; global_colors_info=&#8221;{}&#8221; sticky_enabled=&#8221;0&#8243;]<\/p>\n<p>L&#8217;\u00e9tat de l&#8217;endom\u00e8tre est d\u00e9terminant dans les traitements de procr\u00e9ation m\u00e9dicalement assist\u00e9e puisque des conditions optimales sont n\u00e9cessaires \u00e0 l&#8217;implantation<\/p>\n<p>\u00a0<span>Il a \u00e9t\u00e9 d\u00e9montr\u00e9 que l&#8217;instillation de PRGF peut augmenter l&#8217;\u00e9paisseur de l&#8217;endom\u00e8tre chez les <strong>patientes pr\u00e9sentant un endom\u00e8tre r\u00e9fractaire<\/strong> (qui n&#8217;atteint pas une \u00e9paisseur ad\u00e9quate malgr\u00e9 la pr\u00e9paration hormonale de l&#8217;endom\u00e8tre), car elle stimule la prolif\u00e9ration et la s\u00e9cr\u00e9tion de biomol\u00e9cules essentielles \u00e0 l&#8217;am\u00e9lioration du tissu endom\u00e9trial. En plus d&#8217;am\u00e9liorer l&#8217;environnement biologique de l&#8217;endom\u00e8tre, il le rend plus r\u00e9ceptif \u00e0 l&#8217;implantation d&#8217;embryons et augmente le pronostic reproducteur.<\/span><\/p>\n<p>[\/et_pb_text][et_pb_text _builder_version=&#8221;4.25.1&#8243; _module_preset=&#8221;default&#8221; text_font=&#8221;|300|||||||&#8221; text_text_color=&#8221;#D60072&#8243; text_font_size=&#8221;31px&#8221; custom_margin=&#8221;||-8px|||&#8221; custom_padding=&#8221;20px|20px|20px|20px|false|false&#8221; hover_enabled=&#8221;0&#8243; border_color_all=&#8221;#D60072&#8243; border_width_bottom=&#8221;1px&#8221; global_colors_info=&#8221;{}&#8221; sticky_enabled=&#8221;0&#8243;]<\/p>\n<p>Dans quels cas est-il indiqu\u00e9?<\/p>\n<p>[\/et_pb_text][et_pb_text _builder_version=&#8221;4.25.1&#8243; _module_preset=&#8221;default&#8221; text_font=&#8221;|300|||||||&#8221; text_text_color=&#8221;#3A3236&#8243; text_font_size=&#8221;27px&#8221; text_line_height=&#8221;1.2em&#8221; custom_padding=&#8221;20px|20px|20px|20px|false|false&#8221; hover_enabled=&#8221;0&#8243; border_color_all=&#8221;#D60072&#8243; global_colors_info=&#8221;{}&#8221; sticky_enabled=&#8221;0&#8243;]Patientes atteintes d&#8217;ENDOM\u00c8TRE R\u00c9FRACTAIRE ou Patientes pr\u00e9sentant des \u00c9CHECS D\u2019IMPLANTATION<br \/>\n[\/et_pb_text][et_pb_text _builder_version=&#8221;4.25.1&#8243; _module_preset=&#8221;default&#8221; hover_enabled=&#8221;0&#8243; global_colors_info=&#8221;{}&#8221; sticky_enabled=&#8221;0&#8243;]<\/p>\n<p>L&#8217;utilisation du PRGF dans l&#8217;endom\u00e8tre est \u00e9galement pr\u00e9sent\u00e9e comme une alternative efficace pour <strong>les patientes pr\u00e9sentant des \u00e9checs d&#8217;implantation<\/strong>, c&#8217;est-\u00e0-dire celles qui n&#8217;obtiennent pas de grossesse apr\u00e8s plusieurs transferts d&#8217;embryons de bonne qualit\u00e9. Dans ces cas-l\u00e0, les options th\u00e9rapeutiques dont l\u2019efficacit\u00e9 est prouv\u00e9e sont vraiment limit\u00e9es. L&#8217;action du PRGF dans l&#8217;endom\u00e8tre de ces patientes est de stimuler ses cellules, qui commencent \u00e0 s\u00e9cr\u00e9ter davantage de r\u00e9cepteurs de progest\u00e9rone et d&#8217;\u0153strog\u00e8nes, ce qui provoque l&#8217;apparition de davantage de mol\u00e9cules d&#8217;adh\u00e9sion pour l&#8217;embryon.<\/p>\n<p>[\/et_pb_text][et_pb_text _builder_version=&#8221;4.25.1&#8243; _module_preset=&#8221;default&#8221; text_text_color=&#8221;#D60072&#8243; text_font_size=&#8221;17px&#8221; custom_margin=&#8221;||12px|||&#8221; hover_enabled=&#8221;0&#8243; global_colors_info=&#8221;{}&#8221; sticky_enabled=&#8221;0&#8243;]<strong>Avantages de l&#8217;utilisation de PRGF en PMA<\/strong>[\/et_pb_text][et_pb_text _builder_version=&#8221;4.25.1&#8243; _module_preset=&#8221;default&#8221; hover_enabled=&#8221;0&#8243; global_colors_info=&#8221;{}&#8221; sticky_enabled=&#8221;0&#8243;]<\/p>\n<p><strong>AUTOLOGUE :<\/strong><br \/>Le PRGF provient du m\u00eame patient qui est inocul\u00e9, ce qui r\u00e9duit le risque d&#8217;effets ind\u00e9sirables, d&#8217;incompatibilit\u00e9 ou d&#8217;allergies.<\/p>\n<p><strong>SIMPLE :<\/strong><br \/>L\u2019obtention du PRGF n\u2019est pas une d\u00e9marche compliqu\u00e9e pour les femmes, puisqu\u2019il est uniquement n\u00e9cessaire de proc\u00e9der \u00e0 une prise de sang. Par ailleurs, l\u2019inoculation du PRGF dans l\u2019ut\u00e9rus est \u00e9galement une proc\u00e9dure indolore et sans difficult\u00e9. Le processus est effectu\u00e9 avec une canule fine \u00e0 travers le col de l\u2019ut\u00e9rus. Le processus est donc similaire \u00e0 un transfert d\u2019embryon et ne n\u00e9cessite pas<br \/>d\u2019anesth\u00e9sie.<\/p>\n<p><strong>PRATIQUE :<\/strong><br \/>Plusieurs doses (pour plusieurs inoculations) de PRGF sont g\u00e9n\u00e9ralement obtenues \u00e0 partir d&#8217;une prise de sang, qui peut \u00eatre congel\u00e9e.<\/p>\n<p><img loading=\"lazy\" decoding=\"async\" src=\"https:\/\/centromedicomanzanera.com\/wp-content\/uploads\/2024\/05\/comodoFR.jpg\" width=\"692\" height=\"203\" alt=\"\" class=\"wp-image-369522 alignnone size-full\" srcset=\"https:\/\/centromedicomanzanera.com\/wp-content\/uploads\/2024\/05\/comodoFR.jpg 692w, https:\/\/centromedicomanzanera.com\/wp-content\/uploads\/2024\/05\/comodoFR-480x141.jpg 480w\" sizes=\"(min-width: 0px) and (max-width: 480px) 480px, (min-width: 481px) 692px, 100vw\" \/><\/p>\n<p>&nbsp;<\/p>\n<p>L&#8217;utilisation de PRGF \u2013 ENDORET\u00ae pour le conditionnement de l&#8217;endom\u00e8tre ou pour le traitement d&#8217;une faible r\u00e9serve ovarienne peut ouvrir de nouvelles voies pour la r\u00e9cup\u00e9ration de la fertilit\u00e9.<\/p>\n<p><strong>Implantation optimale d&#8217;embryons. Un pas en avant dans les traitements de fertilit\u00e9<\/strong><\/p>\n<p>Le plasma obtenu \u00e0 partir du sang contient une concentration optimale de prot\u00e9ines et de facteurs de croissance qui am\u00e9liorent la r\u00e9g\u00e9n\u00e9ration et optimise les r\u00e9sultats des traitements cliniques courants.<\/p>\n<p>[\/et_pb_text][et_pb_text _builder_version=&#8221;4.25.1&#8243; _module_preset=&#8221;default&#8221; text_text_color=&#8221;#D60072&#8243; text_font_size=&#8221;17px&#8221; custom_margin=&#8221;||12px|||&#8221; hover_enabled=&#8221;0&#8243; global_colors_info=&#8221;{}&#8221; sticky_enabled=&#8221;0&#8243;]<strong>PRGF ovarien<\/strong>[\/et_pb_text][et_pb_text _builder_version=&#8221;4.25.1&#8243; _module_preset=&#8221;default&#8221; hover_enabled=&#8221;0&#8243; global_colors_info=&#8221;{}&#8221; sticky_enabled=&#8221;0&#8243;]Le PRGF peut \u00e9galement \u00eatre inocul\u00e9 dans les ovaires, dans le but de favoriser la r\u00e9g\u00e9n\u00e9ration du tissu ovarien. Bien qu&#8217;il s&#8217;agisse pour le moment d&#8217;une technique plus exp\u00e9rimentale que dans le cas de l&#8217;endom\u00e8tre, son objectif est de r\u00e9cup\u00e9rer la fonction ovarienne en stimulant le d\u00e9veloppement folliculaire.[\/et_pb_text][et_pb_text _builder_version=&#8221;4.25.1&#8243; _module_preset=&#8221;default&#8221; text_font=&#8221;|300|||||||&#8221; text_text_color=&#8221;#D60072&#8243; text_font_size=&#8221;31px&#8221; custom_margin=&#8221;||-8px|||&#8221; custom_padding=&#8221;20px|20px|20px|20px|false|false&#8221; hover_enabled=&#8221;0&#8243; border_color_all=&#8221;#D60072&#8243; border_width_bottom=&#8221;1px&#8221; global_colors_info=&#8221;{}&#8221; sticky_enabled=&#8221;0&#8243;]Dans quels cas est-il indiqu\u00e9 ?[\/et_pb_text][et_pb_text _builder_version=&#8221;4.25.1&#8243; _module_preset=&#8221;default&#8221; text_font=&#8221;|300|||||||&#8221; text_text_color=&#8221;#3A3236&#8243; text_font_size=&#8221;27px&#8221; text_line_height=&#8221;1.2em&#8221; custom_padding=&#8221;20px|20px|20px|20px|false|false&#8221; hover_enabled=&#8221;0&#8243; border_color_all=&#8221;#D60072&#8243; global_colors_info=&#8221;{}&#8221; sticky_enabled=&#8221;0&#8243;]Patientes pr\u00e9sentant une FAIBLE R\u00c9SERVE OVARIENNE ou Patientes pr\u00e9sentant une INSUFFISANCE OVARIENNE PR\u00c9MATUR\u00c9E<br \/>\n[\/et_pb_text][et_pb_text _builder_version=&#8221;4.25.1&#8243; _module_preset=&#8221;default&#8221; text_text_color=&#8221;#D60072&#8243; text_font_size=&#8221;17px&#8221; custom_margin=&#8221;||12px|||&#8221; hover_enabled=&#8221;0&#8243; global_colors_info=&#8221;{}&#8221; sticky_enabled=&#8221;0&#8243;]Cette technique doit \u00eatre r\u00e9alis\u00e9e \u00e0 la suite d\u2019une \u00e9valuation individuelle pr\u00e9alable (patiente de moins de 42 ans et \u00e9valuation de son AMH).[\/et_pb_text][et_pb_text _builder_version=&#8221;4.25.1&#8243; _module_preset=&#8221;default&#8221; hover_enabled=&#8221;0&#8243; global_colors_info=&#8221;{}&#8221; sticky_enabled=&#8221;0&#8243;]<\/p>\n<p>Il faut garder \u00e0 l\u2019esprit que <strong>la technique de rajeunissement ovarien ne s\u2019applique pas pour \u00ab rajeunir \u00bb mais pour essayer d\u2019obtenir un plus grand nombre d\u2019ovules.<\/strong> Cette technique appara\u00eet comme une solution pour r\u00e9cup\u00e9rer la fonction ovarienne en stimulant le d\u00e9veloppement folliculaire.<\/p>\n<p>[\/et_pb_text][\/et_pb_column][et_pb_column type=&#8221;2_5&#8243; _builder_version=&#8221;4.23.1&#8243; _module_preset=&#8221;default&#8221; animation_style=&#8221;slide&#8221; animation_direction=&#8221;left&#8221; global_colors_info=&#8221;{}&#8221;][et_pb_image src=&#8221;https:\/\/centromedicomanzanera.com\/wp-content\/uploads\/2024\/03\/prp2.jpg&#8221; title_text=&#8221;prp2&#8243; _builder_version=&#8221;4.24.2&#8243; _module_preset=&#8221;default&#8221; custom_margin=&#8221;33px|||||&#8221; border_width_all=&#8221;3px&#8221; border_color_all=&#8221;#FFFFFF&#8221; box_shadow_style=&#8221;preset1&#8243; global_colors_info=&#8221;{}&#8221;][\/et_pb_image][\/et_pb_column][\/et_pb_row][\/et_pb_section]<\/p>\n","protected":false},"excerpt":{"rendered":"<p>TRAITEMENT AVEC DU PLASMA RICHE EN FACTEURS DE CROISSANCEENDORET-PRGF | Endogenous Regenerative TechnologyCette nouvelle technologie bas\u00e9e sur la m\u00e9decine r\u00e9g\u00e9n\u00e9rative consiste \u00e0 appliquer, de mani\u00e8re tr\u00e8s localis\u00e9e, des facteurs de croissance issus du traitement du sang de la patiente elle-m\u00eame ( Plasma rich in growth factors ou PRGF -sigles du terme Anglais).PRGF endometrial L&#8217;\u00e9tat de [&hellip;]<\/p>\n","protected":false},"author":3,"featured_media":0,"parent":369510,"menu_order":0,"comment_status":"closed","ping_status":"closed","template":"","meta":{"_et_pb_use_builder":"on","_et_pb_old_content":"","_et_gb_content_width":"","footnotes":""},"class_list":["post-367953","page","type-page","status-publish","hentry"],"_links":{"self":[{"href":"https:\/\/centromedicomanzanera.com\/fr\/wp-json\/wp\/v2\/pages\/367953","targetHints":{"allow":["GET"]}}],"collection":[{"href":"https:\/\/centromedicomanzanera.com\/fr\/wp-json\/wp\/v2\/pages"}],"about":[{"href":"https:\/\/centromedicomanzanera.com\/fr\/wp-json\/wp\/v2\/types\/page"}],"author":[{"embeddable":true,"href":"https:\/\/centromedicomanzanera.com\/fr\/wp-json\/wp\/v2\/users\/3"}],"replies":[{"embeddable":true,"href":"https:\/\/centromedicomanzanera.com\/fr\/wp-json\/wp\/v2\/comments?post=367953"}],"version-history":[{"count":0,"href":"https:\/\/centromedicomanzanera.com\/fr\/wp-json\/wp\/v2\/pages\/367953\/revisions"}],"up":[{"embeddable":true,"href":"https:\/\/centromedicomanzanera.com\/fr\/wp-json\/wp\/v2\/pages\/369510"}],"wp:attachment":[{"href":"https:\/\/centromedicomanzanera.com\/fr\/wp-json\/wp\/v2\/media?parent=367953"}],"curies":[{"name":"wp","href":"https:\/\/api.w.org\/{rel}","templated":true}]}}