{"id":371009,"date":"2024-06-06T11:35:40","date_gmt":"2024-06-06T11:35:40","guid":{"rendered":"https:\/\/centromedicomanzanera.com\/primera-visita-gratuita\/"},"modified":"2024-06-07T11:20:54","modified_gmt":"2024-06-07T11:20:54","slug":"primera-visita-gratuita","status":"publish","type":"page","link":"https:\/\/centromedicomanzanera.com\/de\/primera-visita-gratuita\/","title":{"rendered":"Primera Visita Gratuita DE"},"content":{"rendered":"<p>[et_pb_section fb_built=&#8221;1&#8243; _builder_version=&#8221;4.25.1&#8243; background_color=&#8221;RGBA(255,255,255,0)&#8221; background_enable_image=&#8221;off&#8221; background_blend=&#8221;overlay&#8221; module_alignment=&#8221;center&#8221; custom_margin=&#8221;0px||0px||false|false&#8221; custom_padding=&#8221;0px||0px||false|false&#8221; border_radii=&#8221;on|20px|20px|20px|20px&#8221; border_color_all=&#8221;#636363&#8243; global_colors_info=&#8221;{}&#8221;][et_pb_row _builder_version=&#8221;4.25.1&#8243; background_color=&#8221;#FFFFFF&#8221; background_size=&#8221;initial&#8221; background_position=&#8221;top_left&#8221; background_repeat=&#8221;repeat&#8221; max_width=&#8221;500px&#8221; module_alignment=&#8221;center&#8221; custom_margin=&#8221;||||false|false&#8221; custom_padding=&#8221;||96px||false|false&#8221; animation_style=&#8221;fade&#8221; hover_enabled=&#8221;0&#8243; border_radii=&#8221;on|15px|15px|15px|15px&#8221; global_colors_info=&#8221;{}&#8221; sticky_enabled=&#8221;0&#8243;][et_pb_column type=&#8221;4_4&#8243; _builder_version=&#8221;4.25.1&#8243; _module_preset=&#8221;default&#8221; hover_enabled=&#8221;0&#8243; global_colors_info=&#8221;{}&#8221; sticky_enabled=&#8221;0&#8243;][et_pb_text _builder_version=&#8221;4.25.1&#8243; _module_preset=&#8221;default&#8221; text_font=&#8221;|700|||||||&#8221; text_text_color=&#8221;#D60072&#8243; text_font_size=&#8221;19px&#8221; transform_translate_linked=&#8221;off&#8221; custom_margin=&#8221;9px||20px||false|false&#8221; custom_padding=&#8221;||0px||false|false&#8221; hover_enabled=&#8221;0&#8243; global_colors_info=&#8221;{}&#8221; sticky_enabled=&#8221;0&#8243;]<\/p>\n<p style=\"text-align: left;\">Unsere Klinik bietet einen komplett kostenlosen Erstbesuch an<\/p>\n<p>[\/et_pb_text][et_pb_text _builder_version=&#8221;4.25.1&#8243; _module_preset=&#8221;default&#8221; text_font=&#8221;&#8211;et_global_heading_font||||||||&#8221; text_text_color=&#8221;#000000&#8243; text_font_size=&#8221;17px&#8221; hover_enabled=&#8221;0&#8243; global_colors_info=&#8221;{}&#8221; sticky_enabled=&#8221;0&#8243;]- Pers\u00f6nliche oder Online-Beratungsgespr\u00e4ch mit einem Facharzt f\u00fcr Fertilit\u00e4t.<\/p>\n<p>&#8211; Gyn\u00e4kologische Untersuchung und Embryotransferprobe.<\/p>\n<p>&#8211; Hochaufl\u00f6sender gyn\u00e4kologischer Ultraschall zur Untersuchung von Geb\u00e4rmutter, Eierst\u00f6cken und Antralfollikelanzahl zur Bewertung der ovariellen Reserve.<\/p>\n<p>&#8211; Einschlie\u00dflich 3D-Ultraschall zur genaueren Bewertung der Geb\u00e4rmuttermorphologie.<\/p>\n<p>&#8211; Beratung und Erkl\u00e4rung m\u00f6glicher erg\u00e4nzender Tests, die in jedem Fall erforderlich sind.<\/p>\n<p>&#8211; Weitere Konsultation zur Besprechung der Testergebnisse inclusive.[\/et_pb_text][et_pb_image src=&#8221;https:\/\/centromedicomanzanera.com\/wp-content\/uploads\/2024\/05\/sello-de.png&#8221; title_text=&#8221;sello-de&#8221; align=&#8221;center&#8221; _builder_version=&#8221;4.25.1&#8243; _module_preset=&#8221;default&#8221; max_width=&#8221;150px&#8221; hover_enabled=&#8221;0&#8243; global_colors_info=&#8221;{}&#8221; sticky_enabled=&#8221;0&#8243;][\/et_pb_image][\/et_pb_column][\/et_pb_row][\/et_pb_section]<\/p>\n","protected":false},"excerpt":{"rendered":"<p>Unsere Klinik bietet einen komplett kostenlosen Erstbesuch an- Pers\u00f6nliche oder Online-Beratungsgespr\u00e4ch mit einem Facharzt f\u00fcr Fertilit\u00e4t. &#8211; Gyn\u00e4kologische Untersuchung und Embryotransferprobe. &#8211; Hochaufl\u00f6sender gyn\u00e4kologischer Ultraschall zur Untersuchung von Geb\u00e4rmutter, Eierst\u00f6cken und Antralfollikelanzahl zur Bewertung der ovariellen Reserve. &#8211; Einschlie\u00dflich 3D-Ultraschall zur genaueren Bewertung der Geb\u00e4rmuttermorphologie. &#8211; Beratung und Erkl\u00e4rung m\u00f6glicher erg\u00e4nzender Tests, die in jedem [&hellip;]<\/p>\n","protected":false},"author":3,"featured_media":0,"parent":0,"menu_order":0,"comment_status":"closed","ping_status":"closed","template":"","meta":{"_et_pb_use_builder":"on","_et_pb_old_content":"","_et_gb_content_width":"","footnotes":""},"class_list":["post-371009","page","type-page","status-publish","hentry"],"_links":{"self":[{"href":"https:\/\/centromedicomanzanera.com\/de\/wp-json\/wp\/v2\/pages\/371009","targetHints":{"allow":["GET"]}}],"collection":[{"href":"https:\/\/centromedicomanzanera.com\/de\/wp-json\/wp\/v2\/pages"}],"about":[{"href":"https:\/\/centromedicomanzanera.com\/de\/wp-json\/wp\/v2\/types\/page"}],"author":[{"embeddable":true,"href":"https:\/\/centromedicomanzanera.com\/de\/wp-json\/wp\/v2\/users\/3"}],"replies":[{"embeddable":true,"href":"https:\/\/centromedicomanzanera.com\/de\/wp-json\/wp\/v2\/comments?post=371009"}],"version-history":[{"count":0,"href":"https:\/\/centromedicomanzanera.com\/de\/wp-json\/wp\/v2\/pages\/371009\/revisions"}],"wp:attachment":[{"href":"https:\/\/centromedicomanzanera.com\/de\/wp-json\/wp\/v2\/media?parent=371009"}],"curies":[{"name":"wp","href":"https:\/\/api.w.org\/{rel}","templated":true}]}}