{"id":370519,"date":"2024-02-01T10:23:58","date_gmt":"2024-02-01T10:23:58","guid":{"rendered":"https:\/\/centromedicomanzanera.com\/unidad-quirurgica-con-cma\/"},"modified":"2024-05-31T09:15:19","modified_gmt":"2024-05-31T09:15:19","slug":"operationsabteilung","status":"publish","type":"page","link":"https:\/\/centromedicomanzanera.com\/de\/operationsabteilung\/","title":{"rendered":"Unidad quir\u00fargica con cma DE"},"content":{"rendered":"<p>[et_pb_section fb_built=&#8221;1&#8243; _builder_version=&#8221;4.24.0&#8243; _module_preset=&#8221;default&#8221; min_height=&#8221;774.5px&#8221; custom_margin=&#8221;||0px||false|false&#8221; custom_padding=&#8221;0px||16px||false|false&#8221; global_colors_info=&#8221;{}&#8221;][et_pb_row _builder_version=&#8221;4.24.2&#8243; _module_preset=&#8221;default&#8221; width=&#8221;100%&#8221; max_width=&#8221;100%&#8221; custom_margin=&#8221;0px||||false|false&#8221; custom_padding=&#8221;0px||||false|false&#8221; animation_style=&#8221;fade&#8221; global_colors_info=&#8221;{}&#8221;][et_pb_column type=&#8221;4_4&#8243; _builder_version=&#8221;4.23.1&#8243; _module_preset=&#8221;default&#8221; global_colors_info=&#8221;{}&#8221;][et_pb_image src=&#8221;https:\/\/centromedicomanzanera.com\/wp-content\/uploads\/2024\/02\/unidadquirur.jpg&#8221; title_text=&#8221;unidadquirur&#8221; _builder_version=&#8221;4.24.2&#8243; _module_preset=&#8221;default&#8221; global_colors_info=&#8221;{}&#8221;][\/et_pb_image][\/et_pb_column][\/et_pb_row][et_pb_row column_structure=&#8221;3_5,2_5&#8243; _builder_version=&#8221;4.24.2&#8243; _module_preset=&#8221;default&#8221; min_height=&#8221;1082px&#8221; custom_margin=&#8221;15px|auto|0px|auto|false|false&#8221; custom_padding=&#8221;12px||16px||false|false&#8221; global_colors_info=&#8221;{}&#8221;][et_pb_column type=&#8221;3_5&#8243; _builder_version=&#8221;4.23.1&#8243; _module_preset=&#8221;default&#8221; animation_style=&#8221;slide&#8221; animation_direction=&#8221;left&#8221; global_colors_info=&#8221;{}&#8221;][et_pb_text _builder_version=&#8221;4.25.1&#8243; _module_preset=&#8221;default&#8221; text_text_color=&#8221;#D60072&#8243; text_font_size=&#8221;19px&#8221; custom_margin=&#8221;||10px|||&#8221; hover_enabled=&#8221;0&#8243; global_colors_info=&#8221;{}&#8221; sticky_enabled=&#8221;0&#8243;]<\/p>\n<p>OPERATIONSABTEILUNG<\/p>\n<p>[\/et_pb_text][et_pb_divider _builder_version=&#8221;4.23.1&#8243; _module_preset=&#8221;default&#8221; custom_margin=&#8221;||2px|||&#8221; global_colors_info=&#8221;{}&#8221;][\/et_pb_divider][et_pb_text _builder_version=&#8221;4.25.1&#8243; _module_preset=&#8221;default&#8221; text_font_size=&#8221;17px&#8221; custom_margin=&#8221;||12px|||&#8221; hover_enabled=&#8221;0&#8243; global_colors_info=&#8221;{}&#8221; sticky_enabled=&#8221;0&#8243;]<strong>Chirurgie f\u00fcr Frauen <\/strong>[\/et_pb_text][et_pb_text _builder_version=&#8221;4.25.1&#8243; _module_preset=&#8221;default&#8221; hover_enabled=&#8221;0&#8243; global_colors_info=&#8221;{}&#8221; sticky_enabled=&#8221;0&#8243;]<\/p>\n<p>Das Medizinzentrum Manzanera verf\u00fcgt \u00fcber eine spezialisierte Einheit f\u00fcr gyn\u00e4kologische Chirurgie, die sich auf die Gesundheit von Frauen konzentriert.<\/p>\n<p>Wir haben einen <strong>ambulanter OP-Bereich<\/strong>, der mit modernster Technologie ausgestattet ist, um Ihnen die bestm\u00f6gliche Versorgung zu bieten.<\/p>\n<p>Unsere Vielzahl von Eingriffen erm\u00f6glicht es uns, die h\u00e4ufigsten Verfahren anzugehen. Unsere Fach\u00e4rzte sind Experten in minimalinvasiven Eingriffen, einschlie\u00dflich <strong>Hysteroskopie<\/strong> und <strong>Laparoskopie<\/strong>, um chirurgische Verfahren so schonend wie m\u00f6glich durchzuf\u00fchren und bessere Ergebnisse sowie eine schnellere Erholung zu erzielen.<\/p>\n<p>[\/et_pb_text][et_pb_toggle title=&#8221; Hysteroskopie&#8221; open_toggle_text_color=&#8221;#D60072&#8243; _builder_version=&#8221;4.25.1&#8243; _module_preset=&#8221;default&#8221; title_text_color=&#8221;#D60072&#8243; title_font=&#8221;|700|||||||&#8221; title_font_size=&#8221;23px&#8221; hover_enabled=&#8221;0&#8243; global_colors_info=&#8221;{}&#8221; sticky_enabled=&#8221;0&#8243;]<\/p>\n<p><strong>Untersuchung der Geb\u00e4rmutterh\u00f6hle<\/strong><\/p>\n<p>Die Hysteroskopie beinhaltet die visuelle Untersuchung der Geb\u00e4rmutterh\u00f6hle mithilfe einer kleinen Kamera.<\/p>\n<p>W\u00e4hrend dieses Verfahrens k\u00f6nnen verschiedene Erkrankungen wie Polypen, Myome oder Geb\u00e4rmuttersepten identifiziert und behandelt werden, wobei millimetergenaue Pinzetten verwendet werden.<\/p>\n<p>Die Hysteroskopie kann je nach Bedarf mit oder ohne An\u00e4sthesie durchgef\u00fchrt werden und erm\u00f6glicht in der Regel eine schnelle Erholung, wobei die Patientinnen in der Regel am n\u00e4chsten Tag ihre normalen Aktivit\u00e4ten wieder aufnehmen k\u00f6nnen.<\/p>\n<p>[\/et_pb_toggle][et_pb_toggle title=&#8221;Laparoskopie&#8221; open_toggle_text_color=&#8221;#D60072&#8243; _builder_version=&#8221;4.25.1&#8243; _module_preset=&#8221;default&#8221; title_text_color=&#8221;#D60072&#8243; title_font=&#8221;|700|||||||&#8221; title_font_size=&#8221;23px&#8221; hover_enabled=&#8221;0&#8243; global_colors_info=&#8221;{}&#8221; sticky_enabled=&#8221;0&#8243;]<strong>Direkte abdominale Untersuchung von Geb\u00e4rmutterh\u00f6hle und Eierstocke<\/strong><\/p>\n<p>Durch kleine Einschnitte von 3 bis 10 mm k\u00f6nnen wir auf die Bauchh\u00f6hle zugreifen, um das gesamte innere Genitalorgan (Geb\u00e4rmutter, Eierst\u00f6cke, Eileiter usw.) zu untersuchen.<\/p>\n<p>Dabei wird Gas (CO2) verwendet, um den Bauchraum angemessen zu erweitern, sodass eine klare Sicht w\u00e4hrend des gesamten Prozesses gew\u00e4hrleistet ist und w\u00e4hrend der Operation keine Risiken eingegangen werden m\u00fcssen. Auf diese Weise wird eine vergr\u00f6\u00dferte Sicht auf alle inneren Strukturen erzielt, um verschiedene Pathologien zu erkennen und zu behandeln.<\/p>\n<p>Durch diese Sicht und unter Verwendung spezieller Pinzetten k\u00f6nnen zahlreiche gyn\u00e4kologische Eingriffe durchgef\u00fchrt werden<\/p>\n<p>&#8211; Zystektomien (Entfernung von Zysten an den Eierst\u00f6cken).<br \/>\n&#8211; Adnexektomie (Entfernung des Eierstocks).<br \/>\n&#8211; Myomektomien.<br \/>\n&#8211; Hysterektomien.<br \/>\n&#8211; Salpingektomien.<br \/>\n&#8211; Endometriose.<br \/>\n&#8211; Behandlung von Beckeninfektionen.<br \/>\n&#8211; Adh\u00e4siolyse (L\u00f6sung von Verwachsungen).<br \/>\n&#8211; Fertilit\u00e4tsuntersuchungen.<br \/>\n[\/et_pb_toggle][\/et_pb_column][et_pb_column type=&#8221;2_5&#8243; _builder_version=&#8221;4.23.1&#8243; _module_preset=&#8221;default&#8221; animation_style=&#8221;slide&#8221; animation_direction=&#8221;left&#8221; global_colors_info=&#8221;{}&#8221;][et_pb_image src=&#8221;https:\/\/centromedicomanzanera.com\/wp-content\/uploads\/2024\/02\/unidadquirur2.jpg&#8221; title_text=&#8221;unidadquirur2&#8243; _builder_version=&#8221;4.24.2&#8243; _module_preset=&#8221;default&#8221; custom_margin=&#8221;32px|||||&#8221; border_width_all=&#8221;3px&#8221; border_color_all=&#8221;#FFFFFF&#8221; box_shadow_style=&#8221;preset1&#8243; global_colors_info=&#8221;{}&#8221;][\/et_pb_image][\/et_pb_column][\/et_pb_row][\/et_pb_section]<\/p>\n","protected":false},"excerpt":{"rendered":"<p>OPERATIONSABTEILUNGChirurgie f\u00fcr Frauen Das Medizinzentrum Manzanera verf\u00fcgt \u00fcber eine spezialisierte Einheit f\u00fcr gyn\u00e4kologische Chirurgie, die sich auf die Gesundheit von Frauen konzentriert. Wir haben einen ambulanter OP-Bereich, der mit modernster Technologie ausgestattet ist, um Ihnen die bestm\u00f6gliche Versorgung zu bieten. Unsere Vielzahl von Eingriffen erm\u00f6glicht es uns, die h\u00e4ufigsten Verfahren anzugehen. Unsere Fach\u00e4rzte sind Experten [&hellip;]<\/p>\n","protected":false},"author":3,"featured_media":0,"parent":0,"menu_order":0,"comment_status":"closed","ping_status":"closed","template":"","meta":{"_et_pb_use_builder":"on","_et_pb_old_content":"","_et_gb_content_width":"","footnotes":""},"class_list":["post-370519","page","type-page","status-publish","hentry"],"_links":{"self":[{"href":"https:\/\/centromedicomanzanera.com\/de\/wp-json\/wp\/v2\/pages\/370519","targetHints":{"allow":["GET"]}}],"collection":[{"href":"https:\/\/centromedicomanzanera.com\/de\/wp-json\/wp\/v2\/pages"}],"about":[{"href":"https:\/\/centromedicomanzanera.com\/de\/wp-json\/wp\/v2\/types\/page"}],"author":[{"embeddable":true,"href":"https:\/\/centromedicomanzanera.com\/de\/wp-json\/wp\/v2\/users\/3"}],"replies":[{"embeddable":true,"href":"https:\/\/centromedicomanzanera.com\/de\/wp-json\/wp\/v2\/comments?post=370519"}],"version-history":[{"count":0,"href":"https:\/\/centromedicomanzanera.com\/de\/wp-json\/wp\/v2\/pages\/370519\/revisions"}],"wp:attachment":[{"href":"https:\/\/centromedicomanzanera.com\/de\/wp-json\/wp\/v2\/media?parent=370519"}],"curies":[{"name":"wp","href":"https:\/\/api.w.org\/{rel}","templated":true}]}}