{"id":370503,"date":"2024-01-29T16:52:42","date_gmt":"2024-01-29T16:52:42","guid":{"rendered":"https:\/\/centromedicomanzanera.com\/reproduccion-asistida\/terapia-endometrial\/"},"modified":"2024-05-31T09:05:23","modified_gmt":"2024-05-31T09:05:23","slug":"gebaermutterschleimhaut","status":"publish","type":"page","link":"https:\/\/centromedicomanzanera.com\/de\/fertilitaet\/gebaermutterschleimhaut\/","title":{"rendered":"Terapia endometrial DE"},"content":{"rendered":"<p>[et_pb_section fb_built=&#8221;1&#8243; _builder_version=&#8221;4.23.1&#8243; _module_preset=&#8221;default&#8221; min_height=&#8221;840.5px&#8221; custom_padding=&#8221;0px||25px||false|false&#8221; global_colors_info=&#8221;{}&#8221;][et_pb_row _builder_version=&#8221;4.24.2&#8243; _module_preset=&#8221;default&#8221; width=&#8221;100%&#8221; max_width=&#8221;100%&#8221; custom_margin=&#8221;0px||||false|false&#8221; custom_padding=&#8221;0px||||false|false&#8221; animation_style=&#8221;fade&#8221; global_colors_info=&#8221;{}&#8221;][et_pb_column type=&#8221;4_4&#8243; _builder_version=&#8221;4.23.1&#8243; _module_preset=&#8221;default&#8221; global_colors_info=&#8221;{}&#8221;][et_pb_image src=&#8221;https:\/\/centromedicomanzanera.com\/wp-content\/uploads\/2024\/03\/prp.jpg&#8221; title_text=&#8221;prp&#8221; _builder_version=&#8221;4.24.2&#8243; _module_preset=&#8221;default&#8221; global_colors_info=&#8221;{}&#8221;][\/et_pb_image][\/et_pb_column][\/et_pb_row][et_pb_row column_structure=&#8221;3_5,2_5&#8243; _builder_version=&#8221;4.24.2&#8243; _module_preset=&#8221;default&#8221; min_height=&#8221;795.2px&#8221; custom_margin=&#8221;15px|auto|2px|auto|false|false&#8221; custom_padding=&#8221;12px||29px|||&#8221; global_colors_info=&#8221;{}&#8221;][et_pb_column type=&#8221;3_5&#8243; _builder_version=&#8221;4.23.1&#8243; _module_preset=&#8221;default&#8221; animation_style=&#8221;slide&#8221; animation_direction=&#8221;left&#8221; global_colors_info=&#8221;{}&#8221;][et_pb_text _builder_version=&#8221;4.25.1&#8243; _module_preset=&#8221;default&#8221; text_text_color=&#8221;#D60072&#8243; text_font_size=&#8221;19px&#8221; custom_margin=&#8221;||10px|||&#8221; hover_enabled=&#8221;0&#8243; global_colors_info=&#8221;{}&#8221; sticky_enabled=&#8221;0&#8243;]BEHANDLUNG MIT PLASMA REICH AN WACHSTUMSFAKTOREN[\/et_pb_text][et_pb_divider _builder_version=&#8221;4.25.1&#8243; _module_preset=&#8221;default&#8221; custom_margin=&#8221;0px||0px||false|false&#8221; custom_padding=&#8221;0px||2px||false|false&#8221; global_colors_info=&#8221;{}&#8221;][\/et_pb_divider][et_pb_text _builder_version=&#8221;4.25.1&#8243; _module_preset=&#8221;default&#8221; text_text_color=&#8221;#D60072&#8243; text_font_size=&#8221;17px&#8221; custom_margin=&#8221;-19px||0px||false|false&#8221; custom_padding=&#8221;0px||20px||false|false&#8221; global_colors_info=&#8221;{}&#8221;]<\/p>\n<p style=\"text-align: center;\">ENDORET-PRGF | Endogenous Regenerative Technology<\/p>\n<p>[\/et_pb_text][et_pb_text _builder_version=&#8221;4.25.1&#8243; _module_preset=&#8221;default&#8221; hover_enabled=&#8221;0&#8243; global_colors_info=&#8221;{}&#8221; sticky_enabled=&#8221;0&#8243;]Diese neuartige Technologie, die auf der regenerativen Medizin basiert, besteht darin, sehr lokalisiert Wachstumsfaktoren anzuwenden, die aus dem eigenen Blut der Patientin gewonnen werden (\u201cPlasma Rich in Growth Factors oder PRGF, englische Abk\u00fcrzung).[\/et_pb_text][et_pb_text _builder_version=&#8221;4.25.1&#8243; _module_preset=&#8221;default&#8221; text_text_color=&#8221;#D60072&#8243; text_font_size=&#8221;17px&#8221; custom_margin=&#8221;||12px|||&#8221; hover_enabled=&#8221;0&#8243; global_colors_info=&#8221;{}&#8221; sticky_enabled=&#8221;0&#8243;]<\/p>\n<p><strong>PRGF im Endometrium (Geb\u00e4rmutterschleimhaut)<\/strong><\/p>\n<p>[\/et_pb_text][et_pb_text _builder_version=&#8221;4.25.1&#8243; _module_preset=&#8221;default&#8221; hover_enabled=&#8221;0&#8243; global_colors_info=&#8221;{}&#8221; sticky_enabled=&#8221;0&#8243;]<\/p>\n<p>Der Zustand des Endometriums ist bei assistierten Reproduktionsbehandlungen entscheidend, da optimale Bedingungen f\u00fcr die Implantation erforderlich sind.<\/p>\n<p>Es wurde gezeigt, dass die Anwendung von PRGF die Dicke des Endometriums bei <strong>Patientinnen mit refrakt\u00e4rem Endometrium<\/strong> (das hei\u00dft, bei dem das Endometrium trotz hormoneller Vorbereitung nicht die angemessene Dicke erreicht) erh\u00f6hen kann. Dies geschieht durch die Stimulierung der Proliferation und Sekretion essentieller Biomolek\u00fcle zur Verbesserung des Endometriumgewebes. Zudem verbessert PRGF das biologische Umfeld des Endometriums, wodurch es empf\u00e4nglicher f\u00fcr die Implantation des Embryos wird und die reproduktiven Prognosen verbessert.<\/p>\n<p>[\/et_pb_text][et_pb_text _builder_version=&#8221;4.25.1&#8243; _module_preset=&#8221;default&#8221; text_font=&#8221;|300|||||||&#8221; text_text_color=&#8221;#D60072&#8243; text_font_size=&#8221;31px&#8221; custom_margin=&#8221;||-8px|||&#8221; custom_padding=&#8221;20px|20px|20px|20px|false|false&#8221; hover_enabled=&#8221;0&#8243; border_color_all=&#8221;#D60072&#8243; border_width_bottom=&#8221;1px&#8221; global_colors_info=&#8221;{}&#8221; sticky_enabled=&#8221;0&#8243;]In welchen F\u00e4llen ist es angezeigt?[\/et_pb_text][et_pb_text _builder_version=&#8221;4.25.1&#8243; _module_preset=&#8221;default&#8221; text_font=&#8221;|300|||||||&#8221; text_text_color=&#8221;#3A3236&#8243; text_font_size=&#8221;27px&#8221; text_line_height=&#8221;1.2em&#8221; custom_padding=&#8221;20px|20px|20px|20px|false|false&#8221; hover_enabled=&#8221;0&#8243; border_color_all=&#8221;#D60072&#8243; global_colors_info=&#8221;{}&#8221; sticky_enabled=&#8221;0&#8243;]<\/p>\n<p>Patientinnen mit REFRAKT\u00c4REM ENDOMETRIUM oder IMPLANTATIONSVERSAGEN<\/p>\n<p>[\/et_pb_text][et_pb_text _builder_version=&#8221;4.25.1&#8243; _module_preset=&#8221;default&#8221; hover_enabled=&#8221;0&#8243; global_colors_info=&#8221;{}&#8221; sticky_enabled=&#8221;0&#8243;]<\/p>\n<p>Der Einsatz von PRGF im Endometrium bietet auch eine wirksame Alternative f\u00fcr <strong>Patientinnen mit Implantationsversagen<\/strong>, d.h. f\u00fcr jene, die nach mehreren Transfers von qualitativ hochwertigen Embryonen nicht schwanger werden. In solchen F\u00e4llen sind die therapeutischen Optionen mit nachgewiesener Wirksamkeit stark begrenzt. Die Wirkung von PRGF im Endometrium dieser Patientinnen besteht darin, ihre Zellen zu stimulieren, sodass diese beginnen, mehr Progesteron- und \u00d6strogenrezeptoren zu sezernieren, was zu einer verst\u00e4rkten Bildung von Adh\u00e4sionsmolek\u00fclen f\u00fcr den Embryo f\u00fchrt.<\/p>\n<p>[\/et_pb_text][et_pb_text _builder_version=&#8221;4.25.1&#8243; _module_preset=&#8221;default&#8221; text_text_color=&#8221;#D60072&#8243; text_font_size=&#8221;17px&#8221; custom_margin=&#8221;||12px|||&#8221; hover_enabled=&#8221;0&#8243; global_colors_info=&#8221;{}&#8221; sticky_enabled=&#8221;0&#8243;]<strong>Vorteile der Verwendung von PRGF in der assistierten Reproduktion<\/strong>[\/et_pb_text][et_pb_text _builder_version=&#8221;4.25.1&#8243; _module_preset=&#8221;default&#8221; hover_enabled=&#8221;0&#8243; global_colors_info=&#8221;{}&#8221; sticky_enabled=&#8221;0&#8243;]<\/p>\n<p><strong>AUTOLOG:<\/strong><br \/>PRGF wird aus dem Blut der Patientin gewonnen, die es erhalten soll, wodurch das Risiko von Nebenwirkungen, Inkompatibilit\u00e4t oder Allergien reduziert wird.<\/p>\n<p><strong>EINFACH:<\/strong><br \/>Die Gewinnung von PRGF ist f\u00fcr die Frau ein unkomplizierter Verfahren, da lediglich eine Blutentnahme erforderlich ist. Auch die Injektion von PRGF in die Geb\u00e4rmutter ist schmerzfrei und unkompliziert. Dieser Vorgang erfolgt mit einer feinen Kan\u00fcle durch den Geb\u00e4rmutterhals. Daher \u00e4hnelt er einem Embryotransfer und erfordert keine An\u00e4sthesie.<\/p>\n<p><strong>BEQUEM:<\/strong><br \/>Aus einer Blutentnahme k\u00f6nnen in der Regel mehrere Dosen PRGF (f\u00fcr mehrere Injektionen) gewonnen werden, die dann eingefroren werden k\u00f6nnen.<\/p>\n<p><img loading=\"lazy\" decoding=\"async\" src=\"https:\/\/centromedicomanzanera.com\/wp-content\/uploads\/2024\/05\/comodoDE.jpg\" width=\"615\" height=\"203\" alt=\"\" class=\"wp-image-370507 alignnone size-full\" srcset=\"https:\/\/centromedicomanzanera.com\/wp-content\/uploads\/2024\/05\/comodoDE.jpg 615w, https:\/\/centromedicomanzanera.com\/wp-content\/uploads\/2024\/05\/comodoDE-480x158.jpg 480w\" sizes=\"(min-width: 0px) and (max-width: 480px) 480px, (min-width: 481px) 615px, 100vw\" \/><\/p>\n<p>Die Verwendung von PRGF \u2013 ENDORET\u00ae zur Aufbereitung des Endometriums oder zur Behandlung von eingeschr\u00e4nkter Eierstockreserve kann neue Wege zur Wiederherstellung der Fruchtbarkeit er\u00f6ffnen.<\/p>\n<p><strong>Optimale embryonale Implantation. Ein Schritt nach vorn in der Fertilit\u00e4tsbehandlung.<br \/><\/strong><br \/>Das aus dem Blut gewonnene Plasma enth\u00e4lt eine optimale Konzentration an Proteinen und Wachstumsfaktoren, die die Regeneration verbessert und die Ergebnisse der \u00fcblichen klinischen Behandlungen verst\u00e4rkt.<\/p>\n<p>[\/et_pb_text][et_pb_text _builder_version=&#8221;4.25.1&#8243; _module_preset=&#8221;default&#8221; text_text_color=&#8221;#D60072&#8243; text_font_size=&#8221;17px&#8221; custom_margin=&#8221;||12px|||&#8221; hover_enabled=&#8221;0&#8243; global_colors_info=&#8221;{}&#8221; sticky_enabled=&#8221;0&#8243;]<strong>PRGF im Eierstock <\/strong>[\/et_pb_text][et_pb_text _builder_version=&#8221;4.25.1&#8243; _module_preset=&#8221;default&#8221; hover_enabled=&#8221;0&#8243; global_colors_info=&#8221;{}&#8221; sticky_enabled=&#8221;0&#8243;]Auch im Eierstock kann PRGF injiziert werden, um die Regeneration des Ovarialgewebes zu f\u00f6rdern. Obwohl diese Technik derzeit experimenteller ist als im Fall des Endometriums, ist das Ziel, die ovarielle Funktion wiederherzustellen, indem die Entwicklung der Follikel angeregt wird.[\/et_pb_text][et_pb_text _builder_version=&#8221;4.25.1&#8243; _module_preset=&#8221;default&#8221; text_font=&#8221;|300|||||||&#8221; text_text_color=&#8221;#D60072&#8243; text_font_size=&#8221;31px&#8221; custom_margin=&#8221;||-8px|||&#8221; custom_padding=&#8221;20px|20px|20px|20px|false|false&#8221; hover_enabled=&#8221;0&#8243; border_color_all=&#8221;#D60072&#8243; border_width_bottom=&#8221;1px&#8221; global_colors_info=&#8221;{}&#8221; sticky_enabled=&#8221;0&#8243;]In welchen F\u00e4llen ist es angezeigt?[\/et_pb_text][et_pb_text _builder_version=&#8221;4.25.1&#8243; _module_preset=&#8221;default&#8221; text_font=&#8221;|300|||||||&#8221; text_text_color=&#8221;#3A3236&#8243; text_font_size=&#8221;27px&#8221; text_line_height=&#8221;1.2em&#8221; custom_padding=&#8221;20px|20px|20px|20px|false|false&#8221; hover_enabled=&#8221;0&#8243; border_color_all=&#8221;#D60072&#8243; global_colors_info=&#8221;{}&#8221; sticky_enabled=&#8221;0&#8243;]Patientinnen mit GERINGER EIZELLRESERVE oder VORZEITIGER EIERSTOCKINSUFFIZIENZ[\/et_pb_text][et_pb_text _builder_version=&#8221;4.25.1&#8243; _module_preset=&#8221;default&#8221; text_text_color=&#8221;#D60072&#8243; text_font_size=&#8221;17px&#8221; custom_margin=&#8221;||12px|||&#8221; hover_enabled=&#8221;0&#8243; global_colors_info=&#8221;{}&#8221; sticky_enabled=&#8221;0&#8243;] Diese Technik sollte mit einer vorherigen individuellen Bewertung durchgef\u00fchrt werden, insbesondere bei Frauen unter 42 Jahren, wobei der AMH-Wert der Patientin ber\u00fccksichtigt wird. [\/et_pb_text][et_pb_text _builder_version=&#8221;4.25.1&#8243; _module_preset=&#8221;default&#8221; hover_enabled=&#8221;0&#8243; global_colors_info=&#8221;{}&#8221; sticky_enabled=&#8221;0&#8243;]<\/p>\n<p>Es ist wichtig zu beachten, dass <strong>die Technik der Eierstock-Rejuvenation nicht zur &#8220;Verj\u00fcngung&#8221; angewendet wird, sondern darauf abzielt, eine gr\u00f6\u00dfere Menge an Eizellen zu erreichen<\/strong>. Sie erscheint als L\u00f6sung, um die ovarielle Funktion wiederherzustellen, indem die Entwicklung der Follikel angeregt wird.<\/p>\n<p>[\/et_pb_text][\/et_pb_column][et_pb_column type=&#8221;2_5&#8243; _builder_version=&#8221;4.23.1&#8243; _module_preset=&#8221;default&#8221; animation_style=&#8221;slide&#8221; animation_direction=&#8221;left&#8221; global_colors_info=&#8221;{}&#8221;][et_pb_image src=&#8221;https:\/\/centromedicomanzanera.com\/wp-content\/uploads\/2024\/03\/prp2.jpg&#8221; title_text=&#8221;prp2&#8243; _builder_version=&#8221;4.24.2&#8243; _module_preset=&#8221;default&#8221; custom_margin=&#8221;33px|||||&#8221; border_width_all=&#8221;3px&#8221; border_color_all=&#8221;#FFFFFF&#8221; box_shadow_style=&#8221;preset1&#8243; global_colors_info=&#8221;{}&#8221;][\/et_pb_image][\/et_pb_column][\/et_pb_row][\/et_pb_section]<\/p>\n","protected":false},"excerpt":{"rendered":"<p>BEHANDLUNG MIT PLASMA REICH AN WACHSTUMSFAKTORENENDORET-PRGF | Endogenous Regenerative TechnologyDiese neuartige Technologie, die auf der regenerativen Medizin basiert, besteht darin, sehr lokalisiert Wachstumsfaktoren anzuwenden, die aus dem eigenen Blut der Patientin gewonnen werden (\u201cPlasma Rich in Growth Factors oder PRGF, englische Abk\u00fcrzung).PRGF im Endometrium (Geb\u00e4rmutterschleimhaut)Der Zustand des Endometriums ist bei assistierten Reproduktionsbehandlungen entscheidend, da optimale [&hellip;]<\/p>\n","protected":false},"author":3,"featured_media":0,"parent":370317,"menu_order":0,"comment_status":"closed","ping_status":"closed","template":"","meta":{"_et_pb_use_builder":"on","_et_pb_old_content":"","_et_gb_content_width":"","footnotes":""},"class_list":["post-370503","page","type-page","status-publish","hentry"],"_links":{"self":[{"href":"https:\/\/centromedicomanzanera.com\/de\/wp-json\/wp\/v2\/pages\/370503","targetHints":{"allow":["GET"]}}],"collection":[{"href":"https:\/\/centromedicomanzanera.com\/de\/wp-json\/wp\/v2\/pages"}],"about":[{"href":"https:\/\/centromedicomanzanera.com\/de\/wp-json\/wp\/v2\/types\/page"}],"author":[{"embeddable":true,"href":"https:\/\/centromedicomanzanera.com\/de\/wp-json\/wp\/v2\/users\/3"}],"replies":[{"embeddable":true,"href":"https:\/\/centromedicomanzanera.com\/de\/wp-json\/wp\/v2\/comments?post=370503"}],"version-history":[{"count":0,"href":"https:\/\/centromedicomanzanera.com\/de\/wp-json\/wp\/v2\/pages\/370503\/revisions"}],"up":[{"embeddable":true,"href":"https:\/\/centromedicomanzanera.com\/de\/wp-json\/wp\/v2\/pages\/370317"}],"wp:attachment":[{"href":"https:\/\/centromedicomanzanera.com\/de\/wp-json\/wp\/v2\/media?parent=370503"}],"curies":[{"name":"wp","href":"https:\/\/api.w.org\/{rel}","templated":true}]}}