{"id":370492,"date":"2023-11-20T11:58:29","date_gmt":"2023-11-20T11:58:29","guid":{"rendered":"https:\/\/centromedicomanzanera.com\/reproduccion-asistida\/preservacion-de-la-fertilidad\/"},"modified":"2024-05-31T12:28:50","modified_gmt":"2024-05-31T12:28:50","slug":"fertilitaetserhaltung","status":"publish","type":"page","link":"https:\/\/centromedicomanzanera.com\/de\/fertilitaet\/fertilitaetserhaltung\/","title":{"rendered":"Preservaci\u00f3n de la Fertilidad DE"},"content":{"rendered":"<p>[et_pb_section fb_built=&#8221;1&#8243; _builder_version=&#8221;4.23.1&#8243; _module_preset=&#8221;default&#8221; custom_padding=&#8221;0px||5px||false|false&#8221; global_colors_info=&#8221;{}&#8221;][et_pb_row _builder_version=&#8221;4.23.1&#8243; _module_preset=&#8221;default&#8221; width=&#8221;100%&#8221; max_width=&#8221;100%&#8221; custom_margin=&#8221;0px||||false|false&#8221; custom_padding=&#8221;0px||||false|false&#8221; global_colors_info=&#8221;{}&#8221;][et_pb_column type=&#8221;4_4&#8243; _builder_version=&#8221;4.23.1&#8243; _module_preset=&#8221;default&#8221; global_colors_info=&#8221;{}&#8221;][et_pb_image src=&#8221;https:\/\/centromedicomanzanera.com\/wp-content\/uploads\/2024\/02\/preservacion.jpg&#8221; title_text=&#8221;preservacion&#8221; _builder_version=&#8221;4.24.2&#8243; _module_preset=&#8221;default&#8221; global_colors_info=&#8221;{}&#8221;][\/et_pb_image][\/et_pb_column][\/et_pb_row][et_pb_row _builder_version=&#8221;4.24.0&#8243; _module_preset=&#8221;default&#8221; custom_margin=&#8221;||0px||false|false&#8221; custom_padding=&#8221;||0px||false|false&#8221; animation_style=&#8221;fade&#8221; global_colors_info=&#8221;{}&#8221;][et_pb_column type=&#8221;4_4&#8243; _builder_version=&#8221;4.24.0&#8243; _module_preset=&#8221;default&#8221; global_colors_info=&#8221;{}&#8221;][et_pb_text _builder_version=&#8221;4.25.1&#8243; _module_preset=&#8221;default&#8221; text_text_color=&#8221;#D60072&#8243; text_font_size=&#8221;19px&#8221; custom_margin=&#8221;||10px|||&#8221; global_colors_info=&#8221;{}&#8221;]FERTILIT\u00c4TSERHALTUNG[\/et_pb_text][et_pb_divider _builder_version=&#8221;4.24.0&#8243; _module_preset=&#8221;default&#8221; custom_margin=&#8221;||0px||false|false&#8221; custom_padding=&#8221;||0px||false|false&#8221; global_colors_info=&#8221;{}&#8221;][\/et_pb_divider][\/et_pb_column][\/et_pb_row][et_pb_row column_structure=&#8221;2_5,3_5&#8243; _builder_version=&#8221;4.24.0&#8243; _module_preset=&#8221;default&#8221; custom_margin=&#8221;|auto|0px|auto|false|false&#8221; custom_padding=&#8221;12px||50px||false|false&#8221; global_colors_info=&#8221;{}&#8221;][et_pb_column type=&#8221;2_5&#8243; _builder_version=&#8221;4.23.1&#8243; _module_preset=&#8221;default&#8221; animation_style=&#8221;slide&#8221; animation_direction=&#8221;left&#8221; global_colors_info=&#8221;{}&#8221;][et_pb_text _builder_version=&#8221;4.25.1&#8243; _module_preset=&#8221;default&#8221; custom_margin=&#8221;||18px|||&#8221; hover_enabled=&#8221;0&#8243; global_colors_info=&#8221;{}&#8221; sticky_enabled=&#8221;0&#8243;]<\/p>\n<h5 align=\"center\" style=\"text-align: left;\">Erm\u00f6glicht es Ihnen, den Zeitpunkt der Elternschaft aufzuschieben, bis Sie es entscheiden.<o:p><\/o:p><\/h5>\n<p>[\/et_pb_text][et_pb_text _builder_version=&#8221;4.25.1&#8243; _module_preset=&#8221;default&#8221; global_colors_info=&#8221;{}&#8221;]<\/p>\n<p><strong>EIZELLVITRIFIZIERUNG<br \/><\/strong><br \/>Die Vitrifizierung ist eine neue Technik, die es erm\u00f6glicht, die Eizellen einer Frau einzufrieren, damit sie in Zukunft verwendet werden k\u00f6nnen, wenn Sie ein Kind bekommen m\u00f6chten. In Spanien hat diese Technik die Geburt vieler Kinder erm\u00f6glicht, mit einer Erfolgsquote \u00e4hnlich der bei frischen Eizellen.<\/p>\n<p>Diese Technik ist in folgenden F\u00e4llen geeignet:<\/p>\n<ul>\n<li><strong>Frauen, die ihre Fruchtbarkeit erhalten m\u00f6chten<\/strong>: junge Frauen mit oder ohne Partner, die aus pers\u00f6nlichen oder beruflichen Gr\u00fcnden die Mutterschaft verschieben m\u00f6chten.<\/li>\n<li><strong>Frauen, die sich einer Krebsbehandlung unterziehen m\u00fcssen:<\/strong> Chemotherapie und Strahlentherapie k\u00f6nnen irreversible Sch\u00e4den an den Eizellen verursachen, daher erm\u00f6glicht die Vitrifizierung von Eizellen, nach \u00dcberwindung der Krankheit ein Kind zu bekommen.<\/li>\n<li><strong>Paare, die eine Fruchtbarkeitsbehandlung durchf\u00fchren und aus moralischen Gr\u00fcnden keine Embryonen einfrieren m\u00f6chten.<\/strong><\/li>\n<li><strong>Frauen mit geringer Eierstockreserve:<\/strong> Diese Technik erm\u00f6glicht es, Eizellen aus verschiedenen Stimulationszyklen zu sammeln, bevor eine Fruchtbarkeitsbehandlung durchgef\u00fchrt wird.<\/li>\n<\/ul>\n<p>[\/et_pb_text][et_pb_image src=&#8221;https:\/\/centromedicomanzanera.com\/wp-content\/uploads\/2024\/02\/preservacion2.jpg&#8221; title_text=&#8221;preservacion2&#8243; _builder_version=&#8221;4.24.2&#8243; _module_preset=&#8221;default&#8221; border_width_all=&#8221;3px&#8221; border_color_all=&#8221;#FFFFFF&#8221; box_shadow_style=&#8221;preset1&#8243; box_shadow_spread=&#8221;-8px&#8221; global_colors_info=&#8221;{}&#8221;][\/et_pb_image][et_pb_text _builder_version=&#8221;4.25.1&#8243; _module_preset=&#8221;default&#8221; global_colors_info=&#8221;{}&#8221;]<\/p>\n<p>SAMENKRYOKONSERVIERUNG<\/p>\n<p>Die Kryokonservierung einer Samenprobe erm\u00f6glicht die Verwendung des Samens zu einem sp\u00e4teren Zeitpunkt zur Befruchtung von Eizellen.<\/p>\n<p>Diese Technik wird in folgenden F\u00e4llen empfohlen:<\/p>\n<ul>\n<li><strong>M\u00e4nner, die sich einer Krebsbehandlung unterziehen m\u00fcssen:<\/strong> Chemotherapie und Strahlentherapie k\u00f6nnen irreversible Sch\u00e4den am Sperma verursachen, weshalb die Kryokonservierung des Samens die M\u00f6glichkeit bietet, nach \u00dcberwindung der Krankheit Kinder zu zeugen.<\/li>\n<li><strong>Vor jedem Fruchtbarkeitsbehandlung, wenn der Patient Schwierigkeiten hat, die Probe zu erhalten oder Verf\u00fcgbarkeitsprobleme hat.\u00a0<\/strong>Auf diese Weise kann die Probe am Tag der Insemination oder der Eizellentnahme verwendet werden, wenn der Mann aus irgendeinem Grund keine Samenprobe an diesem Tag abgeben kann.<\/li>\n<\/ul>\n<p>[\/et_pb_text][\/et_pb_column][et_pb_column type=&#8221;3_5&#8243; _builder_version=&#8221;4.23.1&#8243; _module_preset=&#8221;default&#8221; animation_style=&#8221;slide&#8221; animation_direction=&#8221;right&#8221; global_colors_info=&#8221;{}&#8221;][et_pb_text _builder_version=&#8221;4.25.1&#8243; _module_preset=&#8221;default&#8221; text_text_color=&#8221;#D60072&#8243; text_font_size=&#8221;16px&#8221; hover_enabled=&#8221;0&#8243; global_colors_info=&#8221;{}&#8221; sticky_enabled=&#8221;0&#8243;]<\/p>\n<p style=\"text-align: center;\">SCHRITTE EINES VERFAHRENS ZUR EIZELLVITRIFIZIERUNG<\/p>\n<p>[\/et_pb_text][et_pb_divimenus_flex direction=&#8221;column&#8221; menu_button_content=&#8221;text&#8221; hide_button=&#8221;on&#8221; force_fullwidth=&#8221;on&#8221; menu_button_scale=&#8221;off&#8221; menu_item_image_size=&#8221;70px&#8221; hover_click=&#8221;click&#8221; _builder_version=&#8221;4.25.1&#8243; _module_preset=&#8221;default&#8221; menu_item_font_size=&#8221;26px&#8221; background_color=&#8221;#ededed&#8221; transform_translate_linked__hover=&#8221;off&#8221; custom_margin=&#8221;9px||9px|||&#8221; border_color_all=&#8221;#d8d8d8&#8243; global_colors_info=&#8221;{}&#8221; transform_styles__hover_enabled=&#8221;on|hover&#8221; transform_scale__hover_enabled=&#8221;on|desktop&#8221; transform_translate__hover_enabled=&#8221;on|hover&#8221; transform_rotate__hover_enabled=&#8221;on|desktop&#8221; transform_skew__hover_enabled=&#8221;on|desktop&#8221; transform_origin__hover_enabled=&#8221;on|desktop&#8221; transform_translate__hover=&#8221;0px|-13px&#8221;][et_pb_divimenus_flex_item title=&#8221;1) Ovariale Stimulation&#8221; alignment=&#8221;center&#8221; text_use_icon=&#8221;on&#8221; icon_type=&#8221;image&#8221; text_image=&#8221;https:\/\/centromedicomanzanera.com\/wp-content\/uploads\/2024\/02\/iconos18.png&#8221; text_icon_padding=&#8221;1em&#8221; text_image_size=&#8221;100px&#8221; link_type=&#8221;sub&#8221; sub_layout=&#8221;368273&#8243; sub_preview=&#8221;on&#8221; sub_custom=&#8221;on&#8221; sub_display=&#8221;inline&#8221; sub_width=&#8221;100%&#8221; arrow_offset=&#8221;5px&#8221; sub_arrow=&#8221;on&#8221; arrow_color=&#8221;#D60072&#8243; hover_click=&#8221;click&#8221; effect_in=&#8221;fade&#8221; effect_out=&#8221;fade&#8221; text_image_size_tablet=&#8221;100px&#8221; text_image_size_phone=&#8221;75px&#8221; text_image_size_last_edited=&#8221;on|phone&#8221; sub_width_tablet=&#8221;100%&#8221; sub_width_phone=&#8221;319px&#8221; sub_width_last_edited=&#8221;on|phone&#8221; _builder_version=&#8221;4.25.1&#8243; _module_preset=&#8221;default&#8221; item_font=&#8221;||||||||&#8221; item_text_color=&#8221;#D60072&#8243; item_font_size=&#8221;20px&#8221; background_color=&#8221;RGBA(255,255,255,0)&#8221; background_enable_color=&#8221;on&#8221; module_alignment=&#8221;center&#8221; custom_margin=&#8221;||||false|false&#8221; custom_padding=&#8221;|50px||50px|false|false&#8221; custom_padding_tablet=&#8221;|50px||50px|false|false&#8221; custom_padding_phone=&#8221;|10px||10px|false|false&#8221; custom_padding_last_edited=&#8221;on|phone&#8221; item_font_size_tablet=&#8221;24px&#8221; item_font_size_phone=&#8221;21px&#8221; item_font_size_last_edited=&#8221;on|phone&#8221; module_alignment_tablet=&#8221;center&#8221; module_alignment_phone=&#8221;center&#8221; module_alignment_last_edited=&#8221;on|phone&#8221; global_colors_info=&#8221;{}&#8221; direction=&#8221;column&#8221; force_fullwidth=&#8221;on&#8221;][\/et_pb_divimenus_flex_item][\/et_pb_divimenus_flex][et_pb_icon font_icon=&#8221;&#xf063;||fa||900&#8243; icon_width=&#8221;27px&#8221; _builder_version=&#8221;4.24.0&#8243; _module_preset=&#8221;default&#8221; custom_margin=&#8221;||9px|||&#8221; global_colors_info=&#8221;{}&#8221;][\/et_pb_icon][et_pb_divimenus_flex direction=&#8221;column&#8221; menu_button_content=&#8221;text&#8221; hide_button=&#8221;on&#8221; force_fullwidth=&#8221;on&#8221; menu_button_scale=&#8221;off&#8221; menu_item_image_size=&#8221;70px&#8221; hover_click=&#8221;click&#8221; _builder_version=&#8221;4.25.1&#8243; _module_preset=&#8221;default&#8221; menu_item_font_size=&#8221;26px&#8221; background_color=&#8221;#ededed&#8221; custom_margin=&#8221;9px||9px|||&#8221; border_color_all=&#8221;#d8d8d8&#8243; global_colors_info=&#8221;{}&#8221; transform_styles__hover_enabled=&#8221;on|hover&#8221; transform_scale__hover_enabled=&#8221;on|desktop&#8221; transform_translate__hover=&#8221;0px|-13px&#8221; transform_translate__hover_enabled=&#8221;on|hover&#8221; transform_rotate__hover_enabled=&#8221;on|desktop&#8221; transform_skew__hover_enabled=&#8221;on|desktop&#8221; transform_origin__hover_enabled=&#8221;on|desktop&#8221;][et_pb_divimenus_flex_item title=&#8221;2) Follikelpunktion (Eizellentnahme) &#8221; alignment=&#8221;center&#8221; text_use_icon=&#8221;on&#8221; icon_type=&#8221;image&#8221; text_image=&#8221;https:\/\/centromedicomanzanera.com\/wp-content\/uploads\/2024\/02\/iconos19.png&#8221; text_icon_padding=&#8221;1em&#8221; text_image_size=&#8221;100px&#8221; link_type=&#8221;sub&#8221; sub_layout=&#8221;368281&#8243; sub_preview=&#8221;on&#8221; sub_custom=&#8221;on&#8221; sub_display=&#8221;inline&#8221; sub_width=&#8221;100%&#8221; arrow_offset=&#8221;5px&#8221; sub_arrow=&#8221;on&#8221; arrow_color=&#8221;#D60072&#8243; hover_click=&#8221;click&#8221; effect_in=&#8221;fade&#8221; effect_out=&#8221;fade&#8221; text_image_size_tablet=&#8221;100px&#8221; text_image_size_phone=&#8221;75px&#8221; text_image_size_last_edited=&#8221;on|phone&#8221; sub_width_tablet=&#8221;100%&#8221; sub_width_phone=&#8221;319px&#8221; sub_width_last_edited=&#8221;on|phone&#8221; _builder_version=&#8221;4.25.1&#8243; _module_preset=&#8221;default&#8221; item_font=&#8221;||||||||&#8221; item_text_color=&#8221;#D60072&#8243; item_font_size=&#8221;20px&#8221; background_color=&#8221;RGBA(255,255,255,0)&#8221; background_enable_color=&#8221;on&#8221; module_alignment=&#8221;center&#8221; custom_margin=&#8221;||||false|false&#8221; custom_padding=&#8221;|50px||50px|false|false&#8221; custom_padding_tablet=&#8221;|50px||50px|false|false&#8221; custom_padding_phone=&#8221;|10px||10px|false|false&#8221; custom_padding_last_edited=&#8221;on|phone&#8221; item_font_size_tablet=&#8221;24px&#8221; item_font_size_phone=&#8221;21px&#8221; item_font_size_last_edited=&#8221;on|phone&#8221; module_alignment_tablet=&#8221;center&#8221; module_alignment_phone=&#8221;center&#8221; module_alignment_last_edited=&#8221;on|phone&#8221; global_colors_info=&#8221;{}&#8221; direction=&#8221;column&#8221; force_fullwidth=&#8221;on&#8221;][\/et_pb_divimenus_flex_item][\/et_pb_divimenus_flex][et_pb_icon font_icon=&#8221;&#xf063;||fa||900&#8243; icon_width=&#8221;27px&#8221; _builder_version=&#8221;4.24.0&#8243; _module_preset=&#8221;default&#8221; custom_margin=&#8221;||9px|||&#8221; global_colors_info=&#8221;{}&#8221;][\/et_pb_icon][et_pb_divimenus_flex direction=&#8221;column&#8221; menu_button_content=&#8221;text&#8221; hide_button=&#8221;on&#8221; force_fullwidth=&#8221;on&#8221; menu_button_scale=&#8221;off&#8221; menu_item_image_size=&#8221;70px&#8221; hover_click=&#8221;click&#8221; _builder_version=&#8221;4.25.1&#8243; _module_preset=&#8221;default&#8221; menu_item_font_size=&#8221;26px&#8221; background_color=&#8221;#ededed&#8221; custom_margin=&#8221;9px||9px|||&#8221; border_color_all=&#8221;#d8d8d8&#8243; global_colors_info=&#8221;{}&#8221; transform_styles__hover_enabled=&#8221;on|hover&#8221; transform_scale__hover_enabled=&#8221;on|desktop&#8221; transform_translate__hover=&#8221;0px|-13px&#8221; transform_translate__hover_enabled=&#8221;on|hover&#8221; transform_rotate__hover_enabled=&#8221;on|desktop&#8221; transform_skew__hover_enabled=&#8221;on|desktop&#8221; transform_origin__hover_enabled=&#8221;on|desktop&#8221;][et_pb_divimenus_flex_item title=&#8221;3) Eizellvitrifizierung&#8221; alignment=&#8221;center&#8221; text_use_icon=&#8221;on&#8221; icon_type=&#8221;image&#8221; text_image=&#8221;https:\/\/centromedicomanzanera.com\/wp-content\/uploads\/2023\/12\/iconos17.png&#8221; text_icon_padding=&#8221;1em&#8221; text_image_size=&#8221;100px&#8221; link_type=&#8221;sub&#8221; sub_layout=&#8221;370423&#8243; sub_preview=&#8221;on&#8221; sub_custom=&#8221;on&#8221; sub_display=&#8221;inline&#8221; sub_width=&#8221;100%&#8221; arrow_offset=&#8221;5px&#8221; sub_arrow=&#8221;on&#8221; arrow_color=&#8221;#D60072&#8243; hover_click=&#8221;click&#8221; effect_in=&#8221;fade&#8221; effect_out=&#8221;fade&#8221; text_image_size_tablet=&#8221;100px&#8221; text_image_size_phone=&#8221;75px&#8221; text_image_size_last_edited=&#8221;on|phone&#8221; sub_width_tablet=&#8221;100%&#8221; sub_width_phone=&#8221;319px&#8221; sub_width_last_edited=&#8221;on|phone&#8221; _builder_version=&#8221;4.25.1&#8243; _module_preset=&#8221;default&#8221; item_font=&#8221;||||||||&#8221; item_text_color=&#8221;#D60072&#8243; item_font_size=&#8221;20px&#8221; background_color=&#8221;RGBA(255,255,255,0)&#8221; background_enable_color=&#8221;on&#8221; module_alignment=&#8221;center&#8221; custom_margin=&#8221;||||false|false&#8221; custom_padding=&#8221;|50px||50px|false|false&#8221; custom_padding_tablet=&#8221;|50px||50px|false|false&#8221; custom_padding_phone=&#8221;|10px||10px|false|false&#8221; custom_padding_last_edited=&#8221;on|phone&#8221; item_font_size_tablet=&#8221;24px&#8221; item_font_size_phone=&#8221;21px&#8221; item_font_size_last_edited=&#8221;on|phone&#8221; module_alignment_tablet=&#8221;center&#8221; module_alignment_phone=&#8221;center&#8221; module_alignment_last_edited=&#8221;on|phone&#8221; global_colors_info=&#8221;{}&#8221; direction=&#8221;column&#8221; force_fullwidth=&#8221;on&#8221;][\/et_pb_divimenus_flex_item][\/et_pb_divimenus_flex][\/et_pb_column][\/et_pb_row][\/et_pb_section]<\/p>\n","protected":false},"excerpt":{"rendered":"<p>FERTILIT\u00c4TSERHALTUNGErm\u00f6glicht es Ihnen, den Zeitpunkt der Elternschaft aufzuschieben, bis Sie es entscheiden.EIZELLVITRIFIZIERUNGDie Vitrifizierung ist eine neue Technik, die es erm\u00f6glicht, die Eizellen einer Frau einzufrieren, damit sie in Zukunft verwendet werden k\u00f6nnen, wenn Sie ein Kind bekommen m\u00f6chten. In Spanien hat diese Technik die Geburt vieler Kinder erm\u00f6glicht, mit einer Erfolgsquote \u00e4hnlich der bei frischen [&hellip;]<\/p>\n","protected":false},"author":3,"featured_media":0,"parent":370317,"menu_order":0,"comment_status":"closed","ping_status":"closed","template":"","meta":{"_et_pb_use_builder":"on","_et_pb_old_content":"","_et_gb_content_width":"","footnotes":""},"class_list":["post-370492","page","type-page","status-publish","hentry"],"_links":{"self":[{"href":"https:\/\/centromedicomanzanera.com\/de\/wp-json\/wp\/v2\/pages\/370492","targetHints":{"allow":["GET"]}}],"collection":[{"href":"https:\/\/centromedicomanzanera.com\/de\/wp-json\/wp\/v2\/pages"}],"about":[{"href":"https:\/\/centromedicomanzanera.com\/de\/wp-json\/wp\/v2\/types\/page"}],"author":[{"embeddable":true,"href":"https:\/\/centromedicomanzanera.com\/de\/wp-json\/wp\/v2\/users\/3"}],"replies":[{"embeddable":true,"href":"https:\/\/centromedicomanzanera.com\/de\/wp-json\/wp\/v2\/comments?post=370492"}],"version-history":[{"count":0,"href":"https:\/\/centromedicomanzanera.com\/de\/wp-json\/wp\/v2\/pages\/370492\/revisions"}],"up":[{"embeddable":true,"href":"https:\/\/centromedicomanzanera.com\/de\/wp-json\/wp\/v2\/pages\/370317"}],"wp:attachment":[{"href":"https:\/\/centromedicomanzanera.com\/de\/wp-json\/wp\/v2\/media?parent=370492"}],"curies":[{"name":"wp","href":"https:\/\/api.w.org\/{rel}","templated":true}]}}