{"id":370453,"date":"2024-01-29T17:04:02","date_gmt":"2024-01-29T17:04:02","guid":{"rendered":"https:\/\/centromedicomanzanera.com\/reproduccion-asistida\/embrace\/"},"modified":"2024-05-31T08:08:23","modified_gmt":"2024-05-31T08:08:23","slug":"embrace","status":"publish","type":"page","link":"https:\/\/centromedicomanzanera.com\/de\/fertilitaet\/embrace\/","title":{"rendered":"Embrace DE"},"content":{"rendered":"<p>[et_pb_section fb_built=&#8221;1&#8243; _builder_version=&#8221;4.24.0&#8243; _module_preset=&#8221;default&#8221; custom_margin=&#8221;0px||||false|false&#8221; custom_padding=&#8221;0px||84px||false|false&#8221; global_colors_info=&#8221;{}&#8221;][et_pb_row _builder_version=&#8221;4.24.2&#8243; _module_preset=&#8221;default&#8221; width=&#8221;100%&#8221; max_width=&#8221;100%&#8221; custom_margin=&#8221;0px|auto|22px|auto|false|false&#8221; custom_padding=&#8221;0px||||false|false&#8221; animation_style=&#8221;fade&#8221; global_colors_info=&#8221;{}&#8221;][et_pb_column type=&#8221;4_4&#8243; _builder_version=&#8221;4.23.1&#8243; _module_preset=&#8221;default&#8221; global_colors_info=&#8221;{}&#8221;][et_pb_image src=&#8221;https:\/\/centromedicomanzanera.com\/wp-content\/uploads\/2024\/02\/embrace.jpg&#8221; title_text=&#8221;embrace&#8221; _builder_version=&#8221;4.24.2&#8243; _module_preset=&#8221;default&#8221; global_colors_info=&#8221;{}&#8221;][\/et_pb_image][\/et_pb_column][\/et_pb_row][et_pb_row column_structure=&#8221;3_5,2_5&#8243; _builder_version=&#8221;4.24.2&#8243; _module_preset=&#8221;default&#8221; custom_margin=&#8221;|auto|0px|auto|false|false&#8221; custom_padding=&#8221;12px||0px||false|false&#8221; global_colors_info=&#8221;{}&#8221;][et_pb_column type=&#8221;3_5&#8243; _builder_version=&#8221;4.23.1&#8243; _module_preset=&#8221;default&#8221; animation_style=&#8221;slide&#8221; animation_direction=&#8221;left&#8221; global_colors_info=&#8221;{}&#8221;][et_pb_text _builder_version=&#8221;4.25.1&#8243; _module_preset=&#8221;default&#8221; text_font=&#8221;||||||||&#8221; text_text_color=&#8221;#D60072&#8243; text_font_size=&#8221;19px&#8221; custom_margin=&#8221;||10px|||&#8221; hover_enabled=&#8221;0&#8243; global_colors_info=&#8221;{}&#8221; sticky_enabled=&#8221;0&#8243;]EMBRYOSELEKTION MIT  EMBRACE [\/et_pb_text][et_pb_divider _builder_version=&#8221;4.23.1&#8243; _module_preset=&#8221;default&#8221; custom_margin=&#8221;||2px|||&#8221; global_colors_info=&#8221;{}&#8221;][\/et_pb_divider][et_pb_text _builder_version=&#8221;4.25.1&#8243; _module_preset=&#8221;default&#8221; text_text_color=&#8221;#D60072&#8243; text_font_size=&#8221;17px&#8221; custom_margin=&#8221;||12px|||&#8221; hover_enabled=&#8221;0&#8243; global_colors_info=&#8221;{}&#8221; sticky_enabled=&#8221;0&#8243;]<strong>Embrace: Verbesserte Embryonenauswahl<br \/>\n<\/strong>[\/et_pb_text][et_pb_text _builder_version=&#8221;4.25.1&#8243; _module_preset=&#8221;default&#8221; custom_margin=&#8221;||-1px|||&#8221; hover_enabled=&#8221;0&#8243; global_colors_info=&#8221;{}&#8221; sticky_enabled=&#8221;0&#8243;]<\/p>\n<ul>\n<li>EMBRACE ist ein Test, der das freie embryonale DNA analysiert, die von einem Embryo im Kultivierungsmedium freigesetzt wird, von Tag 4 bis Tag 6\/7 der Entwicklung.<\/li>\n<li>EMBRACE ist nur anwendbar f\u00fcr Blastozysten, die sich an Tag 6\/7 der Entwicklung befinden. Es ist nicht anwendbar f\u00fcr Embryonen mit fr\u00fcherer embryonaler Entwicklung.<\/li>\n<li>EMBRACE klassifiziert die Embryonen nach ihrer Wahrscheinlichkeit, chromosomal normal zu sein. Mit diesen Informationen kann entschieden werden, welcher Embryo in einem IVF-Zyklus zuerst transferiert werden soll, um die Chancen auf eine gesunde Schwangerschaft zu verbessern.<\/li>\n<\/ul>\n<p>[\/et_pb_text][et_pb_text _builder_version=&#8221;4.25.1&#8243; _module_preset=&#8221;default&#8221; text_text_color=&#8221;#D60072&#8243; text_font_size=&#8221;17px&#8221; custom_margin=&#8221;||8px|||&#8221; hover_enabled=&#8221;0&#8243; global_colors_info=&#8221;{}&#8221; sticky_enabled=&#8221;0&#8243;]<strong>EMBRACE ist f\u00fcr alle Patientinnen geeignet, die ihre Schwangerschaftschancen erh\u00f6hen m\u00f6chten, ohne invasive Techniken anwenden zu m\u00fcssen.<\/strong>[\/et_pb_text][\/et_pb_column][et_pb_column type=&#8221;2_5&#8243; _builder_version=&#8221;4.23.1&#8243; _module_preset=&#8221;default&#8221; animation_style=&#8221;slide&#8221; animation_direction=&#8221;left&#8221; global_colors_info=&#8221;{}&#8221;][et_pb_image src=&#8221;https:\/\/centromedicomanzanera.com\/wp-content\/uploads\/2024\/02\/embrace2.jpg&#8221; title_text=&#8221;embrace2&#8243; _builder_version=&#8221;4.24.2&#8243; _module_preset=&#8221;default&#8221; custom_margin=&#8221;32px|||||&#8221; border_width_all=&#8221;3px&#8221; border_color_all=&#8221;#FFFFFF&#8221; box_shadow_style=&#8221;preset1&#8243; box_shadow_spread=&#8221;-9px&#8221; global_colors_info=&#8221;{}&#8221;][\/et_pb_image][\/et_pb_column][\/et_pb_row][\/et_pb_section][et_pb_section fb_built=&#8221;1&#8243; _builder_version=&#8221;4.24.0&#8243; _module_preset=&#8221;default&#8221; background_color=&#8221;rgba(99,99,99,0.08)&#8221; custom_margin=&#8221;||||false|false&#8221; custom_padding=&#8221;40px||3px|||&#8221; global_colors_info=&#8221;{}&#8221;][et_pb_row _builder_version=&#8221;4.24.0&#8243; _module_preset=&#8221;default&#8221; custom_margin=&#8221;0px||0px||false|false&#8221; custom_padding=&#8221;0px||0px||false|false&#8221; global_colors_info=&#8221;{}&#8221;][et_pb_column type=&#8221;4_4&#8243; _builder_version=&#8221;4.24.0&#8243; _module_preset=&#8221;default&#8221; global_colors_info=&#8221;{}&#8221;][et_pb_text _builder_version=&#8221;4.25.1&#8243; _module_preset=&#8221;default&#8221; text_text_color=&#8221;#D60072&#8243; text_font_size=&#8221;17px&#8221; custom_margin=&#8221;0px||0px||false|false&#8221; custom_padding=&#8221;0px||0px||false|false&#8221; hover_enabled=&#8221;0&#8243; global_colors_info=&#8221;{}&#8221; sticky_enabled=&#8221;0&#8243;]<\/p>\n<p style=\"text-align: center;\"><strong>DIE WICHTIGSTEN VORTEILE DES TESTS SIND<\/strong><\/p>\n<p>[\/et_pb_text][\/et_pb_column][\/et_pb_row][et_pb_row column_structure=&#8221;1_3,1_3,1_3&#8243; _builder_version=&#8221;4.24.0&#8243; _module_preset=&#8221;default&#8221; custom_margin=&#8221;|auto|37px|auto||&#8221; global_colors_info=&#8221;{}&#8221;][et_pb_column type=&#8221;1_3&#8243; _builder_version=&#8221;4.24.0&#8243; _module_preset=&#8221;default&#8221; global_colors_info=&#8221;{}&#8221;][et_pb_text _builder_version=&#8221;4.25.1&#8243; _module_preset=&#8221;default&#8221; text_font_size=&#8221;23px&#8221; text_line_height=&#8221;30px&#8221; custom_margin=&#8221;||60px||false|false&#8221; hover_enabled=&#8221;0&#8243; global_colors_info=&#8221;{}&#8221; sticky_enabled=&#8221;0&#8243;]<\/p>\n<p style=\"text-align: center;\">Es ist eine nicht-invasive L\u00f6sung, die eine sicherere und effektivere IVF-Behandlung erm\u00f6glicht.<\/strong><\/p>\n<p>[\/et_pb_text][et_pb_icon font_icon=&#8221;&#xf5a2;||fa||900&#8243; icon_width=&#8221;52px&#8221; _builder_version=&#8221;4.24.0&#8243; _module_preset=&#8221;default&#8221; global_colors_info=&#8221;{}&#8221;][\/et_pb_icon][\/et_pb_column][et_pb_column type=&#8221;1_3&#8243; _builder_version=&#8221;4.24.0&#8243; _module_preset=&#8221;default&#8221; global_colors_info=&#8221;{}&#8221;][et_pb_text _builder_version=&#8221;4.25.1&#8243; _module_preset=&#8221;default&#8221; text_font_size=&#8221;23px&#8221; text_line_height=&#8221;30px&#8221; custom_margin=&#8221;||60px||false|false&#8221; hover_enabled=&#8221;0&#8243; global_colors_info=&#8221;{}&#8221; sticky_enabled=&#8221;0&#8243;]<\/p>\n<p style=\"text-align: center;\">Es reduziert die Anzahl der Zyklen und somit die Zeit, die ben\u00f6tigt wird, um eine Schwangerschaft zu erreichen.<\/p>\n<p>[\/et_pb_text][et_pb_icon font_icon=&#8221;&#xf5a2;||fa||900&#8243; icon_width=&#8221;52px&#8221; _builder_version=&#8221;4.24.0&#8243; _module_preset=&#8221;default&#8221; global_colors_info=&#8221;{}&#8221;][\/et_pb_icon][\/et_pb_column][et_pb_column type=&#8221;1_3&#8243; _builder_version=&#8221;4.24.0&#8243; _module_preset=&#8221;default&#8221; global_colors_info=&#8221;{}&#8221;][et_pb_text _builder_version=&#8221;4.25.1&#8243; _module_preset=&#8221;default&#8221; text_font_size=&#8221;23px&#8221; text_line_height=&#8221;30px&#8221; hover_enabled=&#8221;0&#8243; global_colors_info=&#8221;{}&#8221; sticky_enabled=&#8221;0&#8243;]<\/p>\n<p style=\"text-align: center;\">Es erm\u00f6glicht, Embryo-Biopsien zu vermeiden und die Kosten zu senken, was den Einsatz bei einer gr\u00f6\u00dferen Anzahl von Frauen erleichtern wird.<\/p>\n<p>[\/et_pb_text][et_pb_icon font_icon=&#8221;&#xf5a2;||fa||900&#8243; icon_width=&#8221;52px&#8221; _builder_version=&#8221;4.24.0&#8243; _module_preset=&#8221;default&#8221; global_colors_info=&#8221;{}&#8221;][\/et_pb_icon][\/et_pb_column][\/et_pb_row][\/et_pb_section]<\/p>\n","protected":false},"excerpt":{"rendered":"<p>EMBRYOSELEKTION MIT EMBRACE Embrace: Verbesserte Embryonenauswahl EMBRACE ist ein Test, der das freie embryonale DNA analysiert, die von einem Embryo im Kultivierungsmedium freigesetzt wird, von Tag 4 bis Tag 6\/7 der Entwicklung. EMBRACE ist nur anwendbar f\u00fcr Blastozysten, die sich an Tag 6\/7 der Entwicklung befinden. Es ist nicht anwendbar f\u00fcr Embryonen mit fr\u00fcherer embryonaler [&hellip;]<\/p>\n","protected":false},"author":3,"featured_media":0,"parent":370317,"menu_order":0,"comment_status":"closed","ping_status":"closed","template":"","meta":{"_et_pb_use_builder":"on","_et_pb_old_content":"","_et_gb_content_width":"","footnotes":""},"class_list":["post-370453","page","type-page","status-publish","hentry"],"_links":{"self":[{"href":"https:\/\/centromedicomanzanera.com\/de\/wp-json\/wp\/v2\/pages\/370453","targetHints":{"allow":["GET"]}}],"collection":[{"href":"https:\/\/centromedicomanzanera.com\/de\/wp-json\/wp\/v2\/pages"}],"about":[{"href":"https:\/\/centromedicomanzanera.com\/de\/wp-json\/wp\/v2\/types\/page"}],"author":[{"embeddable":true,"href":"https:\/\/centromedicomanzanera.com\/de\/wp-json\/wp\/v2\/users\/3"}],"replies":[{"embeddable":true,"href":"https:\/\/centromedicomanzanera.com\/de\/wp-json\/wp\/v2\/comments?post=370453"}],"version-history":[{"count":0,"href":"https:\/\/centromedicomanzanera.com\/de\/wp-json\/wp\/v2\/pages\/370453\/revisions"}],"up":[{"embeddable":true,"href":"https:\/\/centromedicomanzanera.com\/de\/wp-json\/wp\/v2\/pages\/370317"}],"wp:attachment":[{"href":"https:\/\/centromedicomanzanera.com\/de\/wp-json\/wp\/v2\/media?parent=370453"}],"curies":[{"name":"wp","href":"https:\/\/api.w.org\/{rel}","templated":true}]}}