{"id":370446,"date":"2023-11-20T11:39:44","date_gmt":"2023-11-20T11:39:44","guid":{"rendered":"https:\/\/centromedicomanzanera.com\/reproduccion-asistida\/donacion-de-ovulos\/"},"modified":"2024-05-31T07:58:45","modified_gmt":"2024-05-31T07:58:45","slug":"eizellspende","status":"publish","type":"page","link":"https:\/\/centromedicomanzanera.com\/de\/fertilitaet\/eizellspende\/","title":{"rendered":"Donaci\u00f3n de \u00d3vulos DE"},"content":{"rendered":"<p>[et_pb_section fb_built=&#8221;1&#8243; _builder_version=&#8221;4.24.0&#8243; _module_preset=&#8221;default&#8221; custom_margin=&#8221;0px||||false|false&#8221; custom_padding=&#8221;0px||5px||false|false&#8221; global_colors_info=&#8221;{}&#8221;][et_pb_row _builder_version=&#8221;4.24.2&#8243; _module_preset=&#8221;default&#8221; width=&#8221;100%&#8221; max_width=&#8221;100%&#8221; custom_margin=&#8221;0px||||false|false&#8221; custom_padding=&#8221;0px||||false|false&#8221; animation_style=&#8221;fade&#8221; global_colors_info=&#8221;{}&#8221;][et_pb_column type=&#8221;4_4&#8243; _builder_version=&#8221;4.23.1&#8243; _module_preset=&#8221;default&#8221; global_colors_info=&#8221;{}&#8221;][et_pb_image src=&#8221;https:\/\/centromedicomanzanera.com\/wp-content\/uploads\/2024\/02\/donacion.jpg&#8221; title_text=&#8221;donacion&#8221; _builder_version=&#8221;4.24.2&#8243; _module_preset=&#8221;default&#8221; global_colors_info=&#8221;{}&#8221;][\/et_pb_image][\/et_pb_column][\/et_pb_row][et_pb_row _builder_version=&#8221;4.24.0&#8243; _module_preset=&#8221;default&#8221; custom_margin=&#8221;||0px||false|false&#8221; custom_padding=&#8221;||0px||false|false&#8221; animation_style=&#8221;fade&#8221; global_colors_info=&#8221;{}&#8221;][et_pb_column type=&#8221;4_4&#8243; _builder_version=&#8221;4.24.0&#8243; _module_preset=&#8221;default&#8221; global_colors_info=&#8221;{}&#8221;][et_pb_text _builder_version=&#8221;4.25.1&#8243; _module_preset=&#8221;default&#8221; text_text_color=&#8221;#D60072&#8243; text_font_size=&#8221;19px&#8221; custom_margin=&#8221;||10px|||&#8221; global_colors_info=&#8221;{}&#8221;]ANONYME SPENDE VON EIZELLEN JUNGER, FRUCHTBARER FRAUEN[\/et_pb_text][et_pb_divider _builder_version=&#8221;4.23.1&#8243; _module_preset=&#8221;default&#8221; custom_margin=&#8221;||2px|||&#8221; global_colors_info=&#8221;{}&#8221;][\/et_pb_divider][\/et_pb_column][\/et_pb_row][et_pb_row column_structure=&#8221;2_5,3_5&#8243; _builder_version=&#8221;4.23.1&#8243; _module_preset=&#8221;default&#8221; custom_margin=&#8221;|auto|2px|auto|false|false&#8221; custom_padding=&#8221;12px||29px|||&#8221; global_colors_info=&#8221;{}&#8221;][et_pb_column type=&#8221;2_5&#8243; _builder_version=&#8221;4.23.1&#8243; _module_preset=&#8221;default&#8221; animation_style=&#8221;slide&#8221; animation_direction=&#8221;left&#8221; global_colors_info=&#8221;{}&#8221;][et_pb_text _builder_version=&#8221;4.25.1&#8243; _module_preset=&#8221;default&#8221; custom_margin=&#8221;||60px|||&#8221; global_colors_info=&#8221;{}&#8221;]<\/p>\n<p>Die Eizellspende beinhaltet die Durchf\u00fchrung einer IVF\/ICSI-Behandlung mit Eizellen von Spenderinnen. Dieses Verfahren wird Frauen mit Fruchtbarkeitsproblemen empfohlen, die mit anderen Techniken wie IVF oder ICSI nicht erfolgreich behandelt werden konnten. Es ist auch eine Option f\u00fcr Frauen, die keine eigenen Eizellen haben, sowie f\u00fcr solche, die genetische Krankheiten auf ihre Kinder \u00fcbertragen k\u00f6nnten, wenn sie ihre eigenen Eizellen verwenden w\u00fcrden.<\/p>\n<p>F\u00fcr Frauen \u00fcber 40 Jahre, die M\u00fctter werden m\u00f6chten, ist die Eizellspende die Technik mit der h\u00f6chsten Erfolgsrate.<\/p>\n<p>Sollten mehr Embryonen von guter Qualit\u00e4t vorhanden sein als die, die transferiert werden, k\u00f6nnen diese f\u00fcr zuk\u00fcnftige Behandlungen eingefroren (vitrifizieren) werden. Unsere Spenderinnen sind f\u00fcr uns von gro\u00dfer Bedeutung, daher behandeln wir sie besonders sorgf\u00e4ltig. Unser Ziel ist es nicht, eine \u00fcberm\u00e4\u00dfige Anzahl von Eizellen zu erhalten, um sie auf mehrere Empf\u00e4ngerinnen aufzuteilen. Stattdessen bevorzugen wir sanfte Stimulationen, um ausreichend viele Eizellen von hoher Qualit\u00e4t f\u00fcr eine einzelne Empf\u00e4ngerin zu erhalten.<\/p>\n<p>Die Empf\u00e4ngerin der Eizellspende muss ihr Endometrium, das die Embryonen aufnehmen wird, durch eine Hormonbehandlung mit Pflastern und Pillen etwa drei Wochen lang vorbereiten. Auf diese Weise wird der Zyklus zwischen Spenderin und Empf\u00e4ngerin synchronisiert.<\/p>\n<p>[\/et_pb_text][et_pb_image src=&#8221;https:\/\/centromedicomanzanera.com\/wp-content\/uploads\/2024\/02\/donacion2.jpg&#8221; title_text=&#8221;donacion2&#8243; _builder_version=&#8221;4.24.2&#8243; _module_preset=&#8221;default&#8221; border_width_all=&#8221;3px&#8221; border_color_all=&#8221;#FFFFFF&#8221; box_shadow_style=&#8221;preset1&#8243; box_shadow_spread=&#8221;-8px&#8221; global_colors_info=&#8221;{}&#8221;][\/et_pb_image][\/et_pb_column][et_pb_column type=&#8221;3_5&#8243; _builder_version=&#8221;4.23.1&#8243; _module_preset=&#8221;default&#8221; animation_style=&#8221;slide&#8221; animation_direction=&#8221;right&#8221; global_colors_info=&#8221;{}&#8221;][et_pb_text _builder_version=&#8221;4.25.1&#8243; _module_preset=&#8221;default&#8221; text_text_color=&#8221;#D60072&#8243; text_font_size=&#8221;16px&#8221; global_colors_info=&#8221;{}&#8221;]<\/p>\n<p style=\"text-align: center;\">SCHRITTE IN DER EIZELLESPENDE-BEHANDLUNG<\/p>\n<p>[\/et_pb_text][et_pb_divimenus_flex direction=&#8221;column&#8221; menu_button_content=&#8221;text&#8221; hide_button=&#8221;on&#8221; force_fullwidth=&#8221;on&#8221; menu_button_scale=&#8221;off&#8221; menu_item_image_size=&#8221;70px&#8221; hover_click=&#8221;click&#8221; _builder_version=&#8221;4.25.1&#8243; _module_preset=&#8221;default&#8221; menu_item_font_size=&#8221;26px&#8221; background_color=&#8221;#ededed&#8221; transform_translate_linked__hover=&#8221;off&#8221; custom_margin=&#8221;9px||9px|||&#8221; border_color_all=&#8221;#d8d8d8&#8243; global_colors_info=&#8221;{}&#8221; transform_styles__hover_enabled=&#8221;on|hover&#8221; transform_scale__hover_enabled=&#8221;on|desktop&#8221; transform_translate__hover_enabled=&#8221;on|hover&#8221; transform_rotate__hover_enabled=&#8221;on|desktop&#8221; transform_skew__hover_enabled=&#8221;on|desktop&#8221; transform_origin__hover_enabled=&#8221;on|desktop&#8221; transform_translate__hover=&#8221;0px|-13px&#8221;][et_pb_divimenus_flex_item title=&#8221;1) Endometriale Vorbereitung: &#8221; alignment=&#8221;center&#8221; text_use_icon=&#8221;on&#8221; icon_type=&#8221;image&#8221; text_image=&#8221;https:\/\/centromedicomanzanera.com\/wp-content\/uploads\/2023\/12\/iconos12.png&#8221; text_icon_padding=&#8221;1em&#8221; text_image_size=&#8221;100px&#8221; link_type=&#8221;sub&#8221; sub_layout=&#8221;368399&#8243; sub_preview=&#8221;on&#8221; sub_custom=&#8221;on&#8221; sub_display=&#8221;inline&#8221; sub_width=&#8221;100%&#8221; arrow_offset=&#8221;5px&#8221; sub_arrow=&#8221;on&#8221; arrow_color=&#8221;#D60072&#8243; hover_click=&#8221;click&#8221; effect_in=&#8221;fade&#8221; effect_out=&#8221;fade&#8221; text_image_size_tablet=&#8221;100px&#8221; text_image_size_phone=&#8221;75px&#8221; text_image_size_last_edited=&#8221;on|phone&#8221; sub_width_tablet=&#8221;100%&#8221; sub_width_phone=&#8221;319px&#8221; sub_width_last_edited=&#8221;on|phone&#8221; _builder_version=&#8221;4.25.1&#8243; _module_preset=&#8221;default&#8221; item_font=&#8221;||||||||&#8221; item_text_color=&#8221;#D60072&#8243; item_font_size=&#8221;20px&#8221; background_color=&#8221;RGBA(255,255,255,0)&#8221; background_enable_color=&#8221;on&#8221; module_alignment=&#8221;center&#8221; custom_margin=&#8221;||||false|false&#8221; custom_padding=&#8221;|50px||50px|false|false&#8221; custom_padding_tablet=&#8221;|50px||50px|false|false&#8221; custom_padding_phone=&#8221;|10px||10px|false|false&#8221; custom_padding_last_edited=&#8221;on|phone&#8221; item_font_size_tablet=&#8221;24px&#8221; item_font_size_phone=&#8221;21px&#8221; item_font_size_last_edited=&#8221;on|phone&#8221; module_alignment_tablet=&#8221;center&#8221; module_alignment_phone=&#8221;center&#8221; module_alignment_last_edited=&#8221;on|phone&#8221; global_colors_info=&#8221;{}&#8221; direction=&#8221;column&#8221; force_fullwidth=&#8221;on&#8221;][\/et_pb_divimenus_flex_item][\/et_pb_divimenus_flex][et_pb_icon font_icon=&#8221;&#xf063;||fa||900&#8243; icon_width=&#8221;27px&#8221; _builder_version=&#8221;4.24.0&#8243; _module_preset=&#8221;default&#8221; custom_margin=&#8221;||9px|||&#8221; global_colors_info=&#8221;{}&#8221;][\/et_pb_icon][et_pb_divimenus_flex direction=&#8221;column&#8221; menu_button_content=&#8221;text&#8221; hide_button=&#8221;on&#8221; force_fullwidth=&#8221;on&#8221; menu_button_scale=&#8221;off&#8221; menu_item_image_size=&#8221;70px&#8221; hover_click=&#8221;click&#8221; _builder_version=&#8221;4.25.1&#8243; _module_preset=&#8221;default&#8221; menu_item_font_size=&#8221;26px&#8221; background_color=&#8221;#ededed&#8221; custom_margin=&#8221;9px||9px|||&#8221; border_color_all=&#8221;#d8d8d8&#8243; global_colors_info=&#8221;{}&#8221; transform_styles__hover_enabled=&#8221;on|hover&#8221; transform_scale__hover_enabled=&#8221;on|desktop&#8221; transform_translate__hover=&#8221;0px|-13px&#8221; transform_translate__hover_enabled=&#8221;on|hover&#8221; transform_rotate__hover_enabled=&#8221;on|desktop&#8221; transform_skew__hover_enabled=&#8221;on|desktop&#8221; transform_origin__hover_enabled=&#8221;on|desktop&#8221;][et_pb_divimenus_flex_item title=&#8221;2) Entnahme der Eizellen&#8221; alignment=&#8221;center&#8221; text_use_icon=&#8221;on&#8221; icon_type=&#8221;image&#8221; text_image=&#8221;https:\/\/centromedicomanzanera.com\/wp-content\/uploads\/2023\/12\/iconos15.png&#8221; text_icon_padding=&#8221;1em&#8221; text_image_size=&#8221;100px&#8221; link_type=&#8221;sub&#8221; sub_layout=&#8221;368407&#8243; sub_preview=&#8221;on&#8221; sub_custom=&#8221;on&#8221; sub_display=&#8221;inline&#8221; sub_width=&#8221;100%&#8221; arrow_offset=&#8221;5px&#8221; sub_arrow=&#8221;on&#8221; arrow_color=&#8221;#D60072&#8243; hover_click=&#8221;click&#8221; effect_in=&#8221;fade&#8221; effect_out=&#8221;fade&#8221; text_image_size_tablet=&#8221;100px&#8221; text_image_size_phone=&#8221;75px&#8221; text_image_size_last_edited=&#8221;on|phone&#8221; sub_width_tablet=&#8221;100%&#8221; sub_width_phone=&#8221;319px&#8221; sub_width_last_edited=&#8221;on|phone&#8221; _builder_version=&#8221;4.25.1&#8243; _module_preset=&#8221;default&#8221; item_font=&#8221;||||||||&#8221; item_text_color=&#8221;#D60072&#8243; item_font_size=&#8221;20px&#8221; background_color=&#8221;RGBA(255,255,255,0)&#8221; background_enable_color=&#8221;on&#8221; module_alignment=&#8221;center&#8221; custom_margin=&#8221;||||false|false&#8221; custom_padding=&#8221;|50px||50px|false|false&#8221; custom_padding_tablet=&#8221;|50px||50px|false|false&#8221; custom_padding_phone=&#8221;|10px||10px|false|false&#8221; custom_padding_last_edited=&#8221;on|phone&#8221; item_font_size_tablet=&#8221;24px&#8221; item_font_size_phone=&#8221;21px&#8221; item_font_size_last_edited=&#8221;on|phone&#8221; module_alignment_tablet=&#8221;center&#8221; module_alignment_phone=&#8221;center&#8221; module_alignment_last_edited=&#8221;on|phone&#8221; global_colors_info=&#8221;{}&#8221; direction=&#8221;column&#8221; force_fullwidth=&#8221;on&#8221;][\/et_pb_divimenus_flex_item][\/et_pb_divimenus_flex][et_pb_icon font_icon=&#8221;&#xf063;||fa||900&#8243; icon_width=&#8221;27px&#8221; _builder_version=&#8221;4.24.0&#8243; _module_preset=&#8221;default&#8221; custom_margin=&#8221;||9px|||&#8221; global_colors_info=&#8221;{}&#8221;][\/et_pb_icon][et_pb_divimenus_flex direction=&#8221;column&#8221; menu_button_content=&#8221;text&#8221; hide_button=&#8221;on&#8221; force_fullwidth=&#8221;on&#8221; menu_button_scale=&#8221;off&#8221; menu_item_image_size=&#8221;70px&#8221; hover_click=&#8221;click&#8221; _builder_version=&#8221;4.25.1&#8243; _module_preset=&#8221;default&#8221; menu_item_font_size=&#8221;26px&#8221; background_color=&#8221;#ededed&#8221; custom_margin=&#8221;9px||9px|||&#8221; border_color_all=&#8221;#d8d8d8&#8243; global_colors_info=&#8221;{}&#8221; transform_styles__hover_enabled=&#8221;on|hover&#8221; transform_scale__hover_enabled=&#8221;on|desktop&#8221; transform_translate__hover=&#8221;0px|-13px&#8221; transform_translate__hover_enabled=&#8221;on|hover&#8221; transform_rotate__hover_enabled=&#8221;on|desktop&#8221; transform_skew__hover_enabled=&#8221;on|desktop&#8221; transform_origin__hover_enabled=&#8221;on|desktop&#8221;][et_pb_divimenus_flex_item title=&#8221;3) Befruchtung der Eizellen und Embryonalentwicklung&#8221; alignment=&#8221;center&#8221; text_use_icon=&#8221;on&#8221; icon_type=&#8221;image&#8221; text_image=&#8221;https:\/\/centromedicomanzanera.com\/wp-content\/uploads\/2023\/11\/iconos.png&#8221; text_icon_padding=&#8221;1em&#8221; text_image_size=&#8221;100px&#8221; link_type=&#8221;sub&#8221; sub_layout=&#8221;368288&#8243; sub_preview=&#8221;on&#8221; sub_custom=&#8221;on&#8221; sub_display=&#8221;inline&#8221; sub_width=&#8221;100%&#8221; arrow_offset=&#8221;5px&#8221; sub_arrow=&#8221;on&#8221; arrow_color=&#8221;#D60072&#8243; hover_click=&#8221;click&#8221; effect_in=&#8221;fade&#8221; effect_out=&#8221;fade&#8221; text_image_size_tablet=&#8221;100px&#8221; text_image_size_phone=&#8221;75px&#8221; text_image_size_last_edited=&#8221;on|phone&#8221; sub_width_tablet=&#8221;100%&#8221; sub_width_phone=&#8221;319px&#8221; sub_width_last_edited=&#8221;on|phone&#8221; _builder_version=&#8221;4.25.1&#8243; _module_preset=&#8221;default&#8221; item_font=&#8221;||||||||&#8221; item_text_color=&#8221;#D60072&#8243; item_font_size=&#8221;20px&#8221; background_color=&#8221;RGBA(255,255,255,0)&#8221; background_enable_color=&#8221;on&#8221; module_alignment=&#8221;center&#8221; custom_margin=&#8221;||||false|false&#8221; custom_padding=&#8221;|10px||10px|false|false&#8221; custom_padding_tablet=&#8221;|50px||50px|false|false&#8221; custom_padding_phone=&#8221;|10px||10px|false|false&#8221; custom_padding_last_edited=&#8221;on|phone&#8221; item_font_size_tablet=&#8221;24px&#8221; item_font_size_phone=&#8221;21px&#8221; item_font_size_last_edited=&#8221;on|phone&#8221; module_alignment_tablet=&#8221;center&#8221; module_alignment_phone=&#8221;center&#8221; module_alignment_last_edited=&#8221;on|phone&#8221; global_colors_info=&#8221;{}&#8221; direction=&#8221;column&#8221; force_fullwidth=&#8221;on&#8221;][\/et_pb_divimenus_flex_item][\/et_pb_divimenus_flex][et_pb_icon font_icon=&#8221;&#xf063;||fa||900&#8243; icon_width=&#8221;27px&#8221; _builder_version=&#8221;4.24.0&#8243; _module_preset=&#8221;default&#8221; custom_margin=&#8221;||9px|||&#8221; global_colors_info=&#8221;{}&#8221;][\/et_pb_icon][et_pb_divimenus_flex direction=&#8221;column&#8221; menu_button_content=&#8221;text&#8221; hide_button=&#8221;on&#8221; force_fullwidth=&#8221;on&#8221; menu_button_scale=&#8221;off&#8221; menu_item_image_size=&#8221;70px&#8221; hover_click=&#8221;click&#8221; _builder_version=&#8221;4.25.1&#8243; _module_preset=&#8221;default&#8221; menu_item_font_size=&#8221;26px&#8221; background_color=&#8221;#ededed&#8221; custom_margin=&#8221;9px||9px|||&#8221; border_color_all=&#8221;#d8d8d8&#8243; global_colors_info=&#8221;{}&#8221; transform_styles__hover_enabled=&#8221;on|hover&#8221; transform_scale__hover_enabled=&#8221;on|desktop&#8221; transform_translate__hover=&#8221;0px|-13px&#8221; transform_translate__hover_enabled=&#8221;on|hover&#8221; transform_rotate__hover_enabled=&#8221;on|desktop&#8221; transform_skew__hover_enabled=&#8221;on|desktop&#8221; transform_origin__hover_enabled=&#8221;on|desktop&#8221;][et_pb_divimenus_flex_item title=&#8221;4) Embryotransfer&#8221; alignment=&#8221;center&#8221; text_use_icon=&#8221;on&#8221; icon_type=&#8221;image&#8221; text_image=&#8221;https:\/\/centromedicomanzanera.com\/wp-content\/uploads\/2023\/12\/iconos4.png&#8221; text_icon_padding=&#8221;1em&#8221; text_image_size=&#8221;100px&#8221; link_type=&#8221;sub&#8221; sub_layout=&#8221;368295&#8243; sub_preview=&#8221;on&#8221; sub_custom=&#8221;on&#8221; sub_display=&#8221;inline&#8221; sub_width=&#8221;100%&#8221; arrow_offset=&#8221;5px&#8221; sub_arrow=&#8221;on&#8221; arrow_color=&#8221;#D60072&#8243; hover_click=&#8221;click&#8221; effect_in=&#8221;fade&#8221; effect_out=&#8221;fade&#8221; text_image_size_tablet=&#8221;100px&#8221; text_image_size_phone=&#8221;75px&#8221; text_image_size_last_edited=&#8221;on|phone&#8221; sub_width_tablet=&#8221;100%&#8221; sub_width_phone=&#8221;319px&#8221; sub_width_last_edited=&#8221;on|phone&#8221; _builder_version=&#8221;4.25.1&#8243; _module_preset=&#8221;default&#8221; item_font=&#8221;||||||||&#8221; item_text_color=&#8221;#D60072&#8243; item_font_size=&#8221;20px&#8221; background_color=&#8221;RGBA(255,255,255,0)&#8221; background_enable_color=&#8221;on&#8221; module_alignment=&#8221;center&#8221; custom_margin=&#8221;||||false|false&#8221; custom_padding=&#8221;|50px||50px|false|false&#8221; custom_padding_tablet=&#8221;|50px||50px|false|false&#8221; custom_padding_phone=&#8221;|10px||10px|false|false&#8221; custom_padding_last_edited=&#8221;on|phone&#8221; item_font_size_tablet=&#8221;24px&#8221; item_font_size_phone=&#8221;21px&#8221; item_font_size_last_edited=&#8221;on|phone&#8221; module_alignment_tablet=&#8221;center&#8221; module_alignment_phone=&#8221;center&#8221; module_alignment_last_edited=&#8221;on|phone&#8221; global_colors_info=&#8221;{}&#8221; direction=&#8221;column&#8221; force_fullwidth=&#8221;on&#8221;][\/et_pb_divimenus_flex_item][\/et_pb_divimenus_flex][et_pb_icon font_icon=&#8221;&#xf063;||fa||900&#8243; icon_width=&#8221;27px&#8221; _builder_version=&#8221;4.24.0&#8243; _module_preset=&#8221;default&#8221; custom_margin=&#8221;||9px|||&#8221; global_colors_info=&#8221;{}&#8221;][\/et_pb_icon][et_pb_divimenus_flex direction=&#8221;column&#8221; menu_button_content=&#8221;text&#8221; hide_button=&#8221;on&#8221; force_fullwidth=&#8221;on&#8221; menu_button_scale=&#8221;off&#8221; menu_item_image_size=&#8221;70px&#8221; hover_click=&#8221;click&#8221; _builder_version=&#8221;4.25.1&#8243; _module_preset=&#8221;default&#8221; menu_item_font_size=&#8221;26px&#8221; background_color=&#8221;#ededed&#8221; custom_margin=&#8221;9px||9px|||&#8221; hover_enabled=&#8221;0&#8243; border_color_all=&#8221;#d8d8d8&#8243; global_colors_info=&#8221;{}&#8221; transform_styles__hover_enabled=&#8221;on|hover&#8221; transform_scale__hover_enabled=&#8221;on|desktop&#8221; transform_translate__hover=&#8221;0px|-13px&#8221; transform_translate__hover_enabled=&#8221;on|hover&#8221; transform_rotate__hover_enabled=&#8221;on|desktop&#8221; transform_skew__hover_enabled=&#8221;on|desktop&#8221; transform_origin__hover_enabled=&#8221;on|desktop&#8221; sticky_enabled=&#8221;0&#8243;][et_pb_divimenus_flex_item title=&#8221;5) Embryovitrifizierung&#8221; alignment=&#8221;center&#8221; text_use_icon=&#8221;on&#8221; icon_type=&#8221;image&#8221; text_image=&#8221;https:\/\/centromedicomanzanera.com\/wp-content\/uploads\/2023\/12\/iconos17.png&#8221; text_icon_padding=&#8221;1em&#8221; text_image_size=&#8221;100px&#8221; link_type=&#8221;sub&#8221; sub_layout=&#8221;368302&#8243; sub_preview=&#8221;on&#8221; sub_custom=&#8221;on&#8221; sub_display=&#8221;inline&#8221; sub_width=&#8221;100%&#8221; arrow_offset=&#8221;5px&#8221; sub_arrow=&#8221;on&#8221; arrow_color=&#8221;#D60072&#8243; hover_click=&#8221;click&#8221; effect_in=&#8221;fade&#8221; effect_out=&#8221;fade&#8221; text_image_size_tablet=&#8221;100px&#8221; text_image_size_phone=&#8221;75px&#8221; text_image_size_last_edited=&#8221;on|phone&#8221; sub_width_tablet=&#8221;100%&#8221; sub_width_phone=&#8221;319px&#8221; sub_width_last_edited=&#8221;on|phone&#8221; _builder_version=&#8221;4.25.1&#8243; _module_preset=&#8221;default&#8221; item_font=&#8221;||||||||&#8221; item_text_color=&#8221;#D60072&#8243; item_font_size=&#8221;20px&#8221; background_color=&#8221;RGBA(255,255,255,0)&#8221; background_enable_color=&#8221;on&#8221; module_alignment=&#8221;center&#8221; custom_margin=&#8221;||||false|false&#8221; custom_padding=&#8221;|50px||50px|false|false&#8221; custom_padding_tablet=&#8221;|50px||50px|false|false&#8221; custom_padding_phone=&#8221;|10px||10px|false|false&#8221; custom_padding_last_edited=&#8221;on|phone&#8221; item_font_size_tablet=&#8221;24px&#8221; item_font_size_phone=&#8221;21px&#8221; item_font_size_last_edited=&#8221;on|phone&#8221; module_alignment_tablet=&#8221;center&#8221; module_alignment_phone=&#8221;center&#8221; module_alignment_last_edited=&#8221;on|phone&#8221; global_colors_info=&#8221;{}&#8221; direction=&#8221;column&#8221; force_fullwidth=&#8221;on&#8221;][\/et_pb_divimenus_flex_item][\/et_pb_divimenus_flex][et_pb_icon font_icon=&#8221;&#xf063;||fa||900&#8243; icon_width=&#8221;27px&#8221; _builder_version=&#8221;4.24.0&#8243; _module_preset=&#8221;default&#8221; custom_margin=&#8221;||9px|||&#8221; global_colors_info=&#8221;{}&#8221;][\/et_pb_icon][et_pb_divimenus_flex direction=&#8221;column&#8221; menu_button_content=&#8221;text&#8221; hide_button=&#8221;on&#8221; force_fullwidth=&#8221;on&#8221; menu_button_scale=&#8221;off&#8221; menu_item_image_size=&#8221;70px&#8221; hover_click=&#8221;click&#8221; _builder_version=&#8221;4.25.1&#8243; _module_preset=&#8221;default&#8221; menu_item_font_size=&#8221;26px&#8221; background_color=&#8221;#ededed&#8221; custom_margin=&#8221;9px||9px|||&#8221; hover_enabled=&#8221;0&#8243; border_color_all=&#8221;#d8d8d8&#8243; global_colors_info=&#8221;{}&#8221; transform_styles__hover_enabled=&#8221;on|hover&#8221; transform_scale__hover_enabled=&#8221;on|desktop&#8221; transform_translate__hover=&#8221;0px|-13px&#8221; transform_translate__hover_enabled=&#8221;on|hover&#8221; transform_rotate__hover_enabled=&#8221;on|desktop&#8221; transform_skew__hover_enabled=&#8221;on|desktop&#8221; transform_origin__hover_enabled=&#8221;on|desktop&#8221; sticky_enabled=&#8221;0&#8243;][et_pb_divimenus_flex_item title=&#8221;6) Schwangerschaftstest&#8221; alignment=&#8221;center&#8221; text_use_icon=&#8221;on&#8221; icon_type=&#8221;image&#8221; text_image=&#8221;https:\/\/centromedicomanzanera.com\/wp-content\/uploads\/2023\/12\/iconos16.png&#8221; text_icon_padding=&#8221;1em&#8221; text_image_size=&#8221;100px&#8221; link_type=&#8221;sub&#8221; sub_layout=&#8221;368308&#8243; sub_preview=&#8221;on&#8221; sub_custom=&#8221;on&#8221; sub_display=&#8221;inline&#8221; sub_width=&#8221;100%&#8221; arrow_offset=&#8221;5px&#8221; sub_arrow=&#8221;on&#8221; arrow_color=&#8221;#D60072&#8243; hover_click=&#8221;click&#8221; effect_in=&#8221;fade&#8221; effect_out=&#8221;fade&#8221; text_image_size_tablet=&#8221;100px&#8221; text_image_size_phone=&#8221;75px&#8221; text_image_size_last_edited=&#8221;on|phone&#8221; sub_width_tablet=&#8221;100%&#8221; sub_width_phone=&#8221;319px&#8221; sub_width_last_edited=&#8221;on|phone&#8221; _builder_version=&#8221;4.25.1&#8243; _module_preset=&#8221;default&#8221; item_font=&#8221;||||||||&#8221; item_text_color=&#8221;#D60072&#8243; item_font_size=&#8221;20px&#8221; background_color=&#8221;RGBA(255,255,255,0)&#8221; background_enable_color=&#8221;on&#8221; module_alignment=&#8221;center&#8221; custom_margin=&#8221;||||false|false&#8221; custom_padding=&#8221;|50px||50px|false|false&#8221; custom_padding_tablet=&#8221;|50px||50px|false|false&#8221; custom_padding_phone=&#8221;|10px||10px|false|false&#8221; custom_padding_last_edited=&#8221;on|phone&#8221; hover_enabled=&#8221;0&#8243; item_font_size_tablet=&#8221;24px&#8221; item_font_size_phone=&#8221;21px&#8221; item_font_size_last_edited=&#8221;on|phone&#8221; module_alignment_tablet=&#8221;center&#8221; module_alignment_phone=&#8221;center&#8221; module_alignment_last_edited=&#8221;on|phone&#8221; global_colors_info=&#8221;{}&#8221; direction=&#8221;column&#8221; force_fullwidth=&#8221;on&#8221; sticky_enabled=&#8221;0&#8243;][\/et_pb_divimenus_flex_item][\/et_pb_divimenus_flex][\/et_pb_column][\/et_pb_row][\/et_pb_section][et_pb_section fb_built=&#8221;1&#8243; _builder_version=&#8221;4.23.1&#8243; _module_preset=&#8221;default&#8221; custom_padding=&#8221;4px|||||&#8221; global_colors_info=&#8221;{}&#8221;][et_pb_row _builder_version=&#8221;4.24.0&#8243; _module_preset=&#8221;default&#8221; width_tablet=&#8221;&#8221; width_phone=&#8221;95%&#8221; width_last_edited=&#8221;on|desktop&#8221; animation_style=&#8221;fade&#8221; global_colors_info=&#8221;{}&#8221;][et_pb_column type=&#8221;4_4&#8243; _builder_version=&#8221;4.23.1&#8243; _module_preset=&#8221;default&#8221; global_colors_info=&#8221;{}&#8221;][et_pb_tabs active_tab_background_color=&#8221;#FFFFFF&#8221; inactive_tab_background_color=&#8221;rgba(99,99,99,0.02)&#8221; active_tab_text_color=&#8221;#636363&#8243; _builder_version=&#8221;4.25.1&#8243; _module_preset=&#8221;default&#8221; tab_text_color=&#8221;#636363&#8243; background_color=&#8221;#FFFFFF&#8221; custom_margin=&#8221;0px|0px|0px|0px|false|false&#8221; custom_padding=&#8221;17px|0px|49px|0px|false|false&#8221; global_colors_info=&#8221;{}&#8221;][et_pb_tab title=&#8221;PROGRAMM F\u00dcR DIE EIZELLSPENDE&#8221; _builder_version=&#8221;4.25.1&#8243; _module_preset=&#8221;default&#8221; global_colors_info=&#8221;{}&#8221;][et_pb_section global_module=\"370377\"][\/et_pb_section][\/et_pb_tab][et_pb_tab title=&#8221;H\u00c4UFIG GESTELLTE FRAGEN&#8221; _builder_version=&#8221;4.25.1&#8243; _module_preset=&#8221;default&#8221; global_colors_info=&#8221;{}&#8221;][et_pb_section global_module=\"370369\"][\/et_pb_section][\/et_pb_tab][\/et_pb_tabs][\/et_pb_column][\/et_pb_row][\/et_pb_section]<\/p>\n","protected":false},"excerpt":{"rendered":"<p>ANONYME SPENDE VON EIZELLEN JUNGER, FRUCHTBARER FRAUENDie Eizellspende beinhaltet die Durchf\u00fchrung einer IVF\/ICSI-Behandlung mit Eizellen von Spenderinnen. Dieses Verfahren wird Frauen mit Fruchtbarkeitsproblemen empfohlen, die mit anderen Techniken wie IVF oder ICSI nicht erfolgreich behandelt werden konnten. Es ist auch eine Option f\u00fcr Frauen, die keine eigenen Eizellen haben, sowie f\u00fcr solche, die genetische Krankheiten [&hellip;]<\/p>\n","protected":false},"author":3,"featured_media":0,"parent":370317,"menu_order":0,"comment_status":"closed","ping_status":"closed","template":"","meta":{"_et_pb_use_builder":"on","_et_pb_old_content":"","_et_gb_content_width":"","footnotes":""},"class_list":["post-370446","page","type-page","status-publish","hentry"],"_links":{"self":[{"href":"https:\/\/centromedicomanzanera.com\/de\/wp-json\/wp\/v2\/pages\/370446","targetHints":{"allow":["GET"]}}],"collection":[{"href":"https:\/\/centromedicomanzanera.com\/de\/wp-json\/wp\/v2\/pages"}],"about":[{"href":"https:\/\/centromedicomanzanera.com\/de\/wp-json\/wp\/v2\/types\/page"}],"author":[{"embeddable":true,"href":"https:\/\/centromedicomanzanera.com\/de\/wp-json\/wp\/v2\/users\/3"}],"replies":[{"embeddable":true,"href":"https:\/\/centromedicomanzanera.com\/de\/wp-json\/wp\/v2\/comments?post=370446"}],"version-history":[{"count":0,"href":"https:\/\/centromedicomanzanera.com\/de\/wp-json\/wp\/v2\/pages\/370446\/revisions"}],"up":[{"embeddable":true,"href":"https:\/\/centromedicomanzanera.com\/de\/wp-json\/wp\/v2\/pages\/370317"}],"wp:attachment":[{"href":"https:\/\/centromedicomanzanera.com\/de\/wp-json\/wp\/v2\/media?parent=370446"}],"curies":[{"name":"wp","href":"https:\/\/api.w.org\/{rel}","templated":true}]}}