{"id":370431,"date":"2024-01-29T16:17:12","date_gmt":"2024-01-29T16:17:12","guid":{"rendered":"https:\/\/centromedicomanzanera.com\/reproduccion-asistida\/analisis-de-fertilidad\/"},"modified":"2024-05-31T07:41:28","modified_gmt":"2024-05-31T07:41:28","slug":"fertilitaetsuntersuchung","status":"publish","type":"page","link":"https:\/\/centromedicomanzanera.com\/de\/fertilitaet\/fertilitaetsuntersuchung\/","title":{"rendered":"An\u00e1lisis de Fertilidad DE"},"content":{"rendered":"<p>[et_pb_section fb_built=&#8221;1&#8243; _builder_version=&#8221;4.24.2&#8243; _module_preset=&#8221;default&#8221; min_height=&#8221;774.5px&#8221; custom_padding=&#8221;0px||77px||false|false&#8221; global_colors_info=&#8221;{}&#8221;][et_pb_row _builder_version=&#8221;4.24.2&#8243; _module_preset=&#8221;default&#8221; width=&#8221;100%&#8221; max_width=&#8221;100%&#8221; custom_margin=&#8221;0px||||false|false&#8221; custom_padding=&#8221;0px||||false|false&#8221; animation_style=&#8221;fade&#8221; global_colors_info=&#8221;{}&#8221;][et_pb_column type=&#8221;4_4&#8243; _builder_version=&#8221;4.23.1&#8243; _module_preset=&#8221;default&#8221; global_colors_info=&#8221;{}&#8221;][et_pb_image src=&#8221;https:\/\/centromedicomanzanera.com\/wp-content\/uploads\/2024\/03\/fertilidad3-1.jpg&#8221; title_text=&#8221;fertilidad3&#8243; _builder_version=&#8221;4.24.2&#8243; _module_preset=&#8221;default&#8221; global_colors_info=&#8221;{}&#8221;][\/et_pb_image][\/et_pb_column][\/et_pb_row][et_pb_row _builder_version=&#8221;4.24.2&#8243; _module_preset=&#8221;default&#8221; animation_style=&#8221;fade&#8221; global_colors_info=&#8221;{}&#8221;][et_pb_column type=&#8221;4_4&#8243; _builder_version=&#8221;4.24.0&#8243; _module_preset=&#8221;default&#8221; global_colors_info=&#8221;{}&#8221;][et_pb_text _builder_version=&#8221;4.25.1&#8243; _module_preset=&#8221;default&#8221; text_text_color=&#8221;#D60072&#8243; text_font_size=&#8221;19px&#8221; custom_margin=&#8221;||10px|||&#8221; hover_enabled=&#8221;0&#8243; global_colors_info=&#8221;{}&#8221; sticky_enabled=&#8221;0&#8243;]FERTILIT\u00c4TSUNTERSUCHUNG[\/et_pb_text][et_pb_text _builder_version=&#8221;4.25.1&#8243; _module_preset=&#8221;default&#8221; text_font_size=&#8221;17px&#8221; custom_margin=&#8221;||12px|||&#8221; hover_enabled=&#8221;0&#8243; global_colors_info=&#8221;{}&#8221; sticky_enabled=&#8221;0&#8243;]<strong>Besprechen Sie Ihr Problem mit unseren \u00c4rzten &#8211; die erste Beratung ist kostenlos!<\/strong>[\/et_pb_text][et_pb_divider _builder_version=&#8221;4.24.0&#8243; _module_preset=&#8221;default&#8221; custom_margin=&#8221;||0px||false|false&#8221; custom_padding=&#8221;||0px||false|false&#8221; global_colors_info=&#8221;{}&#8221;][\/et_pb_divider][\/et_pb_column][\/et_pb_row][et_pb_row column_structure=&#8221;1_2,1_2&#8243; _builder_version=&#8221;4.24.0&#8243; _module_preset=&#8221;default&#8221; custom_margin=&#8221;0px|auto|2px|auto|false|false&#8221; custom_padding=&#8221;0px||29px||false|false&#8221; global_colors_info=&#8221;{}&#8221;][et_pb_column type=&#8221;1_2&#8243; _builder_version=&#8221;4.23.1&#8243; _module_preset=&#8221;default&#8221; animation_style=&#8221;slide&#8221; animation_direction=&#8221;left&#8221; global_colors_info=&#8221;{}&#8221;][et_pb_text _builder_version=&#8221;4.25.1&#8243; _module_preset=&#8221;default&#8221; header_5_text_color=&#8221;#D60072&#8243; custom_margin=&#8221;||5px||false|false&#8221; custom_padding=&#8221;||5px||false|false&#8221; hover_enabled=&#8221;0&#8243; global_colors_info=&#8221;{}&#8221; sticky_enabled=&#8221;0&#8243;]<\/p>\n<h5><strong>SPERMAUNTERSUCHUNG<\/strong><\/h5>\n<p>[\/et_pb_text][et_pb_text _builder_version=&#8221;4.25.1&#8243; _module_preset=&#8221;default&#8221; hover_enabled=&#8221;0&#8243; global_colors_info=&#8221;{}&#8221; sticky_enabled=&#8221;0&#8243;]<\/p>\n<h6><strong>SPERMIOGRAMM:<\/strong><\/h6>\n<p>Diese Analyse informiert \u00fcber makroskopische und mikroskopische Merkmale des Spermas. Es ist der grundlegende Test, den ein Mann durchf\u00fchren muss, wenn er Probleme hat, ein Kind zu zeugen, um die geeignetste Fertilit\u00e4tsbehandlung f\u00fcr das Paar zu bestimmen.<\/p>\n<p>&nbsp;<\/p>\n<h6><strong>UNTERSUCHUNG DER SPERMA-DNA-FRAGMENTIERUNG:<\/strong><\/h6>\n<p>Diese Untersuchung wird mit einer neuen Technik durchgef\u00fchrt, die Informationen \u00fcber den Prozentsatz der Spermien liefert, die fragmentierte DNA aufweisen. <\/p>\n<p>Wenn dieser Prozentsatz hoch ist, sinken die Chancen auf eine Schwangerschaft, w\u00e4hrend das Risiko einer Fehlgeburt steigt. Bei hohen Raten von Sperma-DNA-Fragmentierung gibt es Techniken, um die nicht fragmentierten Spermien auszuw\u00e4hlen, um die Erfolgschancen der Behandlung zu erh\u00f6hen.<br \/>\n[\/et_pb_text][\/et_pb_column][et_pb_column type=&#8221;1_2&#8243; _builder_version=&#8221;4.23.1&#8243; _module_preset=&#8221;default&#8221; animation_style=&#8221;slide&#8221; animation_direction=&#8221;left&#8221; global_colors_info=&#8221;{}&#8221;][et_pb_text _builder_version=&#8221;4.25.1&#8243; _module_preset=&#8221;default&#8221; hover_enabled=&#8221;0&#8243; global_colors_info=&#8221;{}&#8221; sticky_enabled=&#8221;0&#8243;]<strong>FISH:<\/strong><\/p>\n<p>FISH (Fluoreszenz-in-situ-Hybridisierung) ist eine zytogenetische Technik, die verwendet wird, um die Anwesenheit oder Abwesenheit bestimmter DNA-Sequenzen in Chromosomen zu erkennen und zu lokalisieren. FISH verwendet fluoreszierende Sonden, die nur an solche Teile des Chromosoms binden, mit denen sie eine hohe Sequenzkomplementarit\u00e4t aufweisen. <\/p>\n<p>Auf diese Weise k\u00f6nnen wir Chromosomenanomalien in den Spermien erkennen, die Ursache f\u00fcr Fehlgeburten, Implantationsfehler oder embryonale Fehlbildungen sein k\u00f6nnen. <\/p>\n<p>Die Ergebnisse dieses Tests helfen uns, die beste Technik f\u00fcr jeden Fall auszuw\u00e4hlen.<br \/>\n[\/et_pb_text][\/et_pb_column][\/et_pb_row][et_pb_row column_structure=&#8221;1_2,1_2&#8243; _builder_version=&#8221;4.24.0&#8243; _module_preset=&#8221;default&#8221; custom_margin=&#8221;0px|auto|2px|auto|false|false&#8221; custom_padding=&#8221;0px||29px||false|false&#8221; global_colors_info=&#8221;{}&#8221;][et_pb_column type=&#8221;1_2&#8243; _builder_version=&#8221;4.23.1&#8243; _module_preset=&#8221;default&#8221; animation_style=&#8221;slide&#8221; animation_direction=&#8221;left&#8221; global_colors_info=&#8221;{}&#8221;][et_pb_text _builder_version=&#8221;4.25.1&#8243; _module_preset=&#8221;default&#8221; header_5_text_color=&#8221;#D60072&#8243; custom_margin=&#8221;||5px||false|false&#8221; custom_padding=&#8221;||5px||false|false&#8221; hover_enabled=&#8221;0&#8243; global_colors_info=&#8221;{}&#8221; sticky_enabled=&#8221;0&#8243;]<\/p>\n<h5><strong>FERTILIT\u00c4TSUNTERSUCHUNG F\u00dcR DIE FRAUEN <\/strong><\/h5>\n<p>[\/et_pb_text][et_pb_text _builder_version=&#8221;4.25.1&#8243; _module_preset=&#8221;default&#8221; hover_enabled=&#8221;0&#8243; global_colors_info=&#8221;{}&#8221; sticky_enabled=&#8221;0&#8243;]<\/p>\n<h6><strong>HORMONELLE FERTILIT\u00c4TSUNTERSUCHUNG:<\/strong><\/h6>\n<p>Es handelt sich um eine Blutuntersuchung, die zwischen dem zweiten und dem f\u00fcnften Tag des Menstruationszyklus durchgef\u00fchrt wird. Sie liefert Informationen \u00fcber die aktuellen Hormonspiegel, die die Fruchtbarkeit beeinflussen, wie FSH, LH, Prolaktin und AMH. Diese Analyse erm\u00f6glicht es dem Arzt, die geeignetste Behandlung f\u00fcr Sie auszuw\u00e4hlen.<\/p>\n<h6><strong>UNTERSUCHUNG DER DURCHG\u00c4NGLICHKEIT DER EILEITER:<\/strong><\/h6>\n<p>Die Durchg\u00e4ngigkeit der Eileiter wird durch Einf\u00fchrung eines Kontrastmittels zur Visualisierung des Durchgangs durch die Eileiter und zur Feststellung, ob sie blockiert sind, \u00fcberpr\u00fcft. Dies kann entweder durch eine R\u00f6ntgenuntersuchung (Hysterosalpingographie) oder durch gyn\u00e4kologische Ultraschalluntersuchung durchgef\u00fchrt werden.[\/et_pb_text][\/et_pb_column][et_pb_column type=&#8221;1_2&#8243; _builder_version=&#8221;4.23.1&#8243; _module_preset=&#8221;default&#8221; animation_style=&#8221;slide&#8221; animation_direction=&#8221;left&#8221; global_colors_info=&#8221;{}&#8221;][et_pb_image src=&#8221;https:\/\/centromedicomanzanera.com\/wp-content\/uploads\/2024\/02\/fertilidad2-1.jpg&#8221; title_text=&#8221;fertilidad2&#8243; _builder_version=&#8221;4.24.2&#8243; _module_preset=&#8221;default&#8221; border_width_all=&#8221;3px&#8221; border_color_all=&#8221;#FFFFFF&#8221; box_shadow_style=&#8221;preset1&#8243; global_colors_info=&#8221;{}&#8221;][\/et_pb_image][\/et_pb_column][\/et_pb_row][\/et_pb_section]<\/p>\n","protected":false},"excerpt":{"rendered":"<p>FERTILIT\u00c4TSUNTERSUCHUNGBesprechen Sie Ihr Problem mit unseren \u00c4rzten &#8211; die erste Beratung ist kostenlos!SPERMAUNTERSUCHUNGSPERMIOGRAMM: Diese Analyse informiert \u00fcber makroskopische und mikroskopische Merkmale des Spermas. Es ist der grundlegende Test, den ein Mann durchf\u00fchren muss, wenn er Probleme hat, ein Kind zu zeugen, um die geeignetste Fertilit\u00e4tsbehandlung f\u00fcr das Paar zu bestimmen. &nbsp; UNTERSUCHUNG DER SPERMA-DNA-FRAGMENTIERUNG: Diese [&hellip;]<\/p>\n","protected":false},"author":3,"featured_media":0,"parent":370317,"menu_order":0,"comment_status":"closed","ping_status":"closed","template":"","meta":{"_et_pb_use_builder":"on","_et_pb_old_content":"","_et_gb_content_width":"","footnotes":""},"class_list":["post-370431","page","type-page","status-publish","hentry"],"_links":{"self":[{"href":"https:\/\/centromedicomanzanera.com\/de\/wp-json\/wp\/v2\/pages\/370431","targetHints":{"allow":["GET"]}}],"collection":[{"href":"https:\/\/centromedicomanzanera.com\/de\/wp-json\/wp\/v2\/pages"}],"about":[{"href":"https:\/\/centromedicomanzanera.com\/de\/wp-json\/wp\/v2\/types\/page"}],"author":[{"embeddable":true,"href":"https:\/\/centromedicomanzanera.com\/de\/wp-json\/wp\/v2\/users\/3"}],"replies":[{"embeddable":true,"href":"https:\/\/centromedicomanzanera.com\/de\/wp-json\/wp\/v2\/comments?post=370431"}],"version-history":[{"count":0,"href":"https:\/\/centromedicomanzanera.com\/de\/wp-json\/wp\/v2\/pages\/370431\/revisions"}],"up":[{"embeddable":true,"href":"https:\/\/centromedicomanzanera.com\/de\/wp-json\/wp\/v2\/pages\/370317"}],"wp:attachment":[{"href":"https:\/\/centromedicomanzanera.com\/de\/wp-json\/wp\/v2\/media?parent=370431"}],"curies":[{"name":"wp","href":"https:\/\/api.w.org\/{rel}","templated":true}]}}