{"id":370425,"date":"2024-01-29T16:02:15","date_gmt":"2024-01-29T16:02:15","guid":{"rendered":"https:\/\/centromedicomanzanera.com\/reproduccion-asistida\/adopcion-de-embriones\/"},"modified":"2024-05-31T07:32:25","modified_gmt":"2024-05-31T07:32:25","slug":"embryoadoption","status":"publish","type":"page","link":"https:\/\/centromedicomanzanera.com\/de\/fertilitaet\/embryoadoption\/","title":{"rendered":"Adopci\u00f3n de Embriones DE"},"content":{"rendered":"<p>[et_pb_section fb_built=&#8221;1&#8243; _builder_version=&#8221;4.23.1&#8243; _module_preset=&#8221;default&#8221; min_height=&#8221;774.5px&#8221; custom_padding=&#8221;0px||5px||false|false&#8221; global_colors_info=&#8221;{}&#8221;][et_pb_row _builder_version=&#8221;4.24.2&#8243; _module_preset=&#8221;default&#8221; width=&#8221;100%&#8221; max_width=&#8221;100%&#8221; custom_margin=&#8221;0px||||false|false&#8221; custom_padding=&#8221;0px||||false|false&#8221; animation_style=&#8221;fade&#8221; global_colors_info=&#8221;{}&#8221;][et_pb_column type=&#8221;4_4&#8243; _builder_version=&#8221;4.23.1&#8243; _module_preset=&#8221;default&#8221; global_colors_info=&#8221;{}&#8221;][et_pb_image src=&#8221;https:\/\/centromedicomanzanera.com\/wp-content\/uploads\/2024\/02\/embrion.jpg&#8221; title_text=&#8221;embrion&#8221; _builder_version=&#8221;4.24.2&#8243; _module_preset=&#8221;default&#8221; global_colors_info=&#8221;{}&#8221;][\/et_pb_image][\/et_pb_column][\/et_pb_row][et_pb_row _builder_version=&#8221;4.24.0&#8243; _module_preset=&#8221;default&#8221; custom_margin=&#8221;||0px||false|false&#8221; custom_padding=&#8221;||0px||false|false&#8221; animation_style=&#8221;fade&#8221; global_colors_info=&#8221;{}&#8221;][et_pb_column type=&#8221;4_4&#8243; _builder_version=&#8221;4.24.0&#8243; _module_preset=&#8221;default&#8221; global_colors_info=&#8221;{}&#8221;][et_pb_text _builder_version=&#8221;4.25.1&#8243; _module_preset=&#8221;default&#8221; text_text_color=&#8221;#D60072&#8243; text_font_size=&#8221;19px&#8221; custom_margin=&#8221;||10px|||&#8221; hover_enabled=&#8221;0&#8243; global_colors_info=&#8221;{}&#8221; sticky_enabled=&#8221;0&#8243;]EMBRYOADOPTION[\/et_pb_text][et_pb_divider _builder_version=&#8221;4.23.1&#8243; _module_preset=&#8221;default&#8221; custom_margin=&#8221;||2px|||&#8221; global_colors_info=&#8221;{}&#8221;][\/et_pb_divider][\/et_pb_column][\/et_pb_row][et_pb_row column_structure=&#8221;3_5,2_5&#8243; _builder_version=&#8221;4.24.0&#8243; _module_preset=&#8221;default&#8221; custom_margin=&#8221;|auto|0px|auto|false|false&#8221; custom_padding=&#8221;12px||50px||false|false&#8221; global_colors_info=&#8221;{}&#8221;][et_pb_column type=&#8221;3_5&#8243; _builder_version=&#8221;4.23.1&#8243; _module_preset=&#8221;default&#8221; animation_style=&#8221;slide&#8221; animation_direction=&#8221;left&#8221; global_colors_info=&#8221;{}&#8221;][et_pb_text _builder_version=&#8221;4.25.1&#8243; _module_preset=&#8221;default&#8221; text_font_size=&#8221;17px&#8221; custom_margin=&#8221;||12px|||&#8221; hover_enabled=&#8221;0&#8243; global_colors_info=&#8221;{}&#8221; sticky_enabled=&#8221;0&#8243;]<strong>Adoption von Embryonen, die von anderen Paare, die bereits Eltern geworden sind, gespendet wurden <\/strong>[\/et_pb_text][et_pb_text _builder_version=&#8221;4.25.1&#8243; _module_preset=&#8221;default&#8221; hover_enabled=&#8221;0&#8243; global_colors_info=&#8221;{}&#8221; sticky_enabled=&#8221;0&#8243;]<\/p>\n<p>Nach einer Fertilit\u00e4tsbehandlung und einer erfolgreichen Schwangerschaft entscheiden sich einige Paare, ihre \u00fcberz\u00e4hligen eigefrorenen Embryonen an andere Paare zu spenden. Diese Spende ist v\u00f6llig altruistisch und anonym.<\/p>\n<p>Bei der Embryoadoption kann man nicht dieselben ph\u00e4notypische Merkmale garantieren, aber die Blutgruppe und die Rasse werden immer respektiert.<\/p>\n<p>Embryonen stammen von Paargameten ab, die zuvor die Technik der In-vitro-Befruchtung durchgef\u00fchrt haben, daher ist eine Embryonaltransplantation erforderlich.<\/p>\n<p>Wenn die von Ihnen gew\u00fcnschte Behandlung die Spende beider Gameten (Eizellen und Sperma) von Spendern betrifft, lesen Sie bitte das Programm zur Eizellspende mit Samenspende.<\/p>\n<p>[\/et_pb_text][\/et_pb_column][et_pb_column type=&#8221;2_5&#8243; _builder_version=&#8221;4.23.1&#8243; _module_preset=&#8221;default&#8221; animation_style=&#8221;slide&#8221; animation_direction=&#8221;left&#8221; global_colors_info=&#8221;{}&#8221;][et_pb_image src=&#8221;https:\/\/centromedicomanzanera.com\/wp-content\/uploads\/2024\/02\/embrion2.jpg&#8221; title_text=&#8221;embrion2&#8243; _builder_version=&#8221;4.24.2&#8243; _module_preset=&#8221;default&#8221; border_width_all=&#8221;3px&#8221; border_color_all=&#8221;#FFFFFF&#8221; box_shadow_style=&#8221;preset1&#8243; box_shadow_spread=&#8221;-5px&#8221; global_colors_info=&#8221;{}&#8221;][\/et_pb_image][\/et_pb_column][\/et_pb_row][\/et_pb_section]<\/p>\n","protected":false},"excerpt":{"rendered":"<p>EMBRYOADOPTIONAdoption von Embryonen, die von anderen Paare, die bereits Eltern geworden sind, gespendet wurden Nach einer Fertilit\u00e4tsbehandlung und einer erfolgreichen Schwangerschaft entscheiden sich einige Paare, ihre \u00fcberz\u00e4hligen eigefrorenen Embryonen an andere Paare zu spenden. Diese Spende ist v\u00f6llig altruistisch und anonym. Bei der Embryoadoption kann man nicht dieselben ph\u00e4notypische Merkmale garantieren, aber die Blutgruppe und [&hellip;]<\/p>\n","protected":false},"author":3,"featured_media":0,"parent":370317,"menu_order":0,"comment_status":"closed","ping_status":"closed","template":"","meta":{"_et_pb_use_builder":"on","_et_pb_old_content":"","_et_gb_content_width":"","footnotes":""},"class_list":["post-370425","page","type-page","status-publish","hentry"],"_links":{"self":[{"href":"https:\/\/centromedicomanzanera.com\/de\/wp-json\/wp\/v2\/pages\/370425","targetHints":{"allow":["GET"]}}],"collection":[{"href":"https:\/\/centromedicomanzanera.com\/de\/wp-json\/wp\/v2\/pages"}],"about":[{"href":"https:\/\/centromedicomanzanera.com\/de\/wp-json\/wp\/v2\/types\/page"}],"author":[{"embeddable":true,"href":"https:\/\/centromedicomanzanera.com\/de\/wp-json\/wp\/v2\/users\/3"}],"replies":[{"embeddable":true,"href":"https:\/\/centromedicomanzanera.com\/de\/wp-json\/wp\/v2\/comments?post=370425"}],"version-history":[{"count":0,"href":"https:\/\/centromedicomanzanera.com\/de\/wp-json\/wp\/v2\/pages\/370425\/revisions"}],"up":[{"embeddable":true,"href":"https:\/\/centromedicomanzanera.com\/de\/wp-json\/wp\/v2\/pages\/370317"}],"wp:attachment":[{"href":"https:\/\/centromedicomanzanera.com\/de\/wp-json\/wp\/v2\/media?parent=370425"}],"curies":[{"name":"wp","href":"https:\/\/api.w.org\/{rel}","templated":true}]}}