{"id":370305,"date":"2024-02-06T11:20:20","date_gmt":"2024-02-06T11:20:20","guid":{"rendered":"https:\/\/centromedicomanzanera.com\/el-centro\/nuestra-historia\/"},"modified":"2024-05-30T10:27:18","modified_gmt":"2024-05-30T10:27:18","slug":"wir-sind-uns-bewusst-dass-das-embryologielabor-von-grundlegender-bedeutung-fuer-die-richtige-entwicklung-der-embryonen-ist-daher-haben-wir-ein-labor-mit-der-besten-verfuegbaren-technologie-auf-dem-g","status":"publish","type":"page","link":"https:\/\/centromedicomanzanera.com\/de\/die-klinik\/wir-sind-uns-bewusst-dass-das-embryologielabor-von-grundlegender-bedeutung-fuer-die-richtige-entwicklung-der-embryonen-ist-daher-haben-wir-ein-labor-mit-der-besten-verfuegbaren-technologie-auf-dem-g\/","title":{"rendered":"Nuestra Historia DE"},"content":{"rendered":"<p>[et_pb_section fb_built=&#8221;1&#8243; _builder_version=&#8221;4.24.0&#8243; _module_preset=&#8221;default&#8221; animation_style=&#8221;fade&#8221; global_colors_info=&#8221;{}&#8221;][et_pb_row _builder_version=&#8221;4.24.0&#8243; _module_preset=&#8221;default&#8221; custom_margin=&#8221;|auto|-1px|auto|false|false&#8221; custom_padding=&#8221;12px||16px||false|false&#8221; locked=&#8221;off&#8221; global_colors_info=&#8221;{}&#8221;][et_pb_column type=&#8221;4_4&#8243; _builder_version=&#8221;4.24.0&#8243; _module_preset=&#8221;default&#8221; animation_direction=&#8221;left&#8221; global_colors_info=&#8221;{}&#8221;][et_pb_text _builder_version=&#8221;4.25.1&#8243; _module_preset=&#8221;default&#8221; text_text_color=&#8221;#D60072&#8243; text_font_size=&#8221;19px&#8221; custom_margin=&#8221;||10px|||&#8221; hover_enabled=&#8221;0&#8243; global_colors_info=&#8221;{}&#8221; sticky_enabled=&#8221;0&#8243;]DIE GESCHICHTE UNSERES ZENTRUMS[\/et_pb_text][et_pb_divider color=&#8221;#D60072&#8243; _builder_version=&#8221;4.24.0&#8243; _module_preset=&#8221;default&#8221; custom_margin=&#8221;||2px|||&#8221; global_colors_info=&#8221;{}&#8221;][\/et_pb_divider][\/et_pb_column][\/et_pb_row][et_pb_row column_structure=&#8221;2_5,3_5&#8243; _builder_version=&#8221;4.24.0&#8243; _module_preset=&#8221;default&#8221; global_colors_info=&#8221;{}&#8221;][et_pb_column type=&#8221;2_5&#8243; _builder_version=&#8221;4.24.0&#8243; _module_preset=&#8221;default&#8221; global_colors_info=&#8221;{}&#8221;][et_pb_image src=&#8221;https:\/\/centromedicomanzanera.com\/wp-content\/uploads\/2014\/03\/team-gregorio-manzanera.jpg&#8221; title_text=&#8221;team-gregorio-manzanera&#8221; _builder_version=&#8221;4.24.0&#8243; _module_preset=&#8221;default&#8221; global_colors_info=&#8221;{}&#8221;][\/et_pb_image][\/et_pb_column][et_pb_column type=&#8221;3_5&#8243; _builder_version=&#8221;4.24.0&#8243; _module_preset=&#8221;default&#8221; global_colors_info=&#8221;{}&#8221;][et_pb_text _builder_version=&#8221;4.25.1&#8243; _module_preset=&#8221;default&#8221; hover_enabled=&#8221;0&#8243; global_colors_info=&#8221;{}&#8221; sticky_enabled=&#8221;0&#8243;]Das von Dr. Gregorio Manzanera gegr\u00fcndete Gesundheitszentrum begann im Jahr 1980 seine T\u00e4tigkeit im Bereich der Geburtshilfe und Gyn\u00e4kologie und f\u00fchrte das erste Ultraschallger\u00e4t in der Region La Rioja ein.<\/p>\n<p>Im Jahr 1990 wurde damit begonnen, Techniken der k\u00fcnstlichen Befruchtung mit Samenaufbereitung anzuwenden, und noch im selben Jahr gelang es, die ersten Schwangerschaften zu erreichen.<\/p>\n<p>Anfang 2002 wurde die Abteilung f\u00fcr menschliche Reproduktion gegr\u00fcndet, die erstmals die Techniken der In-vitro-Fertilisation (IVF) und der Intrazytoplasmatischen Spermieninjektion (ICSI) umfasste, wodurch das Centro M\u00e9dico Manzanera zum ersten und einzigen Zentrum in La Rioja wurde, das die M\u00f6glichkeit bietet, alle Techniken der assistierten Reproduktion durchzuf\u00fchren. Heute gibt es viele Kinder, die dank der Anwendung dieser Techniken im Centro M\u00e9dico Manzanera geboren wurden.<\/p>\n<p>Im Jahr 2013 wurde das internationale Fruchtbarkeitsprojekt gestartet, und seitdem haben wir Frauen aus vielen L\u00e4ndern dabei helfen, schwanger zu werden.<\/p>\n<p>Parallel zur Arbeit in der Reproduktion wurde die diagnostische und therapeutische Verbesserung in der gyn\u00e4kologischen Geburtshilfe vorangetrieben, wobei hochaufl\u00f6sende Ultraschallger\u00e4te, Hysteroskopie, Laparoskopie und der gyn\u00e4kologische Laser eingef\u00fchrt wurden.<\/p>\n<p>Im M\u00e4rz 2005 sind wir in unseren neuen Hauptsitz in der Calle Ingeniero La Cierva Nr. 10, Erdgeschoss, umgezogen. Dort haben wir unser Leistungsangebot um einen ambulanten Operationssaal erweitert und die Laboratorien f\u00fcr Andrologie und Embryologie verbessert.<\/p>\n<p>Das Centro M\u00e9dico Ginecol\u00f3gico Manzanera ist seit 1980 f\u00fcr La Rioja t\u00e4tig und bietet die neuesten technischen Fortschritte zum Schutz der Gesundheit von Frauen.<br \/>\n[\/et_pb_text][\/et_pb_column][\/et_pb_row][\/et_pb_section]<\/p>\n","protected":false},"excerpt":{"rendered":"<p>DIE GESCHICHTE UNSERES ZENTRUMSDas von Dr. Gregorio Manzanera gegr\u00fcndete Gesundheitszentrum begann im Jahr 1980 seine T\u00e4tigkeit im Bereich der Geburtshilfe und Gyn\u00e4kologie und f\u00fchrte das erste Ultraschallger\u00e4t in der Region La Rioja ein. Im Jahr 1990 wurde damit begonnen, Techniken der k\u00fcnstlichen Befruchtung mit Samenaufbereitung anzuwenden, und noch im selben Jahr gelang es, die ersten [&hellip;]<\/p>\n","protected":false},"author":3,"featured_media":0,"parent":370287,"menu_order":0,"comment_status":"closed","ping_status":"closed","template":"","meta":{"_et_pb_use_builder":"on","_et_pb_old_content":"","_et_gb_content_width":"","footnotes":""},"class_list":["post-370305","page","type-page","status-publish","hentry"],"_links":{"self":[{"href":"https:\/\/centromedicomanzanera.com\/de\/wp-json\/wp\/v2\/pages\/370305","targetHints":{"allow":["GET"]}}],"collection":[{"href":"https:\/\/centromedicomanzanera.com\/de\/wp-json\/wp\/v2\/pages"}],"about":[{"href":"https:\/\/centromedicomanzanera.com\/de\/wp-json\/wp\/v2\/types\/page"}],"author":[{"embeddable":true,"href":"https:\/\/centromedicomanzanera.com\/de\/wp-json\/wp\/v2\/users\/3"}],"replies":[{"embeddable":true,"href":"https:\/\/centromedicomanzanera.com\/de\/wp-json\/wp\/v2\/comments?post=370305"}],"version-history":[{"count":0,"href":"https:\/\/centromedicomanzanera.com\/de\/wp-json\/wp\/v2\/pages\/370305\/revisions"}],"up":[{"embeddable":true,"href":"https:\/\/centromedicomanzanera.com\/de\/wp-json\/wp\/v2\/pages\/370287"}],"wp:attachment":[{"href":"https:\/\/centromedicomanzanera.com\/de\/wp-json\/wp\/v2\/media?parent=370305"}],"curies":[{"name":"wp","href":"https:\/\/api.w.org\/{rel}","templated":true}]}}