{"id":368071,"date":"2023-11-27T13:15:09","date_gmt":"2023-11-27T13:15:09","guid":{"rendered":"https:\/\/centromedicomanzanera.com\/politica-de-cookies\/"},"modified":"2024-05-30T07:53:36","modified_gmt":"2024-05-30T07:53:36","slug":"politica-de-cookies","status":"publish","type":"page","link":"https:\/\/centromedicomanzanera.com\/de\/politica-de-cookies\/","title":{"rendered":"Pol\u00edtica de Cookies DE"},"content":{"rendered":"<p>[et_pb_section fb_built=&#8221;1&#8243; _builder_version=&#8221;4.24.3&#8243; _module_preset=&#8221;default&#8221; global_colors_info=&#8221;{}&#8221;][et_pb_row _builder_version=&#8221;4.24.3&#8243; _module_preset=&#8221;default&#8221; global_colors_info=&#8221;{}&#8221;][et_pb_column type=&#8221;4_4&#8243; _builder_version=&#8221;4.24.3&#8243; _module_preset=&#8221;default&#8221; global_colors_info=&#8221;{}&#8221;][et_pb_text _builder_version=&#8221;4.25.0&#8243; _module_preset=&#8221;default&#8221; hover_enabled=&#8221;0&#8243; global_colors_info=&#8221;{}&#8221; sticky_enabled=&#8221;0&#8243;]<\/p>\n<p><strong><u>POL\u00cdTICA DE COOKIES <\/u><\/strong><strong><u>DE <\/u><\/strong><strong><u>www.centromedicomanzanera.com<\/u><\/strong><\/p>\n<p>&nbsp;<\/p>\n<p>A trav\u00e9s de la pol\u00edtica de cookies CEMGIMA, S.L. pretende informaci\u00f3n acerca del tratamiento de sus datos que realiza a trav\u00e9s del uso de \u201ccookies\u201d y\/o tecnolog\u00edas similares<\/p>\n<p>&nbsp;<\/p>\n<p><strong><u>\u00bfQu\u00e9 es una cookie?<\/u><\/strong><\/p>\n<p>&nbsp;<\/p>\n<p>En ocasiones es posible que utilicemos una tecnolog\u00eda llamada \u201ccookies\u201d con el fin de que proporcionemos una serie de contenidos y\/o servicios de manera personalizada. Una \u201ccookie\u201d es un peque\u00f1o elemento de datos que un sitio Web puede enviar al programa de navegaci\u00f3n Web del usuario.<\/p>\n<p>&nbsp;<\/p>\n<p>A su vez, este elemento puede almacenarse en el disco duro del ordenador del usuario de manera que le podamos reconocer cuando regrese a nuestro sitio Web. En cualquier caso, siempre existe la posibilidad de que el usuario especifique, en las preferencias de su programa de navegaci\u00f3n que desea, recibir un aviso antes de aceptar cualquier \u201ccookie\u201d.<\/p>\n<p>&nbsp;<\/p>\n<p>Los usos concretos que CEMGIMA, S.L. hace de estas tecnolog\u00edas se describen a continuaci\u00f3n.<\/p>\n<p>&nbsp;<\/p>\n<p><strong><u>\u00bfQu\u00e9 tipo de cookies se utilizan en esta p\u00e1gina web?<\/u><\/strong><\/p>\n<p>&nbsp;<\/p>\n<p>Cookies Propias: son aquellas que se env\u00edan al equipo terminal del usuario desde un equipo o dominio gestionado por el propio editor y desde el que se presta el servicio solicitado por el usuario.<\/p>\n<p>&nbsp;<\/p>\n<p>Cookies de Terceros: son aquellas que se env\u00edan al equipo terminal del usuario desde un equipo o dominio que no es gestionado por el editor, sino por otra entidad que trata los datos obtenidos trav\u00e9s de las cookies<\/p>\n<p>&nbsp;<\/p>\n<p>Cookies T\u00e9cnicas: son aquellas que permiten al usuario la navegaci\u00f3n a trav\u00e9s de una p\u00e1gina web, plataforma o aplicaci\u00f3n y la utilizaci\u00f3n de las diferentes opciones o servicios que en ella existan, incluyendo aquellas que el editor utiliza para permitir la gesti\u00f3n y operativa de la p\u00e1gina web y habilitar sus funciones y servicios.<\/p>\n<p>&nbsp;<\/p>\n<p>Cookies Anal\u00edticas: son aquellas que permiten al responsable de las mismas el seguimiento y an\u00e1lisis del comportamiento de los usuarios de los sitios web a los que est\u00e1n vinculadas, incluida la cuantificaci\u00f3n de los impactos de los anuncios. La informaci\u00f3n recogida mediante este tipo de cookies se utiliza en la medici\u00f3n de la actividad de los sitios web, aplicaci\u00f3n o plataforma, con el fin de introducir mejoras en funci\u00f3n del an\u00e1lisis de los datos de uso que hacen los usuarios del servicio.<\/p>\n<p>&nbsp;<\/p>\n<p>Cookies publicitarias: son aquellas que almacenan informaci\u00f3n del comportamiento de los usuarios obtenida a trav\u00e9s de la observaci\u00f3n continuada de sus h\u00e1bitos de navegaci\u00f3n, lo que permite desarrollar un perfil espec\u00edfico para mostrar publicidad en funci\u00f3n del mismo.<\/p>\n<p>&nbsp;<\/p>\n<p>Cookies de personalizaci\u00f3n: son aquellas que permiten recordar informaci\u00f3n para que el usuario acceda al servicio con determinadas caracter\u00edsticas que pueden diferenciar su experiencia de la de otros usuarios, como, por ejemplo, el idioma.<\/p>\n<p>&nbsp;<\/p>\n<p>Cookies de sesi\u00f3n: son aquellas dise\u00f1adas para recabar y almacenar datos mientras el usuario accede a una p\u00e1gina web. Se suelen emplear para almacenar informaci\u00f3n que solo interesa conservar para la prestaci\u00f3n del servicio solicitad por el usuario en una sola ocasi\u00f3n y desaparecen al terminar la sesi\u00f3n.<\/p>\n<p>&nbsp;<\/p>\n<p>Cookies persistentes: son aquellas en las que los datos siguen almacenados en el terminal y puede ser accedidos y tratados durante un per\u00edodo definido por el responsable de la cookie.<\/p>\n<p>&nbsp;<\/p>\n<p>Los datos que ser\u00e1n almacenados en cada \u201ccookie\u201d son los siguientes: idioma, fecha y hora de la \u00faltima vez que el usuario visit\u00f3 nuestro Web, dise\u00f1o de contenidos que el usuario escogi\u00f3 en su primera visita a nuestro Web y elementos de seguridad que intervienen en el control de acceso a las \u00e1reas restringidas.<\/p>\n<p>\u00a0\u00a0\u00a0\u00a0\u00a0\u00a0\u00a0\u00a0\u00a0\u00a0\u00a0\u00a0\u00a0\u00a0\u00a0 Este sitio web usa las siguientes cookies:<\/p>\n<table width=\"716\">\n<tbody>\n<tr>\n<td width=\"92\">\n<p><strong>Nombre de la cookie<\/strong><\/p>\n<\/td>\n<td width=\"113\">\n<p><strong>Tipo de cookie<\/strong><\/p>\n<\/td>\n<td width=\"180\">\n<p><strong>Finalidad<\/strong><\/p>\n<\/td>\n<td width=\"123\">\n<p><strong>Entidad encargada<\/strong><\/p>\n<\/td>\n<td width=\"104\">\n<p><strong>Tiempo de permanencia activada<\/strong><\/p>\n<\/td>\n<td width=\"104\">\n<p><strong>Transferencia internacional de datos<\/strong><\/p>\n<\/td>\n<\/tr>\n<tr>\n<td width=\"92\">\n<p>_grecaptcha<\/p>\n<\/td>\n<td width=\"113\">\n<p>Necesaria<\/p>\n<\/td>\n<td width=\"180\">\n<p>Esta cookie se utiliza para distinguir entre humanos y bots. Esto es beneficioso para la web con el objeto de elaborar informes v\u00e1lidos sobre el uso de su web<\/p>\n<\/td>\n<td width=\"123\">\n<p>Gstatic.com<\/p>\n<\/td>\n<td width=\"104\">\n<p>Persistente<\/p>\n<\/td>\n<td width=\"104\">\n<p>EEUU<\/p>\n<\/td>\n<\/tr>\n<tr>\n<td width=\"92\">\n<p>_GRECAPTCHA<\/p>\n<\/td>\n<td width=\"113\">\n<p>Necesaria<\/p>\n<\/td>\n<td width=\"180\">\n<p>Esta cookie se utiliza para distinguir entre humanos y bots. Esto es beneficioso para la web con el objeto de elaborar informes v\u00e1lidos sobre el uso de su web<\/p>\n<\/td>\n<td width=\"123\">\n<p>Google.com<\/p>\n<\/td>\n<td width=\"104\">\n<p>180 d\u00edas desde inicio de sesi\u00f3n<\/p>\n<\/td>\n<td width=\"104\">\n<p>EEUU<\/p>\n<\/td>\n<\/tr>\n<tr>\n<td width=\"92\">\n<p>cookielawinfo-checkbox-advertisement<\/p>\n<\/td>\n<td width=\"113\">\n<p>Necesaria<\/p>\n<\/td>\n<td width=\"180\">\n<p>Utilizada para detectar si el visitante ha aceptado la categor\u00eda de marketing en el banner de cookies. Esta cookie es necesaria para que la web cumpla con el RGPD<\/p>\n<\/td>\n<td width=\"123\">\n<p>Centromedicomanzanera.com<\/p>\n<\/td>\n<td width=\"104\">\n<p>1 a\u00f1o desde inicio de sesi\u00f3n<\/p>\n<\/td>\n<td width=\"104\">\n<p>Espa\u00f1a<\/p>\n<\/td>\n<\/tr>\n<tr>\n<td width=\"92\">\n<p>cookielawinfo-checkbox-necessary<\/p>\n<\/td>\n<td width=\"113\">\n<p>Necesaria<\/p>\n<\/td>\n<td width=\"180\">\n<p>Determina si el visitante ha aceptado la casilla de consentimiento de cookies<\/p>\n<\/td>\n<td width=\"123\">\n<p>Centromedicomanzanera.com<\/p>\n<\/td>\n<td width=\"104\">\n<p>1 a\u00f1o desde inicio de sesi\u00f3n<\/p>\n<\/td>\n<td width=\"104\">\n<p>Espa\u00f1a<\/p>\n<\/td>\n<\/tr>\n<tr>\n<td width=\"92\">\n<p>rc::a<\/p>\n<\/td>\n<td width=\"113\">\n<p>Necesaria<\/p>\n<\/td>\n<td width=\"180\">\n<p>Esta cookie se utiliza para distinguir entre humanos y bots. Esto es beneficioso para la web con el objeto de elabrar informes v\u00e1lidos sobre el uso de la web<\/p>\n<\/td>\n<td width=\"123\">\n<p>Gstatic.com<\/p>\n<\/td>\n<td width=\"104\">\n<p>Persistente<\/p>\n<\/td>\n<td width=\"104\">\n<p>EEUU<\/p>\n<\/td>\n<\/tr>\n<tr>\n<td width=\"92\">\n<p>rc::b<\/p>\n<\/td>\n<td width=\"113\">\n<p>Necesaria<\/p>\n<\/td>\n<td width=\"180\">\n<p>Esta cookie se utiliza para distinguir entre humanos y bots<\/p>\n<\/td>\n<td width=\"123\">\n<p>Gstatic.com<\/p>\n<\/td>\n<td width=\"104\">\n<p>Al cierre del navegador<\/p>\n<\/td>\n<td width=\"104\">\n<p>EEUU<\/p>\n<\/td>\n<\/tr>\n<tr>\n<td width=\"92\">\n<p>rc::c<\/p>\n<\/td>\n<td width=\"113\">\n<p>Necesaria<\/p>\n<\/td>\n<td width=\"180\">\n<p>Esta cookie se utiliza para distinguir entre humanos y bots<\/p>\n<\/td>\n<td width=\"123\">\n<p>Gstatic.com<\/p>\n<\/td>\n<td width=\"104\">\n<p>Al cierre del navegador<\/p>\n<\/td>\n<td width=\"104\">\n<p>EEUU<\/p>\n<\/td>\n<\/tr>\n<tr>\n<td width=\"92\">\n<p>XSRF-TOKEN<\/p>\n<\/td>\n<td width=\"113\">\n<p>Necesaria<\/p>\n<\/td>\n<td width=\"180\">\n<p>Asegura la navegaci\u00f3n segura del visitante previniendo la falsificaci\u00f3n de petici\u00f3n en sitios cruzados. Esta cookie es esencial para la seguridad de la web y del visitante<\/p>\n<\/td>\n<td width=\"123\">\n<p>Informaci\u00f3n.centromanzanera.com<\/p>\n<\/td>\n<td width=\"104\">\n<p>24 horas desde inicio de sesi\u00f3n<\/p>\n<\/td>\n<td width=\"104\">\n<p>Espa\u00f1a<\/p>\n<\/td>\n<\/tr>\n<tr>\n<td width=\"92\">\n<p>a\/n<\/p>\n<\/td>\n<td width=\"113\">\n<p>Personalizaci\u00f3n<\/p>\n<\/td>\n<td width=\"180\">\n<p>Detecta cu\u00e1ntas veces ha visitado un usuario un sitio web para determinar si debe mostrarse una notificaci\u00f3n en la p\u00e1gina<\/p>\n<\/td>\n<td width=\"123\">\n<p>Informaci\u00f3n.centromedicomanzanera.com<\/p>\n<\/td>\n<td width=\"104\">\n<p>24 horas desde inicio de sesi\u00f3n<\/p>\n<\/td>\n<td width=\"104\">\n<p>Espa\u00f1a<\/p>\n<\/td>\n<\/tr>\n<tr>\n<td width=\"92\">\n<p>_dc_gtm_UA-#<\/p>\n<\/td>\n<td width=\"113\">\n<p>Anal\u00edtica<\/p>\n<\/td>\n<td width=\"180\">\n<p>Utilizada por Google Tag Manager para controlar la carga de una etiqueta de script de Google Analytics<\/p>\n<\/td>\n<td width=\"123\">\n<p>Centromedicomanzanera.com<\/p>\n<\/td>\n<td width=\"104\">\n<p>24 horas desde inicio de sesi\u00f3n<\/p>\n<\/td>\n<td width=\"104\">\n<p>EEUU<\/p>\n<\/td>\n<\/tr>\n<tr>\n<td width=\"92\">\n<p>_ga<\/p>\n<\/td>\n<td width=\"113\">\n<p>Anal\u00edtica<\/p>\n<\/td>\n<td width=\"180\">\n<p>Registra una identificaci\u00f3n \u00fanica que se utiliza para generar datos estad\u00edsticos acerca de c\u00f3mo utiliza el visitante el sitio web<\/p>\n<\/td>\n<td width=\"123\">\n<p>Centromedicomanzanera.com<\/p>\n<\/td>\n<td width=\"104\">\n<p>2 a\u00f1os desde inicio de sesi\u00f3n<\/p>\n<\/td>\n<td width=\"104\">\n<p>EEUU<\/p>\n<\/td>\n<\/tr>\n<tr>\n<td width=\"92\">\n<p>_gid<\/p>\n<\/td>\n<td width=\"113\">\n<p>Anal\u00edtica<\/p>\n<\/td>\n<td width=\"180\">\n<p>Registra una identificaci\u00f3n \u00fanica que se utiliza para generar datos estad\u00edsticos acerca de c\u00f3mo utiliza el visitante el sitio web<\/p>\n<\/td>\n<td width=\"123\">\n<p>Centromedicomanzanera.com<\/p>\n<\/td>\n<td width=\"104\">\n<p>24 horas desde inicio de sesi\u00f3n<\/p>\n<\/td>\n<td width=\"104\">\n<p>EEUU<\/p>\n<\/td>\n<\/tr>\n<tr>\n<td width=\"92\">\n<p>Collect<\/p>\n<\/td>\n<td width=\"113\">\n<p>Anal\u00edtica<\/p>\n<\/td>\n<td width=\"180\">\n<p>Se utiliza para enviar datos a Google Analytics sobre el dispositivo del visitante y su comportamiento. Registra al visitante a trav\u00e9s de dispositivos y canales de marketing<\/p>\n<\/td>\n<td width=\"123\">\n<p>Google-analytics.com<\/p>\n<\/td>\n<td width=\"104\">\n<p>Al cierre del navegador<\/p>\n<\/td>\n<td width=\"104\">\n<p>EEUU<\/p>\n<\/td>\n<\/tr>\n<tr>\n<td width=\"92\">\n<p>_fbp<\/p>\n<\/td>\n<td width=\"113\">\n<p>Publicitaria<\/p>\n<\/td>\n<td width=\"180\">\n<p>Utilizada por Facebook para proporcionar una serie de productos publicitarios como pujas en tiempo real de terceros anunciantes<\/p>\n<\/td>\n<td width=\"123\">\n<p>Centromedicomanzanera.com<\/p>\n<\/td>\n<td width=\"104\">\n<p>3 meses desde inicio de sesi\u00f3n<\/p>\n<\/td>\n<td width=\"104\">\n<p>Alemania<\/p>\n<\/td>\n<\/tr>\n<tr>\n<td width=\"92\">\n<p>_gcl_au<\/p>\n<\/td>\n<td width=\"113\">\n<p>Publicitaria<\/p>\n<\/td>\n<td width=\"180\">\n<p>Utilizada por Google AdSense para experimentar con la eficiencia publicitaria a trav\u00e9s de las webs usando sus servicios<\/p>\n<\/td>\n<td width=\"123\">\n<p>Centromedicomanzanera.com<\/p>\n<\/td>\n<td width=\"104\">\n<p>3 meses desde inicio de sesi\u00f3n<\/p>\n<\/td>\n<td width=\"104\">\n<p>EEUU<\/p>\n<\/td>\n<\/tr>\n<tr>\n<td width=\"92\">\n<p>_uetsid<\/p>\n<\/td>\n<td width=\"113\">\n<p>Publicitaria<\/p>\n<\/td>\n<td width=\"180\">\n<p>Utilizada para rastrear a los visitantes en las m\u00faltiples webs para mostrar publicidad m\u00e1s relevante. Tambi\u00e9n le permite a la web limitar el n\u00famero de veces que el usuario est\u00e1 expuesto a un mismo anuncio<\/p>\n<\/td>\n<td width=\"123\">\n<p>Centromedicomanzanera.com<\/p>\n<\/td>\n<td width=\"104\">\n<p>24 horas desde inicio de sesi\u00f3n<\/p>\n<\/td>\n<td width=\"104\">\n<p>EEUU<\/p>\n<\/td>\n<\/tr>\n<tr>\n<td width=\"92\">\n<p>_uetsid<\/p>\n<\/td>\n<td width=\"113\">\n<p>Publicitaria<\/p>\n<\/td>\n<td width=\"180\">\n<p>Utilizada para rastrear a los visitantes en las m\u00faltiples webs para mostrar publicidad m\u00e1s relevante. Tambi\u00e9n le permite a la web limitar el n\u00famero de veces que el usuario est\u00e1 expuesto a un mismo anuncio<\/p>\n<\/td>\n<td width=\"123\">\n<p>Centromedicomanzanera.com<\/p>\n<\/td>\n<td width=\"104\">\n<p>24 horas desde inicio de sesi\u00f3n<\/p>\n<\/td>\n<td width=\"104\">\n<p>EEUU<\/p>\n<\/td>\n<\/tr>\n<tr>\n<td width=\"92\">\n<p>_uetsid_exp<\/p>\n<\/td>\n<td width=\"113\">\n<p>Publicitaria<\/p>\n<\/td>\n<td width=\"180\">\n<p>Contiene la fecha de caducidad para la cookie con el nombre correspondiente<\/p>\n<\/td>\n<td width=\"123\">\n<p>Bing.com<\/p>\n<\/td>\n<td width=\"104\">\n<p>Persistente<\/p>\n<\/td>\n<td width=\"104\">\n<p>EEUU<\/p>\n<\/td>\n<\/tr>\n<tr>\n<td width=\"92\">\n<p>_uetvid<\/p>\n<\/td>\n<td width=\"113\">\n<p>Publicitaria<\/p>\n<\/td>\n<td width=\"180\">\n<p>Utilizada para rastrear a los visitantes en las m\u00faltiples webs para presentar publicidad relevante basada en las preferencias del visitante<\/p>\n<\/td>\n<td width=\"123\">\n<p>Bing.com<\/p>\n<\/td>\n<td width=\"104\">\n<p>Persistente<\/p>\n<\/td>\n<td width=\"104\">\n<p>EEUU<\/p>\n<\/td>\n<\/tr>\n<tr>\n<td width=\"92\">\n<p>_uetvid_exp<\/p>\n<\/td>\n<td width=\"113\">\n<p>Publicitaria<\/p>\n<\/td>\n<td width=\"180\">\n<p>Contiene la caducidad para la cookie con el nombre correspondiente<\/p>\n<\/td>\n<td width=\"123\">\n<p>Bing.com<\/p>\n<\/td>\n<td width=\"104\">\n<p>Persistente<\/p>\n<\/td>\n<td width=\"104\">\n<p>EEUU<\/p>\n<\/td>\n<\/tr>\n<tr>\n<td width=\"92\">\n<p>MUID<\/p>\n<\/td>\n<td width=\"113\">\n<p>Publicitaria<\/p>\n<\/td>\n<td width=\"180\">\n<p>Utilizada ampliamente por Microsoft como identificaci\u00f3n \u00fanica de usuario. La cookie permite el seguimiento del usuario sincronizando la identificaci\u00f3n a lo largo de muchos dominios de Microsoft<\/p>\n<\/td>\n<td width=\"123\">\n<p>Bing.com<\/p>\n<\/td>\n<td width=\"104\">\n<p>1 a\u00f1o desde inicio de sesi\u00f3n<\/p>\n<\/td>\n<td width=\"104\">\n<p>EEUU<\/p>\n<\/td>\n<\/tr>\n<tr>\n<td width=\"92\">\n<p>__adroll_consent_params<\/p>\n<\/td>\n<td width=\"113\">\n<p>&nbsp;<\/p>\n<\/td>\n<td width=\"180\">\n<p>&nbsp;<\/p>\n<\/td>\n<td width=\"123\">\n<p>Centromedicomanzanera.com<\/p>\n<\/td>\n<td width=\"104\">\n<p>Al cierre del navegador<\/p>\n<\/td>\n<td width=\"104\">\n<p>EEUU<\/p>\n<\/td>\n<\/tr>\n<tr>\n<td width=\"92\">\n<p>adroll#adroll<\/p>\n<\/td>\n<td width=\"113\">\n<p>&nbsp;<\/p>\n<\/td>\n<td width=\"180\">\n<p>&nbsp;<\/p>\n<\/td>\n<td width=\"123\">\n<p>Centromedicomanzanera.com<\/p>\n<\/td>\n<td width=\"104\">\n<p>Persistente<\/p>\n<\/td>\n<td width=\"104\">\n<p>Espa\u00f1a<\/p>\n<\/td>\n<\/tr>\n<tr>\n<td width=\"92\">\n<p>manzanera_session<\/p>\n<\/td>\n<td width=\"113\">\n<p>&nbsp;<\/p>\n<\/td>\n<td width=\"180\">\n<p>&nbsp;<\/p>\n<\/td>\n<td width=\"123\">\n<p>Informaci\u00f3n.centromedicomanzanera.com<\/p>\n<\/td>\n<td width=\"104\">\n<p>24 horas desde inicio de sesi\u00f3n<\/p>\n<\/td>\n<td width=\"104\">\n<p>Espa\u00f1a<\/p>\n<\/td>\n<\/tr>\n<\/tbody>\n<\/table>\n<p>&nbsp;<\/p>\n<p>&nbsp;<\/p>\n<p>\u00a0\u00a0\u00a0\u00a0\u00a0\u00a0\u00a0\u00a0\u00a0\u00a0\u00a0\u00a0\u00a0\u00a0\u00a0 <strong>(*) Proveedores no ubicados en la Uni\u00f3n Europea ni en pa\u00edses con legislaci\u00f3n equivalente en materia de protecci\u00f3n de datos<\/strong><\/p>\n<p>La informaci\u00f3n extra\u00edda a trav\u00e9s de estas cookies se almacena en servidores de Google\/Facebook, ubicados en EEUU, pa\u00eds en el cual su legislaci\u00f3n no garantiza un nivel adecuado de protecci\u00f3n de datos a criterio de las autoridades europeas. Al prestar su consentimiento al uso de estas cookies, usted consiente tambi\u00e9n la transferencia internacional de sus datos a la compa\u00f1\u00eda Google\/Facebook en Estados Unidos.<\/p>\n<p>Igualmente, Google se encuentra adscrita a la herramienta Web Choices, desde la cual, puede deshabilitar el uso de sus cookies: http:\/\/optout.aboutads.info\/.\u00a0\u00a0\u00a0\u00a0\u00a0\u00a0\u00a0\u00a0\u00a0\u00a0\u00a0\u00a0\u00a0<\/p>\n<p><strong>\u00bfPuedo desactivarlas?<\/strong><\/p>\n<p><strong>\u00a0\u00a0\u00a0\u00a0\u00a0\u00a0\u00a0\u00a0\u00a0\u00a0\u00a0\u00a0\u00a0\u00a0\u00a0 <\/strong>Vd. puede configurar su navegador para rechazar el almacenamiento de las cookies en su ordenador.<\/p>\n<p>Para poder deshabilitar las cookies desde los navegadores puede encontrar informaci\u00f3n sobre c\u00f3mo hacerlo en el caso de que se use como navegador:<\/p>\n<p>&nbsp;<\/p>\n<p>Firefox desde aqu\u00ed: <a href=\"http:\/\/support.mozilla.org\/es\/kb\/habilitar-y-deshabilitar-cookies-que-los-sitios-we\">http:\/\/support.mozilla.org\/es\/kb\/habilitar-y-deshabilitar-cookies-que-los-sitios-we<\/a><\/p>\n<p>Chrome desde aqu\u00ed: <a href=\"http:\/\/support.google.com\/chrome\/bin\/answer.py?hl=es&amp;answer=95647\">http:\/\/support.google.com\/chrome\/bin\/answer.py?hl=es&amp;answer=95647<\/a><\/p>\n<p>Explorer desde aqu\u00ed: <a href=\"https:\/\/support.microsoft.com\/es-es\/help\/17442\/windows-internet-explorer-delete-manage-cookies\">https:\/\/support.microsoft.com\/es-es\/help\/17442\/windows-internet-explorer-delete-manage-cookies<\/a><\/p>\n<p>Safari desde aqu\u00ed: <a href=\"http:\/\/support.apple.com\/kb\/ph5042\">http:\/\/support.apple.com\/kb\/ph5042<\/a><\/p>\n<p>Opera desde aqu\u00ed: <a href=\"http:\/\/help.opera.com\/Windows\/11.50\/es-ES\/cookies.html\">http:\/\/help.opera.com\/Windows\/11.50\/es-ES\/cookies.html<\/a><\/p>\n<p>&nbsp;<\/p>\n<p>&nbsp;<\/p>\n<p>Por \u00faltimo, para obtener una informaci\u00f3n m\u00e1s exhaustiva acerca del tratamiento que CEMGIMA, S.L. realiza de sus datos personales, sobre cu\u00e1les son sus derechos relacionados con la protecci\u00f3n de datos o sobre qu\u00e9 cesiones se llevan a cabo, puede consultar nuestra <strong><u>pol\u00edtica de privacidad.<\/u><\/strong><\/p>\n<p>[\/et_pb_text][\/et_pb_column][\/et_pb_row][\/et_pb_section]<\/p>\n","protected":false},"excerpt":{"rendered":"<p>POL\u00cdTICA DE COOKIES DE www.centromedicomanzanera.com &nbsp; A trav\u00e9s de la pol\u00edtica de cookies CEMGIMA, S.L. pretende informaci\u00f3n acerca del tratamiento de sus datos que realiza a trav\u00e9s del uso de \u201ccookies\u201d y\/o tecnolog\u00edas similares &nbsp; \u00bfQu\u00e9 es una cookie? &nbsp; En ocasiones es posible que utilicemos una tecnolog\u00eda llamada \u201ccookies\u201d con el fin de que [&hellip;]<\/p>\n","protected":false},"author":3,"featured_media":0,"parent":0,"menu_order":0,"comment_status":"closed","ping_status":"closed","template":"","meta":{"_et_pb_use_builder":"on","_et_pb_old_content":"","_et_gb_content_width":"","footnotes":""},"class_list":["post-368071","page","type-page","status-publish","hentry"],"_links":{"self":[{"href":"https:\/\/centromedicomanzanera.com\/de\/wp-json\/wp\/v2\/pages\/368071","targetHints":{"allow":["GET"]}}],"collection":[{"href":"https:\/\/centromedicomanzanera.com\/de\/wp-json\/wp\/v2\/pages"}],"about":[{"href":"https:\/\/centromedicomanzanera.com\/de\/wp-json\/wp\/v2\/types\/page"}],"author":[{"embeddable":true,"href":"https:\/\/centromedicomanzanera.com\/de\/wp-json\/wp\/v2\/users\/3"}],"replies":[{"embeddable":true,"href":"https:\/\/centromedicomanzanera.com\/de\/wp-json\/wp\/v2\/comments?post=368071"}],"version-history":[{"count":0,"href":"https:\/\/centromedicomanzanera.com\/de\/wp-json\/wp\/v2\/pages\/368071\/revisions"}],"wp:attachment":[{"href":"https:\/\/centromedicomanzanera.com\/de\/wp-json\/wp\/v2\/media?parent=368071"}],"curies":[{"name":"wp","href":"https:\/\/api.w.org\/{rel}","templated":true}]}}