{"id":368019,"date":"2023-11-27T13:13:54","date_gmt":"2023-11-27T13:13:54","guid":{"rendered":"https:\/\/centromedicomanzanera.com\/aviso-legal\/"},"modified":"2024-07-03T11:33:56","modified_gmt":"2024-07-03T11:33:56","slug":"aviso-legal","status":"publish","type":"page","link":"https:\/\/centromedicomanzanera.com\/de\/aviso-legal\/","title":{"rendered":"Aviso Legal DE"},"content":{"rendered":"<p>[et_pb_section fb_built=&#8221;1&#8243; _builder_version=&#8221;4.24.3&#8243; _module_preset=&#8221;default&#8221; global_colors_info=&#8221;{}&#8221;][et_pb_row _builder_version=&#8221;4.24.3&#8243; _module_preset=&#8221;default&#8221; global_colors_info=&#8221;{}&#8221;][et_pb_column type=&#8221;4_4&#8243; _builder_version=&#8221;4.24.3&#8243; _module_preset=&#8221;default&#8221; global_colors_info=&#8221;{}&#8221;][et_pb_text _builder_version=&#8221;4.25.0&#8243; _module_preset=&#8221;default&#8221; global_colors_info=&#8221;{}&#8221;]<\/p>\n<p><strong><u>TERMINOS GENERALES DE USO DE <\/u><\/strong><strong><u>www.centromedicomanzanera.com<\/u><\/strong><\/p>\n<p>&nbsp;<\/p>\n<p>El acceso a los contenidos de las secciones de nuestra Web, se har\u00e1 de acuerdo a la pol\u00edtica que establezca la entidad. Asimismo CEMGIMA, S.L., podr\u00e1 modificar, en cualquier momento y sin previo aviso, la informaci\u00f3n contenida en el sitio Web, por lo que la entidad no se responsabiliza de que esa informaci\u00f3n est\u00e9 actualizada.<\/p>\n<p>&nbsp;<\/p>\n<p><strong><u>RESPONSABILIDAD DE CEMGIMA, S.L.<\/u><\/strong><\/p>\n<p>&nbsp;<\/p>\n<p>Tanto el acceso a esta Web como el uso que pueda hacerse de la informaci\u00f3n contenida en el mismo es de la exclusiva responsabilidad de quien lo realiza.<\/p>\n<p>&nbsp;<\/p>\n<p>CEMGIMA, S.L. no responder\u00e1 de ninguna consecuencia, da\u00f1o o perjuicio que pudieran derivarse de dicho acceso o uso de la informaci\u00f3n. CEMGIMA, S.L. no se hace responsable de los posibles errores de seguridad que se puedan producir ni de los posibles da\u00f1os que puedan causarse al sistema inform\u00e1tico del usuario (hardware y software), los ficheros o documentos almacenados en el mismo, como consecuencia de la presencia de virus en el ordenador del usuario utilizado para la conexi\u00f3n a los servicios y contenidos de la Web, de un mal funcionamiento del navegador o del uso de versiones no actualizadas del mismo.<\/p>\n<p>&nbsp;<\/p>\n<p>Por tanto El usuario acepta, de forma expresa y sin reservas, que el acceso y la utilizaci\u00f3n del portal, se hace bajo su \u00fanica y exclusiva responsabilidad.<\/p>\n<p>&nbsp;<\/p>\n<p>En virtud de la Ley 34\/2002 de 11 de julio de Servicios de la Sociedad de la Informaci\u00f3n y Comercio Electr\u00f3nico, para cualquier controversia que pudiera surgir ser\u00e1 de aplicaci\u00f3n la legislaci\u00f3n espa\u00f1ola. El usuario responder\u00e1, en cualquier caso, de la veracidad de los datos facilitados, reserv\u00e1ndose CEMGIMA, S.L. el derecho a excluir de los servicios registrados a todo usuario que haya facilitado datos falsos, sin prejuicio de las dem\u00e1s acciones que procedan en Derecho.<\/p>\n<p><strong><u>\u00a0<\/u><\/strong><\/p>\n<p><strong><u>\u00a0<\/u><\/strong><\/p>\n<p><strong><u>PROPIEDAD INTELECTUAL<\/u><\/strong><\/p>\n<p><strong><u>\u00a0<\/u><\/strong><\/p>\n<p>CEMGIMA, S.L. es propietario y\/o licenciatario, de toda la informaci\u00f3n contenida en este portal, de su dise\u00f1o gr\u00e1fico, im\u00e1genes, bases de datos, \u00edndices, c\u00f3digos fuentes, marcas y logotipos, estando protegidos conforme a lo dispuesto en la Ley de Propiedad Intelectual, y, en la Ley de Marcas.<\/p>\n<p>Su puesta a disposici\u00f3n y uso, no supone, en ning\u00fan caso, la cesi\u00f3n de su titularidad o la concesi\u00f3n de un derecho de uso a favor del Usuario, por lo que toda reproducci\u00f3n, copia, distribuci\u00f3n total o parcial, o, comercializaci\u00f3n, requerir\u00e1 la autorizaci\u00f3n previa y escrita de CEMGIMA, S.L., reserv\u00e1ndose la entidad, en caso de uso indebido del Website, el derecho a ejercitar cuantas acciones legales fueran precisas para la restituci\u00f3n de los da\u00f1os y perjuicios causados, asimismo el usuario se obliga a indemnizar a la entidad por cualquier da\u00f1o o perjuicio que pudiera ocasionar por el uso de esta Web, infringiendo estas condiciones generales y\/o la legalidad vigente.<\/p>\n<p><strong><u>\u00a0<\/u><\/strong><\/p>\n<p><strong><u>LINKS, BANNERS<\/u><\/strong><\/p>\n<p><strong><u>\u00a0<\/u><\/strong><\/p>\n<p>La inclusi\u00f3n en el portal <u>www.centromedicomanzanera.com<\/u> de links o enlaces con otros portales, tiene una finalidad meramente informativa, y no supone que CEMGIMA, S.L. recomiende y\/o garantice dichos portales, sobre los que no ejerce control alguno, ni es responsable del contenido de los mismos.<\/p>\n<p>&nbsp;<\/p>\n<p>&nbsp;<\/p>\n<p>&nbsp;<\/p>\n<p><strong><u>BLOG<\/u><\/strong><\/p>\n<p>\u00a0\u00a0\u00a0\u00a0\u00a0\u00a0\u00a0\u00a0\u00a0\u00a0\u00a0 Este portal tiene un apartado denominado Blog, cuya finalidad es la difusi\u00f3n de los diferentes servicios ofrecidos por CEMGIMA, S.L.<\/p>\n<p>\u00a0\u00a0\u00a0\u00a0\u00a0\u00a0\u00a0\u00a0\u00a0\u00a0\u00a0 Para dar una mayor interacci\u00f3n entre CEMGIMA, S.L. y los usuarios, el portal permite que usuarios invitados puedan realizar comentarios de los post publicados. A consecuencia de ello, el titular de la web no se responsabiliza de las opiniones de los usuarios, y se reserva los derechos de borrar los comentarios que puedan resultar ofensivos o denigrantes y bloquear e impedir los futuros comentarios provenientes de los autores de dichos comentarios.<\/p>\n<p><strong>\u00a0<\/strong><\/p>\n<p><strong>CEMGIMA, S.L.<\/strong><\/p>\n<p><strong>CIF: <\/strong>B-26417808<\/p>\n<p><strong>Direcci\u00f3n<\/strong>: C\/ Ingeniero La Cierva 10 Bajo<\/p>\n<p><strong>C.P:<\/strong> 26003 <strong>Localidad:<\/strong> Logro\u00f1o<\/p>\n<p><strong>Provincia:<\/strong> La Rioja<\/p>\n<p><strong>e-mail:<\/strong> info@centromedicomanzanera.com<\/p>\n<p>CEMGIMA, S.L. inscrita en el Registro Mercantil de La Rioja al Tomo 649, Folio 7, Hoja LO11497<\/p>\n<p>[\/et_pb_text][\/et_pb_column][\/et_pb_row][\/et_pb_section]<\/p>\n","protected":false},"excerpt":{"rendered":"<p>TERMINOS GENERALES DE USO DE www.centromedicomanzanera.com &nbsp; El acceso a los contenidos de las secciones de nuestra Web, se har\u00e1 de acuerdo a la pol\u00edtica que establezca la entidad. Asimismo CEMGIMA, S.L., podr\u00e1 modificar, en cualquier momento y sin previo aviso, la informaci\u00f3n contenida en el sitio Web, por lo que la entidad no se [&hellip;]<\/p>\n","protected":false},"author":3,"featured_media":0,"parent":0,"menu_order":0,"comment_status":"closed","ping_status":"closed","template":"","meta":{"_et_pb_use_builder":"on","_et_pb_old_content":"","_et_gb_content_width":"","footnotes":""},"class_list":["post-368019","page","type-page","status-publish","hentry"],"_links":{"self":[{"href":"https:\/\/centromedicomanzanera.com\/de\/wp-json\/wp\/v2\/pages\/368019","targetHints":{"allow":["GET"]}}],"collection":[{"href":"https:\/\/centromedicomanzanera.com\/de\/wp-json\/wp\/v2\/pages"}],"about":[{"href":"https:\/\/centromedicomanzanera.com\/de\/wp-json\/wp\/v2\/types\/page"}],"author":[{"embeddable":true,"href":"https:\/\/centromedicomanzanera.com\/de\/wp-json\/wp\/v2\/users\/3"}],"replies":[{"embeddable":true,"href":"https:\/\/centromedicomanzanera.com\/de\/wp-json\/wp\/v2\/comments?post=368019"}],"version-history":[{"count":0,"href":"https:\/\/centromedicomanzanera.com\/de\/wp-json\/wp\/v2\/pages\/368019\/revisions"}],"wp:attachment":[{"href":"https:\/\/centromedicomanzanera.com\/de\/wp-json\/wp\/v2\/media?parent=368019"}],"curies":[{"name":"wp","href":"https:\/\/api.w.org\/{rel}","templated":true}]}}